{"id":4601,"date":"2023-12-04T11:01:26","date_gmt":"2023-12-04T10:01:26","guid":{"rendered":"https:\/\/academiadeidiomaserizo.com\/quienes-somos\/"},"modified":"2024-11-15T01:37:40","modified_gmt":"2024-11-15T00:37:40","slug":"quienes-somos","status":"publish","type":"page","link":"https:\/\/academiadeidiomaserizo.com\/de\/quienes-somos\/","title":{"rendered":"Lehrer"},"content":{"rendered":"<!--themify_builder_content-->\n<div id=\"themify_builder_content-4601\" data-postid=\"4601\" class=\"themify_builder_content themify_builder_content-4601 themify_builder tf_clear\">\n                    <div  data-lazy=\"1\" class=\"module_row themify_builder_row tb_is4s363 tb_first tf_w\">\n                        <div class=\"row_inner col_align_top tb_col_count_1 tf_box tf_rel\">\n                        <div  data-lazy=\"1\" class=\"module_column tb-column col-full tb_baxq364 first\">\n                    <!-- module text -->\n<div  class=\"module module-text tb_mx4d374   \" data-lazy=\"1\">\n        <div  class=\"tb_text_wrap\">\n        <h1 style=\"text-align: center;\">Wer sind wir?<\/h1>\n<p style=\"text-align: center;\">Das Team der ERIZO Sprachakademie ist ein Team, das auf verschiedene sprachliche und p\u00e4dagogische Bereiche spezialisiert ist. Mit der klaren Absicht, Online-Kurse durch Liebe und Verpflichtung zur Bildung auf die n\u00e4chste Stufe zu heben.educativo.<\/p>    <\/div>\n<\/div>\n<!-- \/module text -->        <\/div>\n                        <\/div>\n        <\/div>\n                        <div  data-css_id=\"gfhg961\" data-lazy=\"1\" class=\"module_row themify_builder_row fullwidth tb_gfhg961 tf_w\">\n                        <div class=\"row_inner col_align_top gutter-narrow col_auto_height tb_col_count_4 tf_box tf_rel\">\n                        <div  data-lazy=\"1\" class=\"module_column tb-column col4-1 tb_fngg962 first\">\n                    <!-- module feature -->\n<div  class=\"module module-feature tb_lekl962 with-chart layout-icon-top size-medium \" data-layout-mobile=\"icon-top\" data-layout-desktop=\"icon-top\" data-lazy=\"1\">\n        <div class=\"module-feature-image tf_textc tf_rel\">\n                            <span class=\"module-feature-chart-html5 tf_box tf_rel tf_inline_b\">\n                                    <svg class=\"tf_abs tf_w tf_h\">\n                    <circle class=\"tb_feature_fill\" r=\"calc(50% - 3.00px)\" cx=\"50%\" cy=\"50%\" stroke-width=\"6\"\/>\n                    <circle class=\"tb_feature_stroke\" r=\"calc(50% - 3.00px)\" cx=\"50%\" cy=\"50%\" stroke=\"#5e79bb\" stroke-width=\"6\" data-progress=\"100\" stroke-dasharray=\"0,10000\"\/>\n                                        <\/svg>\n                                <span class=\"chart-html5-circle tf_w tf_h\">\n                    <img decoding=\"async\" data-src=\"https:\/\/escuelademusicaerizo.com\/wp-content\/uploads\/2022\/04\/Dani-2-1.jpg\" width=\"150\" height=\"150\" style=\"--smush-placeholder-width: 150px; --smush-placeholder-aspect-ratio: 150\/150;width:calc(100% - 12px);height:calc(100% - 12px)\" alt=\"Dani\" src=\"data:image\/gif;base64,R0lGODlhAQABAAAAACH5BAEKAAEALAAAAAABAAEAAAICTAEAOw==\" class=\"lazyload\">                                    <\/span>\n\n                \n            <\/span>\n                <\/div>\n    <div class=\"module-feature-content tf_textc\">\n                    <h3 class=\"module-feature-title\">\n                            Dani                        <\/h3>\n                    <div class=\"tb_text_wrap\">\n            <p><span style=\"color: #5e79bb;\"><strong>Direktor der Erizo- Gruppe<\/strong><\/span><\/p>        <\/div>\n    <\/div>\n<\/div>\n<!-- \/module feature -->\n<!-- module text -->\n<div  class=\"module module-text tb_7vyc587   \" data-lazy=\"1\">\n        <div  class=\"tb_text_wrap\">\n        <p style=\"text-align: center;\"><em>Es zeigt uns die Richtung der Schule. Er hat sein Herzblut und seine M\u00fche hineingesteckt, aber ohne den Rest der Erizos w\u00e4re dies unm\u00f6glich.<\/em><\/p>\n<p style=\"text-align: center;\">Direktor der Grupo Erizo, einem Unternehmen, das sich seit mehr als drei Jahren auf Online- Schulungen f\u00fcr Kinder und Erwachsene spezialisiert hat.<\/p>\n<p style=\"text-align: center;\">Abschluss in Lehramt f\u00fcr Musikp\u00e4dagogik und Grundschulp\u00e4dagogik mit mehr als 10 Jahren Erfahrung im Lehrbereich.<\/p>    <\/div>\n<\/div>\n<!-- \/module text -->        <\/div>\n                    <div  data-lazy=\"1\" class=\"module_column tb-column col4-1 tb_9xn7963\">\n                    <!-- module feature -->\n<div  class=\"module module-feature tb_u3sw964 with-chart layout-icon-top size-medium \" data-layout-mobile=\"icon-top\" data-layout-desktop=\"icon-top\" data-lazy=\"1\">\n        <div class=\"module-feature-image tf_textc tf_rel\">\n                            <span class=\"module-feature-chart-html5 tf_box tf_rel tf_inline_b\">\n                                    <svg class=\"tf_abs tf_w tf_h\">\n                    <circle class=\"tb_feature_fill\" r=\"calc(50% - 3.00px)\" cx=\"50%\" cy=\"50%\" stroke-width=\"6\"\/>\n                    <circle class=\"tb_feature_stroke\" r=\"calc(50% - 3.00px)\" cx=\"50%\" cy=\"50%\" stroke=\"#5e79bb\" stroke-width=\"6\" data-progress=\"100\" stroke-dasharray=\"0,10000\"\/>\n                                        <\/svg>\n                                <span class=\"chart-html5-circle tf_w tf_h\">\n                    <img decoding=\"async\" data-src=\"https:\/\/escuelademusicaerizo.com\/wp-content\/uploads\/2022\/02\/Mesa-de-trabajo-1-copia-3.png\" width=\"150\" height=\"150\" style=\"--smush-placeholder-width: 150px; --smush-placeholder-aspect-ratio: 150\/150;width:calc(100% - 12px);height:calc(100% - 12px)\" alt=\"Jos\u00e9\" src=\"data:image\/gif;base64,R0lGODlhAQABAAAAACH5BAEKAAEALAAAAAABAAEAAAICTAEAOw==\" class=\"lazyload\">                                    <\/span>\n\n                \n            <\/span>\n                <\/div>\n    <div class=\"module-feature-content tf_textc\">\n                    <h3 class=\"module-feature-title\">\n                            Jos\u00e9                        <\/h3>\n                    <div class=\"tb_text_wrap\">\n            <p><span style=\"color: #5e79bb;\"><strong>Leiter Design und digitales Marketing<\/strong><\/span><\/p>\n<p><em>Er hat unsere Website erstellt und hilft uns immer mit seiner Marketingerfahrung, euch zu erreichen.<\/em><\/p>\n<p>Er hat einen Abschluss in Werbung und \u00d6ffentlichkeitsarbeit mit einem Aufbaustudium in Design und einer Ausbildung im digitalen Marketing.<\/p>\n<p>Er hat sechs Jahre lang in Kommunikationsagent uren gearbeitet und an Projekten f\u00fcr Marken wie Five Guys, Omron oder Sage mitgearbeitet.<\/p>        <\/div>\n    <\/div>\n<\/div>\n<!-- \/module feature -->\n        <\/div>\n                    <div  data-lazy=\"1\" class=\"module_column tb-column col4-1 tb_nvs0964\">\n                    <!-- module feature -->\n<div  class=\"module module-feature tb_6yet964 with-chart layout-icon-top size-medium \" data-layout-mobile=\"icon-top\" data-layout-desktop=\"icon-top\" data-lazy=\"1\">\n        <div class=\"module-feature-image tf_textc tf_rel\">\n                            <span class=\"module-feature-chart-html5 tf_box tf_rel tf_inline_b\">\n                                    <svg class=\"tf_abs tf_w tf_h\">\n                    <circle class=\"tb_feature_fill\" r=\"calc(50% - 3.00px)\" cx=\"50%\" cy=\"50%\" stroke-width=\"6\"\/>\n                    <circle class=\"tb_feature_stroke\" r=\"calc(50% - 3.00px)\" cx=\"50%\" cy=\"50%\" stroke=\"#5e79bb\" stroke-width=\"6\" data-progress=\"100\" stroke-dasharray=\"0,10000\"\/>\n                                        <\/svg>\n                                <span class=\"chart-html5-circle tf_w tf_h\">\n                    <img decoding=\"async\" data-src=\"https:\/\/escuelademusicaerizo.com\/wp-content\/uploads\/2022\/02\/Mesa-de-trabajo-1-copia-7.png\" width=\"150\" height=\"150\" style=\"--smush-placeholder-width: 150px; --smush-placeholder-aspect-ratio: 150\/150;width:calc(100% - 12px);height:calc(100% - 12px)\" alt=\"Juan\" src=\"data:image\/gif;base64,R0lGODlhAQABAAAAACH5BAEKAAEALAAAAAABAAEAAAICTAEAOw==\" class=\"lazyload\">                                    <\/span>\n\n                \n            <\/span>\n                <\/div>\n    <div class=\"module-feature-content tf_textc\">\n                    <h3 class=\"module-feature-title\">\n                            Juan                        <\/h3>\n                    <div class=\"tb_text_wrap\">\n            <p><span style=\"color: #5e79bb;\"><strong>SEO-POSITIONIERUNGS- MANAGER<\/strong><\/span><\/p>\n<p><em>Ohne ihn w\u00e4ren wir in den Augen von Google unsichtbar.<\/em><\/p>\n<p>Er hat einen Journalismus-Abschluss und ist Experte f\u00fcr digitales Marketing. Mit 2 Jahren Erfahrung in der Kommunikations- abteilung der Armee und 5 Jahren in Werbe- und Marketingagenturen ist er Spezialist f\u00fcr Website- Optimierung f\u00fcr Suchmaschinen wie Google.<\/p>        <\/div>\n    <\/div>\n<\/div>\n<!-- \/module feature -->\n        <\/div>\n                    <div  data-lazy=\"1\" class=\"module_column tb-column col4-1 tb_4pfh964 last\">\n                    <!-- module feature -->\n<div  class=\"module module-feature tb_jg7i965 with-chart layout-icon-top size-medium \" data-layout-mobile=\"icon-top\" data-layout-desktop=\"icon-top\" data-lazy=\"1\">\n        <div class=\"module-feature-image tf_textc tf_rel\">\n                            <span class=\"module-feature-chart-html5 tf_box tf_rel tf_inline_b\">\n                                    <svg class=\"tf_abs tf_w tf_h\">\n                    <circle class=\"tb_feature_fill\" r=\"calc(50% - 3.00px)\" cx=\"50%\" cy=\"50%\" stroke-width=\"6\"\/>\n                    <circle class=\"tb_feature_stroke\" r=\"calc(50% - 3.00px)\" cx=\"50%\" cy=\"50%\" stroke=\"#5e79bb\" stroke-width=\"6\" data-progress=\"100\" stroke-dasharray=\"0,10000\"\/>\n                                        <\/svg>\n                                <span class=\"chart-html5-circle tf_w tf_h\">\n                    <img decoding=\"async\" data-src=\"https:\/\/escuelademusicaerizo.com\/wp-content\/uploads\/2022\/02\/Mesa-de-trabajo-1-copia-10.png\" width=\"150\" height=\"150\" style=\"--smush-placeholder-width: 150px; --smush-placeholder-aspect-ratio: 150\/150;width:calc(100% - 12px);height:calc(100% - 12px)\" alt=\"Marina\" src=\"data:image\/gif;base64,R0lGODlhAQABAAAAACH5BAEKAAEALAAAAAABAAEAAAICTAEAOw==\" class=\"lazyload\">                                    <\/span>\n\n                \n            <\/span>\n                <\/div>\n    <div class=\"module-feature-content tf_textc\">\n                    <h3 class=\"module-feature-title\">\n                            Marina                        <\/h3>\n                    <div class=\"tb_text_wrap\">\n            <p><span style=\"color: #5e79bb;\"><strong>Verantwortlich f\u00fcr Gesch\u00e4ftsleitung und Verwaltung<\/strong><\/span><\/p>\n<p>Mit Ihrem Rechner und Ihrem Excel entgeht uns keine Zahlung.<\/p>\n<p>Sie studierte Verwaltung und Finanzen. Sie verf\u00fcgt \u00fcber umfangreiche Erfahrung im wirtschaftlichen Teil von Unternehmen. Sie hilft uns, damit das Steuersystem der Schule wie eine Schweizer Uhr funktioniert.<\/p>        <\/div>\n    <\/div>\n<\/div>\n<!-- \/module feature -->\n        <\/div>\n                        <\/div>\n        <\/div>\n                        <div  data-lazy=\"1\" class=\"module_row themify_builder_row tb_44br31 tf_w\">\n                        <div class=\"row_inner col_align_top tb_col_count_1 tf_box tf_rel\">\n                        <div  data-lazy=\"1\" class=\"module_column tb-column col-full tb_q03131 first\">\n                            <\/div>\n                        <\/div>\n        <\/div>\n        <\/div>\n<!--\/themify_builder_content-->\n\n<div class=\"kk-star-ratings kksr-auto kksr-align-center kksr-valign-bottom\"\n    data-payload='{&quot;align&quot;:&quot;center&quot;,&quot;id&quot;:&quot;4601&quot;,&quot;slug&quot;:&quot;default&quot;,&quot;valign&quot;:&quot;bottom&quot;,&quot;ignore&quot;:&quot;&quot;,&quot;reference&quot;:&quot;auto&quot;,&quot;class&quot;:&quot;&quot;,&quot;count&quot;:&quot;0&quot;,&quot;legendonly&quot;:&quot;&quot;,&quot;readonly&quot;:&quot;&quot;,&quot;score&quot;:&quot;0&quot;,&quot;starsonly&quot;:&quot;&quot;,&quot;best&quot;:&quot;5&quot;,&quot;gap&quot;:&quot;5&quot;,&quot;greet&quot;:&quot;\u00a1D\u00e9janos 5 estrellas si te ha gustado! :D&quot;,&quot;legend&quot;:&quot;0\\\/5 - (0 votes)&quot;,&quot;size&quot;:&quot;24&quot;,&quot;title&quot;:&quot;Lehrer&quot;,&quot;width&quot;:&quot;0&quot;,&quot;_legend&quot;:&quot;{score}\\\/{best} - ({count} {votes})&quot;,&quot;font_factor&quot;:&quot;1.25&quot;}'>\n            \n<div class=\"kksr-stars\">\n    \n<div class=\"kksr-stars-inactive\">\n            <div class=\"kksr-star\" data-star=\"1\" style=\"padding-right: 5px\">\n            \n\n<div class=\"kksr-icon\" style=\"width: 24px; height: 24px;\"><\/div>\n        <\/div>\n            <div class=\"kksr-star\" data-star=\"2\" style=\"padding-right: 5px\">\n            \n\n<div class=\"kksr-icon\" style=\"width: 24px; height: 24px;\"><\/div>\n        <\/div>\n            <div class=\"kksr-star\" data-star=\"3\" style=\"padding-right: 5px\">\n            \n\n<div class=\"kksr-icon\" style=\"width: 24px; height: 24px;\"><\/div>\n        <\/div>\n            <div class=\"kksr-star\" data-star=\"4\" style=\"padding-right: 5px\">\n            \n\n<div class=\"kksr-icon\" style=\"width: 24px; height: 24px;\"><\/div>\n        <\/div>\n            <div class=\"kksr-star\" data-star=\"5\" style=\"padding-right: 5px\">\n            \n\n<div class=\"kksr-icon\" style=\"width: 24px; height: 24px;\"><\/div>\n        <\/div>\n    <\/div>\n    \n<div class=\"kksr-stars-active\" style=\"width: 0px;\">\n            <div class=\"kksr-star\" style=\"padding-right: 5px\">\n            \n\n<div class=\"kksr-icon\" style=\"width: 24px; height: 24px;\"><\/div>\n        <\/div>\n            <div class=\"kksr-star\" style=\"padding-right: 5px\">\n            \n\n<div class=\"kksr-icon\" style=\"width: 24px; height: 24px;\"><\/div>\n        <\/div>\n            <div class=\"kksr-star\" style=\"padding-right: 5px\">\n            \n\n<div class=\"kksr-icon\" style=\"width: 24px; height: 24px;\"><\/div>\n        <\/div>\n            <div class=\"kksr-star\" style=\"padding-right: 5px\">\n            \n\n<div class=\"kksr-icon\" style=\"width: 24px; height: 24px;\"><\/div>\n        <\/div>\n            <div class=\"kksr-star\" style=\"padding-right: 5px\">\n            \n\n<div class=\"kksr-icon\" style=\"width: 24px; height: 24px;\"><\/div>\n        <\/div>\n    <\/div>\n<\/div>\n                \n\n<div class=\"kksr-legend\" style=\"font-size: 19.2px;\">\n            <span class=\"kksr-muted\">\u00a1D\u00e9janos 5 estrellas si te ha gustado! \ud83d\ude00<\/span>\n    <\/div>\n    <\/div>","protected":false},"excerpt":{"rendered":"<p>Wer sind wir? Das Team der ERIZO Sprachakademie ist ein Team, das auf verschiedene sprachliche und p\u00e4dagogische Bereiche spezialisiert ist. Mit der klaren Absicht, Online-Kurse durch Liebe und Verpflichtung zur Bildung auf die n\u00e4chste Stufe zu heben.educativo.<\/p>\n","protected":false},"author":6,"featured_media":0,"parent":0,"menu_order":0,"comment_status":"closed","ping_status":"closed","template":"","meta":{"_eb_attr":"","footnotes":""},"yoast_head":"<!-- This site is optimized with the Yoast SEO plugin v24.4 - https:\/\/yoast.com\/wordpress\/plugins\/seo\/ -->\n<title>Lehrer | Academia de Idiomas Erizo<\/title>\n<meta name=\"robots\" content=\"index, follow, max-snippet:-1, max-image-preview:large, max-video-preview:-1\" \/>\n<link rel=\"canonical\" href=\"https:\/\/academiadeidiomaserizo.com\/de\/quienes-somos\/\" \/>\n<meta property=\"og:locale\" content=\"de_DE\" \/>\n<meta property=\"og:type\" content=\"article\" \/>\n<meta property=\"og:title\" content=\"Lehrer | Academia de Idiomas Erizo\" \/>\n<meta property=\"og:description\" content=\"Wer sind wir? Das Team der ERIZO Sprachakademie ist ein Team, das auf verschiedene sprachliche und p\u00e4dagogische Bereiche spezialisiert ist. Mit der klaren Absicht, Online-Kurse durch Liebe und Verpflichtung zur Bildung auf die n\u00e4chste Stufe zu heben.educativo.\" \/>\n<meta property=\"og:url\" content=\"https:\/\/academiadeidiomaserizo.com\/de\/quienes-somos\/\" \/>\n<meta property=\"og:site_name\" content=\"Academia de Idiomas Erizo\" \/>\n<meta property=\"article:modified_time\" content=\"2024-11-15T00:37:40+00:00\" \/>\n<meta property=\"og:image\" content=\"https:\/\/escuelademusicaerizo.com\/wp-content\/uploads\/2022\/04\/Dani-2-1.jpg\" \/>\n<meta name=\"twitter:card\" content=\"summary_large_image\" \/>\n<!-- \/ Yoast SEO plugin. -->","yoast_head_json":{"title":"Lehrer | Academia de Idiomas Erizo","robots":{"index":"index","follow":"follow","max-snippet":"max-snippet:-1","max-image-preview":"max-image-preview:large","max-video-preview":"max-video-preview:-1"},"canonical":"https:\/\/academiadeidiomaserizo.com\/de\/quienes-somos\/","og_locale":"de_DE","og_type":"article","og_title":"Lehrer | Academia de Idiomas Erizo","og_description":"Wer sind wir? Das Team der ERIZO Sprachakademie ist ein Team, das auf verschiedene sprachliche und p\u00e4dagogische Bereiche spezialisiert ist. Mit der klaren Absicht, Online-Kurse durch Liebe und Verpflichtung zur Bildung auf die n\u00e4chste Stufe zu heben.educativo.","og_url":"https:\/\/academiadeidiomaserizo.com\/de\/quienes-somos\/","og_site_name":"Academia de Idiomas Erizo","article_modified_time":"2024-11-15T00:37:40+00:00","og_image":[{"url":"https:\/\/escuelademusicaerizo.com\/wp-content\/uploads\/2022\/04\/Dani-2-1.jpg","type":"","width":"","height":""}],"twitter_card":"summary_large_image","schema":{"@context":"https:\/\/schema.org","@graph":[{"@type":"WebPage","@id":"https:\/\/academiadeidiomaserizo.com\/de\/quienes-somos\/","url":"https:\/\/academiadeidiomaserizo.com\/de\/quienes-somos\/","name":"Lehrer | Academia de Idiomas Erizo","isPartOf":{"@id":"https:\/\/academiadeidiomaserizo.com\/de\/#website"},"primaryImageOfPage":{"@id":"https:\/\/academiadeidiomaserizo.com\/de\/quienes-somos\/#primaryimage"},"image":{"@id":"https:\/\/academiadeidiomaserizo.com\/de\/quienes-somos\/#primaryimage"},"thumbnailUrl":"https:\/\/escuelademusicaerizo.com\/wp-content\/uploads\/2022\/04\/Dani-2-1.jpg","datePublished":"2023-12-04T10:01:26+00:00","dateModified":"2024-11-15T00:37:40+00:00","breadcrumb":{"@id":"https:\/\/academiadeidiomaserizo.com\/de\/quienes-somos\/#breadcrumb"},"inLanguage":"de","potentialAction":[{"@type":"ReadAction","target":["https:\/\/academiadeidiomaserizo.com\/de\/quienes-somos\/"]}]},{"@type":"ImageObject","inLanguage":"de","@id":"https:\/\/academiadeidiomaserizo.com\/de\/quienes-somos\/#primaryimage","url":"https:\/\/escuelademusicaerizo.com\/wp-content\/uploads\/2022\/04\/Dani-2-1.jpg","contentUrl":"https:\/\/escuelademusicaerizo.com\/wp-content\/uploads\/2022\/04\/Dani-2-1.jpg"},{"@type":"BreadcrumbList","@id":"https:\/\/academiadeidiomaserizo.com\/de\/quienes-somos\/#breadcrumb","itemListElement":[{"@type":"ListItem","position":1,"name":"Portada","item":"https:\/\/academiadeidiomaserizo.com\/de\/"},{"@type":"ListItem","position":2,"name":"Lehrer"}]},{"@type":"WebSite","@id":"https:\/\/academiadeidiomaserizo.com\/de\/#website","url":"https:\/\/academiadeidiomaserizo.com\/de\/","name":"Academia de Idiomas Erizo","description":"","potentialAction":[{"@type":"SearchAction","target":{"@type":"EntryPoint","urlTemplate":"https:\/\/academiadeidiomaserizo.com\/de\/?s={search_term_string}"},"query-input":{"@type":"PropertyValueSpecification","valueRequired":true,"valueName":"search_term_string"}}],"inLanguage":"de"}]}},"_links":{"self":[{"href":"https:\/\/academiadeidiomaserizo.com\/de\/wp-json\/wp\/v2\/pages\/4601"}],"collection":[{"href":"https:\/\/academiadeidiomaserizo.com\/de\/wp-json\/wp\/v2\/pages"}],"about":[{"href":"https:\/\/academiadeidiomaserizo.com\/de\/wp-json\/wp\/v2\/types\/page"}],"author":[{"embeddable":true,"href":"https:\/\/academiadeidiomaserizo.com\/de\/wp-json\/wp\/v2\/users\/6"}],"replies":[{"embeddable":true,"href":"https:\/\/academiadeidiomaserizo.com\/de\/wp-json\/wp\/v2\/comments?post=4601"}],"version-history":[{"count":15,"href":"https:\/\/academiadeidiomaserizo.com\/de\/wp-json\/wp\/v2\/pages\/4601\/revisions"}],"predecessor-version":[{"id":5788,"href":"https:\/\/academiadeidiomaserizo.com\/de\/wp-json\/wp\/v2\/pages\/4601\/revisions\/5788"}],"wp:attachment":[{"href":"https:\/\/academiadeidiomaserizo.com\/de\/wp-json\/wp\/v2\/media?parent=4601"}],"curies":[{"name":"wp","href":"https:\/\/api.w.org\/{rel}","templated":true}]}}