{"id":4602,"date":"2023-11-29T16:19:33","date_gmt":"2023-11-29T15:19:33","guid":{"rendered":"https:\/\/academiadeidiomaserizo.com\/contacto\/"},"modified":"2024-05-28T10:49:18","modified_gmt":"2024-05-28T08:49:18","slug":"kontakt","status":"publish","type":"page","link":"https:\/\/academiadeidiomaserizo.com\/de\/kontakt\/","title":{"rendered":"Kontakt"},"content":{"rendered":"<!--themify_builder_content-->\n<div id=\"themify_builder_content-4602\" data-postid=\"4602\" class=\"themify_builder_content themify_builder_content-4602 themify_builder tf_clear\">\n                    <div  data-zoom-bg=\"desktop\" data-anchor=\"contacto\" data-css_id=\"zbmb496\" data-lazy=\"1\" class=\"module_row themify_builder_row fullwidth tb_has_section tb_section-contacto tb_zbmb496 tb_first tf_w\">\n                        <div class=\"row_inner col_align_top tb_col_count_1 tf_box tf_rel\">\n                        <div  data-lazy=\"1\" class=\"module_column tb-column col-full tb_0dnp497 first\">\n                    <!-- module plain text -->\n<div  class=\"module module-plain-text tb_bube497 \" data-lazy=\"1\">\n        <div class=\"tb_text_wrap\">\n    <div class=\"tb_layout_part_wrap tf_w\"><!--themify_builder_content-->\n    <div  class=\"themify_builder_content themify_builder_content-4566 themify_builder not_editable_builder in_the_loop\" data-postid=\"4566\">\n                        <div  data-parallax-bg=\"desktop\" data-anchor=\"contactar\" data-lazy=\"1\" class=\"module_row themify_builder_row fullheight tb_has_section tb_section-contactar tb_vumn012 tf_w\">\n            <span class=\"builder_row_cover tf_abs\"><\/span>            <div class=\"row_inner col_align_middle tb_col_count_2 tf_box tf_rel\">\n                        <div  data-lazy=\"1\" class=\"module_column tb-column col4-2 tb_w7oh010 contenedor_centrado first\">\n                    <!-- module text -->\n<div  class=\"module module-text tb_7rzl959   \" data-lazy=\"1\">\n        <div  class=\"tb_text_wrap\">\n        <h2>Jetzt Informationen anfordern!<\/h2>\n<h3>Direkt mit unserem Koordinator sprechen<\/h3>\n<p>Lass keine Zweifel an Preisen, Zeitpl\u00e4nen, dem Profil der Lehrer aufkommen.<\/p>    <\/div>\n<\/div>\n<!-- \/module text -->        <div  data-lazy=\"1\" class=\"module_subrow themify_builder_sub_row tf_w col_align_middle tb_col_count_2 tb_yv52921\">\n                <div  data-lazy=\"1\" class=\"module_column sub_column col4-2 tb_acln011 first\">\n                    <!-- module plain text -->\n<div  class=\"module module-plain-text tb_b245011 \" data-lazy=\"1\">\n        <div class=\"tb_text_wrap\">\n    <a class=\"ctelefono boton desktop\" href=\"\/de\/telefono\">\n    <button class=\"ctelefono\">RUF UNS AN<\/button>\n<\/a>\n<a class=\"ctelefono boton movil\" href=\"tel:+34640717145\">\n    <button class=\"ctelefono\">RUF UNS AN<\/button>\n<\/a>\n        <\/div>\n<\/div>\n<!-- \/module plain text -->        <\/div>\n                    <div  data-lazy=\"1\" class=\"module_column sub_column col4-2 tb_h48g001 last\">\n                    <!-- module plain text -->\n<div  class=\"module module-plain-text tb_rvyu138 \" data-lazy=\"1\">\n        <div class=\"tb_text_wrap\">\n    <style>\n.btn-whatsapp {\n  background-color: #25D366; \/* verde oficial WhatsApp *\/\n  color: #ffffff !important;\n  padding: 12px 24px;\n  border-radius: 50px; \/* forma redondeada tipo p\u00edldora *\/\n  text-decoration: none;\n  font-weight: 600;\n  font-size: 16px;\n  display: inline-flex;\n  align-items: center;\n  gap: 10px; \/* separaci\u00f3n entre icono y texto *\/\n  transition: 0.2s ease;\n}\n\n.btn-whatsapp:hover {\n  background-color: #1ebe5c; \/* verde ligeramente m\u00e1s oscuro *\/\n}\n\n.btn-whatsapp img {\n  width: 22px;\n  height: 22px;\n}\n<\/style>\n\n<p style=\"text-align: center; margin-bottom: 0;\">\n  <a href=\"https:\/\/wa.me\/34660121972?text=%C2%A1Hola!%20Busco%20informaci%C3%B3n%20sobre%20las%20clases%20de%20m%C3%BAsica\"\n     class=\"btn-whatsapp\"\n     target=\"_blank\"\n     rel=\"noopener\">\n    <img decoding=\"async\" data-src=\"https:\/\/upload.wikimedia.org\/wikipedia\/commons\/6\/6b\/WhatsApp.svg\" alt=\"WhatsApp\" src=\"data:image\/gif;base64,R0lGODlhAQABAAAAACH5BAEKAAEALAAAAAABAAEAAAICTAEAOw==\" class=\"lazyload\">\n    Pide info por WhatsApp\n  <\/a>\n<\/p>\n    <\/div>\n<\/div>\n<!-- \/module plain text -->        <\/div>\n                    <\/div>\n                <div  data-lazy=\"1\" class=\"module_subrow themify_builder_sub_row tf_w col_align_top tb_col_count_1 tb_81t6182 hide-tablet hide-mobile\">\n                <div  data-lazy=\"1\" class=\"module_column sub_column col-full tb_e83u092 first\">\n                    <!-- module text -->\n<div  class=\"module module-text tb_mzan929   \" data-lazy=\"1\">\n        <div  class=\"tb_text_wrap\">\n        <h2 style=\"line-height: 1.4em;\">M\u00f6chtest du mit uns arbeiten?<\/h2>\n<h3 style=\"line-height: 1.5em; letter-spacing: normal;\">F\u00fclle dieses Formular aus:<\/h3>    <\/div>\n<\/div>\n<!-- \/module text --><!-- module plain text -->\n<div  class=\"module module-plain-text tb_4anj299 \" data-lazy=\"1\">\n        <div class=\"tb_text_wrap\">\n    <button>\n<a href=\"\/trabaja-con-nosotros\/\">ARBEITE MIT UNS<\/a><\/button>\n        <\/div>\n<\/div>\n<!-- \/module plain text -->        <\/div>\n                    <\/div>\n                <\/div>\n                    <div  data-lazy=\"1\" class=\"module_column tb-column col4-2 tb_nec4190 last\">\n                    <!-- module text -->\n<div  class=\"module module-text tb_9mih093   \" data-lazy=\"1\">\n    <h3 class=\"module-title\">Ich m\u00f6chte mehr Information:<\/h3>    <div  class=\"tb_text_wrap\">\n        \n<div class=\"wpcf7 no-js\" id=\"wpcf7-f4571-o1\" lang=\"de-DE\" dir=\"ltr\">\n<div class=\"screen-reader-response\"><p role=\"status\" aria-live=\"polite\" aria-atomic=\"true\"><\/p> <ul><\/ul><\/div>\n<form action=\"\/de\/wp-json\/wp\/v2\/pages\/4602#wpcf7-f4571-o1\" method=\"post\" class=\"wpcf7-form init\" aria-label=\"Kontaktformular\" novalidate=\"novalidate\" data-status=\"init\">\n<div style=\"display: none;\">\n<input type=\"hidden\" name=\"_wpcf7\" value=\"4571\" \/>\n<input type=\"hidden\" name=\"_wpcf7_version\" value=\"5.7.3\" \/>\n<input type=\"hidden\" name=\"_wpcf7_locale\" value=\"de_DE\" \/>\n<input type=\"hidden\" name=\"_wpcf7_unit_tag\" value=\"wpcf7-f4571-o1\" \/>\n<input type=\"hidden\" name=\"_wpcf7_container_post\" value=\"0\" \/>\n<input type=\"hidden\" name=\"_wpcf7_posted_data_hash\" value=\"\" \/>\n<input type=\"hidden\" name=\"_wpcf7cf_hidden_group_fields\" value=\"[]\" \/>\n<input type=\"hidden\" name=\"_wpcf7cf_hidden_groups\" value=\"[]\" \/>\n<input type=\"hidden\" name=\"_wpcf7cf_visible_groups\" value=\"[]\" \/>\n<input type=\"hidden\" name=\"_wpcf7cf_repeaters\" value=\"[]\" \/>\n<input type=\"hidden\" name=\"_wpcf7cf_steps\" value=\"{}\" \/>\n<input type=\"hidden\" name=\"_wpcf7cf_options\" value=\"{&quot;form_id&quot;:4571,&quot;conditions&quot;:[{&quot;then_field&quot;:&quot;-1&quot;,&quot;and_rules&quot;:[{&quot;if_field&quot;:&quot;-1&quot;,&quot;operator&quot;:&quot;equals&quot;,&quot;if_value&quot;:&quot;1&quot;}]}],&quot;settings&quot;:{&quot;animation&quot;:&quot;yes&quot;,&quot;animation_intime&quot;:200,&quot;animation_outtime&quot;:200,&quot;conditions_ui&quot;:&quot;normal&quot;,&quot;notice_dismissed&quot;:false,&quot;notice_dismissed_update-cf7-6.0.3&quot;:true}}\" \/>\n<input type=\"hidden\" name=\"_wpcf7_recaptcha_response\" value=\"\" \/>\n<\/div>\n<p><label> Name:<br \/>\n<span class=\"wpcf7-form-control-wrap\" data-name=\"your-name\"><input size=\"40\" class=\"wpcf7-form-control wpcf7-text wpcf7-validates-as-required\" aria-required=\"true\" aria-invalid=\"false\" value=\"\" type=\"text\" name=\"your-name\" \/><\/span> <\/label>\n<\/p>\n<p><label> E-Mail:<br \/>\n<span class=\"wpcf7-form-control-wrap\" data-name=\"your-email\"><input size=\"40\" class=\"wpcf7-form-control wpcf7-text wpcf7-email wpcf7-validates-as-required wpcf7-validates-as-email\" aria-required=\"true\" aria-invalid=\"false\" value=\"\" type=\"email\" name=\"your-email\" \/><\/span> <\/label>\n<\/p>\n<p><label> Telefonnummer:<br \/>\n<span class=\"wpcf7-form-control-wrap\" data-name=\"telefon\"><input size=\"40\" class=\"wpcf7-form-control wpcf7-text wpcf7-tel wpcf7-validates-as-tel\" aria-invalid=\"false\" value=\"\" type=\"tel\" name=\"telefon\" \/><\/span> <\/label>\n<\/p>\n<p><label> Nachricht:<br \/>\n<span class=\"wpcf7-form-control-wrap\" data-name=\"mensaje\"><textarea cols=\"40\" rows=\"10\" class=\"wpcf7-form-control wpcf7-textarea\" aria-invalid=\"false\" name=\"mensaje\"><\/textarea><\/span> <\/label>\n<\/p>\n<p><input class=\"wpcf7-form-control has-spinner wpcf7-submit\" type=\"submit\" value=\"ABSENDEN\" \/>\n<\/p><div class=\"wpcf7-response-output\" aria-hidden=\"true\"><\/div>\n<\/form>\n<\/div>\n    <\/div>\n<\/div>\n<!-- \/module text -->        <div  data-lazy=\"1\" class=\"module_subrow themify_builder_sub_row tf_w col_align_top tb_col_count_1 tb_s5x3660\">\n                <div  data-lazy=\"1\" class=\"module_column sub_column col-full tb_rvvx390 first\">\n                            <\/div>\n                    <\/div>\n                <div  data-lazy=\"1\" class=\"module_subrow themify_builder_sub_row tf_w col_align_top tb_col_count_1 tb_ai10100 hide-desktop hide-tablet_landscape\">\n                <div  data-lazy=\"1\" class=\"module_column sub_column col-full tb_jphe314 first\">\n                    <!-- module text -->\n<div  class=\"module module-text tb_0pqx013    hide-desktop hide-tablet_landscape\" data-lazy=\"1\">\n        <div  class=\"tb_text_wrap\">\n        <h2 style=\"line-height: 1.4em;\">M\u00f6chtest du mit uns arbeiten?<\/h2>\n<h3 style=\"line-height: 1.5em; letter-spacing: normal;\">F\u00fclle dieses Formular aus:<\/h3>    <\/div>\n<\/div>\n<!-- \/module text --><!-- module plain text -->\n<div  class=\"module module-plain-text tb_vs13440 \" data-lazy=\"1\">\n        <div class=\"tb_text_wrap\">\n    <button>\n<a href=\"\/trabaja-con-nosotros\/\">ARBEITE MIT UNS<\/a><\/button>\n        <\/div>\n<\/div>\n<!-- \/module plain text -->        <\/div>\n                    <\/div>\n                <\/div>\n                        <\/div>\n        <\/div>\n            <\/div>\n<!--\/themify_builder_content--><\/div>\n    <\/div>\n<\/div>\n<!-- \/module plain text -->        <\/div>\n                        <\/div>\n        <\/div>\n                        <div  data-css_id=\"jlkz74\" data-lazy=\"1\" class=\"module_row themify_builder_row fullwidth tb_jlkz74 tf_w\">\n                        <div class=\"row_inner col_align_top tb_col_count_1 tf_box tf_rel\">\n                        <div  data-lazy=\"1\" class=\"module_column tb-column col-full tb_6yfn74 first\">\n                    <!-- module template_part -->\n<div  class=\"module module-layout-part tb_bnu9686 \">\n    <div class=\"tb_layout_part_wrap tf_w\"><!--themify_builder_content-->\n    <div  class=\"themify_builder_content themify_builder_content-4630 themify_builder not_editable_builder in_the_loop\" data-postid=\"4630\">\n                        <div  data-lazy=\"1\" class=\"module_row themify_builder_row tb_oqxn128 tf_w\">\n                        <div class=\"row_inner col_align_top tb_col_count_1 tf_box tf_rel\">\n                        <div  data-lazy=\"1\" class=\"module_column tb-column col-full tb_y5cb872 first\">\n                    <!-- module text -->\n<div  class=\"module module-text tb_czbl270   \" data-lazy=\"1\">\n        <div  class=\"tb_text_wrap\">\n        <h2>Online Sprachakademie Erizo<\/h2>    <\/div>\n<\/div>\n<!-- \/module text --><!-- module text -->\n<div  class=\"module module-text tb_6akt200   \" data-lazy=\"1\">\n        <div  class=\"tb_text_wrap\">\n        <p><strong>M\u00f6chtest du lernen und dabei Spa\u00df haben?<\/strong><\/p>    <\/div>\n<\/div>\n<!-- \/module text -->        <div  data-lazy=\"1\" class=\"module_subrow themify_builder_sub_row tf_w col_align_top tb_col_count_3 tb_x7oz270\">\n                <div  data-lazy=\"1\" class=\"module_column sub_column col3-1 tb_n7xh207 first\">\n                    <!-- module feature -->\n<div  class=\"module module-feature tb_awg2026 with-chart layout-icon-top size-medium \" data-layout-mobile=\"icon-top\" data-layout-desktop=\"icon-top\" data-lazy=\"1\">\n        <div class=\"module-feature-image tf_textc tf_rel\">\n                            <span class=\"module-feature-chart-html5 tf_box tf_rel tf_inline_b\">\n                                    <svg class=\"tf_abs tf_w tf_h\">\n                    <circle class=\"tb_feature_fill\" r=\"calc(50% - 2.50px)\" cx=\"50%\" cy=\"50%\" stroke-width=\"5\"\/>\n                    <circle class=\"tb_feature_stroke\" r=\"calc(50% - 2.50px)\" cx=\"50%\" cy=\"50%\" stroke=\"#5f79bb\" stroke-width=\"5\" data-progress=\"100\" stroke-dasharray=\"0,10000\"\/>\n                                        <\/svg>\n                                <span class=\"chart-html5-circle tf_w tf_h\">\n                                            <em class=\"module-feature-icon tf_rel\" style=\"color:#383838\"><svg  class=\"tf_fa tf-fas-desktop\" aria-hidden=\"true\"><use href=\"#tf-fas-desktop\"><\/use><\/svg><\/em>\n                                    <\/span>\n\n                \n            <\/span>\n                <\/div>\n    <div class=\"module-feature-content tf_textc\">\n                    <h3 class=\"module-feature-title\">\n                            Online-Unterricht \u00fcber Zoom.                        <\/h3>\n                    <div class=\"tb_text_wrap\">\n            <p><span style=\"color: #5e79bb;\"><strong>Das ist kein Kurs mit aufgezeichneten Stunden.<\/strong><br><\/span>Jeder Sch\u00fcler genie\u00dft Live-Unterricht \u00fcber die Plattform Zoom.<\/p>        <\/div>\n    <\/div>\n<\/div>\n<!-- \/module feature -->\n        <\/div>\n                    <div  data-lazy=\"1\" class=\"module_column sub_column col3-1 tb_l243787\">\n                    <!-- module feature -->\n<div  class=\"module module-feature tb_4aqy171 with-chart layout-icon-top size-medium \" data-layout-mobile=\"icon-top\" data-layout-desktop=\"icon-top\" data-lazy=\"1\">\n        <div class=\"module-feature-image tf_textc tf_rel\">\n                            <span class=\"module-feature-chart-html5 tf_box tf_rel tf_inline_b\">\n                                    <svg class=\"tf_abs tf_w tf_h\">\n                    <circle class=\"tb_feature_fill\" r=\"calc(50% - 2.50px)\" cx=\"50%\" cy=\"50%\" stroke-width=\"5\"\/>\n                    <circle class=\"tb_feature_stroke\" r=\"calc(50% - 2.50px)\" cx=\"50%\" cy=\"50%\" stroke=\"#5f79bb\" stroke-width=\"5\" data-progress=\"100\" stroke-dasharray=\"0,10000\"\/>\n                                        <\/svg>\n                                <span class=\"chart-html5-circle tf_w tf_h\">\n                                            <em class=\"module-feature-icon tf_rel\" style=\"color:#383838\"><svg  class=\"tf_fa tf-fas-thumbs-up\" aria-hidden=\"true\"><use href=\"#tf-fas-thumbs-up\"><\/use><\/svg><\/em>\n                                    <\/span>\n\n                \n            <\/span>\n                <\/div>\n    <div class=\"module-feature-content tf_textc\">\n                    <h3 class=\"module-feature-title\">\n                            Wir passen uns dir an.                        <\/h3>\n                    <div class=\"tb_text_wrap\">\n            <p><span style=\"color: #383838;\"><span style=\"color: #5f79bb;\"><strong>Lerne in deinem Tempo.<br><\/strong><\/span><\/span>Wir passen unsere Kurse an deine Bed\u00fcrfnisse, Zeitpl\u00e4ne und dein Niveau an.<\/p>        <\/div>\n    <\/div>\n<\/div>\n<!-- \/module feature -->\n        <\/div>\n                    <div  data-lazy=\"1\" class=\"module_column sub_column col3-1 tb_drz9482 last\">\n                    <!-- module feature -->\n<div  class=\"module module-feature tb_uoiv072 with-chart layout-icon-top size-medium \" data-layout-mobile=\"icon-top\" data-layout-desktop=\"icon-top\" data-lazy=\"1\">\n        <div class=\"module-feature-image tf_textc tf_rel\">\n                            <span class=\"module-feature-chart-html5 tf_box tf_rel tf_inline_b\">\n                                    <svg class=\"tf_abs tf_w tf_h\">\n                    <circle class=\"tb_feature_fill\" r=\"calc(50% - 2.50px)\" cx=\"50%\" cy=\"50%\" stroke-width=\"5\"\/>\n                    <circle class=\"tb_feature_stroke\" r=\"calc(50% - 2.50px)\" cx=\"50%\" cy=\"50%\" stroke=\"#5f79bb\" stroke-width=\"5\" data-progress=\"100\" stroke-dasharray=\"0,10000\"\/>\n                                        <\/svg>\n                                <span class=\"chart-html5-circle tf_w tf_h\">\n                                            <em class=\"module-feature-icon tf_rel\" style=\"color:#383838\"><svg  class=\"tf_fa tf-fas-user-graduate\" aria-hidden=\"true\"><use href=\"#tf-fas-user-graduate\"><\/use><\/svg><\/em>\n                                    <\/span>\n\n                \n            <\/span>\n                <\/div>\n    <div class=\"module-feature-content tf_textc\">\n                    <h3 class=\"module-feature-title\">\n                            Coole Lehrer                        <\/h3>\n                    <div class=\"tb_text_wrap\">\n            <p><span style=\"color: #383838;\"><span style=\"color: #5f79bb;\"><strong>Lerne und habe Spa\u00df dabei.<br><\/strong><\/span><\/span>Wir verf\u00fcgen \u00fcber sprachlich und p\u00e4dagogisch qualifizierte Lehrkr\u00e4fte. Wir sind sehr daran interessiert, qualitativ hochwertigen Unterricht anzubieten.<\/p>        <\/div>\n    <\/div>\n<\/div>\n<!-- \/module feature -->\n        <\/div>\n                    <\/div>\n                <\/div>\n                        <\/div>\n        <\/div>\n            <\/div>\n<!--\/themify_builder_content--><\/div>\n<\/div>\n<!-- \/module template_part -->        <\/div>\n                        <\/div>\n        <\/div>\n        <\/div>\n<!--\/themify_builder_content-->\n\n<div class=\"kk-star-ratings kksr-auto kksr-align-center kksr-valign-bottom\"\n    data-payload='{&quot;align&quot;:&quot;center&quot;,&quot;id&quot;:&quot;4602&quot;,&quot;slug&quot;:&quot;default&quot;,&quot;valign&quot;:&quot;bottom&quot;,&quot;ignore&quot;:&quot;&quot;,&quot;reference&quot;:&quot;auto&quot;,&quot;class&quot;:&quot;&quot;,&quot;count&quot;:&quot;0&quot;,&quot;legendonly&quot;:&quot;&quot;,&quot;readonly&quot;:&quot;&quot;,&quot;score&quot;:&quot;0&quot;,&quot;starsonly&quot;:&quot;&quot;,&quot;best&quot;:&quot;5&quot;,&quot;gap&quot;:&quot;5&quot;,&quot;greet&quot;:&quot;\u00a1D\u00e9janos 5 estrellas si te ha gustado! :D&quot;,&quot;legend&quot;:&quot;0\\\/5 - (0 votes)&quot;,&quot;size&quot;:&quot;24&quot;,&quot;title&quot;:&quot;Kontakt&quot;,&quot;width&quot;:&quot;0&quot;,&quot;_legend&quot;:&quot;{score}\\\/{best} - ({count} {votes})&quot;,&quot;font_factor&quot;:&quot;1.25&quot;}'>\n            \n<div class=\"kksr-stars\">\n    \n<div class=\"kksr-stars-inactive\">\n            <div class=\"kksr-star\" data-star=\"1\" style=\"padding-right: 5px\">\n            \n\n<div class=\"kksr-icon\" style=\"width: 24px; height: 24px;\"><\/div>\n        <\/div>\n            <div class=\"kksr-star\" data-star=\"2\" style=\"padding-right: 5px\">\n            \n\n<div class=\"kksr-icon\" style=\"width: 24px; height: 24px;\"><\/div>\n        <\/div>\n            <div class=\"kksr-star\" data-star=\"3\" style=\"padding-right: 5px\">\n            \n\n<div class=\"kksr-icon\" style=\"width: 24px; height: 24px;\"><\/div>\n        <\/div>\n            <div class=\"kksr-star\" data-star=\"4\" style=\"padding-right: 5px\">\n            \n\n<div class=\"kksr-icon\" style=\"width: 24px; height: 24px;\"><\/div>\n        <\/div>\n            <div class=\"kksr-star\" data-star=\"5\" style=\"padding-right: 5px\">\n            \n\n<div class=\"kksr-icon\" style=\"width: 24px; height: 24px;\"><\/div>\n        <\/div>\n    <\/div>\n    \n<div class=\"kksr-stars-active\" style=\"width: 0px;\">\n            <div class=\"kksr-star\" style=\"padding-right: 5px\">\n            \n\n<div class=\"kksr-icon\" style=\"width: 24px; height: 24px;\"><\/div>\n        <\/div>\n            <div class=\"kksr-star\" style=\"padding-right: 5px\">\n            \n\n<div class=\"kksr-icon\" style=\"width: 24px; height: 24px;\"><\/div>\n        <\/div>\n            <div class=\"kksr-star\" style=\"padding-right: 5px\">\n            \n\n<div class=\"kksr-icon\" style=\"width: 24px; height: 24px;\"><\/div>\n        <\/div>\n            <div class=\"kksr-star\" style=\"padding-right: 5px\">\n            \n\n<div class=\"kksr-icon\" style=\"width: 24px; height: 24px;\"><\/div>\n        <\/div>\n            <div class=\"kksr-star\" style=\"padding-right: 5px\">\n            \n\n<div class=\"kksr-icon\" style=\"width: 24px; height: 24px;\"><\/div>\n        <\/div>\n    <\/div>\n<\/div>\n                \n\n<div class=\"kksr-legend\" style=\"font-size: 19.2px;\">\n            <span class=\"kksr-muted\">\u00a1D\u00e9janos 5 estrellas si te ha gustado! \ud83d\ude00<\/span>\n    <\/div>\n    <\/div>","protected":false},"excerpt":{"rendered":"<p>Online Sprachakademie Erizo M\u00f6chtest du lernen und dabei Spa\u00df haben? Online-Unterricht \u00fcber Zoom. Das ist kein Kurs mit aufgezeichneten Stunden.Jeder Sch\u00fcler genie\u00dft Live-Unterricht \u00fcber die Plattform Zoom. Wir passen uns dir an. Lerne in deinem Tempo.Wir passen unsere Kurse an deine Bed\u00fcrfnisse, Zeitpl\u00e4ne und dein Niveau an. Coole Lehrer Lerne und habe Spa\u00df dabei.Wir verf\u00fcgen [&hellip;]<\/p>\n","protected":false},"author":6,"featured_media":0,"parent":0,"menu_order":0,"comment_status":"closed","ping_status":"closed","template":"","meta":{"_eb_attr":"","footnotes":""},"yoast_head":"<!-- This site is optimized with the Yoast SEO plugin v24.4 - https:\/\/yoast.com\/wordpress\/plugins\/seo\/ -->\n<title>Kontakt | Academia de Idiomas Erizo<\/title>\n<meta name=\"description\" content=\"\u00bfQuieres aprender un idioma? Descubre nuestras Clases de Idiomas Online. Para todos las edades y niveles. \u00a1Cont\u00e1ctanos!\" \/>\n<meta name=\"robots\" content=\"index, follow, max-snippet:-1, max-image-preview:large, max-video-preview:-1\" \/>\n<link rel=\"canonical\" href=\"https:\/\/academiadeidiomaserizo.com\/de\/kontakt\/\" \/>\n<meta property=\"og:locale\" content=\"de_DE\" \/>\n<meta property=\"og:type\" content=\"article\" \/>\n<meta property=\"og:title\" content=\"Kontakt | Academia de Idiomas Erizo\" \/>\n<meta property=\"og:description\" content=\"\u00bfQuieres aprender un idioma? Descubre nuestras Clases de Idiomas Online. Para todos las edades y niveles. \u00a1Cont\u00e1ctanos!\" \/>\n<meta property=\"og:url\" content=\"https:\/\/academiadeidiomaserizo.com\/de\/kontakt\/\" \/>\n<meta property=\"og:site_name\" content=\"Academia de Idiomas Erizo\" \/>\n<meta property=\"article:modified_time\" content=\"2024-05-28T08:49:18+00:00\" \/>\n<meta name=\"twitter:card\" content=\"summary_large_image\" \/>\n<!-- \/ Yoast SEO plugin. -->","yoast_head_json":{"title":"Kontakt | Academia de Idiomas Erizo","description":"\u00bfQuieres aprender un idioma? Descubre nuestras Clases de Idiomas Online. Para todos las edades y niveles. \u00a1Cont\u00e1ctanos!","robots":{"index":"index","follow":"follow","max-snippet":"max-snippet:-1","max-image-preview":"max-image-preview:large","max-video-preview":"max-video-preview:-1"},"canonical":"https:\/\/academiadeidiomaserizo.com\/de\/kontakt\/","og_locale":"de_DE","og_type":"article","og_title":"Kontakt | Academia de Idiomas Erizo","og_description":"\u00bfQuieres aprender un idioma? Descubre nuestras Clases de Idiomas Online. Para todos las edades y niveles. \u00a1Cont\u00e1ctanos!","og_url":"https:\/\/academiadeidiomaserizo.com\/de\/kontakt\/","og_site_name":"Academia de Idiomas Erizo","article_modified_time":"2024-05-28T08:49:18+00:00","twitter_card":"summary_large_image","schema":{"@context":"https:\/\/schema.org","@graph":[{"@type":"WebPage","@id":"https:\/\/academiadeidiomaserizo.com\/de\/kontakt\/","url":"https:\/\/academiadeidiomaserizo.com\/de\/kontakt\/","name":"Kontakt | Academia de Idiomas Erizo","isPartOf":{"@id":"https:\/\/academiadeidiomaserizo.com\/de\/#website"},"datePublished":"2023-11-29T15:19:33+00:00","dateModified":"2024-05-28T08:49:18+00:00","description":"\u00bfQuieres aprender un idioma? Descubre nuestras Clases de Idiomas Online. Para todos las edades y niveles. \u00a1Cont\u00e1ctanos!","breadcrumb":{"@id":"https:\/\/academiadeidiomaserizo.com\/de\/kontakt\/#breadcrumb"},"inLanguage":"de","potentialAction":[{"@type":"ReadAction","target":["https:\/\/academiadeidiomaserizo.com\/de\/kontakt\/"]}]},{"@type":"BreadcrumbList","@id":"https:\/\/academiadeidiomaserizo.com\/de\/kontakt\/#breadcrumb","itemListElement":[{"@type":"ListItem","position":1,"name":"Portada","item":"https:\/\/academiadeidiomaserizo.com\/de\/"},{"@type":"ListItem","position":2,"name":"Kontakt"}]},{"@type":"WebSite","@id":"https:\/\/academiadeidiomaserizo.com\/de\/#website","url":"https:\/\/academiadeidiomaserizo.com\/de\/","name":"Academia de Idiomas Erizo","description":"","potentialAction":[{"@type":"SearchAction","target":{"@type":"EntryPoint","urlTemplate":"https:\/\/academiadeidiomaserizo.com\/de\/?s={search_term_string}"},"query-input":{"@type":"PropertyValueSpecification","valueRequired":true,"valueName":"search_term_string"}}],"inLanguage":"de"}]}},"_links":{"self":[{"href":"https:\/\/academiadeidiomaserizo.com\/de\/wp-json\/wp\/v2\/pages\/4602"}],"collection":[{"href":"https:\/\/academiadeidiomaserizo.com\/de\/wp-json\/wp\/v2\/pages"}],"about":[{"href":"https:\/\/academiadeidiomaserizo.com\/de\/wp-json\/wp\/v2\/types\/page"}],"author":[{"embeddable":true,"href":"https:\/\/academiadeidiomaserizo.com\/de\/wp-json\/wp\/v2\/users\/6"}],"replies":[{"embeddable":true,"href":"https:\/\/academiadeidiomaserizo.com\/de\/wp-json\/wp\/v2\/comments?post=4602"}],"version-history":[{"count":7,"href":"https:\/\/academiadeidiomaserizo.com\/de\/wp-json\/wp\/v2\/pages\/4602\/revisions"}],"predecessor-version":[{"id":5249,"href":"https:\/\/academiadeidiomaserizo.com\/de\/wp-json\/wp\/v2\/pages\/4602\/revisions\/5249"}],"wp:attachment":[{"href":"https:\/\/academiadeidiomaserizo.com\/de\/wp-json\/wp\/v2\/media?parent=4602"}],"curies":[{"name":"wp","href":"https:\/\/api.w.org\/{rel}","templated":true}]}}