{"id":4609,"date":"2023-10-20T09:28:19","date_gmt":"2023-10-20T07:28:19","guid":{"rendered":"https:\/\/academiadeidiomaserizo.com\/idiomas-online\/"},"modified":"2024-04-24T15:11:56","modified_gmt":"2024-04-24T13:11:56","slug":"online-sprachen","status":"publish","type":"page","link":"https:\/\/academiadeidiomaserizo.com\/de\/online-sprachen\/","title":{"rendered":"Sprachen"},"content":{"rendered":"\n\n<div class=\"kk-star-ratings kksr-auto kksr-align-center kksr-valign-bottom\"\n    data-payload='{&quot;align&quot;:&quot;center&quot;,&quot;id&quot;:&quot;4609&quot;,&quot;slug&quot;:&quot;default&quot;,&quot;valign&quot;:&quot;bottom&quot;,&quot;ignore&quot;:&quot;&quot;,&quot;reference&quot;:&quot;auto&quot;,&quot;class&quot;:&quot;&quot;,&quot;count&quot;:&quot;0&quot;,&quot;legendonly&quot;:&quot;&quot;,&quot;readonly&quot;:&quot;&quot;,&quot;score&quot;:&quot;0&quot;,&quot;starsonly&quot;:&quot;&quot;,&quot;best&quot;:&quot;5&quot;,&quot;gap&quot;:&quot;5&quot;,&quot;greet&quot;:&quot;\u00a1D\u00e9janos 5 estrellas si te ha gustado! :D&quot;,&quot;legend&quot;:&quot;0\\\/5 - (0 votes)&quot;,&quot;size&quot;:&quot;24&quot;,&quot;title&quot;:&quot;Sprachen&quot;,&quot;width&quot;:&quot;0&quot;,&quot;_legend&quot;:&quot;{score}\\\/{best} - ({count} {votes})&quot;,&quot;font_factor&quot;:&quot;1.25&quot;}'>\n            \n<div class=\"kksr-stars\">\n    \n<div class=\"kksr-stars-inactive\">\n            <div class=\"kksr-star\" data-star=\"1\" style=\"padding-right: 5px\">\n            \n\n<div class=\"kksr-icon\" style=\"width: 24px; height: 24px;\"><\/div>\n        <\/div>\n            <div class=\"kksr-star\" data-star=\"2\" style=\"padding-right: 5px\">\n            \n\n<div class=\"kksr-icon\" style=\"width: 24px; height: 24px;\"><\/div>\n        <\/div>\n            <div class=\"kksr-star\" data-star=\"3\" style=\"padding-right: 5px\">\n            \n\n<div class=\"kksr-icon\" style=\"width: 24px; height: 24px;\"><\/div>\n        <\/div>\n            <div class=\"kksr-star\" data-star=\"4\" style=\"padding-right: 5px\">\n            \n\n<div class=\"kksr-icon\" style=\"width: 24px; height: 24px;\"><\/div>\n        <\/div>\n            <div class=\"kksr-star\" data-star=\"5\" style=\"padding-right: 5px\">\n            \n\n<div class=\"kksr-icon\" style=\"width: 24px; height: 24px;\"><\/div>\n        <\/div>\n    <\/div>\n    \n<div class=\"kksr-stars-active\" style=\"width: 0px;\">\n            <div class=\"kksr-star\" style=\"padding-right: 5px\">\n            \n\n<div class=\"kksr-icon\" style=\"width: 24px; height: 24px;\"><\/div>\n        <\/div>\n            <div class=\"kksr-star\" style=\"padding-right: 5px\">\n            \n\n<div class=\"kksr-icon\" style=\"width: 24px; height: 24px;\"><\/div>\n        <\/div>\n            <div class=\"kksr-star\" style=\"padding-right: 5px\">\n            \n\n<div class=\"kksr-icon\" style=\"width: 24px; height: 24px;\"><\/div>\n        <\/div>\n            <div class=\"kksr-star\" style=\"padding-right: 5px\">\n            \n\n<div class=\"kksr-icon\" style=\"width: 24px; height: 24px;\"><\/div>\n        <\/div>\n            <div class=\"kksr-star\" style=\"padding-right: 5px\">\n            \n\n<div class=\"kksr-icon\" style=\"width: 24px; height: 24px;\"><\/div>\n        <\/div>\n    <\/div>\n<\/div>\n                \n\n<div class=\"kksr-legend\" style=\"font-size: 19.2px;\">\n            <span class=\"kksr-muted\">\u00a1D\u00e9janos 5 estrellas si te ha gustado! \ud83d\ude00<\/span>\n    <\/div>\n    <\/div>\n<!--themify_builder_content-->\n<div id=\"themify_builder_content-4609\" data-postid=\"4609\" class=\"themify_builder_content themify_builder_content-4609 themify_builder tf_clear\">\n                    <div  data-css_id=\"3twz412\" data-lazy=\"1\" class=\"module_row themify_builder_row fullwidth_row_container tb_3twz412 tb_first tf_w\" data-tbfullwidthvideo=\"https:\/\/academiadeidiomaserizo.com\/wp-content\/uploads\/2023\/11\/pexels-diva-plavalaguna-6985519-540p-Compressed-with-FlexClip.mp4\">\n            <span class=\"builder_row_cover tf_abs\"><\/span>            <div class=\"row_inner col_align_top tb_col_count_1 tf_box tf_rel\">\n                        <div  data-lazy=\"1\" class=\"module_column tb-column col-full tb_fbvl412 first\">\n                    <!-- module fancy heading -->\n<div  class=\"module module-fancy-heading tb_7plb413  tb_hide_divider\" data-lazy=\"1\">\n        <h1 class=\"fancy-heading\">\n    <span class=\"main-head tf_block\">\n                    Online Sprachakademie Erizo            <\/span>\n\n    \n    <span class=\"sub-head tf_block tf_rel\">\n                    M\u00f6chtest du lernen und dabei Spa\u00df haben?            <\/span>\n    <\/h1>\n<\/div>\n<!-- \/module fancy heading -->\n<!-- module text -->\n<div  class=\"module module-text tb_8ztt413  repeat \" data-lazy=\"1\">\n        <div  class=\"tb_text_wrap\">\n            <\/div>\n<\/div>\n<!-- \/module text -->        <\/div>\n                        <\/div>\n        <\/div>\n                        <div  data-lazy=\"1\" class=\"module_row themify_builder_row tb_fx6j276 tf_w\">\n                        <div class=\"row_inner col_align_top tb_col_count_3 tf_box tf_rel\">\n                        <div  data-lazy=\"1\" class=\"module_column tb-column col3-1 tb_thkx276 first\">\n                    <!-- module text -->\n<div  class=\"module module-text tb_hw6a276  repeat \" data-lazy=\"1\">\n        <div  class=\"tb_text_wrap\">\n        <h2><a href=\"\/de\/idiomas\/clases-de-ingles-online\/\">ENGLISCH<\/a><\/h2>    <\/div>\n<\/div>\n<!-- \/module text -->        <\/div>\n                    <div  data-lazy=\"1\" class=\"module_column tb-column col3-1 tb_enzt276\">\n                    <!-- module text -->\n<div  class=\"module module-text tb_yk7i276   \" data-lazy=\"1\">\n        <div  class=\"tb_text_wrap\">\n        <h2><a href=\"\/de\/idiomas-online\/clases-de-aleman-online\/\">DEUTSCH<\/a><\/h2>    <\/div>\n<\/div>\n<!-- \/module text -->        <\/div>\n                    <div  data-lazy=\"1\" class=\"module_column tb-column col3-1 tb_lprh276 last\">\n                    <!-- module text -->\n<div  class=\"module module-text tb_bdgv276  repeat \" data-lazy=\"1\">\n        <div  class=\"tb_text_wrap\">\n        <h2><a href=\"\/idiomas-online\/clases-de-chino-online\/\">CHINESISCH<\/a><\/h2>    <\/div>\n<\/div>\n<!-- \/module text -->        <\/div>\n                        <\/div>\n        <\/div>\n                        <div  data-lazy=\"1\" class=\"module_row themify_builder_row tb_57k3529 tf_w\">\n                        <div class=\"row_inner col_align_top tb_col_count_3 tf_box tf_rel\">\n                        <div  data-lazy=\"1\" class=\"module_column tb-column col3-1 tb_oacu530 first\">\n                    <!-- module text -->\n<div  class=\"module module-text tb_w3tt530  repeat \" data-lazy=\"1\">\n        <div  class=\"tb_text_wrap\">\n        <h2><a href=\"\/de\/idiomas-online\/cursos-italiano-online\/\">ITALIENISCH<\/a><\/h2>    <\/div>\n<\/div>\n<!-- \/module text -->        <\/div>\n                    <div  data-lazy=\"1\" class=\"module_column tb-column col3-1 tb_r8wr530\">\n                    <!-- module text -->\n<div  class=\"module module-text tb_kizk530   \" data-lazy=\"1\">\n        <div  class=\"tb_text_wrap\">\n        <h2><a href=\"\/de\/idiomas-online\/curso-frances-online\/\">FRANZ\u00d6SISCH<\/a><\/h2>    <\/div>\n<\/div>\n<!-- \/module text -->        <\/div>\n                    <div  data-lazy=\"1\" class=\"module_column tb-column col3-1 tb_dldz530 last\">\n                    <!-- module text -->\n<div  class=\"module module-text tb_t2ab530  repeat \" data-lazy=\"1\">\n        <div  class=\"tb_text_wrap\">\n        <h2><a href=\"\/de\/idiomas-online\/clases-online-de-espanol\/\">SPANISCH<\/a><\/h2>    <\/div>\n<\/div>\n<!-- \/module text -->        <\/div>\n                        <\/div>\n        <\/div>\n                        <div  data-lazy=\"1\" class=\"module_row themify_builder_row tb_0m6v163 tf_w\">\n                        <div class=\"row_inner col_align_top tb_col_count_3 tf_box tf_rel\">\n                        <div  data-lazy=\"1\" class=\"module_column tb-column col3-1 tb_9hln163 first\">\n                            <\/div>\n                    <div  data-lazy=\"1\" class=\"module_column tb-column col3-1 tb_ucfm163\">\n                    <!-- module text -->\n<div  class=\"module module-text tb_8ffb163   \" data-lazy=\"1\">\n        <div  class=\"tb_text_wrap\">\n        <h2><a href=\"\/de\/clases-portugues-online\/\">PORTUGIESISCH<\/a><\/h2>    <\/div>\n<\/div>\n<!-- \/module text -->        <\/div>\n                    <div  data-lazy=\"1\" class=\"module_column tb-column col3-1 tb_krw2163 last\">\n                            <\/div>\n                        <\/div>\n        <\/div>\n                        <div  data-lazy=\"1\" class=\"module_row themify_builder_row tb_dce8321 tf_w\">\n                        <div class=\"row_inner col_align_top tb_col_count_1 tf_box tf_rel\">\n                        <div  data-lazy=\"1\" class=\"module_column tb-column col-full tb_m1u4321 first\">\n                    <!-- module text -->\n<div  class=\"module module-text tb_xidn66   \" data-lazy=\"1\">\n        <div  class=\"tb_text_wrap\">\n        <h2 style=\"text-align: center;\">Suchst du eine andere Sprache?<\/h2>\n<p style=\"text-align: center;\">Mach dir keine Sorgen, wir k\u00fcmmern uns darum! Kontaktiere uns und finde heraus, wie wir deine Erwartungen beim Erlernen der gew\u00fcnschten Sprache \u00fcbertreffen k\u00f6nnen.<\/p>    <\/div>\n<\/div>\n<!-- \/module text --><!-- module buttons -->\n<div  class=\"module module-buttons tb_l1tu321 buttons-horizontal solid  xlarge circle\" data-lazy=\"1\">\n        <div class=\"module-buttons-item tf_in_flx\">\n                        <a href=\"#contacto\" class=\"ui builder_button tf_in_flx transparent\" >\n                                                Bitte um weitere Information                                        <\/a>\n                <\/div>\n            <\/div>\n<!-- \/module buttons -->\n        <\/div>\n                        <\/div>\n        <\/div>\n                        <div  data-zoom-bg=\"desktop\" data-anchor=\"contacto\" data-css_id=\"8zxh168\" data-lazy=\"1\" class=\"module_row themify_builder_row fullwidth tb_has_section tb_section-contacto tb_8zxh168 tf_w\">\n                        <div class=\"row_inner col_align_top tb_col_count_1 tf_box tf_rel\">\n                        <div  data-lazy=\"1\" class=\"module_column tb-column col-full tb_oz8l168 first\">\n                    <!-- module plain text -->\n<div  class=\"module module-plain-text tb_56t8168 \" data-lazy=\"1\">\n        <div class=\"tb_text_wrap\">\n    <div class=\"tb_layout_part_wrap tf_w\">\n<!--themify_builder_content-->\n    <div  class=\"themify_builder_content themify_builder_content-4566 themify_builder not_editable_builder in_the_loop\" data-postid=\"4566\">\n                        <div  data-parallax-bg=\"desktop\" data-anchor=\"contactar\" data-lazy=\"1\" class=\"module_row themify_builder_row fullheight tb_has_section tb_section-contactar tb_vumn012 tf_w\">\n            <span class=\"builder_row_cover tf_abs\"><\/span>            <div class=\"row_inner col_align_middle tb_col_count_2 tf_box tf_rel\">\n                        <div  data-lazy=\"1\" class=\"module_column tb-column col4-2 tb_w7oh010 contenedor_centrado first\">\n                    <!-- module text -->\n<div  class=\"module module-text tb_7rzl959   \" data-lazy=\"1\">\n        <div  class=\"tb_text_wrap\">\n        <h2>Jetzt Informationen anfordern!<\/h2>\n<h3>Direkt mit unserem Koordinator sprechen<\/h3>\n<p>Lass keine Zweifel an Preisen, Zeitpl\u00e4nen, dem Profil der Lehrer aufkommen.<\/p>    <\/div>\n<\/div>\n<!-- \/module text -->        <div  data-lazy=\"1\" class=\"module_subrow themify_builder_sub_row tf_w col_align_middle tb_col_count_2 tb_yv52921\">\n                <div  data-lazy=\"1\" class=\"module_column sub_column col4-2 tb_acln011 first\">\n                    <!-- module plain text -->\n<div  class=\"module module-plain-text tb_b245011 \" data-lazy=\"1\">\n        <div class=\"tb_text_wrap\">\n    <a class=\"ctelefono boton desktop\" href=\"\/de\/telefono\">\n    <button class=\"ctelefono\">RUF UNS AN<\/button>\n<\/a>\n<a class=\"ctelefono boton movil\" href=\"tel:+34640717145\">\n    <button class=\"ctelefono\">RUF UNS AN<\/button>\n<\/a>\n        <\/div>\n<\/div>\n<!-- \/module plain text -->        <\/div>\n                    <div  data-lazy=\"1\" class=\"module_column sub_column col4-2 tb_h48g001 last\">\n                    <!-- module plain text -->\n<div  class=\"module module-plain-text tb_rvyu138 \" data-lazy=\"1\">\n        <div class=\"tb_text_wrap\">\n    <style>\n.btn-whatsapp {\n  background-color: #25D366; \/* verde oficial WhatsApp *\/\n  color: #ffffff !important;\n  padding: 12px 24px;\n  border-radius: 50px; \/* forma redondeada tipo p\u00edldora *\/\n  text-decoration: none;\n  font-weight: 600;\n  font-size: 16px;\n  display: inline-flex;\n  align-items: center;\n  gap: 10px; \/* separaci\u00f3n entre icono y texto *\/\n  transition: 0.2s ease;\n}\n\n.btn-whatsapp:hover {\n  background-color: #1ebe5c; \/* verde ligeramente m\u00e1s oscuro *\/\n}\n\n.btn-whatsapp img {\n  width: 22px;\n  height: 22px;\n}\n<\/style>\n\n<p style=\"text-align: center; margin-bottom: 0;\">\n  <a href=\"https:\/\/wa.me\/34660121972?text=%C2%A1Hola!%20Busco%20informaci%C3%B3n%20sobre%20las%20clases%20de%20m%C3%BAsica\"\n     class=\"btn-whatsapp\"\n     target=\"_blank\"\n     rel=\"noopener\">\n    <img decoding=\"async\" data-src=\"https:\/\/upload.wikimedia.org\/wikipedia\/commons\/6\/6b\/WhatsApp.svg\" alt=\"WhatsApp\" src=\"data:image\/gif;base64,R0lGODlhAQABAAAAACH5BAEKAAEALAAAAAABAAEAAAICTAEAOw==\" class=\"lazyload\">\n    Pide info por WhatsApp\n  <\/a>\n<\/p>\n    <\/div>\n<\/div>\n<!-- \/module plain text -->        <\/div>\n                    <\/div>\n                <div  data-lazy=\"1\" class=\"module_subrow themify_builder_sub_row tf_w col_align_top tb_col_count_1 tb_81t6182 hide-tablet hide-mobile\">\n                <div  data-lazy=\"1\" class=\"module_column sub_column col-full tb_e83u092 first\">\n                    <!-- module text -->\n<div  class=\"module module-text tb_mzan929   \" data-lazy=\"1\">\n        <div  class=\"tb_text_wrap\">\n        <h2 style=\"line-height: 1.4em;\">M\u00f6chtest du mit uns arbeiten?<\/h2>\n<h3 style=\"line-height: 1.5em; letter-spacing: normal;\">F\u00fclle dieses Formular aus:<\/h3>    <\/div>\n<\/div>\n<!-- \/module text --><!-- module plain text -->\n<div  class=\"module module-plain-text tb_4anj299 \" data-lazy=\"1\">\n        <div class=\"tb_text_wrap\">\n    <button>\n<a href=\"\/trabaja-con-nosotros\/\">ARBEITE MIT UNS<\/a><\/button>\n        <\/div>\n<\/div>\n<!-- \/module plain text -->        <\/div>\n                    <\/div>\n                <\/div>\n                    <div  data-lazy=\"1\" class=\"module_column tb-column col4-2 tb_nec4190 last\">\n                    <!-- module text -->\n<div  class=\"module module-text tb_9mih093   \" data-lazy=\"1\">\n    <h3 class=\"module-title\">Ich m\u00f6chte mehr Information:<\/h3>    <div  class=\"tb_text_wrap\">\n        \n<div class=\"wpcf7 no-js\" id=\"wpcf7-f4571-o1\" lang=\"de-DE\" dir=\"ltr\">\n<div class=\"screen-reader-response\"><p role=\"status\" aria-live=\"polite\" aria-atomic=\"true\"><\/p> <ul><\/ul><\/div>\n<form action=\"\/de\/wp-json\/wp\/v2\/pages\/4609#wpcf7-f4571-o1\" method=\"post\" class=\"wpcf7-form init\" aria-label=\"Kontaktformular\" novalidate=\"novalidate\" data-status=\"init\">\n<div style=\"display: none;\">\n<input type=\"hidden\" name=\"_wpcf7\" value=\"4571\" \/>\n<input type=\"hidden\" name=\"_wpcf7_version\" value=\"5.7.3\" \/>\n<input type=\"hidden\" name=\"_wpcf7_locale\" value=\"de_DE\" \/>\n<input type=\"hidden\" name=\"_wpcf7_unit_tag\" value=\"wpcf7-f4571-o1\" \/>\n<input type=\"hidden\" name=\"_wpcf7_container_post\" value=\"0\" \/>\n<input type=\"hidden\" name=\"_wpcf7_posted_data_hash\" value=\"\" \/>\n<input type=\"hidden\" name=\"_wpcf7cf_hidden_group_fields\" value=\"[]\" \/>\n<input type=\"hidden\" name=\"_wpcf7cf_hidden_groups\" value=\"[]\" \/>\n<input type=\"hidden\" name=\"_wpcf7cf_visible_groups\" value=\"[]\" \/>\n<input type=\"hidden\" name=\"_wpcf7cf_repeaters\" value=\"[]\" \/>\n<input type=\"hidden\" name=\"_wpcf7cf_steps\" value=\"{}\" \/>\n<input type=\"hidden\" name=\"_wpcf7cf_options\" value=\"{&quot;form_id&quot;:4571,&quot;conditions&quot;:[{&quot;then_field&quot;:&quot;-1&quot;,&quot;and_rules&quot;:[{&quot;if_field&quot;:&quot;-1&quot;,&quot;operator&quot;:&quot;equals&quot;,&quot;if_value&quot;:&quot;1&quot;}]}],&quot;settings&quot;:{&quot;animation&quot;:&quot;yes&quot;,&quot;animation_intime&quot;:200,&quot;animation_outtime&quot;:200,&quot;conditions_ui&quot;:&quot;normal&quot;,&quot;notice_dismissed&quot;:false,&quot;notice_dismissed_update-cf7-6.0.3&quot;:true}}\" \/>\n<input type=\"hidden\" name=\"_wpcf7_recaptcha_response\" value=\"\" \/>\n<\/div>\n<p><label> Name:<br \/>\n<span class=\"wpcf7-form-control-wrap\" data-name=\"your-name\"><input size=\"40\" class=\"wpcf7-form-control wpcf7-text wpcf7-validates-as-required\" aria-required=\"true\" aria-invalid=\"false\" value=\"\" type=\"text\" name=\"your-name\" \/><\/span> <\/label>\n<\/p>\n<p><label> E-Mail:<br \/>\n<span class=\"wpcf7-form-control-wrap\" data-name=\"your-email\"><input size=\"40\" class=\"wpcf7-form-control wpcf7-text wpcf7-email wpcf7-validates-as-required wpcf7-validates-as-email\" aria-required=\"true\" aria-invalid=\"false\" value=\"\" type=\"email\" name=\"your-email\" \/><\/span> <\/label>\n<\/p>\n<p><label> Telefonnummer:<br \/>\n<span class=\"wpcf7-form-control-wrap\" data-name=\"telefon\"><input size=\"40\" class=\"wpcf7-form-control wpcf7-text wpcf7-tel wpcf7-validates-as-tel\" aria-invalid=\"false\" value=\"\" type=\"tel\" name=\"telefon\" \/><\/span> <\/label>\n<\/p>\n<p><label> Nachricht:<br \/>\n<span class=\"wpcf7-form-control-wrap\" data-name=\"mensaje\"><textarea cols=\"40\" rows=\"10\" class=\"wpcf7-form-control wpcf7-textarea\" aria-invalid=\"false\" name=\"mensaje\"><\/textarea><\/span> <\/label>\n<\/p>\n<p><input class=\"wpcf7-form-control has-spinner wpcf7-submit\" type=\"submit\" value=\"ABSENDEN\" \/>\n<\/p><div class=\"wpcf7-response-output\" aria-hidden=\"true\"><\/div>\n<\/form>\n<\/div>\n    <\/div>\n<\/div>\n<!-- \/module text -->        <div  data-lazy=\"1\" class=\"module_subrow themify_builder_sub_row tf_w col_align_top tb_col_count_1 tb_s5x3660\">\n                <div  data-lazy=\"1\" class=\"module_column sub_column col-full tb_rvvx390 first\">\n                            <\/div>\n                    <\/div>\n                <div  data-lazy=\"1\" class=\"module_subrow themify_builder_sub_row tf_w col_align_top tb_col_count_1 tb_ai10100 hide-desktop hide-tablet_landscape\">\n                <div  data-lazy=\"1\" class=\"module_column sub_column col-full tb_jphe314 first\">\n                    <!-- module text -->\n<div  class=\"module module-text tb_0pqx013    hide-desktop hide-tablet_landscape\" data-lazy=\"1\">\n        <div  class=\"tb_text_wrap\">\n        <h2 style=\"line-height: 1.4em;\">M\u00f6chtest du mit uns arbeiten?<\/h2>\n<h3 style=\"line-height: 1.5em; letter-spacing: normal;\">F\u00fclle dieses Formular aus:<\/h3>    <\/div>\n<\/div>\n<!-- \/module text --><!-- module plain text -->\n<div  class=\"module module-plain-text tb_vs13440 \" data-lazy=\"1\">\n        <div class=\"tb_text_wrap\">\n    <button>\n<a href=\"\/trabaja-con-nosotros\/\">ARBEITE MIT UNS<\/a><\/button>\n        <\/div>\n<\/div>\n<!-- \/module plain text -->        <\/div>\n                    <\/div>\n                <\/div>\n                        <\/div>\n        <\/div>\n            <\/div>\n<!--\/themify_builder_content-->\n<\/div>\n    <\/div>\n<\/div>\n<!-- \/module plain text -->        <\/div>\n                        <\/div>\n        <\/div>\n        <\/div>\n<!--\/themify_builder_content-->\n","protected":false},"excerpt":{"rendered":"<p>ENGLISCH<\/p>\n","protected":false},"author":5,"featured_media":0,"parent":0,"menu_order":0,"comment_status":"closed","ping_status":"closed","template":"","meta":{"_eb_attr":"","footnotes":""},"yoast_head":"<!-- This site is optimized with the Yoast SEO plugin v24.4 - https:\/\/yoast.com\/wordpress\/plugins\/seo\/ -->\n<title>Online Sprachen | Erizo<\/title>\n<meta name=\"description\" content=\"Aprende idiomas online en nuestra escuela Erizo. Te divertir\u00e1s y te sentir\u00e1s seguro a la hora de viajar conociendo el idioma. \u00a1Te esperamos!\" \/>\n<meta name=\"robots\" content=\"index, follow, max-snippet:-1, max-image-preview:large, max-video-preview:-1\" \/>\n<link rel=\"canonical\" href=\"https:\/\/academiadeidiomaserizo.com\/de\/online-sprachen\/\" \/>\n<meta property=\"og:locale\" content=\"de_DE\" \/>\n<meta property=\"og:type\" content=\"article\" \/>\n<meta property=\"og:title\" content=\"Online Sprachen | Erizo\" \/>\n<meta property=\"og:description\" content=\"Aprende idiomas online en nuestra escuela Erizo. Te divertir\u00e1s y te sentir\u00e1s seguro a la hora de viajar conociendo el idioma. \u00a1Te esperamos!\" \/>\n<meta property=\"og:url\" content=\"https:\/\/academiadeidiomaserizo.com\/de\/online-sprachen\/\" \/>\n<meta property=\"og:site_name\" content=\"Academia de Idiomas Erizo\" \/>\n<meta property=\"article:modified_time\" content=\"2024-04-24T13:11:56+00:00\" \/>\n<meta name=\"twitter:card\" content=\"summary_large_image\" \/>\n<!-- \/ Yoast SEO plugin. -->","yoast_head_json":{"title":"Online Sprachen | Erizo","description":"Aprende idiomas online en nuestra escuela Erizo. Te divertir\u00e1s y te sentir\u00e1s seguro a la hora de viajar conociendo el idioma. \u00a1Te esperamos!","robots":{"index":"index","follow":"follow","max-snippet":"max-snippet:-1","max-image-preview":"max-image-preview:large","max-video-preview":"max-video-preview:-1"},"canonical":"https:\/\/academiadeidiomaserizo.com\/de\/online-sprachen\/","og_locale":"de_DE","og_type":"article","og_title":"Online Sprachen | Erizo","og_description":"Aprende idiomas online en nuestra escuela Erizo. Te divertir\u00e1s y te sentir\u00e1s seguro a la hora de viajar conociendo el idioma. \u00a1Te esperamos!","og_url":"https:\/\/academiadeidiomaserizo.com\/de\/online-sprachen\/","og_site_name":"Academia de Idiomas Erizo","article_modified_time":"2024-04-24T13:11:56+00:00","twitter_card":"summary_large_image","schema":{"@context":"https:\/\/schema.org","@graph":[{"@type":"WebPage","@id":"https:\/\/academiadeidiomaserizo.com\/de\/online-sprachen\/","url":"https:\/\/academiadeidiomaserizo.com\/de\/online-sprachen\/","name":"Online Sprachen | Erizo","isPartOf":{"@id":"https:\/\/academiadeidiomaserizo.com\/de\/#website"},"datePublished":"2023-10-20T07:28:19+00:00","dateModified":"2024-04-24T13:11:56+00:00","description":"Aprende idiomas online en nuestra escuela Erizo. Te divertir\u00e1s y te sentir\u00e1s seguro a la hora de viajar conociendo el idioma. \u00a1Te esperamos!","breadcrumb":{"@id":"https:\/\/academiadeidiomaserizo.com\/de\/online-sprachen\/#breadcrumb"},"inLanguage":"de","potentialAction":[{"@type":"ReadAction","target":["https:\/\/academiadeidiomaserizo.com\/de\/online-sprachen\/"]}]},{"@type":"BreadcrumbList","@id":"https:\/\/academiadeidiomaserizo.com\/de\/online-sprachen\/#breadcrumb","itemListElement":[{"@type":"ListItem","position":1,"name":"Portada","item":"https:\/\/academiadeidiomaserizo.com\/de\/"},{"@type":"ListItem","position":2,"name":"Sprachen"}]},{"@type":"WebSite","@id":"https:\/\/academiadeidiomaserizo.com\/de\/#website","url":"https:\/\/academiadeidiomaserizo.com\/de\/","name":"Academia de Idiomas Erizo","description":"","potentialAction":[{"@type":"SearchAction","target":{"@type":"EntryPoint","urlTemplate":"https:\/\/academiadeidiomaserizo.com\/de\/?s={search_term_string}"},"query-input":{"@type":"PropertyValueSpecification","valueRequired":true,"valueName":"search_term_string"}}],"inLanguage":"de"}]}},"_links":{"self":[{"href":"https:\/\/academiadeidiomaserizo.com\/de\/wp-json\/wp\/v2\/pages\/4609"}],"collection":[{"href":"https:\/\/academiadeidiomaserizo.com\/de\/wp-json\/wp\/v2\/pages"}],"about":[{"href":"https:\/\/academiadeidiomaserizo.com\/de\/wp-json\/wp\/v2\/types\/page"}],"author":[{"embeddable":true,"href":"https:\/\/academiadeidiomaserizo.com\/de\/wp-json\/wp\/v2\/users\/5"}],"replies":[{"embeddable":true,"href":"https:\/\/academiadeidiomaserizo.com\/de\/wp-json\/wp\/v2\/comments?post=4609"}],"version-history":[{"count":11,"href":"https:\/\/academiadeidiomaserizo.com\/de\/wp-json\/wp\/v2\/pages\/4609\/revisions"}],"predecessor-version":[{"id":5061,"href":"https:\/\/academiadeidiomaserizo.com\/de\/wp-json\/wp\/v2\/pages\/4609\/revisions\/5061"}],"wp:attachment":[{"href":"https:\/\/academiadeidiomaserizo.com\/de\/wp-json\/wp\/v2\/media?parent=4609"}],"curies":[{"name":"wp","href":"https:\/\/api.w.org\/{rel}","templated":true}]}}