{"id":4611,"date":"2019-11-27T15:25:23","date_gmt":"2019-11-27T14:25:23","guid":{"rendered":"https:\/\/academiadeidiomaserizo.com\/politica-de-cookies\/"},"modified":"2024-04-24T14:03:42","modified_gmt":"2024-04-24T12:03:42","slug":"cookie-richtlinie","status":"publish","type":"page","link":"https:\/\/academiadeidiomaserizo.com\/de\/cookie-richtlinie\/","title":{"rendered":"Cookie-Richtlinie"},"content":{"rendered":"<!--themify_builder_content-->\n<div id=\"themify_builder_content-4611\" data-postid=\"4611\" class=\"themify_builder_content themify_builder_content-4611 themify_builder tf_clear\">\n                    <div  data-lazy=\"1\" class=\"module_row themify_builder_row tb_v0po617 tb_first tf_w\">\n                        <div class=\"row_inner col_align_top tb_col_count_1 tf_box tf_rel\">\n                        <div  data-lazy=\"1\" class=\"module_column tb-column col-full tb_9b79617 first\">\n                    <!-- module fancy heading -->\n<div  class=\"module module-fancy-heading tb_3ylj973  tb_hide_divider\" data-lazy=\"1\">\n        <h1 class=\"fancy-heading\">\n    <span class=\"main-head tf_block\">\n                    Cookie-Richtlinie            <\/span>\n\n    \n    <span class=\"sub-head tf_block tf_rel\">\n                                <\/span>\n    <\/h1>\n<\/div>\n<!-- \/module fancy heading -->\n        <\/div>\n                        <\/div>\n        <\/div>\n                        <div  data-lazy=\"1\" class=\"module_row themify_builder_row tb_ug64902 tf_w\">\n                        <div class=\"row_inner col_align_top tb_col_count_1 tf_box tf_rel\">\n                        <div  data-lazy=\"1\" class=\"module_column tb-column col-full tb_h6yg902 first\">\n                    <!-- module text -->\n<div  class=\"module module-text tb_hvts902   \" data-lazy=\"1\">\n        <div  class=\"tb_text_wrap\">\n        <p>Unsere Website <a href=\"#\"><span style=\"display: initial;\">https:\/\/academiadeidiomaserizo.com<\/span><\/a> (die &#8220;Website&#8221;) verwendet eine Technologie namens &#8220;Cookies&#8221;, um Informationen \u00fcber die Nutzung der Website zu sammeln.<\/p>\n<p><span style=\"background-color: initial; font-size: 1em;\">Wir m\u00f6chten Sie dar\u00fcber informieren, dass wir Cookies verwenden, um Ihre Navigation auf der Website zu erleichtern, Sie von anderen Benutzern zu unterscheiden, Ihnen eine bessere Nutzungserfahrung zu bieten und Probleme zu identifizieren, um unsere Website zu verbessern. Dar\u00fcber hinaus werden wir, sofern Sie Ihre Einwilligung erteilen, Cookies verwenden, die es uns erm\u00f6glichen, mehr \u00fcber Ihre Vorlieben zu erfahren und unsere Website entsprechend Ihren individuellen Interessen anzupassen.<\/span><\/p>\n<p><span style=\"background-color: initial; font-size: 1em;\">Diese Cookie-Richtlinie soll Sie klar und pr\u00e4zise \u00fcber die auf unserer Website verwendeten Cookies informieren (die &#8220;Cookie-Richtlinie&#8221;). Wenn Sie weitere Informationen \u00fcber die von uns auf der Website verwendeten Cookies erhalten m\u00f6chten, k\u00f6nnen Sie uns eine E-Mail senden<\/span><a style=\"background-color: initial; font-size: 1em;\" href=\"\/politica-de-cookies\/#contacto\">im entsprechenden Abschnitt.<\/a><\/p>\n<h3>COOKIES<\/h3>\n<p>Ein Cookie ist eine Datei, die auf Ihrem Ger\u00e4t (Computer oder Mobilger\u00e4t) heruntergeladen wird, um Daten zu speichern, die von der f\u00fcr ihre Installation verantwortlichen Stelle aktualisiert und abgerufen werden k\u00f6nnen.<\/p>\n<p><span style=\"background-color: initial; font-size: 1em;\">Die \u00fcber Cookies gesammelten Informationen k\u00f6nnen das Datum und die Uhrzeit des Besuchs auf der Website, die angesehenen Seiten, die Verweildauer auf unserer Website und die unmittelbar davor und danach besuchten Websites umfassen.<\/span><\/p>\n<h3>ART DER AUF DER WEBSITE VERWENDETEN COOKIES<\/h3>\n<p>Unsere Website verwendet die folgenden Cookies:<\/p>\n<p><strong>Eigene Cookies<\/strong><\/p>\n<p>Dies sind Cookies, die an Ihren Computer gesendet und ausschlie\u00dflich von uns zur besseren Funktionalit\u00e4t der Website verwaltet werden. Die von uns gesammelten Informationen werden verwendet, um die Qualit\u00e4t unseres Dienstes und Ihre Benutzererfahrung zu verbessern. Diese Cookies verbleiben l\u00e4nger in Ihrem Browser und erm\u00f6glichen es uns, Sie als wiederkehrenden Besucher der Website zu erkennen und den Inhalt so anzupassen, dass er Ihren Vorlieben entspricht.<\/p>\n<p><strong>Drittanbieter-Analyse-Cookies<\/strong><\/p>\n<p>Auf unserer Website verwenden wir auch das Google Analytics Audience Measurement System, ein von Google bereitgestelltes Webanalyse-Tool, mit dem wir erfahren k\u00f6nnen, wie Benutzer mit unserer Website interagieren. Es aktiviert auch Cookies auf der Domain, auf der sich der Benutzer befindet, und verwendet einen Satz von Cookies namens &#8220;__utma&#8221; und &#8220;__utmz&#8221;, um anonym Informationen zu sammeln und Website-Trendberichte zu erstellen, ohne einzelne Benutzer zu identifizieren.<\/p>\n<p>Zusammen mit unseren Server-Log-Dateien erm\u00f6glichen sie es uns, die Gesamtzahl der Benutzer zu kennen, die unsere Website besuchen, und die beliebtesten Teile davon zu identifizieren. Dank ihnen erhalten wir Informationen, die uns helfen k\u00f6nnen, die Navigation zu verbessern und einen besseren Service f\u00fcr Benutzer und Kunden bereitzustellen.<\/p>\n<p>Wenn Sie mit dem Inhalt unserer Website interagieren, k\u00f6nnen auch Cookies von Drittanbietern gesetzt werden (zum Beispiel durch Klicken auf Social-Media-Buttons oder Anzeigen von Videos auf einer anderen Website). Drittanbieter-Cookies sind solche, die von einer anderen Dom\u00e4ne als unserer Website gesetzt werden. Wir haben keinen Zugriff auf die in den Cookies anderer Websites gespeicherten Daten, wenn Sie auf diesen Websites surfen.<\/p>\n<p>Nachfolgend finden Sie den Link zur Google-Website, auf der Sie die Beschreibung der von Google Analytics verwendeten Cookies und deren Ablaufzeit einsehen k\u00f6nnen: <a title=\"\u00d6ffnet ein neues Fenster\" href=\"https:\/\/developers.google.com\/analytics\/devguides\/collection\/analyticsjs\/cookie-usage?hl=de\" target=\"_blank\" rel=\"noopener\">https:\/\/developers.google.com\/analytics\/devguides\/collection\/analyticsjs\/cookie-usage?hl=de<\/a><\/p>\n<h3>EINWILLIGUNG<\/h3>\n<p>Durch die Navigation und Nutzung unserer Website stimmen Sie der Verwendung der oben genannten Cookies zu, f\u00fcr die angegebenen Zeitr\u00e4ume und unter den Bedingungen, die in dieser Cookie-Richtlinie enthalten sind.<\/p>\n<h3>Cookies deaktivieren und blockieren<\/h3>\n<p>In jedem Fall m\u00f6chten wir Sie darauf hinweisen, dass Cookies f\u00fcr die Nutzung unserer Website nicht erforderlich sind. Sie k\u00f6nnen sie daher blockieren oder deaktivieren, indem Sie die Einstellungen Ihres Browsers aktivieren, die es Ihnen erm\u00f6glichen, die Installation aller oder einiger Cookies abzulehnen. Die meisten Browser erm\u00f6glichen es, auf das Vorhandensein von Cookies hinzuweisen oder sie automatisch abzulehnen. Wenn Sie sie ablehnen, k\u00f6nnen Sie unsere Website weiterhin nutzen, aber die Nutzung einiger ihrer Dienste kann eingeschr\u00e4nkt sein und somit Ihre Erfahrung auf unserer Website weniger zufriedenstellend sein.<\/p>\n<h3>Meine Einwilligung widerrufen<\/h3>\n<p>Wenn Sie Ihre Einwilligung in Bezug auf diese Cookie-Richtlinie jederzeit widerrufen m\u00f6chten, m\u00fcssen Sie die auf Ihrem Ger\u00e4t (Computer oder Mobilger\u00e4t) gespeicherten Cookies \u00fcber die Einstellungen und Konfigurationen Ihres Internetbrowsers l\u00f6schen.<\/p>\n<p>F\u00fcr weitere Informationen zur L\u00f6schung, Deaktivierung oder Blockierung von Cookies besuchen Sie bitte: <a href=\"http:\/\/www.allaboutcookies.org\/es\/administrar-las-cookies\/\">http:\/\/www.allaboutcookies.org\/es\/administrar-las-cookies\/<\/a><\/p>\n<h3>\u00c4nderungen in den Cookie-Einstellungen und -Anpassungen<\/h3>\n<p>Sofern Sie die Einstellungen Ihres Browsers nicht ge\u00e4ndert haben, wird unser System Cookies erstellen, sobald Sie unsere Website besuchen. Bitte beachten Sie, dass alle Internetbrowser die \u00c4nderung dieser Einstellungen erm\u00f6glichen. Weitere Informationen dar\u00fcber, wie Sie Ihre Cookie-Einstellungen in den folgenden Browsern anpassen k\u00f6nnen, finden Sie unter dem entsprechenden Link:<\/p>\n<p><strong>Internet Explorer:<\/strong><\/p>\n<ul>\n<li>5 (<a title=\"\u00d6ffnet ein neues Fenster\" href=\"http:\/\/support.microsoft.com\/kb\/196955\" target=\"_blank\" rel=\"noopener\">http:\/\/support.microsoft.com\/kb\/196955)<\/a><\/li>\n<li>7 (<a href=\"http:\/\/www.allaboutcookies.org\/es\/administrar-las-cookies\/internet-explorer7-plus.html\">http:\/\/www.allaboutcookies.org\n<p>\/es\/administrar-las-cookies\/internet-explorer7-plus.html<\/a>)<\/li>\n<li>8 (<a href=\"http:\/\/www.allaboutcookies.org\/es\/administrar-las-cookies\/internet-explorer8-plus.html\">http:\/\/www.allaboutcookies.org\/es\/administrar-las-cookies\/internet-explorer8-plus.html<\/a>)<\/li>\n<li>9 (<a href=\"http:\/\/www.allaboutcookies.org\/es\/administrar-las-cookies\/internet-explorer9-plus.html\">http:\/\/www.allaboutcookies.org\/es\/administrar-las-cookies\/internet-explorer9-plus.html<\/a>)<\/li>\n<li>11 (<a title=\"\u00d6ffnet ein neues Fenster\" href=\"https:\/\/support.microsoft.com\/es-es\/help\/17442\/windows-internet-explorer-delete-manage-cookies\" target=\"_blank\" rel=\"noopener\">https:\/\/support.microsoft.com\/es-es\/help\/17442\/windows-internet-explorer-delete-manage-cookies<\/a>)<\/li>\n<\/ul>\n<p><strong>Firefox<\/strong><\/p>\n<ul>\n<li><a title=\"\u00d6ffnet ein neues Fenster\" href=\"https:\/\/support.mozilla.org\/es\/kb\/habilitar-y-deshabilitar-cookies-sitios-web-rastrear-preferencias\" target=\"_blank\" rel=\"noopener\">https:\/\/support.mozilla.org\/es\/kb\/habilitar-y-deshabilitar-cookies-sitios-web-rastrear-preferencias<\/a><\/li>\n<\/ul>\n<p><strong>Chrome<\/strong><\/p>\n<ul>\n<li><a title=\"\u00d6ffnet ein neues Fenster\" href=\"https:\/\/support.google.com\/chrome\/answer\/95647?co=GENIE.Platform%3DDesktop&amp;hl=es\" target=\"_blank\" rel=\"noopener\">https:\/\/support.google.com\/chrome\/answer\/95647?co=GENIE.Platform%3DDesktop&amp;hl=es<\/a><\/li>\n<\/ul>\n<p><strong>Safari<\/strong><\/p>\n<ul>\n<li><a title=\"\u00d6ffnet ein neues Fenster\" href=\"https:\/\/support.apple.com\/kb\/ph21411?locale=es_ES\" target=\"_blank\" rel=\"noopener\">https:\/\/support.apple.com\/kb\/ph21411?locale=es_ES<\/a> (und f\u00fcr iOS &#8211; <a title=\"\u00d6ffnet ein neues Fenster\" href=\"https:\/\/support.apple.com\/es-es\/HT201265\" target=\"_blank\" rel=\"noopener\">https:\/\/support.apple.com\/es-es\/HT201265<\/a>)<\/li>\n<\/ul>\n<h3>\u00c4NDERUNGEN AN DER COOKIE-RICHTLINIE<\/h3>\n<p>Wir k\u00f6nnen die Cookie-Richtlinie unserer Website aktualisieren, daher empfehlen wir Ihnen, diese Richtlinie jedes Mal zu \u00fcberpr\u00fcfen, wenn Sie auf unsere Website zugreifen, um angemessen informiert zu sein, wie und wof\u00fcr wir Cookies verwenden.<\/p>\n<div id=\"contacto\">\n<h3>KONTAKT<\/h3>\n<p>Wenn Sie Fragen, Kommentare oder Anregungen zur Cookie-Richtlinie haben, schreiben Sie uns bitte \u00fcber das folgende Formular<\/p>\n<span style=\"display: initial;\">info@academiadeidiomaserizo.com<\/span>\n<\/div>\n    <\/div>\n<\/div>\n<!-- \/module text -->        <\/div>\n                        <\/div>\n        <\/div>\n        <\/div>\n<!--\/themify_builder_content-->\n\n<div class=\"kk-star-ratings kksr-auto kksr-align-center kksr-valign-bottom\"\n    data-payload='{&quot;align&quot;:&quot;center&quot;,&quot;id&quot;:&quot;4611&quot;,&quot;slug&quot;:&quot;default&quot;,&quot;valign&quot;:&quot;bottom&quot;,&quot;ignore&quot;:&quot;&quot;,&quot;reference&quot;:&quot;auto&quot;,&quot;class&quot;:&quot;&quot;,&quot;count&quot;:&quot;0&quot;,&quot;legendonly&quot;:&quot;&quot;,&quot;readonly&quot;:&quot;&quot;,&quot;score&quot;:&quot;0&quot;,&quot;starsonly&quot;:&quot;&quot;,&quot;best&quot;:&quot;5&quot;,&quot;gap&quot;:&quot;5&quot;,&quot;greet&quot;:&quot;\u00a1D\u00e9janos 5 estrellas si te ha gustado! :D&quot;,&quot;legend&quot;:&quot;0\\\/5 - (0 votes)&quot;,&quot;size&quot;:&quot;24&quot;,&quot;title&quot;:&quot;Cookie-Richtlinie&quot;,&quot;width&quot;:&quot;0&quot;,&quot;_legend&quot;:&quot;{score}\\\/{best} - ({count} {votes})&quot;,&quot;font_factor&quot;:&quot;1.25&quot;}'>\n            \n<div class=\"kksr-stars\">\n    \n<div class=\"kksr-stars-inactive\">\n            <div class=\"kksr-star\" data-star=\"1\" style=\"padding-right: 5px\">\n            \n\n<div class=\"kksr-icon\" style=\"width: 24px; height: 24px;\"><\/div>\n        <\/div>\n            <div class=\"kksr-star\" data-star=\"2\" style=\"padding-right: 5px\">\n            \n\n<div class=\"kksr-icon\" style=\"width: 24px; height: 24px;\"><\/div>\n        <\/div>\n            <div class=\"kksr-star\" data-star=\"3\" style=\"padding-right: 5px\">\n            \n\n<div class=\"kksr-icon\" style=\"width: 24px; height: 24px;\"><\/div>\n        <\/div>\n            <div class=\"kksr-star\" data-star=\"4\" style=\"padding-right: 5px\">\n            \n\n<div class=\"kksr-icon\" style=\"width: 24px; height: 24px;\"><\/div>\n        <\/div>\n            <div class=\"kksr-star\" data-star=\"5\" style=\"padding-right: 5px\">\n            \n\n<div class=\"kksr-icon\" style=\"width: 24px; height: 24px;\"><\/div>\n        <\/div>\n    <\/div>\n    \n<div class=\"kksr-stars-active\" style=\"width: 0px;\">\n            <div class=\"kksr-star\" style=\"padding-right: 5px\">\n            \n\n<div class=\"kksr-icon\" style=\"width: 24px; height: 24px;\"><\/div>\n        <\/div>\n            <div class=\"kksr-star\" style=\"padding-right: 5px\">\n            \n\n<div class=\"kksr-icon\" style=\"width: 24px; height: 24px;\"><\/div>\n        <\/div>\n            <div class=\"kksr-star\" style=\"padding-right: 5px\">\n            \n\n<div class=\"kksr-icon\" style=\"width: 24px; height: 24px;\"><\/div>\n        <\/div>\n            <div class=\"kksr-star\" style=\"padding-right: 5px\">\n            \n\n<div class=\"kksr-icon\" style=\"width: 24px; height: 24px;\"><\/div>\n        <\/div>\n            <div class=\"kksr-star\" style=\"padding-right: 5px\">\n            \n\n<div class=\"kksr-icon\" style=\"width: 24px; height: 24px;\"><\/div>\n        <\/div>\n    <\/div>\n<\/div>\n                \n\n<div class=\"kksr-legend\" style=\"font-size: 19.2px;\">\n            <span class=\"kksr-muted\">\u00a1D\u00e9janos 5 estrellas si te ha gustado! \ud83d\ude00<\/span>\n    <\/div>\n    <\/div>","protected":false},"excerpt":{"rendered":"<p>Cookie-Richtlinie Unsere Website (die &#8220;Website&#8221;) verwendet eine Technologie namens &#8220;Cookies&#8221;, um Informationen \u00fcber die Nutzung der Website zu sammeln. Wir m\u00f6chten Sie dar\u00fcber informieren, dass wir Cookies verwenden, um Ihre Navigation auf der Website zu erleichtern, Sie von anderen Benutzern zu unterscheiden, Ihnen eine bessere Nutzungserfahrung zu bieten und Probleme zu identifizieren, um unsere Website [&hellip;]<\/p>\n","protected":false},"author":3,"featured_media":0,"parent":0,"menu_order":0,"comment_status":"closed","ping_status":"closed","template":"","meta":{"_eb_attr":"","footnotes":""},"yoast_head":"<!-- This site is optimized with the Yoast SEO plugin v24.4 - https:\/\/yoast.com\/wordpress\/plugins\/seo\/ -->\n<title>Cookie-Richtlinie | Academia de Idiomas Erizo<\/title>\n<meta name=\"robots\" content=\"index, follow, max-snippet:-1, max-image-preview:large, max-video-preview:-1\" \/>\n<link rel=\"canonical\" href=\"https:\/\/academiadeidiomaserizo.com\/de\/cookie-richtlinie\/\" \/>\n<meta property=\"og:locale\" content=\"de_DE\" \/>\n<meta property=\"og:type\" content=\"article\" \/>\n<meta property=\"og:title\" content=\"Cookie-Richtlinie | Academia de Idiomas Erizo\" \/>\n<meta property=\"og:description\" content=\"Cookie-Richtlinie Unsere Website (die &#8220;Website&#8221;) verwendet eine Technologie namens &#8220;Cookies&#8221;, um Informationen \u00fcber die Nutzung der Website zu sammeln. Wir m\u00f6chten Sie dar\u00fcber informieren, dass wir Cookies verwenden, um Ihre Navigation auf der Website zu erleichtern, Sie von anderen Benutzern zu unterscheiden, Ihnen eine bessere Nutzungserfahrung zu bieten und Probleme zu identifizieren, um unsere Website [&hellip;]\" \/>\n<meta property=\"og:url\" content=\"https:\/\/academiadeidiomaserizo.com\/de\/cookie-richtlinie\/\" \/>\n<meta property=\"og:site_name\" content=\"Academia de Idiomas Erizo\" \/>\n<meta property=\"article:modified_time\" content=\"2024-04-24T12:03:42+00:00\" \/>\n<meta name=\"twitter:card\" content=\"summary_large_image\" \/>\n<!-- \/ Yoast SEO plugin. -->","yoast_head_json":{"title":"Cookie-Richtlinie | Academia de Idiomas Erizo","robots":{"index":"index","follow":"follow","max-snippet":"max-snippet:-1","max-image-preview":"max-image-preview:large","max-video-preview":"max-video-preview:-1"},"canonical":"https:\/\/academiadeidiomaserizo.com\/de\/cookie-richtlinie\/","og_locale":"de_DE","og_type":"article","og_title":"Cookie-Richtlinie | Academia de Idiomas Erizo","og_description":"Cookie-Richtlinie Unsere Website (die &#8220;Website&#8221;) verwendet eine Technologie namens &#8220;Cookies&#8221;, um Informationen \u00fcber die Nutzung der Website zu sammeln. Wir m\u00f6chten Sie dar\u00fcber informieren, dass wir Cookies verwenden, um Ihre Navigation auf der Website zu erleichtern, Sie von anderen Benutzern zu unterscheiden, Ihnen eine bessere Nutzungserfahrung zu bieten und Probleme zu identifizieren, um unsere Website [&hellip;]","og_url":"https:\/\/academiadeidiomaserizo.com\/de\/cookie-richtlinie\/","og_site_name":"Academia de Idiomas Erizo","article_modified_time":"2024-04-24T12:03:42+00:00","twitter_card":"summary_large_image","schema":{"@context":"https:\/\/schema.org","@graph":[{"@type":"WebPage","@id":"https:\/\/academiadeidiomaserizo.com\/de\/cookie-richtlinie\/","url":"https:\/\/academiadeidiomaserizo.com\/de\/cookie-richtlinie\/","name":"Cookie-Richtlinie | Academia de Idiomas Erizo","isPartOf":{"@id":"https:\/\/academiadeidiomaserizo.com\/de\/#website"},"datePublished":"2019-11-27T14:25:23+00:00","dateModified":"2024-04-24T12:03:42+00:00","breadcrumb":{"@id":"https:\/\/academiadeidiomaserizo.com\/de\/cookie-richtlinie\/#breadcrumb"},"inLanguage":"de","potentialAction":[{"@type":"ReadAction","target":["https:\/\/academiadeidiomaserizo.com\/de\/cookie-richtlinie\/"]}]},{"@type":"BreadcrumbList","@id":"https:\/\/academiadeidiomaserizo.com\/de\/cookie-richtlinie\/#breadcrumb","itemListElement":[{"@type":"ListItem","position":1,"name":"Portada","item":"https:\/\/academiadeidiomaserizo.com\/de\/"},{"@type":"ListItem","position":2,"name":"Cookie-Richtlinie"}]},{"@type":"WebSite","@id":"https:\/\/academiadeidiomaserizo.com\/de\/#website","url":"https:\/\/academiadeidiomaserizo.com\/de\/","name":"Academia de Idiomas Erizo","description":"","potentialAction":[{"@type":"SearchAction","target":{"@type":"EntryPoint","urlTemplate":"https:\/\/academiadeidiomaserizo.com\/de\/?s={search_term_string}"},"query-input":{"@type":"PropertyValueSpecification","valueRequired":true,"valueName":"search_term_string"}}],"inLanguage":"de"}]}},"_links":{"self":[{"href":"https:\/\/academiadeidiomaserizo.com\/de\/wp-json\/wp\/v2\/pages\/4611"}],"collection":[{"href":"https:\/\/academiadeidiomaserizo.com\/de\/wp-json\/wp\/v2\/pages"}],"about":[{"href":"https:\/\/academiadeidiomaserizo.com\/de\/wp-json\/wp\/v2\/types\/page"}],"author":[{"embeddable":true,"href":"https:\/\/academiadeidiomaserizo.com\/de\/wp-json\/wp\/v2\/users\/3"}],"replies":[{"embeddable":true,"href":"https:\/\/academiadeidiomaserizo.com\/de\/wp-json\/wp\/v2\/comments?post=4611"}],"version-history":[{"count":4,"href":"https:\/\/academiadeidiomaserizo.com\/de\/wp-json\/wp\/v2\/pages\/4611\/revisions"}],"predecessor-version":[{"id":4992,"href":"https:\/\/academiadeidiomaserizo.com\/de\/wp-json\/wp\/v2\/pages\/4611\/revisions\/4992"}],"wp:attachment":[{"href":"https:\/\/academiadeidiomaserizo.com\/de\/wp-json\/wp\/v2\/media?parent=4611"}],"curies":[{"name":"wp","href":"https:\/\/api.w.org\/{rel}","templated":true}]}}