{"id":4612,"date":"2019-11-27T15:20:53","date_gmt":"2019-11-27T14:20:53","guid":{"rendered":"https:\/\/academiadeidiomaserizo.com\/politica-de-privacidad\/"},"modified":"2024-04-24T14:03:56","modified_gmt":"2024-04-24T12:03:56","slug":"datenschutzrichtlinie","status":"publish","type":"page","link":"https:\/\/academiadeidiomaserizo.com\/de\/datenschutzrichtlinie\/","title":{"rendered":"Datenschutzrichtlinie"},"content":{"rendered":"<!--themify_builder_content-->\n<div id=\"themify_builder_content-4612\" data-postid=\"4612\" class=\"themify_builder_content themify_builder_content-4612 themify_builder tf_clear\">\n                    <div  data-lazy=\"1\" class=\"module_row themify_builder_row tb_3o05465 tb_first tf_w\">\n                        <div class=\"row_inner col_align_top tb_col_count_1 tf_box tf_rel\">\n                        <div  data-lazy=\"1\" class=\"module_column tb-column col-full tb_80r7465 first\">\n                    <!-- module fancy heading -->\n<div  class=\"module module-fancy-heading tb_ny7x459  tb_hide_divider\" data-lazy=\"1\">\n        <h1 class=\"fancy-heading\">\n    <span class=\"main-head tf_block\">\n                    Datenschutzrichtlinie            <\/span>\n\n    \n    <span class=\"sub-head tf_block tf_rel\">\n                                <\/span>\n    <\/h1>\n<\/div>\n<!-- \/module fancy heading -->\n        <\/div>\n                        <\/div>\n        <\/div>\n                        <div  data-lazy=\"1\" class=\"module_row themify_builder_row tb_9le6763 tf_w\">\n                        <div class=\"row_inner col_align_top tb_col_count_1 tf_box tf_rel\">\n                        <div  data-lazy=\"1\" class=\"module_column tb-column col-full tb_jp88763 first\">\n                    <!-- module text -->\n<div  class=\"module module-text tb_4czt763   \" data-lazy=\"1\">\n        <div  class=\"tb_text_wrap\">\n        <ol>\n<li><a href=\"\/politica-de-privacidad#1\"><u>Identifikation und Kontaktdaten des Verantwortlichen<\/u><\/a><\/li>\n<li><a href=\"\/politica-de-privacidad#2\"><u>Erforderliche und aktualisierte Informationen<\/u><\/a><\/li>\n<li><a href=\"\/politica-de-privacidad#3\"><u>Allgemeine Informationen: Beschreibung der in der Datenschutzrichtlinie enthaltenen Informationen<\/u><\/a><\/li>\n<li><a href=\"\/politica-de-privacidad#4\"><u>Detaillierte Informationen zu den durchgef\u00fchrten Behandlungen<\/u><\/a><\/li>\n<li><a href=\"\/politica-de-privacidad#5\"><u>Aus\u00fcbung Ihrer Rechte<\/u><\/a><\/li>\n<li><a href=\"\/politica-de-privacidad#6\"><u>Cookies<\/u><\/a><\/li>\n<li><a href=\"\/politica-de-privacidad#7\"><u>Sicherheitsma\u00dfnahmen<\/u><\/a><\/li>\n<li><a href=\"\/politica-de-privacidad#8\"><u>Minderj\u00e4hrige<\/u><\/a><\/li>\n<li><a href=\"\/politica-de-privacidad#9\"><u>Kontakt zur Aus\u00fcbung der Datenschutzrechte<\/u><\/a><\/li>\n<\/ol>\n<h3 id=\"1\" class=\"text_subtitle\">1. Identifikation und Kontaktdaten des Verantwortlichen<\/h3>\n<p><span style=\"display: initial;\">Grupo ERIZO SL<\/span>, ans\u00e4ssig in <span style=\"display: initial;\">C\/ San L\u00e1zaro 15, 1A Aranda de Duero 09400 Castilla y Le\u00f3n<\/span> mit der USt-IdNr. <!-- Shortcode [dninegocio] does not exist --> und Telefon <span>616 807 803<\/span> (im Folgenden &#8220;<strong><span style=\"display: initial;\">Grupo ERIZO SL<\/span><\/strong>&#8220;) ist verantwortlich f\u00fcr die Verarbeitung Ihrer personenbezogenen Daten. In dieser Datenschutzrichtlinie wird dar\u00fcber informiert, wie <span style=\"display: initial;\">https:\/\/academiadeidiomaserizo.com<\/span> Ihre personenbezogenen Daten als Benutzer der Website (<span style=\"display: initial;\">https:\/\/academiadeidiomaserizo.com<\/span>) verwendet. Diese Datenschutzrichtlinie soll Informationen \u00fcber Ihre Rechte gem\u00e4\u00df der Datenschutz-Grundverordnung (&#8220;DSGVO&#8221;) bereitstellen. Wenn Sie Fragen zur Verarbeitung Ihrer personenbezogenen Daten haben, kontaktieren Sie <span style=\"display: initial;\">https:\/\/academiadeidiomaserizo.com<\/span> \u00fcber den\u00a0<a href=\"\/politica-de-privacidad\/#9\">Datenschutzkontakt<\/a>.<\/p>\n<h3 id=\"2\" class=\"text_subtitle\">2. Erforderliche und aktualisierte Informationen<\/h3>\n<p>Alle Felder, die in den Webformularen mit einem Stern (*) gekennzeichnet sind, m\u00fcssen ausgef\u00fcllt werden. Die Nichtangabe eines dieser Felder k\u00f6nnte dazu f\u00fchren, dass Ihnen die angeforderten Dienste oder Informationen nicht bereitgestellt werden k\u00f6nnen. Sie m\u00fcssen wahrheitsgem\u00e4\u00dfe Informationen bereitstellen, damit die bereitgestellten Informationen stets aktuell und fehlerfrei sind. \u00c4nderungen und Berichtigungen Ihrer personenbezogenen Daten, die auftreten, m\u00fcssen Sie <span style=\"display: initial;\">https:\/\/academiadeidiomaserizo.com<\/span> so schnell wie m\u00f6glich \u00fcber den\u00a0<a href=\"\/politica-de-privacidad\/#9\">Datenschutzkontakt<\/a> mitteilen. Durch Klicken auf die Schaltfl\u00e4che &#8220;Ich akzeptiere&#8221; (oder \u00c4hnliches), die in den genannten Formularen eingebettet ist, erkl\u00e4ren Sie, dass die von Ihnen bereitgestellten Informationen und Daten korrekt und wahrheitsgem\u00e4\u00df sind.<\/p>\n<h3 id=\"3\" class=\"text_subtitle\">3. Allgemeine Informationen: Beschreibung der in der Datenschutzrichtlinie enthaltenen Informationen<\/h3>\n<p>In dieser Datenschutzrichtlinie finden Sie eine Tabelle, die f\u00fcr jede der verschiedenen von <span style=\"display: initial;\">https:\/\/academiadeidiomaserizo.com<\/span> durchgef\u00fchrten Datenverarbeitungen die folgenden Informationen identifiziert:<\/p>\n<ol>\n<li>Die Zwecke der Verarbeitung Ihrer personenbezogenen Daten, d. h. der Grund, warum <span style=\"display: initial;\">https:\/\/academiadeidiomaserizo.com<\/span> Ihre personenbezogenen Daten verarbeitet.<\/li>\n<li>Die rechtlichen Grundlagen, die <span style=\"display: initial;\">https:\/\/academiadeidiomaserizo.com<\/span> die Verarbeitung Ihrer Daten f\u00fcr jeden der angegebenen Zwecke erm\u00f6glichen.<\/li>\n<li>Die m\u00f6gliche Weitergabe Ihrer Daten an Dritte sowie der Grund f\u00fcr eine solche Weitergabe. Zu diesem Zweck informieren wir Sie, dass wir Ihre personenbezogenen Daten nicht an Dritte weitergeben, es sei denn, es besteht eine gesetzliche Verpflichtung oder es handelt sich um von <span style=\"display: initial;\">https:\/\/academiadeidiomaserizo.com<\/span> benannte Fachleute, die beauftragt sind, Ihnen den vereinbarten Dienst oder das vereinbarte Mandat bereitzustellen. Die Dienstleister, die auf Ihre personenbezogenen Daten zugreifen, sind im Allgemeinen im Bereich Informationstechnologie und Technologie t\u00e4tig. In der folgenden Tabelle werden gegebenenfalls weitere Dienstleistungssektoren von <span style=\"display: initial;\">https:\/\/academiadeidiomaserizo.com<\/span> aufgef\u00fchrt, die auf Ihre personenbezogenen Daten zugreifen m\u00fcssen. Sie k\u00f6nnen weitere Informationen zu den Empf\u00e4ngern Ihrer Daten \u00fcber den\u00a0<a href=\"\/politica-de-privacidad\/#9\">Datenschutzkontakt<\/a> anfordern, wobei Sie die spezifische Behandlung angeben, zu der Sie Informationen \u00fcber die Empf\u00e4nger w\u00fcnschen.<\/li>\n<li>Die Aufbewahrungsfrist f\u00fcr die von Ihnen bereitgestellten Daten. Dar\u00fcber hinaus informieren wir Sie, dass Ihre Daten f\u00fcr die Bearbeitung von gerichtlichen, administrativen oder steuerlichen Anspr\u00fcchen gesperrt bleiben, f\u00fcr die Zeitr\u00e4ume, die sich aus den geltenden Gesetzen ergeben.<\/li>\n<\/ol>\n<h3 id=\"4\" class=\"text_subtitle\">4. Detaillierte Informationen zu den von <span style=\"display: initial;\">https:\/\/academiadeidiomaserizo.com<\/span> durchgef\u00fchrten Behandlungen<\/h3>\n<table id=\"t116456\" class=\"wdn_responsive_table flush-left\">\n<thead>\n<tr>\n<th id=\"t116456_row_0col_0\" colspan=\"1\">Zweck der Behandlung<\/th>\n<th id=\"t116456_row_0col_1\" colspan=\"1\">Rechtliche Grundlage<\/th>\n<th id=\"t116456_row_0col_2\" colspan=\"1\">Empf\u00e4nger<\/th>\n<th id=\"t116456_row_0col_4\" colspan=\"1\">Aufbewahrungsfrist<\/th>\n<\/tr>\n<\/thead>\n<tbody>\n<tr>\n<td colspan=\"1\" headers=\"t116456_row_0col_0\" data-header=\" Zweck der Behandlung\">Verwaltung der \u00fcber das Anfrageformular eingereichten Anfragen<\/td>\n<td colspan=\"1\" headers=\"t116456_row_0col_1\" data-header=\"Rechtliche Grundlage\">Berechtigtes Interesse von <span style=\"display: initial;\">https:\/\/academiadeidiomaserizo.com<\/span> zur Bearbeitung von Informationsanfragen \u00fcber die Website.<\/td>\n<td colspan=\"1\" headers=\"t116456_row_0col_2\" data-header=\"Empf\u00e4nger\">Ihre Daten k\u00f6nnen an die von <span style=\"display: initial;\">https:\/\/academiadeidiomaserizo.com<\/span> benannten Drittfachleute weitergegeben werden, die mit der Bearbeitung Ihrer Informationsanfrage beauftragt sind. Personenbezogene Daten werden nicht an zus\u00e4tzliche Dienstleister weitergegeben, die nicht im\u00a0<a href=\"\/politica-de-privacidad\/?tb-preview=1&amp;ver=5.6.7&amp;tb-id=228#3\">Abschnitt 3c<\/a>\u00a0angegeben sind.<\/td>\n<td colspan=\"1\" headers=\"t116456_row_0col_4\" data-header=\"Aufbewahrungsfrist\">Bis zur Bearbeitung Ihrer Informationsanfrage<\/td>\n<\/tr>\n<tr>\n<td colspan=\"1\" headers=\"t116456_row_0col_0\" data-header=\"Zweck der Behandlung\">Verwaltung Ihres Abonnements des Forums\/Blogs von <span style=\"display: initial;\">https:\/\/academiadeidiomaserizo.com<\/span>, das im Registrierungsformular identifiziert ist. Verwalten Sie Ihre Registrierung und Kommentare, die Sie im Blog\/Forum hinterlassen.<\/td>\n<td colspan=\"1\" headers=\"t116456_row_0col_1\" data-header=\"Rechtliche Grundlage\">Vertragliche Beziehung zur Erbringung angeforderter Dienste, auch wenn diese kostenlos sind.<\/td>\n<td colspan=\"1\" headers=\"t116456_row_0col_2\" data-header=\"Empf\u00e4nger\">Die Kategorien von Empf\u00e4ngern, die auf Ihre personenbezogenen Daten zugreifen k\u00f6nnen, sind in\u00a0<a href=\"\/politica-de-privacidad\/?tb-preview=1&amp;ver=5.6.7&amp;tb-id=228#3\">Abschnitt 3.c<\/a>\u00a0angegeben.<\/td>\n<td colspan=\"1\" headers=\"t116456_row_0col_4\" data-header=\"Aufbewahrungsfrist\">Drei Jahre ab der letzten Interaktion mit <span style=\"display: initial;\">https:\/\/academiadeidiomaserizo.com<\/span> oder bis Sie Ihren Willen zur Beendigung des Abonnements des Forums\/Blogs erkl\u00e4ren (je nachdem, was zuerst eintritt)<\/td>\n<\/tr>\n<\/tbody>\n<\/table>\n<h3 id=\"5\" class=\"text_subtitle\">5. Aus\u00fcbung Ihrer Rechte<\/h3>\n<p>Sie k\u00f6nnen folgende Rechte aus\u00fcben:<\/p>\n<ol>\n<li>Recht auf Zugang zu Ihren personenbezogenen Daten, um zu erfahren, welche Daten verarbeitet werden und welche Verarbeitungsvorg\u00e4nge damit durchgef\u00fchrt werden;<\/li>\n<li>Recht auf Berichtigung etwaiger unrichtiger personenbezogener Daten;<\/li>\n<li>Recht auf L\u00f6schung Ihrer personenbezogenen Daten, soweit dies m\u00f6glich ist;<\/li>\n<li>Recht auf Einschr\u00e4nkung der Verarbeitung Ihrer personenbezogenen Daten, wenn die Richtigkeit, Rechtm\u00e4\u00dfigkeit oder Notwendigkeit der Verarbeitung der Daten fraglich ist, in welchem Fall wir diese f\u00fcr die Geltendmachung oder Verteidigung von Anspr\u00fcchen aufbewahren k\u00f6nnen;<\/li>\n<li>Recht auf Daten\u00fcbertragbarkeit Ihrer personenbezogenen Daten, wenn die Rechtsgrundlage, die uns zur Verarbeitung der in der obigen Tabelle aufgef\u00fchrten Daten berechtigt, die vertragliche Beziehung oder Ihre Zustimmung ist;<\/li>\n<li>Recht auf Widerspruch gegen die Verarbeitung Ihrer personenbezogenen Daten, wenn die Rechtsgrundlage, die uns zur Verarbeitung der in der obigen Tabelle aufgef\u00fchrten Daten berechtigt, das berechtigte Interesse ist. Zu diesem Zweck werden wir Ihre Daten nicht mehr verarbeiten, es sei denn, wir haben ein zwingendes berechtigtes Interesse oder es dient der Geltendmachung, Aus\u00fcbung oder Verteidigung von Rechtsanspr\u00fcchen.<\/li>\n<li>Recht, Ihre Einwilligung jederzeit zu widerrufen.<\/li>\n<\/ol>\n<p>Sie k\u00f6nnen Ihre Rechte jederzeit und kostenlos \u00fcber den\u00a0<a href=\"\/politica-de-privacidad\/#9\">Datenschutzkontakt<\/a> aus\u00fcben, wobei Sie das Recht angeben, das Sie aus\u00fcben m\u00f6chten, sowie Ihre Identifikationsdaten angeben. Wenn Sie der Ansicht sind, dass Ihre personenbezogenen Daten nicht ordnungsgem\u00e4\u00df verarbeitet wurden, k\u00f6nnen Sie sich \u00fcber den\u00a0<a href=\"\/politica-de-privacidad\/#9\">Datenschutzkontakt<\/a> an uns wenden. Sie haben jedoch das Recht, eine Beschwerde bei der spanischen Datenschutzbeh\u00f6rde einzureichen, wenn Sie der Ansicht sind, dass gegen die Datenschutzgesetze bei der Verarbeitung Ihrer personenbezogenen Daten versto\u00dfen wurde.<\/p>\n<h3 id=\"6\" class=\"text_subtitle\">6. Cookies<\/h3>\n<p><span style=\"display: initial;\">Grupo ERIZO SL<\/span> wird nur Datenverarbeitungsger\u00e4te (&#8216;Cookies&#8217;) verwenden, wenn der Benutzer zuvor seine Zustimmung gem\u00e4\u00df den Angaben im Popup-Fenster des Browsers des Benutzers erteilt hat, wenn er zum ersten Mal auf die Website zugreift, sowie in den anderen Bedingungen, die in der\u00a0<a href=\"\/politica-de-cookies\">Cookie-Richtlinie<\/a>\u00a0von <span style=\"display: initial;\">Grupo ERIZO SL<\/span> angegeben sind, die jeder Benutzer kennen muss.<\/p>\n<h3 id=\"7\" class=\"text_subtitle\">7. Sicherheitsma\u00dfnahmen<\/h3>\n<p><span style=\"display: initial;\">Grupo ERIZO SL<\/span> trifft die vom DSGVO geforderten Sicherheitsma\u00dfnahmen, die der Art der jeweils zu verarbeitenden Daten angemessen sind. Die technische Sicherheit in einem Medium wie dem Internet ist jedoch nicht un\u00fcberwindbar, und es k\u00f6nnen b\u00f6swillige Handlungen Dritter vorkommen. <span style=\"display: initial;\">https:\/\/academiadeidiomaserizo.com<\/span> unternimmt jedoch alle erforderlichen Ma\u00dfnahmen, um solche Handlungen zu verhindern.<\/p>\n<h3 id=\"8\" class=\"text_subtitle\">8. Minderj\u00e4hrige<\/h3>\n<p>Minderj\u00e4hrige d\u00fcrfen die \u00fcber die Website verf\u00fcgbaren Dienste ohne vorherige Genehmigung ihrer Eltern, Erziehungsberechtigten oder gesetzlichen Vert<\/p>\n<p>reter nicht nutzen. Diese sind allein verantwortlich f\u00fcr alle Handlungen, die \u00fcber die Website von den Minderj\u00e4hrigen in ihrer Obhut ausgef\u00fchrt werden, einschlie\u00dflich der Ausf\u00fcllung von Formularen mit den personenbezogenen Daten dieser Minderj\u00e4hrigen und der Markierung entsprechender Kontrollk\u00e4stchen.<\/p>\n<h3 id=\"9\" class=\"text_subtitle\">9. Kontakt zur Aus\u00fcbung der Datenschutzrechte<\/h3>\n<span style=\"display: initial;\">info@academiadeidiomaserizo.com<\/span>\n    <\/div>\n<\/div>\n<!-- \/module text -->        <\/div>\n                        <\/div>\n        <\/div>\n        <\/div>\n<!--\/themify_builder_content-->\n\n<div class=\"kk-star-ratings kksr-auto kksr-align-center kksr-valign-bottom\"\n    data-payload='{&quot;align&quot;:&quot;center&quot;,&quot;id&quot;:&quot;4612&quot;,&quot;slug&quot;:&quot;default&quot;,&quot;valign&quot;:&quot;bottom&quot;,&quot;ignore&quot;:&quot;&quot;,&quot;reference&quot;:&quot;auto&quot;,&quot;class&quot;:&quot;&quot;,&quot;count&quot;:&quot;0&quot;,&quot;legendonly&quot;:&quot;&quot;,&quot;readonly&quot;:&quot;&quot;,&quot;score&quot;:&quot;0&quot;,&quot;starsonly&quot;:&quot;&quot;,&quot;best&quot;:&quot;5&quot;,&quot;gap&quot;:&quot;5&quot;,&quot;greet&quot;:&quot;\u00a1D\u00e9janos 5 estrellas si te ha gustado! :D&quot;,&quot;legend&quot;:&quot;0\\\/5 - (0 votes)&quot;,&quot;size&quot;:&quot;24&quot;,&quot;title&quot;:&quot;Datenschutzrichtlinie&quot;,&quot;width&quot;:&quot;0&quot;,&quot;_legend&quot;:&quot;{score}\\\/{best} - ({count} {votes})&quot;,&quot;font_factor&quot;:&quot;1.25&quot;}'>\n            \n<div class=\"kksr-stars\">\n    \n<div class=\"kksr-stars-inactive\">\n            <div class=\"kksr-star\" data-star=\"1\" style=\"padding-right: 5px\">\n            \n\n<div class=\"kksr-icon\" style=\"width: 24px; height: 24px;\"><\/div>\n        <\/div>\n            <div class=\"kksr-star\" data-star=\"2\" style=\"padding-right: 5px\">\n            \n\n<div class=\"kksr-icon\" style=\"width: 24px; height: 24px;\"><\/div>\n        <\/div>\n            <div class=\"kksr-star\" data-star=\"3\" style=\"padding-right: 5px\">\n            \n\n<div class=\"kksr-icon\" style=\"width: 24px; height: 24px;\"><\/div>\n        <\/div>\n            <div class=\"kksr-star\" data-star=\"4\" style=\"padding-right: 5px\">\n            \n\n<div class=\"kksr-icon\" style=\"width: 24px; height: 24px;\"><\/div>\n        <\/div>\n            <div class=\"kksr-star\" data-star=\"5\" style=\"padding-right: 5px\">\n            \n\n<div class=\"kksr-icon\" style=\"width: 24px; height: 24px;\"><\/div>\n        <\/div>\n    <\/div>\n    \n<div class=\"kksr-stars-active\" style=\"width: 0px;\">\n            <div class=\"kksr-star\" style=\"padding-right: 5px\">\n            \n\n<div class=\"kksr-icon\" style=\"width: 24px; height: 24px;\"><\/div>\n        <\/div>\n            <div class=\"kksr-star\" style=\"padding-right: 5px\">\n            \n\n<div class=\"kksr-icon\" style=\"width: 24px; height: 24px;\"><\/div>\n        <\/div>\n            <div class=\"kksr-star\" style=\"padding-right: 5px\">\n            \n\n<div class=\"kksr-icon\" style=\"width: 24px; height: 24px;\"><\/div>\n        <\/div>\n            <div class=\"kksr-star\" style=\"padding-right: 5px\">\n            \n\n<div class=\"kksr-icon\" style=\"width: 24px; height: 24px;\"><\/div>\n        <\/div>\n            <div class=\"kksr-star\" style=\"padding-right: 5px\">\n            \n\n<div class=\"kksr-icon\" style=\"width: 24px; height: 24px;\"><\/div>\n        <\/div>\n    <\/div>\n<\/div>\n                \n\n<div class=\"kksr-legend\" style=\"font-size: 19.2px;\">\n            <span class=\"kksr-muted\">\u00a1D\u00e9janos 5 estrellas si te ha gustado! \ud83d\ude00<\/span>\n    <\/div>\n    <\/div>","protected":false},"excerpt":{"rendered":"<p>Datenschutzrichtlinie Identifikation und Kontaktdaten des Verantwortlichen Erforderliche und aktualisierte Informationen Allgemeine Informationen: Beschreibung der in der Datenschutzrichtlinie enthaltenen Informationen Detaillierte Informationen zu den durchgef\u00fchrten Behandlungen Aus\u00fcbung Ihrer Rechte Cookies Sicherheitsma\u00dfnahmen Minderj\u00e4hrige Kontakt zur Aus\u00fcbung der Datenschutzrechte 1. Identifikation und Kontaktdaten des Verantwortlichen , ans\u00e4ssig in mit der USt-IdNr. und Telefon (im Folgenden &#8220;&#8220;) ist verantwortlich [&hellip;]<\/p>\n","protected":false},"author":3,"featured_media":0,"parent":0,"menu_order":0,"comment_status":"closed","ping_status":"closed","template":"","meta":{"_eb_attr":"","footnotes":""},"yoast_head":"<!-- This site is optimized with the Yoast SEO plugin v24.4 - https:\/\/yoast.com\/wordpress\/plugins\/seo\/ -->\n<title>Datenschutzrichtlinie | Academia de Idiomas Erizo<\/title>\n<meta name=\"robots\" content=\"index, follow, max-snippet:-1, max-image-preview:large, max-video-preview:-1\" \/>\n<link rel=\"canonical\" href=\"https:\/\/academiadeidiomaserizo.com\/de\/datenschutzrichtlinie\/\" \/>\n<meta property=\"og:locale\" content=\"de_DE\" \/>\n<meta property=\"og:type\" content=\"article\" \/>\n<meta property=\"og:title\" content=\"Datenschutzrichtlinie | Academia de Idiomas Erizo\" \/>\n<meta property=\"og:description\" content=\"Datenschutzrichtlinie Identifikation und Kontaktdaten des Verantwortlichen Erforderliche und aktualisierte Informationen Allgemeine Informationen: Beschreibung der in der Datenschutzrichtlinie enthaltenen Informationen Detaillierte Informationen zu den durchgef\u00fchrten Behandlungen Aus\u00fcbung Ihrer Rechte Cookies Sicherheitsma\u00dfnahmen Minderj\u00e4hrige Kontakt zur Aus\u00fcbung der Datenschutzrechte 1. Identifikation und Kontaktdaten des Verantwortlichen , ans\u00e4ssig in mit der USt-IdNr. und Telefon (im Folgenden &#8220;&#8220;) ist verantwortlich [&hellip;]\" \/>\n<meta property=\"og:url\" content=\"https:\/\/academiadeidiomaserizo.com\/de\/datenschutzrichtlinie\/\" \/>\n<meta property=\"og:site_name\" content=\"Academia de Idiomas Erizo\" \/>\n<meta property=\"article:modified_time\" content=\"2024-04-24T12:03:56+00:00\" \/>\n<meta name=\"twitter:card\" content=\"summary_large_image\" \/>\n<!-- \/ Yoast SEO plugin. -->","yoast_head_json":{"title":"Datenschutzrichtlinie | Academia de Idiomas Erizo","robots":{"index":"index","follow":"follow","max-snippet":"max-snippet:-1","max-image-preview":"max-image-preview:large","max-video-preview":"max-video-preview:-1"},"canonical":"https:\/\/academiadeidiomaserizo.com\/de\/datenschutzrichtlinie\/","og_locale":"de_DE","og_type":"article","og_title":"Datenschutzrichtlinie | Academia de Idiomas Erizo","og_description":"Datenschutzrichtlinie Identifikation und Kontaktdaten des Verantwortlichen Erforderliche und aktualisierte Informationen Allgemeine Informationen: Beschreibung der in der Datenschutzrichtlinie enthaltenen Informationen Detaillierte Informationen zu den durchgef\u00fchrten Behandlungen Aus\u00fcbung Ihrer Rechte Cookies Sicherheitsma\u00dfnahmen Minderj\u00e4hrige Kontakt zur Aus\u00fcbung der Datenschutzrechte 1. Identifikation und Kontaktdaten des Verantwortlichen , ans\u00e4ssig in mit der USt-IdNr. und Telefon (im Folgenden &#8220;&#8220;) ist verantwortlich [&hellip;]","og_url":"https:\/\/academiadeidiomaserizo.com\/de\/datenschutzrichtlinie\/","og_site_name":"Academia de Idiomas Erizo","article_modified_time":"2024-04-24T12:03:56+00:00","twitter_card":"summary_large_image","schema":{"@context":"https:\/\/schema.org","@graph":[{"@type":"WebPage","@id":"https:\/\/academiadeidiomaserizo.com\/de\/datenschutzrichtlinie\/","url":"https:\/\/academiadeidiomaserizo.com\/de\/datenschutzrichtlinie\/","name":"Datenschutzrichtlinie | Academia de Idiomas Erizo","isPartOf":{"@id":"https:\/\/academiadeidiomaserizo.com\/de\/#website"},"datePublished":"2019-11-27T14:20:53+00:00","dateModified":"2024-04-24T12:03:56+00:00","breadcrumb":{"@id":"https:\/\/academiadeidiomaserizo.com\/de\/datenschutzrichtlinie\/#breadcrumb"},"inLanguage":"de","potentialAction":[{"@type":"ReadAction","target":["https:\/\/academiadeidiomaserizo.com\/de\/datenschutzrichtlinie\/"]}]},{"@type":"BreadcrumbList","@id":"https:\/\/academiadeidiomaserizo.com\/de\/datenschutzrichtlinie\/#breadcrumb","itemListElement":[{"@type":"ListItem","position":1,"name":"Portada","item":"https:\/\/academiadeidiomaserizo.com\/de\/"},{"@type":"ListItem","position":2,"name":"Datenschutzrichtlinie"}]},{"@type":"WebSite","@id":"https:\/\/academiadeidiomaserizo.com\/de\/#website","url":"https:\/\/academiadeidiomaserizo.com\/de\/","name":"Academia de Idiomas Erizo","description":"","potentialAction":[{"@type":"SearchAction","target":{"@type":"EntryPoint","urlTemplate":"https:\/\/academiadeidiomaserizo.com\/de\/?s={search_term_string}"},"query-input":{"@type":"PropertyValueSpecification","valueRequired":true,"valueName":"search_term_string"}}],"inLanguage":"de"}]}},"_links":{"self":[{"href":"https:\/\/academiadeidiomaserizo.com\/de\/wp-json\/wp\/v2\/pages\/4612"}],"collection":[{"href":"https:\/\/academiadeidiomaserizo.com\/de\/wp-json\/wp\/v2\/pages"}],"about":[{"href":"https:\/\/academiadeidiomaserizo.com\/de\/wp-json\/wp\/v2\/types\/page"}],"author":[{"embeddable":true,"href":"https:\/\/academiadeidiomaserizo.com\/de\/wp-json\/wp\/v2\/users\/3"}],"replies":[{"embeddable":true,"href":"https:\/\/academiadeidiomaserizo.com\/de\/wp-json\/wp\/v2\/comments?post=4612"}],"version-history":[{"count":3,"href":"https:\/\/academiadeidiomaserizo.com\/de\/wp-json\/wp\/v2\/pages\/4612\/revisions"}],"predecessor-version":[{"id":4993,"href":"https:\/\/academiadeidiomaserizo.com\/de\/wp-json\/wp\/v2\/pages\/4612\/revisions\/4993"}],"wp:attachment":[{"href":"https:\/\/academiadeidiomaserizo.com\/de\/wp-json\/wp\/v2\/media?parent=4612"}],"curies":[{"name":"wp","href":"https:\/\/api.w.org\/{rel}","templated":true}]}}