{"id":4613,"date":"2019-11-27T15:19:44","date_gmt":"2019-11-27T14:19:44","guid":{"rendered":"https:\/\/academiadeidiomaserizo.com\/aviso-legal\/"},"modified":"2024-04-24T15:09:03","modified_gmt":"2024-04-24T13:09:03","slug":"rechtliche-warnung","status":"publish","type":"page","link":"https:\/\/academiadeidiomaserizo.com\/de\/rechtliche-warnung\/","title":{"rendered":"Rechtliche Warnung"},"content":{"rendered":"<!--themify_builder_content-->\n<div id=\"themify_builder_content-4613\" data-postid=\"4613\" class=\"themify_builder_content themify_builder_content-4613 themify_builder tf_clear\">\n                    <div  data-lazy=\"1\" class=\"module_row themify_builder_row tb_cdxc98 tb_first tf_w\">\n                        <div class=\"row_inner col_align_top tb_col_count_1 tf_box tf_rel\">\n                        <div  data-lazy=\"1\" class=\"module_column tb-column col-full tb_2dke98 first\">\n                    <!-- module fancy heading -->\n<div  class=\"module module-fancy-heading tb_676y33  tb_hide_divider\" data-lazy=\"1\">\n        <h1 class=\"fancy-heading tf_textl\">\n    <span class=\"main-head tf_block\">\n                    Rechtliche Warnung            <\/span>\n\n    \n    <span class=\"sub-head tf_block tf_rel\">\n                                <\/span>\n    <\/h1>\n<\/div>\n<!-- \/module fancy heading -->\n<!-- module text -->\n<div  class=\"module module-text tb_ug9v995   \" data-lazy=\"1\">\n        <div  class=\"tb_text_wrap\">\n        <h3>ALLGEMEINE INFORMATIONEN<\/h3>\n<p>In Erf\u00fcllung der Informationspflicht gem\u00e4\u00df dem Gesetz 34\/2002 \u00fcber Dienste der Informationsgesellschaft und des elektronischen Gesch\u00e4ftsverkehrs (LSSI-CE) vom 11. Juli werden nachstehend die folgenden allgemeinen Informationen zu dieser Website bereitgestellt:<\/p>\n<p>Die Eigent\u00fcmerschaft dieser Website, <span style=\"display: initial;\">https:\/\/academiadeidiomaserizo.com<\/span> (im Folgenden Website) wird von <span style=\"display: initial;\">Grupo ERIZO SL<\/span> mit NIF: <!-- Shortcode [dninegocio] does not exist --> gef\u00fchrt, deren Kontaktdaten wie folgt lauten:<\/p>\n<p><span style=\"display: initial;\">C\/ San L\u00e1zaro 15, 1A Aranda de Duero 09400 Castilla y Le\u00f3n<\/span>,<br \/>\n+34 <span>616 807 803<\/span><\/p>\n<h3>NUTZUNGSBEDINGUNGEN ZUM ALLGEMEINEN ZUGANG UND NUTZUNG DER WEBSITE<\/h3>\n<p>Der Zweck dieser Allgemeinen Nutzungsbedingungen (im Folgenden Bedingungen) besteht darin, den Zugang und die Nutzung der Website zu regeln. Zu den Zwecken dieser Bedingungen wird die Website wie folgt verstanden:<\/p>\n<p>Das \u00e4u\u00dfere Erscheinungsbild der Bildschirmschnittstellen, sowohl statisch als auch dynamisch, dh die Navigationsstruktur; und alle in den Bildschirmschnittstellen und der Navigationsstruktur integrierten Elemente (im Folgenden Inhalte) sowie alle Dienste oder Ressourcen online, die gegebenenfalls den Benutzern angeboten werden (im Folgenden Dienste).<\/p>\n<p><span style=\"display: initial;\">https:\/\/academiadeidiomaserizo.com<\/span> beh\u00e4lt sich das Recht vor, die Pr\u00e4sentation und Konfiguration der Website sowie der Inhalte und Dienste, die darin enthalten sein k\u00f6nnen, jederzeit und ohne vorherige Ank\u00fcndigung zu \u00e4ndern. Der Benutzer erkennt an und akzeptiert, dass <span style=\"display: initial;\">https:\/\/academiadeidiomaserizo.com<\/span> jederzeit eines dieser Elemente, die in die Website integriert sind, unterbrechen, deaktivieren und\/oder stornieren kann, oder den Zugriff darauf.<\/p>\n<p>Der Zugang zur Website durch den Benutzer ist grunds\u00e4tzlich kostenlos und kostenlos, ohne dass der Benutzer eine Gegenleistung erbringen muss, um davon profitieren zu k\u00f6nnen, abgesehen von den Kosten f\u00fcr die Verbindung \u00fcber das Telekommunikationsnetz, die der vom Benutzer beauftragte Zugangsanbieter berechnet.<\/p>\n<p>Die Nutzung eines Teils der Inhalte oder Dienste der Website kann durch die vorherige Anmeldung oder Registrierung des Benutzers erfolgen.<\/p>\n<h3>DER BENUTZER<\/h3>\n<p>Der Zugang, die Navigation und die Nutzung der Website sowie die Bereiche, die den Benutzern zur Interaktion zwischen den Benutzern und <span style=\"display: initial;\">https:\/\/academiadeidiomaserizo.com<\/span> zur Verf\u00fcgung stehen, wie Kommentare und\/oder Blogging-Bereiche, verleiht dem Benutzer den Status eines Benutzers, sodass alle hier festgelegten Bedingungen, sowie deren nachfolgende \u00c4nderungen, akzeptiert werden, sobald die Navigation auf der Website beginnt, ungeachtet der Anwendung der entsprechenden gesetzlichen Bestimmungen, die in jedem Fall einzuhalten sind. Angesichts der Bedeutung des Vorstehenden wird dem Benutzer empfohlen, diese Bedingungen bei jedem Besuch der Website zu lesen.<\/p>\n<p>Die Website von <span style=\"display: initial;\">https:\/\/academiadeidiomaserizo.com<\/span> bietet eine Vielzahl von Informationen, Diensten und Daten. Der Benutzer \u00fcbernimmt die Verantwortung f\u00fcr die ordnungsgem\u00e4\u00dfe Nutzung der Website. Diese Verantwortung erstreckt sich auf:<\/p>\n<p>Eine Verwendung von Informationen, Inhalten und\/oder Diensten und Daten, die von <span style=\"display: initial;\">https:\/\/academiadeidiomaserizo.com<\/span> angeboten werden, die nicht den hier festgelegten Bedingungen, dem Gesetz, der Moral oder der \u00f6ffentlichen Ordnung widersprechen oder anderweitig die Rechte Dritter oder den ordnungsgem\u00e4\u00dfen Betrieb der Website beeintr\u00e4chtigen k\u00f6nnten.<\/p>\n<p>Die Richtigkeit und Rechtm\u00e4\u00dfigkeit der vom Benutzer in den von <span style=\"display: initial;\">https:\/\/academiadeidiomaserizo.com<\/span> f\u00fcr den Zugriff auf bestimmte Inhalte oder Dienste der Website ausgef\u00fcllten Formularen bereitgestellten Informationen. In jedem Fall wird der Benutzer <span style=\"display: initial;\">https:\/\/academiadeidiomaserizo.com<\/span> unverz\u00fcglich \u00fcber alle Umst\u00e4nde informieren, die auf einen Missbrauch der in diesen Formularen registrierten Informationen hinweisen k\u00f6nnten, wie beispielsweise Diebstahl, Verlust oder unbefugter Zugriff auf Identifikatoren und\/oder Passw\u00f6rter, um deren sofortige Stornierung zu erm\u00f6glichen.<\/p>\n<p><span style=\"display: initial;\">https:\/\/academiadeidiomaserizo.com<\/span> beh\u00e4lt sich das Recht vor, alle Kommentare und Beitr\u00e4ge zu entfernen, die gegen das Gesetz versto\u00dfen, die W\u00fcrde der Person verletzen, diskriminierend, fremdenfeindlich, rassistisch, pornografisch, Spamming sind, die Jugend oder das Kindeswohl gef\u00e4hrden, die \u00f6ffentliche Ordnung oder Sicherheit oder die ihrer Meinung nach nicht f\u00fcr eine Ver\u00f6ffentlichung geeignet sind.<\/p>\n<p>In jedem Fall ist <span style=\"display: initial;\">https:\/\/academiadeidiomaserizo.com<\/span> nicht f\u00fcr die von Benutzern \u00fcber Kommentare oder andere Blogging- oder Beteiligungstools abgegebenen Meinungen verantwortlich.<\/p>\n<p>Der blo\u00dfe Zugriff auf diese Website bedeutet nicht, dass zwischen <span style=\"display: initial;\">https:\/\/academiadeidiomaserizo.com<\/span> und dem Benutzer eine gesch\u00e4ftliche Beziehung eingegangen wird.<\/p>\n<p>Der Benutzer erkl\u00e4rt, vollj\u00e4hrig zu sein und \u00fcber die rechtliche Kapazit\u00e4t zu verf\u00fcgen, um an diesen Bedingungen gebunden zu sein. Daher richtet sich diese Website von <span style=\"display: initial;\">https:\/\/academiadeidiomaserizo.com<\/span> nicht an Minderj\u00e4hrige. <span style=\"display: initial;\">https:\/\/academiadeidiomaserizo.com<\/span> lehnt jede Verantwortung f\u00fcr die Nichteinhaltung dieser Anforderung ab.<\/p>\n<p>Die Website richtet sich haupts\u00e4chlich an Benutzer in Spanien. <span style=\"display: initial;\">https:\/\/academiadeidiomaserizo.com<\/span> garantiert nicht, dass die Website den Gesetzen anderer L\u00e4nder, ganz oder teilweise, entspricht. Wenn der Benutzer in einem anderen Land ans\u00e4ssig ist oder seinen Wohnsitz hat und sich entscheidet, auf die Website zuzugreifen und\/oder sie zu durchsuchen, geschieht dies auf eigenes Risiko des Benutzers, der sicherstellen muss, dass ein solcher Zugriff und eine solche Durchsuchung den geltenden lokalen Gesetzen entsprechen, und <span style=\"display: initial;\">https:\/\/academiadeidiomaserizo.com<\/span> \u00fcbernimmt keinerlei Verantwort<\/p>\n<p>ung f\u00fcr solchen Zugriff.<\/p>\n<h3>ZUGRIFF UND NAVIGATION AUF DER WEBSITE: AUSSCHLUSS VON GARANTIEN UND HAFTUNG<\/h3>\n<p><span style=\"display: initial;\">https:\/\/academiadeidiomaserizo.com<\/span> garantiert nicht die Kontinuit\u00e4t, Verf\u00fcgbarkeit und N\u00fctzlichkeit der Website sowie der Inhalte oder Dienste. <span style=\"display: initial;\">https:\/\/academiadeidiomaserizo.com<\/span> wird alles tun, um sicherzustellen, dass die Website ordnungsgem\u00e4\u00df funktioniert, \u00fcbernimmt jedoch keine Verantwortung oder Garantie daf\u00fcr, dass der Zugriff auf diese Website unterbrechungsfrei ist oder fehlerfrei verl\u00e4uft.<\/p>\n<p><span style=\"display: initial;\">https:\/\/academiadeidiomaserizo.com<\/span> \u00fcbernimmt auch keine Verantwortung oder Garantie daf\u00fcr, dass der Inhalt oder die Software, auf die \u00fcber diese Website zugegriffen werden kann, fehlerfrei ist oder das Computersystem (Software und Hardware) des Benutzers besch\u00e4digt. <span style=\"display: initial;\">https:\/\/academiadeidiomaserizo.com<\/span> haftet in keinem Fall f\u00fcr Verluste, Sch\u00e4den oder Kosten jeglicher Art, die sich aus dem Zugriff, der Navigation und der Nutzung der Website ergeben, einschlie\u00dflich, aber nicht beschr\u00e4nkt auf Sch\u00e4den an Computersystemen oder durch die Einf\u00fchrung von Viren verursachte Sch\u00e4den.<\/p>\n<p><span style=\"display: initial;\">https:\/\/academiadeidiomaserizo.com<\/span> \u00fcbernimmt auch keine Verantwortung f\u00fcr Sch\u00e4den, die Benutzern durch eine unsachgem\u00e4\u00dfe Nutzung dieser Website entstehen k\u00f6nnten. Insbesondere haftet <span style=\"display: initial;\">https:\/\/academiadeidiomaserizo.com<\/span> in keiner Weise f\u00fcr Ausf\u00e4lle, Unterbrechungen, Ausf\u00e4lle oder Defekte in den Telekommunikationen.<\/p>\n<h3>LINKRICHTLINIE<\/h3>\n<p>Es wird darauf hingewiesen, dass die Website von <span style=\"display: initial;\">https:\/\/academiadeidiomaserizo.com<\/span> den Benutzern Mittel zur Verf\u00fcgung stellt oder stellen kann (wie z. B. Links, Banner, Schaltfl\u00e4chen), Verzeichnisse und Suchmaschinen, die es den Benutzern erm\u00f6glichen, auf Websites von Dritten zuzugreifen und\/oder von ihnen verwaltete Websites zu besuchen.<\/p>\n<p>Die Einrichtung dieser Links, Verzeichnisse und Suchmaschinen auf der Website dient dazu, den Benutzern die Suche und den Zugriff auf im Internet verf\u00fcgbare Informationen zu erleichtern, und kann nicht als Vorschlag, Empfehlung oder Einladung zum Besuch dieser Websites betrachtet werden.<\/p>\n<p><span style=\"display: initial;\">https:\/\/academiadeidiomaserizo.com<\/span> bietet oder vermarktet weder selbst noch \u00fcber Dritte Produkte und\/oder Dienstleistungen, die auf diesen verlinkten Websites verf\u00fcgbar sind.<\/p>\n<p>Ebenso wird weder die technische Verf\u00fcgbarkeit, noch die Genauigkeit, Wahrheit, G\u00fcltigkeit oder Legalit\u00e4t von Websites garantiert, die nicht im Eigentum von <span style=\"display: initial;\">https:\/\/academiadeidiomaserizo.com<\/span> stehen und auf die \u00fcber die Links zugegriffen werden kann.<\/p>\n<p><span style=\"display: initial;\">https:\/\/academiadeidiomaserizo.com<\/span> wird in keinem Fall den Inhalt anderer Websites \u00fcberpr\u00fcfen oder kontrollieren, und es wird auch nicht gebilligt, gepr\u00fcft oder f\u00fcr die Produkte und Dienstleistungen, Inhalte, Dateien und sonstigen Materialien auf den genannten verlinkten Websites geb\u00fcrgt.<\/p>\n<p><span style=\"display: initial;\">https:\/\/academiadeidiomaserizo.com<\/span> \u00fcbernimmt keine Verantwortung f\u00fcr Sch\u00e4den und Verluste, die durch den Zugriff, die Nutzung, die Qualit\u00e4t oder die Legalit\u00e4t der Inhalte, Mitteilungen, Meinungen, Produkte und Dienstleistungen auf Websites, die nicht von <span style=\"display: initial;\">https:\/\/academiadeidiomaserizo.com<\/span> verwaltet werden und die auf dieser Website verlinkt sind, entstehen k\u00f6nnen.<\/p>\n<p>Der Benutzer oder Dritte, der einen Hyperlink von einer Website eines anderen, unterschiedlichen Anbieters als der Website von <span style=\"display: initial;\">https:\/\/academiadeidiomaserizo.com<\/span> einrichtet, sollte wissen, dass:<\/p>\n<p>Es ist nicht gestattet, Inhalte und\/oder Dienste der Website ganz oder teilweise ohne ausdr\u00fcckliche Genehmigung von <span style=\"display: initial;\">https:\/\/academiadeidiomaserizo.com<\/span> zu reproduzieren.<\/p>\n<p>Es ist auch nicht gestattet, falsche, ungenaue oder falsche Aussagen \u00fcber die Website von <span style=\"display: initial;\">https:\/\/academiadeidiomaserizo.com<\/span> oder deren Inhalte und\/oder Dienste zu machen.<\/p>\n<p>Mit Ausnahme des Hyperlinks wird die Website, von der aus der Hyperlink eingerichtet wird, keine Elemente dieser Website enthalten, die durch das spanische Recht zum Schutz des geistigen Eigentums gesch\u00fctzt sind, es sei denn, <span style=\"display: initial;\">https:\/\/academiadeidiomaserizo.com<\/span> hat dies ausdr\u00fccklich genehmigt.<\/p>\n<p>Die Einrichtung des Hyperlinks impliziert nicht das Bestehen von Beziehungen zwischen <span style=\"display: initial;\">https:\/\/academiadeidiomaserizo.com<\/span> und dem Inhaber der Website, von der aus der Link eingerichtet wird, noch die Kenntnis und Zustimmung von <span style=\"display: initial;\">https:\/\/academiadeidiomaserizo.com<\/span> zu den Inhalten, Diensten und\/oder Aktivit\u00e4ten, die auf dieser Website angeboten werden, und umgekehrt.<\/p>\n<h3>GEISTIGES UND INDUSTRIELLES EIGENTUM<\/h3>\n<p><span style=\"display: initial;\">https:\/\/academiadeidiomaserizo.com<\/span> ist alleiniger Inhaber aller geistigen und gewerblichen Rechte an der Website sowie an den darin enthaltenen Elementen (bildlich gesprochen, aber nicht ersch\u00f6pfend, Bilder, Ton, Audio, Video, Software oder Texte, Marken oder Logos, Farbkombinationen, Struktur und Design, Auswahl der verwendeten Materialien, Computerprogramme, die f\u00fcr ihren Betrieb, Zugriff und ihre Nutzung erforderlich sind usw.). Sie werden daher als durch das spanische Recht zum Schutz des geistigen Eigentums gesch\u00fctzte Werke betrachtet, wobei sowohl spanisches und europ\u00e4isches Recht in diesem Bereich als auch die internationalen Vertr\u00e4ge \u00fcber die betreffende Materie gelten, die von Spanien unterzeichnet wurden.<\/p>\n<p>Alle Rechte vorbehalten. Gem\u00e4\u00df den Bestimmungen des Gesetzes \u00fcber das geistige Eigentum ist ausdr\u00fccklich jede Vervielf\u00e4ltigung, Verbreitung und \u00f6ffentliche Kommunikation, einschlie\u00dflich der Bereitstellung, von Teilen oder des gesamten Inhalts dieser Website zu kommerziellen Zwecken in jedem Format und mit jedem technischen Mittel ohne die Genehmigung von <span style=\"display: initial;\">https:\/\/academiadeidiomaserizo.com<\/span> untersagt.<\/p>\n<p>Der Benutzer verpflichtet sich, die geistigen und gewerblichen Eigentumsrechte von <span style=\"display: initial;\">https:\/\/academiadeidiomaserizo.com<\/span> zu respektieren. Er kann die Elemente der Website anzeigen oder sogar drucken, kopieren und auf der Festplatte seines Computers oder auf einem anderen physischen Datentr\u00e4ger speichern, sofern dies ausschlie\u00dflich f\u00fcr seinen pers\u00f6nlichen Geb<\/p>\n<p>rauch erfolgt. Der Benutzer darf jedoch keine Schutzvorrichtungen oder Sicherheitssysteme entfernen, \u00e4ndern oder manipulieren, die in der Website installiert sind.<\/p>\n<p>Wenn der Benutzer oder ein Dritter der Ansicht ist, dass einer der Inhalte der Website die Rechte des geistigen Eigentums verletzt, muss er <span style=\"display: initial;\">https:\/\/academiadeidiomaserizo.com<\/span> dies unverz\u00fcglich \u00fcber die Kontaktdaten im Abschnitt ALLGEMEINE INFORMATIONEN dieses Impressums und dieser Allgemeinen Nutzungsbedingungen mitteilen.<\/p>\n<h3>RECHTLICHE MA\u00dfNAHMEN, ANWENDBARES RECHT UND GERICHTSBARKEIT<\/h3>\n<p><span style=\"display: initial;\">https:\/\/academiadeidiomaserizo.com<\/span> beh\u00e4lt sich das Recht vor, zivil- oder strafrechtliche Ma\u00dfnahmen zu ergreifen, die sie f\u00fcr erforderlich h\u00e4lt, aufgrund der unberechtigten Nutzung der Website und der Inhalte oder der Nichteinhaltung dieser Bedingungen.<\/p>\n<p>Die Beziehung zwischen dem Benutzer und <span style=\"display: initial;\">https:\/\/academiadeidiomaserizo.com<\/span> unterliegt den geltenden Gesetzen und Bestimmungen im spanischen Hoheitsgebiet. Bei Streitigkeiten im Zusammenhang mit der Auslegung und\/oder Anwendung dieser Bedingungen unterwerfen sich die Parteien der ordentlichen Gerichtsbarkeit und den Gerichten, die nach geltendem Recht zust\u00e4ndig sind.<\/p>\n<h3>SCHUTZ PERSONENBEZOGENER DATEN<\/h3>\n<p>F\u00fcr weitere Informationen zur Verarbeitung Ihrer personenbezogenen Daten auf der Website wenden Sie sich bitte an die\u00a0<a href=\"\/politica-de-privacidad\">Datenschutzrichtlinie<\/a>.<\/p>\n    <\/div>\n<\/div>\n<!-- \/module text -->        <\/div>\n                        <\/div>\n        <\/div>\n        <\/div>\n<!--\/themify_builder_content-->\n\n<div class=\"kk-star-ratings kksr-auto kksr-align-center kksr-valign-bottom\"\n    data-payload='{&quot;align&quot;:&quot;center&quot;,&quot;id&quot;:&quot;4613&quot;,&quot;slug&quot;:&quot;default&quot;,&quot;valign&quot;:&quot;bottom&quot;,&quot;ignore&quot;:&quot;&quot;,&quot;reference&quot;:&quot;auto&quot;,&quot;class&quot;:&quot;&quot;,&quot;count&quot;:&quot;0&quot;,&quot;legendonly&quot;:&quot;&quot;,&quot;readonly&quot;:&quot;&quot;,&quot;score&quot;:&quot;0&quot;,&quot;starsonly&quot;:&quot;&quot;,&quot;best&quot;:&quot;5&quot;,&quot;gap&quot;:&quot;5&quot;,&quot;greet&quot;:&quot;\u00a1D\u00e9janos 5 estrellas si te ha gustado! :D&quot;,&quot;legend&quot;:&quot;0\\\/5 - (0 votes)&quot;,&quot;size&quot;:&quot;24&quot;,&quot;title&quot;:&quot;Rechtliche Warnung&quot;,&quot;width&quot;:&quot;0&quot;,&quot;_legend&quot;:&quot;{score}\\\/{best} - ({count} {votes})&quot;,&quot;font_factor&quot;:&quot;1.25&quot;}'>\n            \n<div class=\"kksr-stars\">\n    \n<div class=\"kksr-stars-inactive\">\n            <div class=\"kksr-star\" data-star=\"1\" style=\"padding-right: 5px\">\n            \n\n<div class=\"kksr-icon\" style=\"width: 24px; height: 24px;\"><\/div>\n        <\/div>\n            <div class=\"kksr-star\" data-star=\"2\" style=\"padding-right: 5px\">\n            \n\n<div class=\"kksr-icon\" style=\"width: 24px; height: 24px;\"><\/div>\n        <\/div>\n            <div class=\"kksr-star\" data-star=\"3\" style=\"padding-right: 5px\">\n            \n\n<div class=\"kksr-icon\" style=\"width: 24px; height: 24px;\"><\/div>\n        <\/div>\n            <div class=\"kksr-star\" data-star=\"4\" style=\"padding-right: 5px\">\n            \n\n<div class=\"kksr-icon\" style=\"width: 24px; height: 24px;\"><\/div>\n        <\/div>\n            <div class=\"kksr-star\" data-star=\"5\" style=\"padding-right: 5px\">\n            \n\n<div class=\"kksr-icon\" style=\"width: 24px; height: 24px;\"><\/div>\n        <\/div>\n    <\/div>\n    \n<div class=\"kksr-stars-active\" style=\"width: 0px;\">\n            <div class=\"kksr-star\" style=\"padding-right: 5px\">\n            \n\n<div class=\"kksr-icon\" style=\"width: 24px; height: 24px;\"><\/div>\n        <\/div>\n            <div class=\"kksr-star\" style=\"padding-right: 5px\">\n            \n\n<div class=\"kksr-icon\" style=\"width: 24px; height: 24px;\"><\/div>\n        <\/div>\n            <div class=\"kksr-star\" style=\"padding-right: 5px\">\n            \n\n<div class=\"kksr-icon\" style=\"width: 24px; height: 24px;\"><\/div>\n        <\/div>\n            <div class=\"kksr-star\" style=\"padding-right: 5px\">\n            \n\n<div class=\"kksr-icon\" style=\"width: 24px; height: 24px;\"><\/div>\n        <\/div>\n            <div class=\"kksr-star\" style=\"padding-right: 5px\">\n            \n\n<div class=\"kksr-icon\" style=\"width: 24px; height: 24px;\"><\/div>\n        <\/div>\n    <\/div>\n<\/div>\n                \n\n<div class=\"kksr-legend\" style=\"font-size: 19.2px;\">\n            <span class=\"kksr-muted\">\u00a1D\u00e9janos 5 estrellas si te ha gustado! \ud83d\ude00<\/span>\n    <\/div>\n    <\/div>","protected":false},"excerpt":{"rendered":"<p>Rechtliche Warnung ALLGEMEINE INFORMATIONEN In Erf\u00fcllung der Informationspflicht gem\u00e4\u00df dem Gesetz 34\/2002 \u00fcber Dienste der Informationsgesellschaft und des elektronischen Gesch\u00e4ftsverkehrs (LSSI-CE) vom 11. Juli werden nachstehend die folgenden allgemeinen Informationen zu dieser Website bereitgestellt: Die Eigent\u00fcmerschaft dieser Website, (im Folgenden Website) wird von mit NIF: gef\u00fchrt, deren Kontaktdaten wie folgt lauten: , +34 NUTZUNGSBEDINGUNGEN ZUM [&hellip;]<\/p>\n","protected":false},"author":3,"featured_media":0,"parent":0,"menu_order":0,"comment_status":"closed","ping_status":"closed","template":"","meta":{"_eb_attr":"","footnotes":""},"yoast_head":"<!-- This site is optimized with the Yoast SEO plugin v24.4 - https:\/\/yoast.com\/wordpress\/plugins\/seo\/ -->\n<title>Rechtliche Warnung | Academia de Idiomas Erizo<\/title>\n<meta name=\"robots\" content=\"index, follow, max-snippet:-1, max-image-preview:large, max-video-preview:-1\" \/>\n<link rel=\"canonical\" href=\"https:\/\/academiadeidiomaserizo.com\/de\/rechtliche-warnung\/\" \/>\n<meta property=\"og:locale\" content=\"de_DE\" \/>\n<meta property=\"og:type\" content=\"article\" \/>\n<meta property=\"og:title\" content=\"Rechtliche Warnung | Academia de Idiomas Erizo\" \/>\n<meta property=\"og:description\" content=\"Rechtliche Warnung ALLGEMEINE INFORMATIONEN In Erf\u00fcllung der Informationspflicht gem\u00e4\u00df dem Gesetz 34\/2002 \u00fcber Dienste der Informationsgesellschaft und des elektronischen Gesch\u00e4ftsverkehrs (LSSI-CE) vom 11. Juli werden nachstehend die folgenden allgemeinen Informationen zu dieser Website bereitgestellt: Die Eigent\u00fcmerschaft dieser Website, (im Folgenden Website) wird von mit NIF: gef\u00fchrt, deren Kontaktdaten wie folgt lauten: , +34 NUTZUNGSBEDINGUNGEN ZUM [&hellip;]\" \/>\n<meta property=\"og:url\" content=\"https:\/\/academiadeidiomaserizo.com\/de\/rechtliche-warnung\/\" \/>\n<meta property=\"og:site_name\" content=\"Academia de Idiomas Erizo\" \/>\n<meta property=\"article:modified_time\" content=\"2024-04-24T13:09:03+00:00\" \/>\n<meta name=\"twitter:card\" content=\"summary_large_image\" \/>\n<!-- \/ Yoast SEO plugin. -->","yoast_head_json":{"title":"Rechtliche Warnung | Academia de Idiomas Erizo","robots":{"index":"index","follow":"follow","max-snippet":"max-snippet:-1","max-image-preview":"max-image-preview:large","max-video-preview":"max-video-preview:-1"},"canonical":"https:\/\/academiadeidiomaserizo.com\/de\/rechtliche-warnung\/","og_locale":"de_DE","og_type":"article","og_title":"Rechtliche Warnung | Academia de Idiomas Erizo","og_description":"Rechtliche Warnung ALLGEMEINE INFORMATIONEN In Erf\u00fcllung der Informationspflicht gem\u00e4\u00df dem Gesetz 34\/2002 \u00fcber Dienste der Informationsgesellschaft und des elektronischen Gesch\u00e4ftsverkehrs (LSSI-CE) vom 11. Juli werden nachstehend die folgenden allgemeinen Informationen zu dieser Website bereitgestellt: Die Eigent\u00fcmerschaft dieser Website, (im Folgenden Website) wird von mit NIF: gef\u00fchrt, deren Kontaktdaten wie folgt lauten: , +34 NUTZUNGSBEDINGUNGEN ZUM [&hellip;]","og_url":"https:\/\/academiadeidiomaserizo.com\/de\/rechtliche-warnung\/","og_site_name":"Academia de Idiomas Erizo","article_modified_time":"2024-04-24T13:09:03+00:00","twitter_card":"summary_large_image","schema":{"@context":"https:\/\/schema.org","@graph":[{"@type":"WebPage","@id":"https:\/\/academiadeidiomaserizo.com\/de\/rechtliche-warnung\/","url":"https:\/\/academiadeidiomaserizo.com\/de\/rechtliche-warnung\/","name":"Rechtliche Warnung | Academia de Idiomas Erizo","isPartOf":{"@id":"https:\/\/academiadeidiomaserizo.com\/de\/#website"},"datePublished":"2019-11-27T14:19:44+00:00","dateModified":"2024-04-24T13:09:03+00:00","breadcrumb":{"@id":"https:\/\/academiadeidiomaserizo.com\/de\/rechtliche-warnung\/#breadcrumb"},"inLanguage":"de","potentialAction":[{"@type":"ReadAction","target":["https:\/\/academiadeidiomaserizo.com\/de\/rechtliche-warnung\/"]}]},{"@type":"BreadcrumbList","@id":"https:\/\/academiadeidiomaserizo.com\/de\/rechtliche-warnung\/#breadcrumb","itemListElement":[{"@type":"ListItem","position":1,"name":"Portada","item":"https:\/\/academiadeidiomaserizo.com\/de\/"},{"@type":"ListItem","position":2,"name":"Rechtliche Warnung"}]},{"@type":"WebSite","@id":"https:\/\/academiadeidiomaserizo.com\/de\/#website","url":"https:\/\/academiadeidiomaserizo.com\/de\/","name":"Academia de Idiomas Erizo","description":"","potentialAction":[{"@type":"SearchAction","target":{"@type":"EntryPoint","urlTemplate":"https:\/\/academiadeidiomaserizo.com\/de\/?s={search_term_string}"},"query-input":{"@type":"PropertyValueSpecification","valueRequired":true,"valueName":"search_term_string"}}],"inLanguage":"de"}]}},"_links":{"self":[{"href":"https:\/\/academiadeidiomaserizo.com\/de\/wp-json\/wp\/v2\/pages\/4613"}],"collection":[{"href":"https:\/\/academiadeidiomaserizo.com\/de\/wp-json\/wp\/v2\/pages"}],"about":[{"href":"https:\/\/academiadeidiomaserizo.com\/de\/wp-json\/wp\/v2\/types\/page"}],"author":[{"embeddable":true,"href":"https:\/\/academiadeidiomaserizo.com\/de\/wp-json\/wp\/v2\/users\/3"}],"replies":[{"embeddable":true,"href":"https:\/\/academiadeidiomaserizo.com\/de\/wp-json\/wp\/v2\/comments?post=4613"}],"version-history":[{"count":3,"href":"https:\/\/academiadeidiomaserizo.com\/de\/wp-json\/wp\/v2\/pages\/4613\/revisions"}],"predecessor-version":[{"id":5056,"href":"https:\/\/academiadeidiomaserizo.com\/de\/wp-json\/wp\/v2\/pages\/4613\/revisions\/5056"}],"wp:attachment":[{"href":"https:\/\/academiadeidiomaserizo.com\/de\/wp-json\/wp\/v2\/media?parent=4613"}],"curies":[{"name":"wp","href":"https:\/\/api.w.org\/{rel}","templated":true}]}}