{"id":4770,"date":"2019-11-27T15:25:23","date_gmt":"2019-11-27T14:25:23","guid":{"rendered":"https:\/\/academiadeidiomaserizo.com\/politica-de-cookies\/"},"modified":"2024-07-01T13:31:15","modified_gmt":"2024-07-01T11:31:15","slug":"politica-de-cookies","status":"publish","type":"page","link":"https:\/\/academiadeidiomaserizo.com\/en\/politica-de-cookies\/","title":{"rendered":"Pol\u00edtica de Cookies"},"content":{"rendered":"<!--themify_builder_content-->\n<div id=\"themify_builder_content-4770\" data-postid=\"4770\" class=\"themify_builder_content themify_builder_content-4770 themify_builder tf_clear\">\n                    <div  data-lazy=\"1\" class=\"module_row themify_builder_row tb_v0po617 tb_first tf_w\">\n                        <div class=\"row_inner col_align_top tb_col_count_1 tf_box tf_rel\">\n                        <div  data-lazy=\"1\" class=\"module_column tb-column col-full tb_9b79617 first\">\n                    <!-- module fancy heading -->\n<div  class=\"module module-fancy-heading tb_3ylj973  tb_hide_divider\" data-lazy=\"1\">\n        <h1 class=\"fancy-heading\">\n    <span class=\"main-head tf_block\">\n                    Pol\u00edtica de Cookies            <\/span>\n\n    \n    <span class=\"sub-head tf_block tf_rel\">\n                                <\/span>\n    <\/h1>\n<\/div>\n<!-- \/module fancy heading -->\n        <\/div>\n                        <\/div>\n        <\/div>\n                        <div  data-lazy=\"1\" class=\"module_row themify_builder_row tb_ug64902 tf_w\">\n                        <div class=\"row_inner col_align_top tb_col_count_1 tf_box tf_rel\">\n                        <div  data-lazy=\"1\" class=\"module_column tb-column col-full tb_h6yg902 first\">\n                    <!-- module text -->\n<div  class=\"module module-text tb_hvts902   \" data-lazy=\"1\">\n        <div  class=\"tb_text_wrap\">\n        <p>Nuestro sitio web\u00a0<a href=\"#\"><span style=\"display: initial;\">https:\/\/academiadeidiomaserizo.com<\/span><\/a>\u00a0(el \u201cSitio Web\u201d) utiliza una tecnolog\u00eda denominada \u201ccookies\u201d con la finalidad de poder recabar informaci\u00f3n acerca del uso del Sitio Web.<\/p>\n<p><span style=\"background-color: initial; font-size: 1em;\">Le informamos de que podemos utilizar cookies con la finalidad de facilitar su navegaci\u00f3n a trav\u00e9s del Sitio Web, distinguirle de otros usuarios, proporcionarle una mejor experiencia en el uso del mismo, e identificar problemas para mejorar nuestro Sitio Web. Asimismo, en caso de que preste su consentimiento, utilizaremos cookies que nos permitan obtener m\u00e1s informaci\u00f3n acerca de sus preferencias y personalizar nuestro Sitio Web de conformidad con sus intereses individuales.<\/span><\/p>\n<p><span style=\"background-color: initial; font-size: 1em;\">La presente pol\u00edtica de cookies tiene por finalidad informarle de manera clara y precisa sobre las cookies que se utilizan en nuestro Sitio Web (la \u201cPol\u00edtica de Cookies\u201d). En caso de que quiera recabar m\u00e1s informaci\u00f3n sobre las cookies que utilizamos en el Sitio Web, podr\u00e1 remitir un correo electr\u00f3nico\u00a0<\/span><a style=\"background-color: initial; font-size: 1em;\" href=\"\/politica-de-cookies\/#contacto\">en el apartado correspondiente.<\/a><\/p>\n<h3>COOKIES<\/h3>\n<p>Una cookie es un archivo que se descarga en su equipo (ordenador o dispositivo m\u00f3vil) con la finalidad de almacenar datos que podr\u00e1n ser actualizados y recuperados por la entidad responsable de su instalaci\u00f3n.<\/p>\n<p><span style=\"background-color: initial; font-size: 1em;\">La informaci\u00f3n recabada a trav\u00e9s de las cookies puede incluir la fecha y hora de visitas al Sitio Web, las p\u00e1ginas visionadas, el tiempo que ha estado en nuestro Sitio Web y los sitios visitados justo antes y despu\u00e9s del mismo.<\/span><\/p>\n<h3>TIPO DE COOKIES QUE SE USAN EN EL SITIO WEB<\/h3>\n<p>Nuestro Sitio Web utiliza las cookies que se describen a continuaci\u00f3n:<\/p>\n<p><strong>Cookies propias<\/strong><\/p>\n<p>Son aquellas cookies que son enviadas a su ordenador y gestionadas exclusivamente por nosotros para el mejor funcionamiento del Sitio Web. La informaci\u00f3n que recabamos se emplea para mejorar la calidad de nuestro servicio y su experiencia como usuario. Estas cookies permanecen en su navegador m\u00e1s tiempo, permiti\u00e9ndonos reconocerle como visitante recurrente del Sitio Web y adaptar el contenido para ofrecerle contenidos que se ajusten a sus preferencias.<\/p>\n<p><strong>Cookies anal\u00edticas de terceros<\/strong><\/p>\n<p>En nuestro Sitio Web tambi\u00e9n utilizamos el sistema de medici\u00f3n de audiencia Google Analytics, una herramienta de an\u00e1lisis web de Google que nos permite conocer c\u00f3mo interact\u00faan los usuarios de nuestro Sitio Web. Asimismo, habilita cookies en el dominio del sitio en el que se encuentra el usuario y utiliza un conjunto de cookies denominadas &#8220;__utma&#8221; y &#8220;__utmz&#8221; para recopilar informaci\u00f3n de forma an\u00f3nima y elaborar informes de tendencias del Sitio Web sin identificar a usuarios individuales.<\/p>\n<p>Junto con nuestros archivos de registro del servidor, nos permiten conocer el n\u00famero total de usuarios que visitan nuestro Sitio Web y aquellas partes del mismo que gozan de mayor popularidad. Gracias a ellas obtenemos una informaci\u00f3n que puede ayudarnos a mejorar la navegaci\u00f3n y dar un mejor servicio a usuarios y clientes.<\/p>\n<p>Si interact\u00faa con el contenido de nuestro Sitio Web tambi\u00e9n pueden establecerse cookies de terceros (por ejemplo, al pulsar botones de redes sociales o visionar v\u00eddeos alojados en otro sitio web). Las cookies de terceros, son aquellas establecidas por un dominio diferente de nuestro Sitio Web. No podemos acceder a los datos almacenados en las cookies de otros sitios web cuando navegue en los citados sitios web.<\/p>\n<p>Incluimos a continuaci\u00f3n el enlace al sitio web de Google donde puede consultar la descripci\u00f3n del tipo de cookies que utiliza Google Analitycs y su periodo de expiraci\u00f3n:\u00a0<a title=\"Abre ventana nueva\" href=\"https:\/\/developers.google.com\/analytics\/devguides\/collection\/analyticsjs\/cookie-usage?hl=es\" target=\"_blank\" rel=\"noopener\">https:\/\/developers.google.com\/analytics\/devguides\/collection\/analyticsjs\/cookie-usage?hl=es<\/a><\/p>\n<h3>CONSENTIMIENTO<\/h3>\n<p>Al navegar y continuar en nuestro Sitio Web estar\u00e1 consintiendo el uso de las cookies antes enunciadas, por los plazos se\u00f1alados y en las condiciones contenidas en la presente Pol\u00edtica de Cookies.<\/p>\n<h3>DESHABILITAR Y BLOQUEAR COOKIES<\/h3>\n<p>En cualquier caso, le informamos de que dado que las cookies no son necesarias para el uso de nuestro Sitio Web, puede bloquearlas o deshabilitarlas activando la configuraci\u00f3n de su navegador que le permite rechazar la instalaci\u00f3n de todas las cookies o de algunas de ellas. La pr\u00e1ctica mayor\u00eda de los navegadores permiten advertir de la presencia de cookies o rechazarlas autom\u00e1ticamente. Si las rechaza podr\u00e1 seguir usando nuestro Sitio Web, aunque el uso de algunos de sus servicios podr\u00e1 ser limitado y por tanto su experiencia en nuestro Sitio Web menos satisfactoria.<\/p>\n<h3>RETIRAR MI CONSENTIMIENTO<\/h3>\n<p>Si quisiese retirar en cualquier momento su consentimiento relacionado con la presente Pol\u00edtica de Cookies, deber\u00e1 eliminar las cookies almacenadas en su equipo (ordenador o dispositivo m\u00f3vil) a trav\u00e9s de los ajustes y configuraciones de su navegador de Internet.<\/p>\n<p>Para mayor informaci\u00f3n sobre la eliminaci\u00f3n, deshabilitaci\u00f3n o bloqueo de las cookies por favor visite:\u00a0<a href=\"http:\/\/www.allaboutcookies.org\/es\/administrar-las-cookies\/\">http:\/\/www.allaboutcookies.org\/es\/administrar-las-cookies\/<\/a><\/p>\n<h3>MODIFICACION DE LA CONFIGURACI\u00d3N Y AJUSTES DE COOKIES<\/h3>\n<p>Salvo que haya ajustado la configuraci\u00f3n de su navegador, nuestro sistema crear\u00e1 cookies en cuanto visite nuestro Sitio Web. Tenga presente que todos los navegadores de Internet permiten el cambio de dicha configuraci\u00f3n. Para m\u00e1s informaci\u00f3n sobre la forma de ajustar sus configuraciones de cookies en los siguientes navegadores, le remitimos al enlace pertinente:<\/p>\n<p><strong>Internet Explorer:<\/strong><\/p>\n<ul>\n<li>5 (<a title=\"Abre ventana nueva\" href=\"http:\/\/support.microsoft.com\/kb\/196955\" target=\"_blank\" rel=\"noopener\">http:\/\/support.microsoft.com\/kb\/196955)<\/a><\/li>\n<li>7 (<a href=\"http:\/\/www.allaboutcookies.org\/es\/administrar-las-cookies\/internet-explorer7-plus.html\">http:\/\/www.allaboutcookies.org\/es\/administrar-las-cookies\/internet-explorer7-plus.html<\/a>)<\/li>\n<li>8 (<a href=\"http:\/\/www.allaboutcookies.org\/es\/administrar-las-cookies\/internet-explorer8-plus.html\">http:\/\/www.allaboutcookies.org\/es\/administrar-las-cookies\/internet-explorer8-plus.html<\/a>)<\/li>\n<li>9 (<a href=\"http:\/\/www.allaboutcookies.org\/es\/administrar-las-cookies\/internet-explorer9-plus.html\">http:\/\/www.allaboutcookies.org\/es\/administrar-las-cookies\/internet-explorer9-plus.html<\/a>)<\/li>\n<li>11 (<a title=\"Abre ventana nueva\" href=\"https:\/\/support.microsoft.com\/es-es\/help\/17442\/windows-internet-explorer-delete-manage-cookies\" target=\"_blank\" rel=\"noopener\">https:\/\/support.microsoft.com\/es-es\/help\/17442\/windows-internet-explorer-delete-manage-cookies<\/a>)<\/li>\n<\/ul>\n<p><strong>Firefox<\/strong><\/p>\n<ul>\n<li><a title=\"Abre ventana nueva\" href=\"https:\/\/support.mozilla.org\/es\/kb\/habilitar-y-deshabilitar-cookies-sitios-web-rastrear-preferencias\" target=\"_blank\" rel=\"noopener\">https:\/\/support.mozilla.org\/es\/kb\/habilitar-y-deshabilitar-cookies-sitios-web-rastrear-preferencias<\/a><\/li>\n<\/ul>\n<p><strong>Chrome<\/strong><\/p>\n<ul>\n<li><a title=\"Abre ventana nueva\" href=\"https:\/\/support.google.com\/chrome\/answer\/95647?co=GENIE.Platform%3DDesktop&amp;hl=es\" target=\"_blank\" rel=\"noopener\">https:\/\/support.google.com\/chrome\/answer\/95647?co=GENIE.Platform%3DDesktop&amp;hl=es<\/a><\/li>\n<\/ul>\n<p><strong>Safari<\/strong><\/p>\n<ul>\n<li><a title=\"Abre ventana nueva\" href=\"https:\/\/support.apple.com\/kb\/ph21411?locale=es_ES\" target=\"_blank\" rel=\"noopener\">https:\/\/support.apple.com\/kb\/ph21411?locale=es_ES<\/a>\u00a0(and for iOS &#8211;\u00a0<a title=\"Abre ventana nueva\" href=\"https:\/\/support.apple.com\/es-es\/HT201265\" target=\"_blank\" rel=\"noopener\">https:\/\/support.apple.com\/es-es\/HT201265<\/a>)<\/li>\n<\/ul>\n<h3>CAMBIOS EN LA POL\u00cdTICA DE COOKIES<\/h3>\n<p>Es posible que actualicemos la Pol\u00edtica de Cookies de nuestro Sitio Web, por ello le recomendamos revisar esta pol\u00edtica cada vez que acceda a nuestro Sitio Web con el objetivo de estar adecuadamente informado sobre c\u00f3mo y para qu\u00e9 usamos las cookies.<\/p>\n<div id=\"contacto\">\n<h3>CONTACTO<\/h3>\n<p>Si tuviera alguna duda, comentario o sugerencia sobre la Pol\u00edtica de Cookies, por favor escribanos en el siguiente formulario<\/p>\n<span style=\"display: initial;\">info@academiadeidiomaserizo.com<\/span>\n<\/div>\n    <\/div>\n<\/div>\n<!-- \/module text -->        <\/div>\n                        <\/div>\n        <\/div>\n        <\/div>\n<!--\/themify_builder_content-->\n\n<div class=\"kk-star-ratings kksr-auto kksr-align-center kksr-valign-bottom\"\n    data-payload='{&quot;align&quot;:&quot;center&quot;,&quot;id&quot;:&quot;4770&quot;,&quot;slug&quot;:&quot;default&quot;,&quot;valign&quot;:&quot;bottom&quot;,&quot;ignore&quot;:&quot;&quot;,&quot;reference&quot;:&quot;auto&quot;,&quot;class&quot;:&quot;&quot;,&quot;count&quot;:&quot;0&quot;,&quot;legendonly&quot;:&quot;&quot;,&quot;readonly&quot;:&quot;&quot;,&quot;score&quot;:&quot;0&quot;,&quot;starsonly&quot;:&quot;&quot;,&quot;best&quot;:&quot;5&quot;,&quot;gap&quot;:&quot;5&quot;,&quot;greet&quot;:&quot;\u00a1D\u00e9janos 5 estrellas si te ha gustado! :D&quot;,&quot;legend&quot;:&quot;0\\\/5 - (0 votes)&quot;,&quot;size&quot;:&quot;24&quot;,&quot;title&quot;:&quot;Pol\u00edtica de Cookies&quot;,&quot;width&quot;:&quot;0&quot;,&quot;_legend&quot;:&quot;{score}\\\/{best} - ({count} {votes})&quot;,&quot;font_factor&quot;:&quot;1.25&quot;}'>\n            \n<div class=\"kksr-stars\">\n    \n<div class=\"kksr-stars-inactive\">\n            <div class=\"kksr-star\" data-star=\"1\" style=\"padding-right: 5px\">\n            \n\n<div class=\"kksr-icon\" style=\"width: 24px; height: 24px;\"><\/div>\n        <\/div>\n            <div class=\"kksr-star\" data-star=\"2\" style=\"padding-right: 5px\">\n            \n\n<div class=\"kksr-icon\" style=\"width: 24px; height: 24px;\"><\/div>\n        <\/div>\n            <div class=\"kksr-star\" data-star=\"3\" style=\"padding-right: 5px\">\n            \n\n<div class=\"kksr-icon\" style=\"width: 24px; height: 24px;\"><\/div>\n        <\/div>\n            <div class=\"kksr-star\" data-star=\"4\" style=\"padding-right: 5px\">\n            \n\n<div class=\"kksr-icon\" style=\"width: 24px; height: 24px;\"><\/div>\n        <\/div>\n            <div class=\"kksr-star\" data-star=\"5\" style=\"padding-right: 5px\">\n            \n\n<div class=\"kksr-icon\" style=\"width: 24px; height: 24px;\"><\/div>\n        <\/div>\n    <\/div>\n    \n<div class=\"kksr-stars-active\" style=\"width: 0px;\">\n            <div class=\"kksr-star\" style=\"padding-right: 5px\">\n            \n\n<div class=\"kksr-icon\" style=\"width: 24px; height: 24px;\"><\/div>\n        <\/div>\n            <div class=\"kksr-star\" style=\"padding-right: 5px\">\n            \n\n<div class=\"kksr-icon\" style=\"width: 24px; height: 24px;\"><\/div>\n        <\/div>\n            <div class=\"kksr-star\" style=\"padding-right: 5px\">\n            \n\n<div class=\"kksr-icon\" style=\"width: 24px; height: 24px;\"><\/div>\n        <\/div>\n            <div class=\"kksr-star\" style=\"padding-right: 5px\">\n            \n\n<div class=\"kksr-icon\" style=\"width: 24px; height: 24px;\"><\/div>\n        <\/div>\n            <div class=\"kksr-star\" style=\"padding-right: 5px\">\n            \n\n<div class=\"kksr-icon\" style=\"width: 24px; height: 24px;\"><\/div>\n        <\/div>\n    <\/div>\n<\/div>\n                \n\n<div class=\"kksr-legend\" style=\"font-size: 19.2px;\">\n            <span class=\"kksr-muted\">\u00a1D\u00e9janos 5 estrellas si te ha gustado! \ud83d\ude00<\/span>\n    <\/div>\n    <\/div>","protected":false},"excerpt":{"rendered":"<p>Pol\u00edtica de Cookies Nuestro sitio web\u00a0\u00a0(el \u201cSitio Web\u201d) utiliza una tecnolog\u00eda denominada \u201ccookies\u201d con la finalidad de poder recabar informaci\u00f3n acerca del uso del Sitio Web. Le informamos de que podemos utilizar cookies con la finalidad de facilitar su navegaci\u00f3n a trav\u00e9s del Sitio Web, distinguirle de otros usuarios, proporcionarle una mejor experiencia en el [&hellip;]<\/p>\n","protected":false},"author":3,"featured_media":0,"parent":0,"menu_order":0,"comment_status":"closed","ping_status":"closed","template":"","meta":{"_eb_attr":"","footnotes":""},"yoast_head":"<!-- This site is optimized with the Yoast SEO plugin v24.4 - https:\/\/yoast.com\/wordpress\/plugins\/seo\/ -->\n<title>Pol\u00edtica de Cookies | Academia de Idiomas Erizo<\/title>\n<meta name=\"robots\" content=\"index, follow, max-snippet:-1, max-image-preview:large, max-video-preview:-1\" \/>\n<link rel=\"canonical\" href=\"https:\/\/academiadeidiomaserizo.com\/en\/politica-de-cookies\/\" \/>\n<meta property=\"og:locale\" content=\"en_US\" \/>\n<meta property=\"og:type\" content=\"article\" \/>\n<meta property=\"og:title\" content=\"Pol\u00edtica de Cookies | Academia de Idiomas Erizo\" \/>\n<meta property=\"og:description\" content=\"Pol\u00edtica de Cookies Nuestro sitio web\u00a0\u00a0(el \u201cSitio Web\u201d) utiliza una tecnolog\u00eda denominada \u201ccookies\u201d con la finalidad de poder recabar informaci\u00f3n acerca del uso del Sitio Web. Le informamos de que podemos utilizar cookies con la finalidad de facilitar su navegaci\u00f3n a trav\u00e9s del Sitio Web, distinguirle de otros usuarios, proporcionarle una mejor experiencia en el [&hellip;]\" \/>\n<meta property=\"og:url\" content=\"https:\/\/academiadeidiomaserizo.com\/en\/politica-de-cookies\/\" \/>\n<meta property=\"og:site_name\" content=\"Academia de Idiomas Erizo\" \/>\n<meta property=\"article:modified_time\" content=\"2024-07-01T11:31:15+00:00\" \/>\n<meta name=\"twitter:card\" content=\"summary_large_image\" \/>\n<!-- \/ Yoast SEO plugin. -->","yoast_head_json":{"title":"Pol\u00edtica de Cookies | Academia de Idiomas Erizo","robots":{"index":"index","follow":"follow","max-snippet":"max-snippet:-1","max-image-preview":"max-image-preview:large","max-video-preview":"max-video-preview:-1"},"canonical":"https:\/\/academiadeidiomaserizo.com\/en\/politica-de-cookies\/","og_locale":"en_US","og_type":"article","og_title":"Pol\u00edtica de Cookies | Academia de Idiomas Erizo","og_description":"Pol\u00edtica de Cookies Nuestro sitio web\u00a0\u00a0(el \u201cSitio Web\u201d) utiliza una tecnolog\u00eda denominada \u201ccookies\u201d con la finalidad de poder recabar informaci\u00f3n acerca del uso del Sitio Web. Le informamos de que podemos utilizar cookies con la finalidad de facilitar su navegaci\u00f3n a trav\u00e9s del Sitio Web, distinguirle de otros usuarios, proporcionarle una mejor experiencia en el [&hellip;]","og_url":"https:\/\/academiadeidiomaserizo.com\/en\/politica-de-cookies\/","og_site_name":"Academia de Idiomas Erizo","article_modified_time":"2024-07-01T11:31:15+00:00","twitter_card":"summary_large_image","schema":{"@context":"https:\/\/schema.org","@graph":[{"@type":"WebPage","@id":"https:\/\/academiadeidiomaserizo.com\/en\/politica-de-cookies\/","url":"https:\/\/academiadeidiomaserizo.com\/en\/politica-de-cookies\/","name":"Pol\u00edtica de Cookies | Academia de Idiomas Erizo","isPartOf":{"@id":"https:\/\/academiadeidiomaserizo.com\/en\/#website"},"datePublished":"2019-11-27T14:25:23+00:00","dateModified":"2024-07-01T11:31:15+00:00","breadcrumb":{"@id":"https:\/\/academiadeidiomaserizo.com\/en\/politica-de-cookies\/#breadcrumb"},"inLanguage":"en-US","potentialAction":[{"@type":"ReadAction","target":["https:\/\/academiadeidiomaserizo.com\/en\/politica-de-cookies\/"]}]},{"@type":"BreadcrumbList","@id":"https:\/\/academiadeidiomaserizo.com\/en\/politica-de-cookies\/#breadcrumb","itemListElement":[{"@type":"ListItem","position":1,"name":"Portada","item":"https:\/\/academiadeidiomaserizo.com\/en\/"},{"@type":"ListItem","position":2,"name":"Pol\u00edtica de Cookies"}]},{"@type":"WebSite","@id":"https:\/\/academiadeidiomaserizo.com\/en\/#website","url":"https:\/\/academiadeidiomaserizo.com\/en\/","name":"Academia de Idiomas Erizo","description":"","potentialAction":[{"@type":"SearchAction","target":{"@type":"EntryPoint","urlTemplate":"https:\/\/academiadeidiomaserizo.com\/en\/?s={search_term_string}"},"query-input":{"@type":"PropertyValueSpecification","valueRequired":true,"valueName":"search_term_string"}}],"inLanguage":"en-US"}]}},"_links":{"self":[{"href":"https:\/\/academiadeidiomaserizo.com\/en\/wp-json\/wp\/v2\/pages\/4770"}],"collection":[{"href":"https:\/\/academiadeidiomaserizo.com\/en\/wp-json\/wp\/v2\/pages"}],"about":[{"href":"https:\/\/academiadeidiomaserizo.com\/en\/wp-json\/wp\/v2\/types\/page"}],"author":[{"embeddable":true,"href":"https:\/\/academiadeidiomaserizo.com\/en\/wp-json\/wp\/v2\/users\/3"}],"replies":[{"embeddable":true,"href":"https:\/\/academiadeidiomaserizo.com\/en\/wp-json\/wp\/v2\/comments?post=4770"}],"version-history":[{"count":2,"href":"https:\/\/academiadeidiomaserizo.com\/en\/wp-json\/wp\/v2\/pages\/4770\/revisions"}],"predecessor-version":[{"id":5646,"href":"https:\/\/academiadeidiomaserizo.com\/en\/wp-json\/wp\/v2\/pages\/4770\/revisions\/5646"}],"wp:attachment":[{"href":"https:\/\/academiadeidiomaserizo.com\/en\/wp-json\/wp\/v2\/media?parent=4770"}],"curies":[{"name":"wp","href":"https:\/\/api.w.org\/{rel}","templated":true}]}}