{"id":4771,"date":"2019-11-27T15:20:53","date_gmt":"2019-11-27T14:20:53","guid":{"rendered":"https:\/\/academiadeidiomaserizo.com\/politica-de-privacidad\/"},"modified":"2025-02-05T11:29:20","modified_gmt":"2025-02-05T10:29:20","slug":"politica-de-privacidad","status":"publish","type":"page","link":"https:\/\/academiadeidiomaserizo.com\/en\/politica-de-privacidad\/","title":{"rendered":"Pol\u00edtica de privacidad"},"content":{"rendered":"<!--themify_builder_content-->\n<div id=\"themify_builder_content-4771\" data-postid=\"4771\" class=\"themify_builder_content themify_builder_content-4771 themify_builder tf_clear\">\n                    <div  data-lazy=\"1\" class=\"module_row themify_builder_row tb_3o05465 tb_first tf_w\">\n                        <div class=\"row_inner col_align_top tb_col_count_1 tf_box tf_rel\">\n                        <div  data-lazy=\"1\" class=\"module_column tb-column col-full tb_80r7465 first\">\n                    <!-- module fancy heading -->\n<div  class=\"module module-fancy-heading tb_ny7x459  tb_hide_divider\" data-lazy=\"1\">\n        <h1 class=\"fancy-heading\">\n    <span class=\"main-head tf_block\">\n                    Pol\u00edtica de privacidad            <\/span>\n\n    \n    <span class=\"sub-head tf_block tf_rel\">\n                                <\/span>\n    <\/h1>\n<\/div>\n<!-- \/module fancy heading -->\n        <\/div>\n                        <\/div>\n        <\/div>\n                        <div  data-lazy=\"1\" class=\"module_row themify_builder_row tb_9le6763 tf_w\">\n                        <div class=\"row_inner col_align_top tb_col_count_1 tf_box tf_rel\">\n                        <div  data-lazy=\"1\" class=\"module_column tb-column col-full tb_jp88763 first\">\n                    <!-- module text -->\n<div  class=\"module module-text tb_4czt763   \" data-lazy=\"1\">\n        <div  class=\"tb_text_wrap\">\n        <ol>\n<li><a href=\"\/politica-de-privacidad#1\"><u>Identificaci\u00f3n y datos de contacto del Responsable<\/u><\/a><\/li>\n<li><a href=\"\/politica-de-privacidad#2\"><u>Informaci\u00f3n necesaria y actualizada<\/u><\/a><\/li>\n<li><a href=\"\/politica-de-privacidad#3\"><u>Informaci\u00f3n general: descripci\u00f3n de la informaci\u00f3n contenida en la pol\u00edtica de privacidad<\/u><\/a><\/li>\n<li><a href=\"\/politica-de-privacidad#4\"><u>Informaci\u00f3n detallada de los tratamientos realizados<\/u><\/a><\/li>\n<li><a href=\"\/politica-de-privacidad#5\"><u>Ejercicio de sus derechos<\/u><\/a><\/li>\n<li><a href=\"\/politica-de-privacidad#6\"><u>Cookies<\/u><\/a><\/li>\n<li><a href=\"\/politica-de-privacidad#7\"><u>Medidas de seguridad<\/u><\/a><\/li>\n<li><a href=\"\/politica-de-privacidad#8\"><u>Menores<\/u><\/a><\/li>\n<li><a href=\"\/politica-de-privacidad#9\"><u>Contacto para ejercer los derechos sobre la privacidad de los datos<\/u><\/a><\/li>\n<\/ol>\n<h3 id=\"1\" class=\"text_subtitle\">1. Identificaci\u00f3n y datos de contacto del Responsable<\/h3>\n<p><span style=\"display: initial;\">Grupo ERIZO SL<\/span>, con CIF <!-- Shortcode [dninegocio] does not exist -->, (en adelante, \u201c<strong><span style=\"display: initial;\">Grupo ERIZO SL<\/span><\/strong>\u201d ), es la responsable del tratamiento de sus datos personales. En la presente pol\u00edtica de privacidad se facilita la informaci\u00f3n sobre el uso que realizar\u00e1 <span style=\"display: initial;\">https:\/\/academiadeidiomaserizo.com<\/span> de sus datos personales en su condici\u00f3n de usuario de la web (<span style=\"display: initial;\">https:\/\/academiadeidiomaserizo.com<\/span>). La presente Pol\u00edtica de Privacidad tiene por objeto facilitar informaci\u00f3n sobre los derechos que le asisten en virtud del Reglamento General de Protecci\u00f3n de Datos (\u201c<strong>RGPD<\/strong>\u201d). Si tiene cualquier duda relativa al tratamiento de sus datos personales, contacte con <span style=\"display: initial;\">https:\/\/academiadeidiomaserizo.com<\/span> mediante el\u00a0<a href=\"\/politica-de-privacidad\/#9\">contacto de privacidad<\/a>.<\/p>\n<h3 id=\"2\" class=\"text_subtitle\">2. Informaci\u00f3n necesaria y actualizada<\/h3>\n<p>Todos los campos que aparezcan se\u00f1alados con un asterisco (*) en los formularios de la Web ser\u00e1n de obligada cumplimentaci\u00f3n, de tal modo que la omisi\u00f3n de alguno de ellos podr\u00eda comportar la imposibilidad de que se le puedan facilitar los servicios o informaci\u00f3n solicitados. Deber\u00e1 proporcionar informaci\u00f3n ver\u00eddica, para que la informaci\u00f3n facilitada est\u00e9 siempre actualizada y no contenga errores, deber\u00e1 comunicar a <span style=\"display: initial;\">https:\/\/academiadeidiomaserizo.com<\/span> a la mayor brevedad posible, las modificaciones y rectificaciones de sus datos de car\u00e1cter personal que se vayan produciendo , mediante el\u00a0<a href=\"\/politica-de-privacidad\/#9\">contacto de privacidad<\/a>. Asimismo, al hacer \u201cclick\u201d en el bot\u00f3n \u201cAcepto\u201d (o equivalente) incorporado en los citados formularios, declara que la informaci\u00f3n y los datos que en ellos ha facilitado son exactos y veraces.<\/p>\n<h3 id=\"3\" class=\"text_subtitle\">3. Informaci\u00f3n general: descripci\u00f3n de la informaci\u00f3n contenida en la pol\u00edtica de privacidad<\/h3>\n<p>En la presente pol\u00edtica de privacidad encontrar\u00e1 una tabla identificando, por cada uno de los diferentes tratamientos de datos realizados por <span style=\"display: initial;\">https:\/\/academiadeidiomaserizo.com<\/span> a la siguiente informaci\u00f3n:<\/p>\n<ol>\n<li>Las finalidades del tratamiento de sus datos personales, esto es, el motivo por el cual <span style=\"display: initial;\">https:\/\/academiadeidiomaserizo.com<\/span> trata sus datos personales.<\/li>\n<li>Las bases legales que permiten el tratamiento de sus datos por parte de <span style=\"display: initial;\">https:\/\/academiadeidiomaserizo.com<\/span> para cada una de las finalidades indicadas.<\/li>\n<li>La posible comunicaci\u00f3n de sus datos a terceros, as\u00ed como la causa de dicha comunicaci\u00f3n. A estos efectos, le informamos de que no cedemos sus datos personales a terceros salvo que exista una obligaci\u00f3n legal o bien se trate de profesionales colaboradores designados por <span style=\"display: initial;\">https:\/\/academiadeidiomaserizo.com<\/span> para poder prestarle el servicio contratado o encargo profesional. Los prestadores de servicios que acceden a sus datos personales, con car\u00e1cter general, se dedican a los sectores de sistemas de informaci\u00f3n y tecnolog\u00eda. En la tabla que figura a continuaci\u00f3n se indicar\u00e1n, en su caso, aquellos otros sectores a los que se dediquen otros posibles prestadores de servicios de <span style=\"display: initial;\">https:\/\/academiadeidiomaserizo.com<\/span> que deban acceder a sus datos personales. Le informamos de que puede solicitar mayor detalle de informaci\u00f3n respecto de los destinatarios de sus datos mediante el\u00a0<a href=\"\/politica-de-privacidad\/#9\">contacto de privacidad<\/a>. indicando el tratamiento concreto sobre cuyos destinatarios querr\u00eda informaci\u00f3n.<\/li>\n<li>El plazo de conservaci\u00f3n de los datos que nos facilite. Asimismo, le informamos de que sus datos permanecer\u00e1n bloqueados para la atenci\u00f3n de reclamaciones judiciales, administrativas o fiscales, durante los plazos que resulten de la legislaci\u00f3n aplicable.<\/li>\n<\/ol>\n<h3 id=\"4\" class=\"text_subtitle\">4. Informaci\u00f3n detallada de los tratamientos realizados por <span style=\"display: initial;\">https:\/\/academiadeidiomaserizo.com<\/span><\/h3>\n<table id=\"t116456\" class=\"wdn_responsive_table flush-left\">\n<thead>\n<tr>\n<th id=\"t116456_row_0col_0\" colspan=\"1\">Finalidad del tratamiento<\/th>\n<th id=\"t116456_row_0col_1\" colspan=\"1\">Base legal<\/th>\n<th id=\"t116456_row_0col_2\" colspan=\"1\">Destinatarios<\/th>\n<th id=\"t116456_row_0col_4\" colspan=\"1\">Plazo de conservaci\u00f3n<\/th>\n<\/tr>\n<\/thead>\n<tbody>\n<tr>\n<td colspan=\"1\" headers=\"t116456_row_0col_0\" data-header=\"Finalidad del tratamiento\">Gestionar las consultas planteadas a trav\u00e9s del formulario de consulta<\/td>\n<td colspan=\"1\" headers=\"t116456_row_0col_1\" data-header=\"Base legal\">Inter\u00e9s leg\u00edtimo de <span style=\"display: initial;\">https:\/\/academiadeidiomaserizo.com<\/span> para atender a los requerimientos de informaci\u00f3n a trav\u00e9s de la Web.<\/td>\n<td colspan=\"1\" headers=\"t116456_row_0col_2\" data-header=\"Destinatarios\">Sus datos pueden ser cedidos a los terceros profesionales designados por <span style=\"display: initial;\">https:\/\/academiadeidiomaserizo.com<\/span> encargados de atender su solicitud de informaci\u00f3n. No acceder\u00e1n a sus datos personales prestadores de servicios adicionales de los indicados en el\u00a0<a href=\"\/politica-de-privacidad\/?tb-preview=1&amp;ver=5.6.7&amp;tb-id=228#3\">apartado 3c<\/a>.<\/td>\n<td colspan=\"1\" headers=\"t116456_row_0col_4\" data-header=\"Plazo de conservaci\u00f3n\">Hasta la resoluci\u00f3n de su solicitud de informaci\u00f3n<\/td>\n<\/tr>\n<tr>\n<td colspan=\"1\" headers=\"t116456_row_0col_0\" data-header=\"Finalidad del tratamiento\">Gestionar su suscripci\u00f3n al Foro\/Blog de <span style=\"display: initial;\">https:\/\/academiadeidiomaserizo.com<\/span> identificada en el formulario de registro. Gestionar su registro y comentarios que facilite en el blog\/foro.<\/td>\n<td colspan=\"1\" headers=\"t116456_row_0col_1\" data-header=\"Base legal\">Relaci\u00f3n contractual para la prestaci\u00f3n del servicio solicitado, aun cuando el mismo tenga el car\u00e1cter de gratuito.<\/td>\n<td colspan=\"1\" headers=\"t116456_row_0col_2\" data-header=\"Destinatarios\">Las categor\u00edas de destinatarios que podr\u00e1n acceder a sus datos personales son los identificados en el\u00a0<a href=\"\/politica-de-privacidad\/?tb-preview=1&amp;ver=5.6.7&amp;tb-id=228#3\">apartado 3.c<\/a>.<\/td>\n<td colspan=\"1\" headers=\"t116456_row_0col_4\" data-header=\"Plazo de conservaci\u00f3n\">Durante tres a\u00f1os desde la \u00faltima interacci\u00f3n con <span style=\"display: initial;\">https:\/\/academiadeidiomaserizo.com<\/span> o hasta que manifieste su voluntad de no continuar suscrito al foro\/ blog (lo que suceda antes)<\/td>\n<\/tr>\n<\/tbody>\n<\/table>\n<h3 id=\"5\" class=\"text_subtitle\">5. Ejercicio de sus derechos<\/h3>\n<p>Le informamos de que podr\u00e1 ejercer los siguientes derechos:<\/p>\n<ol>\n<li>derecho de acceso a sus datos personales para saber cu\u00e1les est\u00e1n siendo objeto de tratamiento y las operaciones de tratamiento llevadas a cabo con ellos;<\/li>\n<li>derecho de rectificaci\u00f3n de cualquier dato personal inexacto;<\/li>\n<li>derecho de supresi\u00f3n de sus datos personales, cuando esto sea posible;<\/li>\n<li>derecho a solicitar la limitaci\u00f3n del tratamiento de sus datos personales cuando la exactitud, la legalidad o la necesidad del tratamiento de los datos resulte dudosa, en cuyo caso, podremos conservarlos para el ejercicio o la defensa de reclamaciones;<\/li>\n<li>derecho a la portabilidad de sus datos personales, cuando la base legal que nos habilite para su tratamiento de las indicadas en la tabla arriba incluida sea la relaci\u00f3n contractual o el consentimiento;<\/li>\n<li>derecho de oposici\u00f3n al tratamiento de sus datos personales, cuando la base legal que nos habilite para su tratamiento de las indicadas en la tabla arriba incluida sea el inter\u00e9s leg\u00edtimo. A estos efectos, dejaremos de tratar sus datos salvo que tengamos un inter\u00e9s leg\u00edtimo imperioso o para la formulaci\u00f3n, el ejercicio o la defensa de reclamaciones.<\/li>\n<li>derecho a revocar su consentimiento en cualquier momento.<\/li>\n<\/ol>\n<p>Podr\u00e1 ejercitar sus derechos en cualquier momento y de forma gratuita mediante el\u00a0<a href=\"\/politica-de-privacidad\/#9\">contacto de privacidad<\/a>. indicando el derecho que desea ejercitar y sus datos identificativos. Si considera que no hemos tratado sus datos personales adecuadamente puede contactar con nostros mediante el\u00a0<a href=\"\/politica-de-privacidad\/#9\">contacto de privacidad<\/a>. No obstante, le informamos de que tiene derecho a presentar una reclamaci\u00f3n ante la Agencia Espa\u00f1ola de Protecci\u00f3n de Datos si considera que se ha cometido una infracci\u00f3n de la legislaci\u00f3n en materia de protecci\u00f3n de datos respecto al tratamiento de sus datos personales.<\/p>\n<h3 id=\"6\" class=\"text_subtitle\">6. Cookies<\/h3>\n<p><span style=\"display: initial;\">Grupo ERIZO SL<\/span> \u00fanicamente utilizar\u00e1 dispositivos de almacenamiento y recuperaci\u00f3n de datos (&#8216;Cookies&#8217;) cuando el usuario haya dado su consentimiento previo para ello de acuerdo con lo que se indica en la ventana emergente del navegador del usuario cuando accede por primera vez a la Web y en los dem\u00e1s t\u00e9rminos y condiciones que se indican en la\u00a0<a href=\"\/politica-de-cookies\">Pol\u00edtica de cookies<\/a>\u00a0de <span style=\"display: initial;\">Grupo ERIZO SL<\/span> que todo usuario debe conocer.<\/p>\n<h3 id=\"7\" class=\"text_subtitle\">7. Medidas de seguridad<\/h3>\n<p><span style=\"display: initial;\">Grupo ERIZO SL<\/span> adopta los niveles de seguridad requeridos por el RGPD adecuados a la naturaleza de los datos que son objeto de tratamiento en cada momento. No obstante lo anterior, la seguridad t\u00e9cnica en un medio como Internet no es inexpugnable y pueden existir actuaciones dolosas de terceros, si bien <span style=\"display: initial;\">https:\/\/academiadeidiomaserizo.com<\/span> pone todos los medios a su alcance para evitar dichas actuaciones.<\/p>\n<h3 id=\"8\" class=\"text_subtitle\">8. Menores<\/h3>\n<p>Los menores de edad no podr\u00e1n usar los servicios disponibles a trav\u00e9s de la Web sin la previa autorizaci\u00f3n de sus padres, tutores o representantes legales, quienes ser\u00e1n los \u00fanicos responsables de todos los actos realizados a trav\u00e9s de la Web por los menores a su cargo, incluyendo la cumplimentaci\u00f3n de los formularios con los datos personales de dichos menores y la marcaci\u00f3n, en su caso, de las casillas que los acompa\u00f1an.<\/p>\n<h3 id=\"9\" class=\"text_subtitle\">9. Contacto para ejercer los derechos sobre la privacidad de los datos<\/h3>\n<span style=\"display: initial;\">info@academiadeidiomaserizo.com<\/span>\n    <\/div>\n<\/div>\n<!-- \/module text -->        <\/div>\n                        <\/div>\n        <\/div>\n        <\/div>\n<!--\/themify_builder_content-->\n\n<div class=\"kk-star-ratings kksr-auto kksr-align-center kksr-valign-bottom\"\n    data-payload='{&quot;align&quot;:&quot;center&quot;,&quot;id&quot;:&quot;4771&quot;,&quot;slug&quot;:&quot;default&quot;,&quot;valign&quot;:&quot;bottom&quot;,&quot;ignore&quot;:&quot;&quot;,&quot;reference&quot;:&quot;auto&quot;,&quot;class&quot;:&quot;&quot;,&quot;count&quot;:&quot;0&quot;,&quot;legendonly&quot;:&quot;&quot;,&quot;readonly&quot;:&quot;&quot;,&quot;score&quot;:&quot;0&quot;,&quot;starsonly&quot;:&quot;&quot;,&quot;best&quot;:&quot;5&quot;,&quot;gap&quot;:&quot;5&quot;,&quot;greet&quot;:&quot;\u00a1D\u00e9janos 5 estrellas si te ha gustado! :D&quot;,&quot;legend&quot;:&quot;0\\\/5 - (0 votes)&quot;,&quot;size&quot;:&quot;24&quot;,&quot;title&quot;:&quot;Pol\u00edtica de privacidad&quot;,&quot;width&quot;:&quot;0&quot;,&quot;_legend&quot;:&quot;{score}\\\/{best} - ({count} {votes})&quot;,&quot;font_factor&quot;:&quot;1.25&quot;}'>\n            \n<div class=\"kksr-stars\">\n    \n<div class=\"kksr-stars-inactive\">\n            <div class=\"kksr-star\" data-star=\"1\" style=\"padding-right: 5px\">\n            \n\n<div class=\"kksr-icon\" style=\"width: 24px; height: 24px;\"><\/div>\n        <\/div>\n            <div class=\"kksr-star\" data-star=\"2\" style=\"padding-right: 5px\">\n            \n\n<div class=\"kksr-icon\" style=\"width: 24px; height: 24px;\"><\/div>\n        <\/div>\n            <div class=\"kksr-star\" data-star=\"3\" style=\"padding-right: 5px\">\n            \n\n<div class=\"kksr-icon\" style=\"width: 24px; height: 24px;\"><\/div>\n        <\/div>\n            <div class=\"kksr-star\" data-star=\"4\" style=\"padding-right: 5px\">\n            \n\n<div class=\"kksr-icon\" style=\"width: 24px; height: 24px;\"><\/div>\n        <\/div>\n            <div class=\"kksr-star\" data-star=\"5\" style=\"padding-right: 5px\">\n            \n\n<div class=\"kksr-icon\" style=\"width: 24px; height: 24px;\"><\/div>\n        <\/div>\n    <\/div>\n    \n<div class=\"kksr-stars-active\" style=\"width: 0px;\">\n            <div class=\"kksr-star\" style=\"padding-right: 5px\">\n            \n\n<div class=\"kksr-icon\" style=\"width: 24px; height: 24px;\"><\/div>\n        <\/div>\n            <div class=\"kksr-star\" style=\"padding-right: 5px\">\n            \n\n<div class=\"kksr-icon\" style=\"width: 24px; height: 24px;\"><\/div>\n        <\/div>\n            <div class=\"kksr-star\" style=\"padding-right: 5px\">\n            \n\n<div class=\"kksr-icon\" style=\"width: 24px; height: 24px;\"><\/div>\n        <\/div>\n            <div class=\"kksr-star\" style=\"padding-right: 5px\">\n            \n\n<div class=\"kksr-icon\" style=\"width: 24px; height: 24px;\"><\/div>\n        <\/div>\n            <div class=\"kksr-star\" style=\"padding-right: 5px\">\n            \n\n<div class=\"kksr-icon\" style=\"width: 24px; height: 24px;\"><\/div>\n        <\/div>\n    <\/div>\n<\/div>\n                \n\n<div class=\"kksr-legend\" style=\"font-size: 19.2px;\">\n            <span class=\"kksr-muted\">\u00a1D\u00e9janos 5 estrellas si te ha gustado! \ud83d\ude00<\/span>\n    <\/div>\n    <\/div>","protected":false},"excerpt":{"rendered":"<p>Identificaci\u00f3n y datos de contacto del Responsable Informaci\u00f3n necesaria y actualizada Informaci\u00f3n general: descripci\u00f3n de la informaci\u00f3n contenida en la pol\u00edtica de privacidad Informaci\u00f3n detallada de los tratamientos realizados Ejercicio de sus derechos Cookies Medidas de seguridad Menores Contacto para ejercer los derechos sobre la privacidad de los datos 1. Identificaci\u00f3n y datos de contacto [&hellip;]<\/p>\n","protected":false},"author":3,"featured_media":0,"parent":0,"menu_order":0,"comment_status":"closed","ping_status":"closed","template":"","meta":{"_eb_attr":"","footnotes":""},"yoast_head":"<!-- This site is optimized with the Yoast SEO plugin v24.4 - https:\/\/yoast.com\/wordpress\/plugins\/seo\/ -->\n<title>Pol\u00edtica de privacidad | Academia de Idiomas Erizo<\/title>\n<meta name=\"robots\" content=\"index, follow, max-snippet:-1, max-image-preview:large, max-video-preview:-1\" \/>\n<link rel=\"canonical\" href=\"https:\/\/academiadeidiomaserizo.com\/en\/politica-de-privacidad\/\" \/>\n<meta property=\"og:locale\" content=\"en_US\" \/>\n<meta property=\"og:type\" content=\"article\" \/>\n<meta property=\"og:title\" content=\"Pol\u00edtica de privacidad | Academia de Idiomas Erizo\" \/>\n<meta property=\"og:description\" content=\"Identificaci\u00f3n y datos de contacto del Responsable Informaci\u00f3n necesaria y actualizada Informaci\u00f3n general: descripci\u00f3n de la informaci\u00f3n contenida en la pol\u00edtica de privacidad Informaci\u00f3n detallada de los tratamientos realizados Ejercicio de sus derechos Cookies Medidas de seguridad Menores Contacto para ejercer los derechos sobre la privacidad de los datos 1. Identificaci\u00f3n y datos de contacto [&hellip;]\" \/>\n<meta property=\"og:url\" content=\"https:\/\/academiadeidiomaserizo.com\/en\/politica-de-privacidad\/\" \/>\n<meta property=\"og:site_name\" content=\"Academia de Idiomas Erizo\" \/>\n<meta property=\"article:modified_time\" content=\"2025-02-05T10:29:20+00:00\" \/>\n<meta name=\"twitter:card\" content=\"summary_large_image\" \/>\n<!-- \/ Yoast SEO plugin. -->","yoast_head_json":{"title":"Pol\u00edtica de privacidad | Academia de Idiomas Erizo","robots":{"index":"index","follow":"follow","max-snippet":"max-snippet:-1","max-image-preview":"max-image-preview:large","max-video-preview":"max-video-preview:-1"},"canonical":"https:\/\/academiadeidiomaserizo.com\/en\/politica-de-privacidad\/","og_locale":"en_US","og_type":"article","og_title":"Pol\u00edtica de privacidad | Academia de Idiomas Erizo","og_description":"Identificaci\u00f3n y datos de contacto del Responsable Informaci\u00f3n necesaria y actualizada Informaci\u00f3n general: descripci\u00f3n de la informaci\u00f3n contenida en la pol\u00edtica de privacidad Informaci\u00f3n detallada de los tratamientos realizados Ejercicio de sus derechos Cookies Medidas de seguridad Menores Contacto para ejercer los derechos sobre la privacidad de los datos 1. Identificaci\u00f3n y datos de contacto [&hellip;]","og_url":"https:\/\/academiadeidiomaserizo.com\/en\/politica-de-privacidad\/","og_site_name":"Academia de Idiomas Erizo","article_modified_time":"2025-02-05T10:29:20+00:00","twitter_card":"summary_large_image","schema":{"@context":"https:\/\/schema.org","@graph":[{"@type":"WebPage","@id":"https:\/\/academiadeidiomaserizo.com\/en\/politica-de-privacidad\/","url":"https:\/\/academiadeidiomaserizo.com\/en\/politica-de-privacidad\/","name":"Pol\u00edtica de privacidad | Academia de Idiomas Erizo","isPartOf":{"@id":"https:\/\/academiadeidiomaserizo.com\/en\/#website"},"datePublished":"2019-11-27T14:20:53+00:00","dateModified":"2025-02-05T10:29:20+00:00","breadcrumb":{"@id":"https:\/\/academiadeidiomaserizo.com\/en\/politica-de-privacidad\/#breadcrumb"},"inLanguage":"en-US","potentialAction":[{"@type":"ReadAction","target":["https:\/\/academiadeidiomaserizo.com\/en\/politica-de-privacidad\/"]}]},{"@type":"BreadcrumbList","@id":"https:\/\/academiadeidiomaserizo.com\/en\/politica-de-privacidad\/#breadcrumb","itemListElement":[{"@type":"ListItem","position":1,"name":"Portada","item":"https:\/\/academiadeidiomaserizo.com\/en\/"},{"@type":"ListItem","position":2,"name":"Pol\u00edtica de privacidad"}]},{"@type":"WebSite","@id":"https:\/\/academiadeidiomaserizo.com\/en\/#website","url":"https:\/\/academiadeidiomaserizo.com\/en\/","name":"Academia de Idiomas Erizo","description":"","potentialAction":[{"@type":"SearchAction","target":{"@type":"EntryPoint","urlTemplate":"https:\/\/academiadeidiomaserizo.com\/en\/?s={search_term_string}"},"query-input":{"@type":"PropertyValueSpecification","valueRequired":true,"valueName":"search_term_string"}}],"inLanguage":"en-US"}]}},"_links":{"self":[{"href":"https:\/\/academiadeidiomaserizo.com\/en\/wp-json\/wp\/v2\/pages\/4771"}],"collection":[{"href":"https:\/\/academiadeidiomaserizo.com\/en\/wp-json\/wp\/v2\/pages"}],"about":[{"href":"https:\/\/academiadeidiomaserizo.com\/en\/wp-json\/wp\/v2\/types\/page"}],"author":[{"embeddable":true,"href":"https:\/\/academiadeidiomaserizo.com\/en\/wp-json\/wp\/v2\/users\/3"}],"replies":[{"embeddable":true,"href":"https:\/\/academiadeidiomaserizo.com\/en\/wp-json\/wp\/v2\/comments?post=4771"}],"version-history":[{"count":6,"href":"https:\/\/academiadeidiomaserizo.com\/en\/wp-json\/wp\/v2\/pages\/4771\/revisions"}],"predecessor-version":[{"id":10479,"href":"https:\/\/academiadeidiomaserizo.com\/en\/wp-json\/wp\/v2\/pages\/4771\/revisions\/10479"}],"wp:attachment":[{"href":"https:\/\/academiadeidiomaserizo.com\/en\/wp-json\/wp\/v2\/media?parent=4771"}],"curies":[{"name":"wp","href":"https:\/\/api.w.org\/{rel}","templated":true}]}}