{"id":4364,"date":"2019-11-27T15:20:53","date_gmt":"2019-11-27T14:20:53","guid":{"rendered":"https:\/\/academiadeidiomaserizo.com\/politica-de-privacidad\/"},"modified":"2024-03-13T12:13:53","modified_gmt":"2024-03-13T11:13:53","slug":"politica-de-privacidad","status":"publish","type":"page","link":"https:\/\/academiadeidiomaserizo.com\/fr\/politica-de-privacidad\/","title":{"rendered":"Politique de confidentialit\u00e9"},"content":{"rendered":"<!--themify_builder_content-->\n<div id=\"themify_builder_content-4364\" data-postid=\"4364\" class=\"themify_builder_content themify_builder_content-4364 themify_builder tf_clear\">\n                    <div  data-lazy=\"1\" class=\"module_row themify_builder_row tb_3o05465 tb_first tf_w\">\n                        <div class=\"row_inner col_align_top tb_col_count_1 tf_box tf_rel\">\n                        <div  data-lazy=\"1\" class=\"module_column tb-column col-full tb_80r7465 first\">\n                    <!-- module fancy heading -->\n<div  class=\"module module-fancy-heading tb_ny7x459  tb_hide_divider\" data-lazy=\"1\">\n        <h1 class=\"fancy-heading\">\n    <span class=\"main-head tf_block\">\n                    Politique de confidentialit\u00e9            <\/span>\n\n    \n    <span class=\"sub-head tf_block tf_rel\">\n                                <\/span>\n    <\/h1>\n<\/div>\n<!-- \/module fancy heading -->\n        <\/div>\n                        <\/div>\n        <\/div>\n                        <div  data-lazy=\"1\" class=\"module_row themify_builder_row tb_9le6763 tf_w\">\n                        <div class=\"row_inner col_align_top tb_col_count_1 tf_box tf_rel\">\n                        <div  data-lazy=\"1\" class=\"module_column tb-column col-full tb_jp88763 first\">\n                    <!-- module text -->\n<div  class=\"module module-text tb_4czt763   \" data-lazy=\"1\">\n        <div  class=\"tb_text_wrap\">\n        <ol>\n<li><a href=\"\/politica-de-privacidad#1\"><u>Identification et coordonn\u00e9es du responsable<\/u><\/a><\/li>\n<li><a href=\"\/politica-de-privacidad#2\"><u>Informations n\u00e9cessaires et \u00e0 jour<\/u><\/a><\/li>\n<li><a href=\"\/politica-de-privacidad#3\"><u>Informations g\u00e9n\u00e9rales : description des informations contenues dans la politique de confidentialit\u00e9<\/u><\/a><\/li>\n<li><a href=\"\/politica-de-privacidad#4\"><u>Informations d\u00e9taill\u00e9es sur les traitements effectu\u00e9s<\/u><\/a><\/li>\n<li><a href=\"\/politica-de-privacidad#5\"><u>Exercice de vos droits<\/u><\/a><\/li>\n<li><a href=\"\/politica-de-privacidad#6\"><u>Cookies<\/u><\/a><\/li>\n<li><a href=\"\/politica-de-privacidad#7\"><u>Mesures de s\u00e9curit\u00e9<\/u><\/a><\/li>\n<li><a href=\"\/politica-de-privacidad#8\"><u>Mineurs<\/u><\/a><\/li>\n<li><a href=\"\/politica-de-privacidad#9\"><u>Contact pour exercer les droits relatifs \u00e0 la confidentialit\u00e9 des donn\u00e9es<\/u><\/a><\/li>\n<\/ol>\n<h3 id=\"1\" class=\"text_subtitle\">1. Identification et coordonn\u00e9es du responsable<\/h3>\n<p><span style=\"display: initial;\">Grupo ERIZO SL<\/span>, domicili\u00e9e \u00e0 <span style=\"display: initial;\">C\/ San L\u00e1zaro 15, 1A Aranda de Duero 09400 Castilla y Le\u00f3n<\/span> avec le CIF <!-- Shortcode [dninegocio] does not exist -->, et t\u00e9l\u00e9phone <span>616 807 803<\/span> (ci-apr\u00e8s, &#8220;<strong><span style=\"display: initial;\">Grupo ERIZO SL<\/span><\/strong>&#8220;) est responsable du traitement de vos donn\u00e9es personnelles. Cette politique de confidentialit\u00e9 fournit des informations sur l&#8217;utilisation que fera <span style=\"display: initial;\">https:\/\/academiadeidiomaserizo.com<\/span> de vos donn\u00e9es personnelles en tant qu&#8217;utilisateur du site (<span style=\"display: initial;\">https:\/\/academiadeidiomaserizo.com<\/span>). Cette Politique de confidentialit\u00e9 a pour but de vous informer sur les droits qui vous sont accord\u00e9s en vertu du R\u00e8glement g\u00e9n\u00e9ral sur la protection des donn\u00e9es (&#8220;RGPD&#8221;). Si vous avez des questions concernant le traitement de vos donn\u00e9es personnelles, veuillez contacter <span style=\"display: initial;\">https:\/\/academiadeidiomaserizo.com<\/span> via le <a href=\"\/politica-de-privacidad\/#9\">contact de confidentialit\u00e9<\/a>.<\/p>\n<h3 id=\"2\" class=\"text_subtitle\">2. Informations n\u00e9cessaires et \u00e0 jour<\/h3>\n<p>Tous les champs marqu\u00e9s d&#8217;un ast\u00e9risque (*) dans les formulaires du site Web doivent \u00eatre remplis, sinon l&#8217;omission de l&#8217;un d&#8217;entre eux pourrait entra\u00eener l&#8217;impossibilit\u00e9 de fournir les services ou les informations demand\u00e9s. Vous devez fournir des informations v\u00e9ridiques afin que les informations fournies soient toujours \u00e0 jour et sans erreur, vous devez communiquer \u00e0 <span style=\"display: initial;\">https:\/\/academiadeidiomaserizo.com<\/span> dans les plus brefs d\u00e9lais, les modifications et rectifications de vos donn\u00e9es personnelles qui se produisent, via le <a href=\"\/politica-de-privacidad\/#9\">contact de confidentialit\u00e9<\/a>. De m\u00eame, en cliquant sur le bouton &#8220;J&#8217;accepte&#8221; (ou \u00e9quivalent) int\u00e9gr\u00e9 dans les formulaires susmentionn\u00e9s, vous d\u00e9clarez que les informations et donn\u00e9es que vous avez fournies sont exactes et v\u00e9ridiques.<\/p>\n<h3 id=\"3\" class=\"text_subtitle\">3. Informations g\u00e9n\u00e9rales : description des informations contenues dans la politique de confidentialit\u00e9<\/h3>\n<p>Dans cette politique de confidentialit\u00e9, vous trouverez un tableau identifiant, pour chacun des diff\u00e9rents traitements de donn\u00e9es effectu\u00e9s par <span style=\"display: initial;\">https:\/\/academiadeidiomaserizo.com<\/span>, les informations suivantes :<\/p>\n<ol>\n<li>Les finalit\u00e9s du traitement de vos donn\u00e9es personnelles, c&#8217;est-\u00e0-dire la raison pour laquelle <span style=\"display: initial;\">https:\/\/academiadeidiomaserizo.com<\/span> traite vos donn\u00e9es personnelles.<\/li>\n<li>Les bases l\u00e9gales qui permettent le traitement de vos donn\u00e9es par <span style=\"display: initial;\">https:\/\/academiadeidiomaserizo.com<\/span> pour chacune des finalit\u00e9s indiqu\u00e9es.<\/li>\n<li>La communication \u00e9ventuelle de vos donn\u00e9es \u00e0 des tiers, ainsi que la raison de cette communication. \u00c0 cet \u00e9gard, nous vous informons que nous ne transf\u00e9rons pas vos donn\u00e9es personnelles \u00e0 des tiers sauf obligation l\u00e9gale ou s&#8217;il s&#8217;agit de professionnels collaborateurs d\u00e9sign\u00e9s par <span style=\"display: initial;\">https:\/\/academiadeidiomaserizo.com<\/span> pour fournir le service contract\u00e9 ou la mission professionnelle. Les prestataires de services qui acc\u00e8dent \u00e0 vos donn\u00e9es personnelles sont g\u00e9n\u00e9ralement actifs dans les secteurs des syst\u00e8mes d&#8217;information et de la technologie. Dans le tableau ci-dessous, seront indiqu\u00e9s, le cas \u00e9ch\u00e9ant, les autres secteurs auxquels peuvent appartenir d&#8217;autres prestataires de services de <span style=\"display: initial;\">https:\/\/academiadeidiomaserizo.com<\/span> qui doivent acc\u00e9der \u00e0 vos donn\u00e9es personnelles. Nous vous informons que vous pouvez demander plus de d\u00e9tails sur les destinataires de vos donn\u00e9es via le <a href=\"\/politica-de-privacidad\/#9\">contact de confidentialit\u00e9<\/a>, en indiquant le traitement sp\u00e9cifique pour lequel vous souhaitez des informations sur les destinataires.<\/li>\n<li>La dur\u00e9e de conservation des donn\u00e9es que vous nous fournissez. De plus, nous vous informons que vos donn\u00e9es resteront bloqu\u00e9es pour r\u00e9pondre aux r\u00e9clamations judiciaires, administratives ou fiscales, pendant les d\u00e9lais fix\u00e9s par la l\u00e9gislation applicable.<\/li>\n<\/ol>\n<h3 id=\"4\" class=\"text_subtitle\">4. Informations d\u00e9taill\u00e9es sur les traitements effectu\u00e9s par <span style=\"display: initial;\">https:\/\/academiadeidiomaserizo.com<\/span><\/h3>\n<table id=\"t116456\" class=\"wdn_responsive_table flush-left\">\n<thead>\n<tr>\n<th id=\"t116456_row_0col_0\" colspan=\"1\">Finalit\u00e9 du traitement<\/th>\n<th id=\"t116456_row_0col_1\" colspan=\"1\">Base l\u00e9gale<\/th>\n<th id=\"t116456_row_0col_2\" colspan=\"1\">Destinataires<\/th>\n<th id=\"t116456_row_0col_4\" colspan=\"1\">Dur\u00e9e de conservation<\/th>\n<\/tr>\n<\/thead>\n<tbody>\n<tr>\n<td colspan=\"1\" headers=\"t116456_row_0col_0\" data-header=\"Finalit\u00e9 du traitement\">G\u00e9rer les demandes soumises via le formulaire de demande<\/td>\n<td colspan=\"1\" headers=\"t116456_row_0col_1\" data-header=\"Base l\u00e9gale\">Int\u00e9r\u00eat l\u00e9gitime de <span style=\"display: initial;\">https:\/\/academiadeidiomaserizo.com<\/span> pour r\u00e9pondre aux demandes d&#8217;informations via le Web.<\/td>\n<td colspan=\"1\" headers=\"t116456_row_0col_2\" data-header=\"Destinataires\"><p>Vos donn\u00e9es peuvent<\/p>\n<p> \u00eatre communiqu\u00e9es aux tiers professionnels d\u00e9sign\u00e9s par <span style=\"display: initial;\">https:\/\/academiadeidiomaserizo.com<\/span> charg\u00e9s de r\u00e9pondre \u00e0 votre demande d&#8217;information. Les prestataires de services suppl\u00e9mentaires autres que ceux indiqu\u00e9s dans la <a href=\"\/politica-de-privacidad\/?tb-preview=1&amp;ver=5.6.7&amp;tb-id=228#3\">section 3c<\/a> n&#8217;auront pas acc\u00e8s \u00e0 vos donn\u00e9es personnelles.<\/td>\n<td colspan=\"1\" headers=\"t116456_row_0col_4\" data-header=\"Dur\u00e9e de conservation\">Jusqu&#8217;\u00e0 la r\u00e9solution de votre demande d&#8217;information<\/td>\n<\/tr>\n<tr>\n<td colspan=\"1\" headers=\"t116456_row_0col_0\" data-header=\"Finalit\u00e9 du traitement\">G\u00e9rer votre abonnement au Forum\/Blog de <span style=\"display: initial;\">https:\/\/academiadeidiomaserizo.com<\/span> identifi\u00e9 dans le formulaire d&#8217;inscription. G\u00e9rer votre inscription et les commentaires que vous fournissez sur le blog\/ forum.<\/td>\n<td colspan=\"1\" headers=\"t116456_row_0col_1\" data-header=\"Base l\u00e9gale\">Relation contractuelle pour la fourniture du service demand\u00e9, m\u00eame si celui-ci est gratuit.<\/td>\n<td colspan=\"1\" headers=\"t116456_row_0col_2\" data-header=\"Destinataires\">Les cat\u00e9gories de destinataires qui pourront acc\u00e9der \u00e0 vos donn\u00e9es personnelles sont identifi\u00e9es dans la <a href=\"\/politica-de-privacidad\/?tb-preview=1&amp;ver=5.6.7&amp;tb-id=228#3\">section 3.c<\/a>.<\/td>\n<td colspan=\"1\" headers=\"t116456_row_0col_4\" data-header=\"Dur\u00e9e de conservation\">Pendant trois ans \u00e0 partir de la derni\u00e8re interaction avec <span style=\"display: initial;\">https:\/\/academiadeidiomaserizo.com<\/span> ou jusqu&#8217;\u00e0 ce que vous exprimiez votre volont\u00e9 de ne plus \u00eatre abonn\u00e9 au forum\/ blog (la premi\u00e8re \u00e9ventualit\u00e9)<\/td>\n<\/tr>\n<\/tbody>\n<\/table>\n<h3 id=\"5\" class=\"text_subtitle\">5. Exercice de vos droits<\/h3>\n<p>Nous vous informons que vous pouvez exercer les droits suivants :<\/p>\n<ol>\n<li>droit d&#8217;acc\u00e8s \u00e0 vos donn\u00e9es personnelles pour savoir quelles donn\u00e9es sont trait\u00e9es et les op\u00e9rations de traitement effectu\u00e9es avec elles ;<\/li>\n<li>droit de rectification de toute donn\u00e9e personnelle inexacte ;<\/li>\n<li>droit de suppression de vos donn\u00e9es personnelles, lorsque cela est possible ;<\/li>\n<li>droit de demander la limitation du traitement de vos donn\u00e9es personnelles lorsque l&#8217;exactitude, la l\u00e9galit\u00e9 ou la n\u00e9cessit\u00e9 du traitement des donn\u00e9es est incertaine, auquel cas nous pouvons les conserver pour l&#8217;exercice ou la d\u00e9fense de r\u00e9clamations ;<\/li>\n<li>droit \u00e0 la portabilit\u00e9 de vos donn\u00e9es personnelles, lorsque la base l\u00e9gale qui nous autorise \u00e0 les traiter, telles qu&#8217;indiqu\u00e9es dans le tableau ci-dessus, est la relation contractuelle ou le consentement ;<\/li>\n<li>droit de vous opposer au traitement de vos donn\u00e9es personnelles, lorsque la base l\u00e9gale qui nous autorise \u00e0 les traiter, telles qu&#8217;indiqu\u00e9es dans le tableau ci-dessus, est l&#8217;int\u00e9r\u00eat l\u00e9gitime. \u00c0 cet effet, nous cesserons de traiter vos donn\u00e9es sauf si nous avons un int\u00e9r\u00eat l\u00e9gitime imp\u00e9rieux ou pour la formulation, l&#8217;exercice ou la d\u00e9fense de r\u00e9clamations.<\/li>\n<li>droit de retirer votre consentement \u00e0 tout moment.<\/li>\n<\/ol>\n<p>Vous pouvez exercer vos droits \u00e0 tout moment et gratuitement via le <a href=\"\/politica-de-privacidad\/#9\">contact de confidentialit\u00e9<\/a>, en indiquant le droit que vous souhaitez exercer et vos donn\u00e9es d&#8217;identification. Si vous estimez que vos donn\u00e9es personnelles n&#8217;ont pas \u00e9t\u00e9 trait\u00e9es correctement, vous pouvez nous contacter via le <a href=\"\/politica-de-privacidad\/#9\">contact de confidentialit\u00e9<\/a>. Cependant, nous vous informons que vous avez le droit de d\u00e9poser une plainte aupr\u00e8s de l&#8217;Agence espagnole de protection des donn\u00e9es si vous estimez qu&#8217;une violation de la l\u00e9gislation sur la protection des donn\u00e9es a \u00e9t\u00e9 commise concernant le traitement de vos donn\u00e9es personnelles.<\/p>\n<h3 id=\"6\" class=\"text_subtitle\">6. Cookies<\/h3>\n<p><span style=\"display: initial;\">Grupo ERIZO SL<\/span> n&#8217;utilisera des dispositifs de stockage et de r\u00e9cup\u00e9ration de donn\u00e9es (&#8216;Cookies&#8217;) que si l&#8217;utilisateur a donn\u00e9 son consentement pr\u00e9alable \u00e0 cet effet conform\u00e9ment \u00e0 ce qui est indiqu\u00e9 dans la fen\u00eatre contextuelle du navigateur de l&#8217;utilisateur lors de sa premi\u00e8re visite sur le site Web et dans les autres termes et conditions indiqu\u00e9s dans la <a href=\"\/politica-de-cookies\">Politique de cookies<\/a> de <span style=\"display: initial;\">Grupo ERIZO SL<\/span> que tout utilisateur doit conna\u00eetre.<\/p>\n<h3 id=\"7\" class=\"text_subtitle\">7. Mesures de s\u00e9curit\u00e9<\/h3>\n<p><span style=\"display: initial;\">Grupo ERIZO SL<\/span> adopte les niveaux de s\u00e9curit\u00e9 requis par le RGPD appropri\u00e9s \u00e0 la nature des donn\u00e9es trait\u00e9es \u00e0 tout moment. Cependant, la s\u00e9curit\u00e9 technique dans un environnement tel qu&#8217;Internet n&#8217;est pas infaillible et des actions malveillantes de tiers peuvent exister, bien que <span style=\"display: initial;\">https:\/\/academiadeidiomaserizo.com<\/span> mette tout en \u0153uvre pour les \u00e9viter.<\/p>\n<h3 id=\"8\" class=\"text_subtitle\">8. Mineurs<\/h3>\n<p>Les mineurs ne peuvent pas utiliser les services disponibles sur le site Web sans l&#8217;autorisation pr\u00e9alable de leurs parents, tuteurs ou repr\u00e9sentants l\u00e9gaux, qui seront les seuls responsables de tous les actes effectu\u00e9s par les mineurs \u00e0 leur charge via le site Web, y compris le remplissage des formulaires avec les donn\u00e9es personnelles desdits mineurs et la coche, le cas \u00e9ch\u00e9ant, des cases les accompagnant.<\/p>\n<h3 id=\"9\" class=\"text_subtitle\">9. Contact pour exercer les droits relatifs \u00e0 la confidentialit\u00e9 des donn\u00e9es<\/h3>\n<span style=\"display: initial;\">info@academiadeidiomaserizo.com<\/span>\n    <\/div>\n<\/div>\n<!-- \/module text -->        <\/div>\n                        <\/div>\n        <\/div>\n        <\/div>\n<!--\/themify_builder_content-->\n\n<div class=\"kk-star-ratings kksr-auto kksr-align-center kksr-valign-bottom\"\n    data-payload='{&quot;align&quot;:&quot;center&quot;,&quot;id&quot;:&quot;4364&quot;,&quot;slug&quot;:&quot;default&quot;,&quot;valign&quot;:&quot;bottom&quot;,&quot;ignore&quot;:&quot;&quot;,&quot;reference&quot;:&quot;auto&quot;,&quot;class&quot;:&quot;&quot;,&quot;count&quot;:&quot;0&quot;,&quot;legendonly&quot;:&quot;&quot;,&quot;readonly&quot;:&quot;&quot;,&quot;score&quot;:&quot;0&quot;,&quot;starsonly&quot;:&quot;&quot;,&quot;best&quot;:&quot;5&quot;,&quot;gap&quot;:&quot;5&quot;,&quot;greet&quot;:&quot;\u00a1D\u00e9janos 5 estrellas si te ha gustado! :D&quot;,&quot;legend&quot;:&quot;0\\\/5 - (0 vote)&quot;,&quot;size&quot;:&quot;24&quot;,&quot;title&quot;:&quot;Politique de confidentialit\u00e9&quot;,&quot;width&quot;:&quot;0&quot;,&quot;_legend&quot;:&quot;{score}\\\/{best} - ({count} {votes})&quot;,&quot;font_factor&quot;:&quot;1.25&quot;}'>\n            \n<div class=\"kksr-stars\">\n    \n<div class=\"kksr-stars-inactive\">\n            <div class=\"kksr-star\" data-star=\"1\" style=\"padding-right: 5px\">\n            \n\n<div class=\"kksr-icon\" style=\"width: 24px; height: 24px;\"><\/div>\n        <\/div>\n            <div class=\"kksr-star\" data-star=\"2\" style=\"padding-right: 5px\">\n            \n\n<div class=\"kksr-icon\" style=\"width: 24px; height: 24px;\"><\/div>\n        <\/div>\n            <div class=\"kksr-star\" data-star=\"3\" style=\"padding-right: 5px\">\n            \n\n<div class=\"kksr-icon\" style=\"width: 24px; height: 24px;\"><\/div>\n        <\/div>\n            <div class=\"kksr-star\" data-star=\"4\" style=\"padding-right: 5px\">\n            \n\n<div class=\"kksr-icon\" style=\"width: 24px; height: 24px;\"><\/div>\n        <\/div>\n            <div class=\"kksr-star\" data-star=\"5\" style=\"padding-right: 5px\">\n            \n\n<div class=\"kksr-icon\" style=\"width: 24px; height: 24px;\"><\/div>\n        <\/div>\n    <\/div>\n    \n<div class=\"kksr-stars-active\" style=\"width: 0px;\">\n            <div class=\"kksr-star\" style=\"padding-right: 5px\">\n            \n\n<div class=\"kksr-icon\" style=\"width: 24px; height: 24px;\"><\/div>\n        <\/div>\n            <div class=\"kksr-star\" style=\"padding-right: 5px\">\n            \n\n<div class=\"kksr-icon\" style=\"width: 24px; height: 24px;\"><\/div>\n        <\/div>\n            <div class=\"kksr-star\" style=\"padding-right: 5px\">\n            \n\n<div class=\"kksr-icon\" style=\"width: 24px; height: 24px;\"><\/div>\n        <\/div>\n            <div class=\"kksr-star\" style=\"padding-right: 5px\">\n            \n\n<div class=\"kksr-icon\" style=\"width: 24px; height: 24px;\"><\/div>\n        <\/div>\n            <div class=\"kksr-star\" style=\"padding-right: 5px\">\n            \n\n<div class=\"kksr-icon\" style=\"width: 24px; height: 24px;\"><\/div>\n        <\/div>\n    <\/div>\n<\/div>\n                \n\n<div class=\"kksr-legend\" style=\"font-size: 19.2px;\">\n            <span class=\"kksr-muted\">\u00a1D\u00e9janos 5 estrellas si te ha gustado! \ud83d\ude00<\/span>\n    <\/div>\n    <\/div>","protected":false},"excerpt":{"rendered":"<p>Politique de confidentialit\u00e9 Identification et coordonn\u00e9es du responsable Informations n\u00e9cessaires et \u00e0 jour Informations g\u00e9n\u00e9rales : description des informations contenues dans la politique de confidentialit\u00e9 Informations d\u00e9taill\u00e9es sur les traitements effectu\u00e9s Exercice de vos droits Cookies Mesures de s\u00e9curit\u00e9 Mineurs Contact pour exercer les droits relatifs \u00e0 la confidentialit\u00e9 des donn\u00e9es 1. Identification et coordonn\u00e9es [&hellip;]<\/p>\n","protected":false},"author":3,"featured_media":0,"parent":0,"menu_order":0,"comment_status":"closed","ping_status":"closed","template":"","meta":{"_eb_attr":"","footnotes":""},"yoast_head":"<!-- This site is optimized with the Yoast SEO plugin v24.4 - https:\/\/yoast.com\/wordpress\/plugins\/seo\/ -->\n<title>Politique de confidentialit\u00e9 | Academia de Idiomas Erizo<\/title>\n<meta name=\"robots\" content=\"index, follow, max-snippet:-1, max-image-preview:large, max-video-preview:-1\" \/>\n<link rel=\"canonical\" href=\"https:\/\/academiadeidiomaserizo.com\/fr\/politica-de-privacidad\/\" \/>\n<meta property=\"og:locale\" content=\"fr_FR\" \/>\n<meta property=\"og:type\" content=\"article\" \/>\n<meta property=\"og:title\" content=\"Politique de confidentialit\u00e9 | Academia de Idiomas Erizo\" \/>\n<meta property=\"og:description\" content=\"Politique de confidentialit\u00e9 Identification et coordonn\u00e9es du responsable Informations n\u00e9cessaires et \u00e0 jour Informations g\u00e9n\u00e9rales : description des informations contenues dans la politique de confidentialit\u00e9 Informations d\u00e9taill\u00e9es sur les traitements effectu\u00e9s Exercice de vos droits Cookies Mesures de s\u00e9curit\u00e9 Mineurs Contact pour exercer les droits relatifs \u00e0 la confidentialit\u00e9 des donn\u00e9es 1. Identification et coordonn\u00e9es [&hellip;]\" \/>\n<meta property=\"og:url\" content=\"https:\/\/academiadeidiomaserizo.com\/fr\/politica-de-privacidad\/\" \/>\n<meta property=\"og:site_name\" content=\"Academia de Idiomas Erizo\" \/>\n<meta property=\"article:modified_time\" content=\"2024-03-13T11:13:53+00:00\" \/>\n<meta name=\"twitter:card\" content=\"summary_large_image\" \/>\n<!-- \/ Yoast SEO plugin. -->","yoast_head_json":{"title":"Politique de confidentialit\u00e9 | Academia de Idiomas Erizo","robots":{"index":"index","follow":"follow","max-snippet":"max-snippet:-1","max-image-preview":"max-image-preview:large","max-video-preview":"max-video-preview:-1"},"canonical":"https:\/\/academiadeidiomaserizo.com\/fr\/politica-de-privacidad\/","og_locale":"fr_FR","og_type":"article","og_title":"Politique de confidentialit\u00e9 | Academia de Idiomas Erizo","og_description":"Politique de confidentialit\u00e9 Identification et coordonn\u00e9es du responsable Informations n\u00e9cessaires et \u00e0 jour Informations g\u00e9n\u00e9rales : description des informations contenues dans la politique de confidentialit\u00e9 Informations d\u00e9taill\u00e9es sur les traitements effectu\u00e9s Exercice de vos droits Cookies Mesures de s\u00e9curit\u00e9 Mineurs Contact pour exercer les droits relatifs \u00e0 la confidentialit\u00e9 des donn\u00e9es 1. Identification et coordonn\u00e9es [&hellip;]","og_url":"https:\/\/academiadeidiomaserizo.com\/fr\/politica-de-privacidad\/","og_site_name":"Academia de Idiomas Erizo","article_modified_time":"2024-03-13T11:13:53+00:00","twitter_card":"summary_large_image","schema":{"@context":"https:\/\/schema.org","@graph":[{"@type":"WebPage","@id":"https:\/\/academiadeidiomaserizo.com\/fr\/politica-de-privacidad\/","url":"https:\/\/academiadeidiomaserizo.com\/fr\/politica-de-privacidad\/","name":"Politique de confidentialit\u00e9 | Academia de Idiomas Erizo","isPartOf":{"@id":"https:\/\/academiadeidiomaserizo.com\/fr\/#website"},"datePublished":"2019-11-27T14:20:53+00:00","dateModified":"2024-03-13T11:13:53+00:00","breadcrumb":{"@id":"https:\/\/academiadeidiomaserizo.com\/fr\/politica-de-privacidad\/#breadcrumb"},"inLanguage":"fr-FR","potentialAction":[{"@type":"ReadAction","target":["https:\/\/academiadeidiomaserizo.com\/fr\/politica-de-privacidad\/"]}]},{"@type":"BreadcrumbList","@id":"https:\/\/academiadeidiomaserizo.com\/fr\/politica-de-privacidad\/#breadcrumb","itemListElement":[{"@type":"ListItem","position":1,"name":"Portada","item":"https:\/\/academiadeidiomaserizo.com\/fr\/"},{"@type":"ListItem","position":2,"name":"Politique de confidentialit\u00e9"}]},{"@type":"WebSite","@id":"https:\/\/academiadeidiomaserizo.com\/fr\/#website","url":"https:\/\/academiadeidiomaserizo.com\/fr\/","name":"Academia de Idiomas Erizo","description":"","potentialAction":[{"@type":"SearchAction","target":{"@type":"EntryPoint","urlTemplate":"https:\/\/academiadeidiomaserizo.com\/fr\/?s={search_term_string}"},"query-input":{"@type":"PropertyValueSpecification","valueRequired":true,"valueName":"search_term_string"}}],"inLanguage":"fr-FR"}]}},"_links":{"self":[{"href":"https:\/\/academiadeidiomaserizo.com\/fr\/wp-json\/wp\/v2\/pages\/4364"}],"collection":[{"href":"https:\/\/academiadeidiomaserizo.com\/fr\/wp-json\/wp\/v2\/pages"}],"about":[{"href":"https:\/\/academiadeidiomaserizo.com\/fr\/wp-json\/wp\/v2\/types\/page"}],"author":[{"embeddable":true,"href":"https:\/\/academiadeidiomaserizo.com\/fr\/wp-json\/wp\/v2\/users\/3"}],"replies":[{"embeddable":true,"href":"https:\/\/academiadeidiomaserizo.com\/fr\/wp-json\/wp\/v2\/comments?post=4364"}],"version-history":[{"count":9,"href":"https:\/\/academiadeidiomaserizo.com\/fr\/wp-json\/wp\/v2\/pages\/4364\/revisions"}],"predecessor-version":[{"id":4714,"href":"https:\/\/academiadeidiomaserizo.com\/fr\/wp-json\/wp\/v2\/pages\/4364\/revisions\/4714"}],"wp:attachment":[{"href":"https:\/\/academiadeidiomaserizo.com\/fr\/wp-json\/wp\/v2\/media?parent=4364"}],"curies":[{"name":"wp","href":"https:\/\/api.w.org\/{rel}","templated":true}]}}