{"id":4380,"date":"2023-12-04T11:01:26","date_gmt":"2023-12-04T10:01:26","guid":{"rendered":"https:\/\/academiadeidiomaserizo.com\/quienes-somos\/"},"modified":"2024-11-15T01:37:39","modified_gmt":"2024-11-15T00:37:39","slug":"quienes-somos","status":"publish","type":"page","link":"https:\/\/academiadeidiomaserizo.com\/fr\/quienes-somos\/","title":{"rendered":"\u00c0 Propos"},"content":{"rendered":"<!--themify_builder_content-->\n<div id=\"themify_builder_content-4380\" data-postid=\"4380\" class=\"themify_builder_content themify_builder_content-4380 themify_builder tf_clear\">\n                    <div  data-lazy=\"1\" class=\"module_row themify_builder_row tb_is4s363 tb_first tf_w\">\n                        <div class=\"row_inner col_align_top tb_col_count_1 tf_box tf_rel\">\n                        <div  data-lazy=\"1\" class=\"module_column tb-column col-full tb_baxq364 first\">\n                    <!-- module text -->\n<div  class=\"module module-text tb_mx4d374   \" data-lazy=\"1\">\n        <div  class=\"tb_text_wrap\">\n        <h1 style=\"text-align: center;\">\u00c0 propos de nous<\/h1>\n<p style=\"text-align: center;\">L&#8217;\u00e9quipe de l&#8217;\u00c9cole de langues en ligne Erizo est compos\u00e9e de professionnels sp\u00e9cialis\u00e9s dans diff\u00e9rents domaines linguistiques et p\u00e9dagogiques. Vous offrir un service linguistique de qualit\u00e9 nous tient \u00e9norm\u00e9ment \u00e0 c\u0153ur, et c\u2019est pourquoi nous nous engageons et nous faisons de notre mieux afin de vous fournir le meilleur enseignement de langues en ligne.<\/p>    <\/div>\n<\/div>\n<!-- \/module text -->        <\/div>\n                        <\/div>\n        <\/div>\n                        <div  data-css_id=\"gfhg961\" data-lazy=\"1\" class=\"module_row themify_builder_row fullwidth tb_gfhg961 tf_w\">\n                        <div class=\"row_inner col_align_top gutter-narrow col_auto_height tb_col_count_4 tf_box tf_rel\">\n                        <div  data-lazy=\"1\" class=\"module_column tb-column col4-1 tb_fngg962 first\">\n                    <!-- module feature -->\n<div  class=\"module module-feature tb_lekl962 with-chart layout-icon-top size-medium \" data-layout-mobile=\"icon-top\" data-layout-desktop=\"icon-top\" data-lazy=\"1\">\n        <div class=\"module-feature-image tf_textc tf_rel\">\n                            <span class=\"module-feature-chart-html5 tf_box tf_rel tf_inline_b\">\n                                    <svg class=\"tf_abs tf_w tf_h\">\n                    <circle class=\"tb_feature_fill\" r=\"calc(50% - 3.00px)\" cx=\"50%\" cy=\"50%\" stroke-width=\"6\"\/>\n                    <circle class=\"tb_feature_stroke\" r=\"calc(50% - 3.00px)\" cx=\"50%\" cy=\"50%\" stroke=\"#5e79bb\" stroke-width=\"6\" data-progress=\"100\" stroke-dasharray=\"0,10000\"\/>\n                                        <\/svg>\n                                <span class=\"chart-html5-circle tf_w tf_h\">\n                    <img decoding=\"async\" data-src=\"https:\/\/escuelademusicaerizo.com\/wp-content\/uploads\/2022\/04\/Dani-2-1.jpg\" width=\"150\" height=\"150\" style=\"--smush-placeholder-width: 150px; --smush-placeholder-aspect-ratio: 150\/150;width:calc(100% - 12px);height:calc(100% - 12px)\" alt=\"Dani\" src=\"data:image\/gif;base64,R0lGODlhAQABAAAAACH5BAEKAAEALAAAAAABAAEAAAICTAEAOw==\" class=\"lazyload\">                                    <\/span>\n\n                \n            <\/span>\n                <\/div>\n    <div class=\"module-feature-content tf_textc\">\n                    <h3 class=\"module-feature-title\">\n                            Dani                        <\/h3>\n                    <div class=\"tb_text_wrap\">\n            <p><span style=\"color: #5f79bb;\"><strong>DIRECTEUR DE L\u2019ECOLE ERIZO<\/strong><\/span><\/p>        <\/div>\n    <\/div>\n<\/div>\n<!-- \/module feature -->\n<!-- module text -->\n<div  class=\"module module-text tb_7vyc587   \" data-lazy=\"1\">\n        <div  class=\"tb_text_wrap\">\n        <p style=\"text-align: center;\"><em>Il dirige l&#8217;\u00e9cole avec tout son c\u0153ur et tous ses efforts, mais sans les autres membres d\u2019ERIZO, cela serait impossible.<\/em><\/p>\n<p style=\"text-align: center;\">Directeur du Grupo Erizo, une entreprise sp\u00e9cialis\u00e9e dans la formation en ligne pour enfants et adultes depuis plus de 3 ans.<\/p>\n<p style=\"text-align: center;\">Dipl\u00f4m\u00e9 en p\u00e9dagogie musicale et en enseignement primaire, avec plus de 10 ans d&#8217;exp\u00e9rience dans le secteur de l&#8217;enseignement.<\/p>    <\/div>\n<\/div>\n<!-- \/module text -->        <\/div>\n                    <div  data-lazy=\"1\" class=\"module_column tb-column col4-1 tb_9xn7963\">\n                    <!-- module feature -->\n<div  class=\"module module-feature tb_u3sw964 with-chart layout-icon-top size-medium \" data-layout-mobile=\"icon-top\" data-layout-desktop=\"icon-top\" data-lazy=\"1\">\n        <div class=\"module-feature-image tf_textc tf_rel\">\n                            <span class=\"module-feature-chart-html5 tf_box tf_rel tf_inline_b\">\n                                    <svg class=\"tf_abs tf_w tf_h\">\n                    <circle class=\"tb_feature_fill\" r=\"calc(50% - 3.00px)\" cx=\"50%\" cy=\"50%\" stroke-width=\"6\"\/>\n                    <circle class=\"tb_feature_stroke\" r=\"calc(50% - 3.00px)\" cx=\"50%\" cy=\"50%\" stroke=\"#5e79bb\" stroke-width=\"6\" data-progress=\"100\" stroke-dasharray=\"0,10000\"\/>\n                                        <\/svg>\n                                <span class=\"chart-html5-circle tf_w tf_h\">\n                    <img decoding=\"async\" data-src=\"https:\/\/escuelademusicaerizo.com\/wp-content\/uploads\/2022\/02\/Mesa-de-trabajo-1-copia-3.png\" width=\"150\" height=\"150\" style=\"--smush-placeholder-width: 150px; --smush-placeholder-aspect-ratio: 150\/150;width:calc(100% - 12px);height:calc(100% - 12px)\" alt=\"Jos\u00e9\" src=\"data:image\/gif;base64,R0lGODlhAQABAAAAACH5BAEKAAEALAAAAAABAAEAAAICTAEAOw==\" class=\"lazyload\">                                    <\/span>\n\n                \n            <\/span>\n                <\/div>\n    <div class=\"module-feature-content tf_textc\">\n                    <h3 class=\"module-feature-title\">\n                            Jos\u00e9                        <\/h3>\n                    <div class=\"tb_text_wrap\">\n            <p><span style=\"color: #5f79bb;\"><strong>RESPONSABLE DU DESIGN ET DU MARKETING DIGITAL<\/strong><\/span><\/p>\n<p><em>Il a cr\u00e9\u00e9 notre site web et continue de nous aider gr\u00e2ce \u00e0 son exp\u00e9rience, \u00e0 atteindre notre public.<\/em><\/p>\n<p>Il est dipl\u00f4m\u00e9 en publicit\u00e9 et relations publiques, avec des \u00e9tudes de master en design et marketing digital.<\/p>\n<p>Il a travaill\u00e9 pendant 6 ans dans des agences de communication, collaborant \u00e0 des projets pour des marques telles que Five Guys, Omron ou Sage.<\/p>        <\/div>\n    <\/div>\n<\/div>\n<!-- \/module feature -->\n        <\/div>\n                    <div  data-lazy=\"1\" class=\"module_column tb-column col4-1 tb_nvs0964\">\n                    <!-- module feature -->\n<div  class=\"module module-feature tb_6yet964 with-chart layout-icon-top size-medium \" data-layout-mobile=\"icon-top\" data-layout-desktop=\"icon-top\" data-lazy=\"1\">\n        <div class=\"module-feature-image tf_textc tf_rel\">\n                            <span class=\"module-feature-chart-html5 tf_box tf_rel tf_inline_b\">\n                                    <svg class=\"tf_abs tf_w tf_h\">\n                    <circle class=\"tb_feature_fill\" r=\"calc(50% - 3.00px)\" cx=\"50%\" cy=\"50%\" stroke-width=\"6\"\/>\n                    <circle class=\"tb_feature_stroke\" r=\"calc(50% - 3.00px)\" cx=\"50%\" cy=\"50%\" stroke=\"#5e79bb\" stroke-width=\"6\" data-progress=\"100\" stroke-dasharray=\"0,10000\"\/>\n                                        <\/svg>\n                                <span class=\"chart-html5-circle tf_w tf_h\">\n                    <img decoding=\"async\" data-src=\"https:\/\/escuelademusicaerizo.com\/wp-content\/uploads\/2022\/02\/Mesa-de-trabajo-1-copia-7.png\" width=\"150\" height=\"150\" style=\"--smush-placeholder-width: 150px; --smush-placeholder-aspect-ratio: 150\/150;width:calc(100% - 12px);height:calc(100% - 12px)\" alt=\"Juan\" src=\"data:image\/gif;base64,R0lGODlhAQABAAAAACH5BAEKAAEALAAAAAABAAEAAAICTAEAOw==\" class=\"lazyload\">                                    <\/span>\n\n                \n            <\/span>\n                <\/div>\n    <div class=\"module-feature-content tf_textc\">\n                    <h3 class=\"module-feature-title\">\n                            Juan                        <\/h3>\n                    <div class=\"tb_text_wrap\">\n            <p><span style=\"color: #5f79bb;\"><strong>RESPONSABLE DE CLASSEMENT SEO<\/strong><\/span><\/p>\n<p><em>Sans lui, nous serions invisibles aux yeux de Google.<\/em><\/p>\n<p>Dipl\u00f4m\u00e9 en journalisme et expert en marketing digital.<\/p>\n<p>Avec 2 ans d&#8217;exp\u00e9rience au sein du d\u00e9partement communication de l&#8217;arm\u00e9e et 5 ans dans des agences de publicit\u00e9 et de marketing, il est sp\u00e9cialiste de l&#8217;optimisation des pages internet pour les moteurs de recherche tels que Google.<\/p>        <\/div>\n    <\/div>\n<\/div>\n<!-- \/module feature -->\n        <\/div>\n                    <div  data-lazy=\"1\" class=\"module_column tb-column col4-1 tb_4pfh964 last\">\n                    <!-- module feature -->\n<div  class=\"module module-feature tb_jg7i965 with-chart layout-icon-top size-medium \" data-layout-mobile=\"icon-top\" data-layout-desktop=\"icon-top\" data-lazy=\"1\">\n        <div class=\"module-feature-image tf_textc tf_rel\">\n                            <span class=\"module-feature-chart-html5 tf_box tf_rel tf_inline_b\">\n                                    <svg class=\"tf_abs tf_w tf_h\">\n                    <circle class=\"tb_feature_fill\" r=\"calc(50% - 3.00px)\" cx=\"50%\" cy=\"50%\" stroke-width=\"6\"\/>\n                    <circle class=\"tb_feature_stroke\" r=\"calc(50% - 3.00px)\" cx=\"50%\" cy=\"50%\" stroke=\"#5e79bb\" stroke-width=\"6\" data-progress=\"100\" stroke-dasharray=\"0,10000\"\/>\n                                        <\/svg>\n                                <span class=\"chart-html5-circle tf_w tf_h\">\n                    <img decoding=\"async\" data-src=\"https:\/\/escuelademusicaerizo.com\/wp-content\/uploads\/2022\/02\/Mesa-de-trabajo-1-copia-10.png\" width=\"150\" height=\"150\" style=\"--smush-placeholder-width: 150px; --smush-placeholder-aspect-ratio: 150\/150;width:calc(100% - 12px);height:calc(100% - 12px)\" alt=\"Marina\" src=\"data:image\/gif;base64,R0lGODlhAQABAAAAACH5BAEKAAEALAAAAAABAAEAAAICTAEAOw==\" class=\"lazyload\">                                    <\/span>\n\n                \n            <\/span>\n                <\/div>\n    <div class=\"module-feature-content tf_textc\">\n                    <h3 class=\"module-feature-title\">\n                            Marina                        <\/h3>\n                    <div class=\"tb_text_wrap\">\n            <p><span style=\"color: #5f79bb;\"><strong>RESPONSABLE DE LA GESTION ET DE L&#8217;ADMINISTRATION<\/strong><\/span><\/p>\n<p>Gr\u00e2ce \u00e0 sa calculatrice et \u00e0 son Excel, nous n\u2019oublions jamais un paiement.<\/p>\n<p>Elle a \u00e9tudi\u00e9 l\u2019administration et les finances. Elle a une grande exp\u00e9rience dans le domaine financier des affaires. Elle nous aide \u00e0 g\u00e9rer et \u00e0 r\u00e9gler nos imp\u00f4ts comme une horloge.<\/p>        <\/div>\n    <\/div>\n<\/div>\n<!-- \/module feature -->\n        <\/div>\n                        <\/div>\n        <\/div>\n                        <div  data-lazy=\"1\" class=\"module_row themify_builder_row tb_44br31 tf_w\">\n                        <div class=\"row_inner col_align_top tb_col_count_1 tf_box tf_rel\">\n                        <div  data-lazy=\"1\" class=\"module_column tb-column col-full tb_q03131 first\">\n                            <\/div>\n                        <\/div>\n        <\/div>\n        <\/div>\n<!--\/themify_builder_content-->\n\n<div class=\"kk-star-ratings kksr-auto kksr-align-center kksr-valign-bottom\"\n    data-payload='{&quot;align&quot;:&quot;center&quot;,&quot;id&quot;:&quot;4380&quot;,&quot;slug&quot;:&quot;default&quot;,&quot;valign&quot;:&quot;bottom&quot;,&quot;ignore&quot;:&quot;&quot;,&quot;reference&quot;:&quot;auto&quot;,&quot;class&quot;:&quot;&quot;,&quot;count&quot;:&quot;0&quot;,&quot;legendonly&quot;:&quot;&quot;,&quot;readonly&quot;:&quot;&quot;,&quot;score&quot;:&quot;0&quot;,&quot;starsonly&quot;:&quot;&quot;,&quot;best&quot;:&quot;5&quot;,&quot;gap&quot;:&quot;5&quot;,&quot;greet&quot;:&quot;\u00a1D\u00e9janos 5 estrellas si te ha gustado! :D&quot;,&quot;legend&quot;:&quot;0\\\/5 - (0 vote)&quot;,&quot;size&quot;:&quot;24&quot;,&quot;title&quot;:&quot;\u00c0 Propos&quot;,&quot;width&quot;:&quot;0&quot;,&quot;_legend&quot;:&quot;{score}\\\/{best} - ({count} {votes})&quot;,&quot;font_factor&quot;:&quot;1.25&quot;}'>\n            \n<div class=\"kksr-stars\">\n    \n<div class=\"kksr-stars-inactive\">\n            <div class=\"kksr-star\" data-star=\"1\" style=\"padding-right: 5px\">\n            \n\n<div class=\"kksr-icon\" style=\"width: 24px; height: 24px;\"><\/div>\n        <\/div>\n            <div class=\"kksr-star\" data-star=\"2\" style=\"padding-right: 5px\">\n            \n\n<div class=\"kksr-icon\" style=\"width: 24px; height: 24px;\"><\/div>\n        <\/div>\n            <div class=\"kksr-star\" data-star=\"3\" style=\"padding-right: 5px\">\n            \n\n<div class=\"kksr-icon\" style=\"width: 24px; height: 24px;\"><\/div>\n        <\/div>\n            <div class=\"kksr-star\" data-star=\"4\" style=\"padding-right: 5px\">\n            \n\n<div class=\"kksr-icon\" style=\"width: 24px; height: 24px;\"><\/div>\n        <\/div>\n            <div class=\"kksr-star\" data-star=\"5\" style=\"padding-right: 5px\">\n            \n\n<div class=\"kksr-icon\" style=\"width: 24px; height: 24px;\"><\/div>\n        <\/div>\n    <\/div>\n    \n<div class=\"kksr-stars-active\" style=\"width: 0px;\">\n            <div class=\"kksr-star\" style=\"padding-right: 5px\">\n            \n\n<div class=\"kksr-icon\" style=\"width: 24px; height: 24px;\"><\/div>\n        <\/div>\n            <div class=\"kksr-star\" style=\"padding-right: 5px\">\n            \n\n<div class=\"kksr-icon\" style=\"width: 24px; height: 24px;\"><\/div>\n        <\/div>\n            <div class=\"kksr-star\" style=\"padding-right: 5px\">\n            \n\n<div class=\"kksr-icon\" style=\"width: 24px; height: 24px;\"><\/div>\n        <\/div>\n            <div class=\"kksr-star\" style=\"padding-right: 5px\">\n            \n\n<div class=\"kksr-icon\" style=\"width: 24px; height: 24px;\"><\/div>\n        <\/div>\n            <div class=\"kksr-star\" style=\"padding-right: 5px\">\n            \n\n<div class=\"kksr-icon\" style=\"width: 24px; height: 24px;\"><\/div>\n        <\/div>\n    <\/div>\n<\/div>\n                \n\n<div class=\"kksr-legend\" style=\"font-size: 19.2px;\">\n            <span class=\"kksr-muted\">\u00a1D\u00e9janos 5 estrellas si te ha gustado! \ud83d\ude00<\/span>\n    <\/div>\n    <\/div>","protected":false},"excerpt":{"rendered":"<p>\u00c0 propos de nous L&#8217;\u00e9quipe de l&#8217;\u00c9cole de langues en ligne Erizo est compos\u00e9e de professionnels sp\u00e9cialis\u00e9s dans diff\u00e9rents domaines linguistiques et p\u00e9dagogiques. Vous offrir un service linguistique de qualit\u00e9 nous tient \u00e9norm\u00e9ment \u00e0 c\u0153ur, et c\u2019est pourquoi nous nous engageons et nous faisons de notre mieux afin de vous fournir le meilleur enseignement de [&hellip;]<\/p>\n","protected":false},"author":6,"featured_media":0,"parent":0,"menu_order":0,"comment_status":"closed","ping_status":"closed","template":"","meta":{"_eb_attr":"","footnotes":""},"yoast_head":"<!-- This site is optimized with the Yoast SEO plugin v24.4 - https:\/\/yoast.com\/wordpress\/plugins\/seo\/ -->\n<title>\u00c0 Propos | Academia de Idiomas Erizo<\/title>\n<meta name=\"robots\" content=\"index, follow, max-snippet:-1, max-image-preview:large, max-video-preview:-1\" \/>\n<link rel=\"canonical\" href=\"https:\/\/academiadeidiomaserizo.com\/fr\/quienes-somos\/\" \/>\n<meta property=\"og:locale\" content=\"fr_FR\" \/>\n<meta property=\"og:type\" content=\"article\" \/>\n<meta property=\"og:title\" content=\"\u00c0 Propos | Academia de Idiomas Erizo\" \/>\n<meta property=\"og:description\" content=\"\u00c0 propos de nous L&#039;\u00e9quipe de l&#039;\u00c9cole de langues en ligne Erizo est compos\u00e9e de professionnels sp\u00e9cialis\u00e9s dans diff\u00e9rents domaines linguistiques et p\u00e9dagogiques. Vous offrir un service linguistique de qualit\u00e9 nous tient \u00e9norm\u00e9ment \u00e0 c\u0153ur, et c\u2019est pourquoi nous nous engageons et nous faisons de notre mieux afin de vous fournir le meilleur enseignement de [&hellip;]\" \/>\n<meta property=\"og:url\" content=\"https:\/\/academiadeidiomaserizo.com\/fr\/quienes-somos\/\" \/>\n<meta property=\"og:site_name\" content=\"Academia de Idiomas Erizo\" \/>\n<meta property=\"article:modified_time\" content=\"2024-11-15T00:37:39+00:00\" \/>\n<meta property=\"og:image\" content=\"https:\/\/escuelademusicaerizo.com\/wp-content\/uploads\/2022\/04\/Dani-2-1.jpg\" \/>\n<meta name=\"twitter:card\" content=\"summary_large_image\" \/>\n<!-- \/ Yoast SEO plugin. -->","yoast_head_json":{"title":"\u00c0 Propos | Academia de Idiomas Erizo","robots":{"index":"index","follow":"follow","max-snippet":"max-snippet:-1","max-image-preview":"max-image-preview:large","max-video-preview":"max-video-preview:-1"},"canonical":"https:\/\/academiadeidiomaserizo.com\/fr\/quienes-somos\/","og_locale":"fr_FR","og_type":"article","og_title":"\u00c0 Propos | Academia de Idiomas Erizo","og_description":"\u00c0 propos de nous L'\u00e9quipe de l'\u00c9cole de langues en ligne Erizo est compos\u00e9e de professionnels sp\u00e9cialis\u00e9s dans diff\u00e9rents domaines linguistiques et p\u00e9dagogiques. Vous offrir un service linguistique de qualit\u00e9 nous tient \u00e9norm\u00e9ment \u00e0 c\u0153ur, et c\u2019est pourquoi nous nous engageons et nous faisons de notre mieux afin de vous fournir le meilleur enseignement de [&hellip;]","og_url":"https:\/\/academiadeidiomaserizo.com\/fr\/quienes-somos\/","og_site_name":"Academia de Idiomas Erizo","article_modified_time":"2024-11-15T00:37:39+00:00","og_image":[{"url":"https:\/\/escuelademusicaerizo.com\/wp-content\/uploads\/2022\/04\/Dani-2-1.jpg","type":"","width":"","height":""}],"twitter_card":"summary_large_image","schema":{"@context":"https:\/\/schema.org","@graph":[{"@type":"WebPage","@id":"https:\/\/academiadeidiomaserizo.com\/fr\/quienes-somos\/","url":"https:\/\/academiadeidiomaserizo.com\/fr\/quienes-somos\/","name":"\u00c0 Propos | Academia de Idiomas Erizo","isPartOf":{"@id":"https:\/\/academiadeidiomaserizo.com\/fr\/#website"},"primaryImageOfPage":{"@id":"https:\/\/academiadeidiomaserizo.com\/fr\/quienes-somos\/#primaryimage"},"image":{"@id":"https:\/\/academiadeidiomaserizo.com\/fr\/quienes-somos\/#primaryimage"},"thumbnailUrl":"https:\/\/escuelademusicaerizo.com\/wp-content\/uploads\/2022\/04\/Dani-2-1.jpg","datePublished":"2023-12-04T10:01:26+00:00","dateModified":"2024-11-15T00:37:39+00:00","breadcrumb":{"@id":"https:\/\/academiadeidiomaserizo.com\/fr\/quienes-somos\/#breadcrumb"},"inLanguage":"fr-FR","potentialAction":[{"@type":"ReadAction","target":["https:\/\/academiadeidiomaserizo.com\/fr\/quienes-somos\/"]}]},{"@type":"ImageObject","inLanguage":"fr-FR","@id":"https:\/\/academiadeidiomaserizo.com\/fr\/quienes-somos\/#primaryimage","url":"https:\/\/escuelademusicaerizo.com\/wp-content\/uploads\/2022\/04\/Dani-2-1.jpg","contentUrl":"https:\/\/escuelademusicaerizo.com\/wp-content\/uploads\/2022\/04\/Dani-2-1.jpg"},{"@type":"BreadcrumbList","@id":"https:\/\/academiadeidiomaserizo.com\/fr\/quienes-somos\/#breadcrumb","itemListElement":[{"@type":"ListItem","position":1,"name":"Portada","item":"https:\/\/academiadeidiomaserizo.com\/fr\/"},{"@type":"ListItem","position":2,"name":"\u00c0 Propos"}]},{"@type":"WebSite","@id":"https:\/\/academiadeidiomaserizo.com\/fr\/#website","url":"https:\/\/academiadeidiomaserizo.com\/fr\/","name":"Academia de Idiomas Erizo","description":"","potentialAction":[{"@type":"SearchAction","target":{"@type":"EntryPoint","urlTemplate":"https:\/\/academiadeidiomaserizo.com\/fr\/?s={search_term_string}"},"query-input":{"@type":"PropertyValueSpecification","valueRequired":true,"valueName":"search_term_string"}}],"inLanguage":"fr-FR"}]}},"_links":{"self":[{"href":"https:\/\/academiadeidiomaserizo.com\/fr\/wp-json\/wp\/v2\/pages\/4380"}],"collection":[{"href":"https:\/\/academiadeidiomaserizo.com\/fr\/wp-json\/wp\/v2\/pages"}],"about":[{"href":"https:\/\/academiadeidiomaserizo.com\/fr\/wp-json\/wp\/v2\/types\/page"}],"author":[{"embeddable":true,"href":"https:\/\/academiadeidiomaserizo.com\/fr\/wp-json\/wp\/v2\/users\/6"}],"replies":[{"embeddable":true,"href":"https:\/\/academiadeidiomaserizo.com\/fr\/wp-json\/wp\/v2\/comments?post=4380"}],"version-history":[{"count":9,"href":"https:\/\/academiadeidiomaserizo.com\/fr\/wp-json\/wp\/v2\/pages\/4380\/revisions"}],"predecessor-version":[{"id":5716,"href":"https:\/\/academiadeidiomaserizo.com\/fr\/wp-json\/wp\/v2\/pages\/4380\/revisions\/5716"}],"wp:attachment":[{"href":"https:\/\/academiadeidiomaserizo.com\/fr\/wp-json\/wp\/v2\/media?parent=4380"}],"curies":[{"name":"wp","href":"https:\/\/api.w.org\/{rel}","templated":true}]}}