{"id":4383,"date":"2023-12-04T11:39:04","date_gmt":"2023-12-04T10:39:04","guid":{"rendered":"https:\/\/academiadeidiomaserizo.com\/medio-ambiente\/"},"modified":"2024-07-02T13:58:00","modified_gmt":"2024-07-02T11:58:00","slug":"medio-ambiente","status":"publish","type":"page","link":"https:\/\/academiadeidiomaserizo.com\/fr\/medio-ambiente\/","title":{"rendered":"L&#8217;environnement"},"content":{"rendered":"<!--themify_builder_content-->\n<div id=\"themify_builder_content-4383\" data-postid=\"4383\" class=\"themify_builder_content themify_builder_content-4383 themify_builder tf_clear\">\n                    <div  data-parallax-bg=\"mobile\" data-css_id=\"drqd579\" data-lazy=\"1\" class=\"module_row themify_builder_row fullheight fullwidth tb_drqd579 tb_first tf_w\">\n            <span class=\"builder_row_cover tf_abs\"><\/span>            <div class=\"row_inner col_align_top gutter-none tb_col_count_2 tf_box tf_rel\">\n                        <div  data-lazy=\"1\" class=\"module_column tb-column col4-2 tb_t6gd582 first\">\n                            <\/div>\n                    <div  data-lazy=\"1\" class=\"module_column tb-column col4-2 tb_rlmp581 last\">\n                    <!-- module image -->\n<div  class=\"module module-image tb_rp8f581 image-center   tf_mw\" data-lazy=\"1\">\n        <div class=\"image-wrap tf_rel tf_mw\">\n            <img decoding=\"async\" data-src=\"https:\/\/escuelademusicaerizo.com\/wp-content\/uploads\/2021\/01\/logo-erizo-escuela.png\" width=\"300\" height=\"115\" title=\"L&#8217;environnement\" alt=\"L&#8217;environnement\" src=\"data:image\/gif;base64,R0lGODlhAQABAAAAACH5BAEKAAEALAAAAAABAAEAAAICTAEAOw==\" class=\"lazyload\" style=\"--smush-placeholder-width: 300px; --smush-placeholder-aspect-ratio: 300\/115;\">    \n        <\/div>\n    <!-- \/image-wrap -->\n    \n        <\/div>\n<!-- \/module image --><!-- module text -->\n<div  class=\"module module-text tb_zvqr581   \" data-lazy=\"1\">\n        <div  class=\"tb_text_wrap\">\n        <h1 style=\"font-size: 40px;\">Nous prot\u00e9geons l&#8217;environnement.<\/h1>\n<p>Nous sommes tous conscients de l&#8217;importance de prendre des mesures individuelles au quotidien pour contribuer \u00e0 la protection de<strong> notre environnement<\/strong>.<\/p>\n<p>La r\u00e9duction de la consommation de carburant, d&#8217;\u00e9lectricit\u00e9, d&#8217;eau et de papier est essentielle pour garantir que notre plan\u00e8te continue d&#8217;\u00eatre un endroit merveilleux o\u00f9 vivre \u00e0 l&#8217;avenir.<\/p>\n<h4>Chez ERIZO, nous sommes fiers de contribuer \u00e0 la protection de la plan\u00e8te gr\u00e2ce \u00e0 nos cours en ligne, o\u00f9 :<\/h4>    <\/div>\n<\/div>\n<!-- \/module text --><!-- module icon -->\n<div  class=\"module module-icon tb_7t5n170    icon_horizontal \" data-lazy=\"1\">\n            <div class=\"module-icon-item\">\n                                                                <em class=\"tf_box\" style=\"background-color:#5e79bb;color:#edf3ff\"><svg  class=\"tf_fa tf-fas-home\" aria-hidden=\"true\"><use href=\"#tf-fas-home\"><\/use><\/svg><\/em>\n                                                                            <span>Ni les \u00e9tudiants ni les professeurs ne se d\u00e9placent vers un lieu physique.<\/span>\n                                                            <\/div>\n    <\/div>\n<!-- \/module icon -->\n<!-- module icon -->\n<div  class=\"module module-icon tb_gshr452    icon_horizontal \" data-lazy=\"1\">\n            <div class=\"module-icon-item\">\n                                                                <em class=\"tf_box\" style=\"background-color:#5e79bb;color:#edf3ff\"><svg  class=\"tf_fa tf-far-building\" aria-hidden=\"true\"><use href=\"#tf-far-building\"><\/use><\/svg><\/em>\n                                                                            <span>Nous n'avons pas de locaux \u00e0 climatiser, \u00e0 nettoyer, \u00e0 \u00e9clairer, etc.<\/span>\n                                                            <\/div>\n    <\/div>\n<!-- \/module icon -->\n<!-- module icon -->\n<div  class=\"module module-icon tb_d7eh569    icon_horizontal \" data-lazy=\"1\">\n            <div class=\"module-icon-item\">\n                                                                <em class=\"tf_box\" style=\"background-color:#5e79bb;color:#edf3ff\"><svg  class=\"tf_fa tf-fas-paper-plane\" aria-hidden=\"true\"><use href=\"#tf-fas-paper-plane\"><\/use><\/svg><\/em>\n                                                                            <span>Nous ne gaspillons pas de papier ni d'encre.<\/span>\n                                                            <\/div>\n    <\/div>\n<!-- \/module icon -->\n<!-- module icon -->\n<div  class=\"module module-icon tb_hocp238    icon_horizontal \" data-lazy=\"1\">\n            <div class=\"module-icon-item\">\n                                                                <em class=\"tf_box\" style=\"background-color:#5e79bb;color:#edf3ff\"><svg  class=\"tf_fa tf-fas-guitar\" aria-hidden=\"true\"><use href=\"#tf-fas-guitar\"><\/use><\/svg><\/em>\n                                                                            <span>Nous n'avons pas de salles de classe avec des tableaux ou de mat\u00e9riel \u00e9lectronique.<\/span>\n                                                            <\/div>\n    <\/div>\n<!-- \/module icon -->\n        <\/div>\n                        <\/div>\n        <\/div>\n                        <div  data-lazy=\"1\" class=\"module_row themify_builder_row tb_u4ga579 tf_w\">\n                        <div class=\"row_inner col_align_top tb_col_count_3 tf_box tf_rel\">\n                        <div  data-lazy=\"1\" class=\"module_column tb-column col3-1 tb_xg18583 first\">\n                            <\/div>\n                    <div  data-lazy=\"1\" class=\"module_column tb-column col3-1 tb_q1d9936\">\n                    <!-- module text -->\n<div  class=\"module module-text tb_46dn583   \" data-lazy=\"1\">\n        <div  class=\"tb_text_wrap\">\n        <div class=\"page\" title=\"Page 1\">\n<div class=\"layoutArea\">\n<div class=\"column\">\n<h3 style=\"text-align: center;\">D\u00e9couvrez l&#8217;incroyable impact positif sur l&#8217;environnement que nous produisons chaque ann\u00e9e gr\u00e2ce \u00e0 notre \u00e9cole :<\/h3>\n<\/div>\n<\/div>\n<\/div>    <\/div>\n<\/div>\n<!-- \/module text -->        <\/div>\n                    <div  data-lazy=\"1\" class=\"module_column tb-column col3-1 tb_asfh936 last\">\n                            <\/div>\n                        <\/div>\n        <\/div>\n                        <div  data-lazy=\"1\" class=\"module_row themify_builder_row tb_asvf579 tf_w\">\n                        <div class=\"row_inner col_align_top tb_col_count_1 tf_box tf_rel\">\n                        <div  data-lazy=\"1\" class=\"module_column tb-column col-full tb_fv6b586 first\">\n                            <div  data-lazy=\"1\" class=\"module_subrow themify_builder_sub_row tf_w col_align_top tb_col_count_3 tb_wpwg586\">\n                <div  data-lazy=\"1\" class=\"module_column sub_column col3-1 tb_qugw587 first\">\n                    <!-- module feature -->\n<div  class=\"module module-feature tb_5b23587 with-chart layout-icon-left size-small \" data-layout-mobile=\"icon-left\" data-layout-desktop=\"icon-left\" data-lazy=\"1\">\n        <div class=\"module-feature-image tf_textc tf_rel\">\n                            <span class=\"module-feature-chart-html5 tf_box tf_rel tf_inline_b\">\n                                    <svg class=\"tf_abs tf_w tf_h\">\n                    <circle class=\"tb_feature_fill\" r=\"calc(50% - 3.00px)\" cx=\"50%\" cy=\"50%\" stroke-width=\"6\"\/>\n                    <circle class=\"tb_feature_stroke\" r=\"calc(50% - 3.00px)\" cx=\"50%\" cy=\"50%\" stroke=\"#5e79bb\" stroke-width=\"6\" data-progress=\"100\" stroke-dasharray=\"0,10000\"\/>\n                                        <\/svg>\n                                <span class=\"chart-html5-circle tf_w tf_h\">\n                                            <em class=\"module-feature-icon tf_rel\"><svg  class=\"tf_fa tf-fas-smog\" aria-hidden=\"true\"><use href=\"#tf-fas-smog\"><\/use><\/svg><\/em>\n                                    <\/span>\n\n                \n            <\/span>\n                <\/div>\n    <div class=\"module-feature-content tf_textc\">\n                    <h3 class=\"module-feature-title\">\n                            Plus de 25 tonnes de CO2                        <\/h3>\n                    <div class=\"tb_text_wrap\">\n                    <\/div>\n    <\/div>\n<\/div>\n<!-- \/module feature -->\n        <\/div>\n                    <div  data-lazy=\"1\" class=\"module_column sub_column col3-1 tb_qt75587\">\n                    <!-- module feature -->\n<div  class=\"module module-feature tb_gr9j414 with-chart layout-icon-left size-small \" data-layout-mobile=\"icon-left\" data-layout-desktop=\"icon-left\" data-lazy=\"1\">\n        <div class=\"module-feature-image tf_textc tf_rel\">\n                            <span class=\"module-feature-chart-html5 tf_box tf_rel tf_inline_b\">\n                                    <svg class=\"tf_abs tf_w tf_h\">\n                    <circle class=\"tb_feature_fill\" r=\"calc(50% - 3.00px)\" cx=\"50%\" cy=\"50%\" stroke-width=\"6\"\/>\n                    <circle class=\"tb_feature_stroke\" r=\"calc(50% - 3.00px)\" cx=\"50%\" cy=\"50%\" stroke=\"#5e79bb\" stroke-width=\"6\" data-progress=\"100\" stroke-dasharray=\"0,10000\"\/>\n                                        <\/svg>\n                                <span class=\"chart-html5-circle tf_w tf_h\">\n                                            <em class=\"module-feature-icon tf_rel\"><svg  class=\"tf_fa tf-fas-car-side\" aria-hidden=\"true\"><use href=\"#tf-fas-car-side\"><\/use><\/svg><\/em>\n                                    <\/span>\n\n                \n            <\/span>\n                <\/div>\n    <div class=\"module-feature-content tf_textc\">\n                    <h3 class=\"module-feature-title\">\n                            Plus de 8000 litres de carburant                        <\/h3>\n                    <div class=\"tb_text_wrap\">\n                    <\/div>\n    <\/div>\n<\/div>\n<!-- \/module feature -->\n        <\/div>\n                    <div  data-lazy=\"1\" class=\"module_column sub_column col3-1 tb_b8bh588 last\">\n                    <!-- module feature -->\n<div  class=\"module module-feature tb_tfty328 with-chart layout-icon-left size-small \" data-layout-mobile=\"icon-left\" data-layout-desktop=\"icon-left\" data-lazy=\"1\">\n        <div class=\"module-feature-image tf_textc tf_rel\">\n                            <span class=\"module-feature-chart-html5 tf_box tf_rel tf_inline_b\">\n                                    <svg class=\"tf_abs tf_w tf_h\">\n                    <circle class=\"tb_feature_fill\" r=\"calc(50% - 3.00px)\" cx=\"50%\" cy=\"50%\" stroke-width=\"6\"\/>\n                    <circle class=\"tb_feature_stroke\" r=\"calc(50% - 3.00px)\" cx=\"50%\" cy=\"50%\" stroke=\"#5e79bb\" stroke-width=\"6\" data-progress=\"100\" stroke-dasharray=\"0,10000\"\/>\n                                        <\/svg>\n                                <span class=\"chart-html5-circle tf_w tf_h\">\n                                            <em class=\"module-feature-icon tf_rel\"><svg  class=\"tf_fa tf-fas-tree\" aria-hidden=\"true\"><use href=\"#tf-fas-tree\"><\/use><\/svg><\/em>\n                                    <\/span>\n\n                \n            <\/span>\n                <\/div>\n    <div class=\"module-feature-content tf_textc\">\n                    <h3 class=\"module-feature-title\">\n                            Plus de 150 kg de papier                        <\/h3>\n                    <div class=\"tb_text_wrap\">\n                    <\/div>\n    <\/div>\n<\/div>\n<!-- \/module feature -->\n        <\/div>\n                    <\/div>\n                <\/div>\n                        <\/div>\n        <\/div>\n                        <div  data-lazy=\"1\" class=\"module_row themify_builder_row tb_qf2x579 tf_w\">\n                        <div class=\"row_inner col_align_top tb_col_count_1 tf_box tf_rel\">\n                        <div  data-lazy=\"1\" class=\"module_column tb-column col-full tb_yg76584 first\">\n                    <!-- module text -->\n<div  class=\"module module-text tb_84sj584    wow\" data-tf-animation=\"slideInLeft\" data-lazy=\"1\">\n        <div  class=\"tb_text_wrap\">\n        <h4 style=\"text-align: center;\">Vous le savez d\u00e9j\u00e0 ! Nous vous offrons une le\u00e7on gratuite pour que vous puissiez nous conna\u00eetre et d\u00e9couvrir tout ce que vous pouvez apprendre et am\u00e9liorer chez nous, sans avoir besoin de polluer.<\/h4>    <\/div>\n<\/div>\n<!-- \/module text -->        <div  data-lazy=\"1\" class=\"module_subrow themify_builder_sub_row tf_w col_align_top tb_col_count_3 tb_9ht6584\">\n                <div  data-lazy=\"1\" class=\"module_column sub_column col3-1 tb_qekk584 first\">\n                            <\/div>\n                    <div  data-lazy=\"1\" class=\"module_column sub_column col3-1 tb_witj585\">\n                    <!-- module buttons -->\n<div  class=\"module module-buttons tb_b2tc585 buttons-horizontal solid  large circle buttons-fullwidth\" data-lazy=\"1\">\n        <div class=\"module-buttons-item tf_in_flx\">\n                        <a href=\"https:\/\/academiadeidiomaserizo.com\/fr\/quienes-somos\" class=\"ui builder_button tf_in_flx tb_default_color\" >\n                                                Rencontrez l\u2019\u00e9quipe Erizo                                        <\/a>\n                <\/div>\n            <\/div>\n<!-- \/module buttons -->\n        <\/div>\n                    <div  data-lazy=\"1\" class=\"module_column sub_column col3-1 tb_389v585 last\">\n                            <\/div>\n                    <\/div>\n                <\/div>\n                        <\/div>\n        <\/div>\n        <\/div>\n<!--\/themify_builder_content-->\n\n\n<div class=\"kk-star-ratings kksr-auto kksr-align-center kksr-valign-bottom\"\n    data-payload='{&quot;align&quot;:&quot;center&quot;,&quot;id&quot;:&quot;4383&quot;,&quot;slug&quot;:&quot;default&quot;,&quot;valign&quot;:&quot;bottom&quot;,&quot;ignore&quot;:&quot;&quot;,&quot;reference&quot;:&quot;auto&quot;,&quot;class&quot;:&quot;&quot;,&quot;count&quot;:&quot;0&quot;,&quot;legendonly&quot;:&quot;&quot;,&quot;readonly&quot;:&quot;&quot;,&quot;score&quot;:&quot;0&quot;,&quot;starsonly&quot;:&quot;&quot;,&quot;best&quot;:&quot;5&quot;,&quot;gap&quot;:&quot;5&quot;,&quot;greet&quot;:&quot;\u00a1D\u00e9janos 5 estrellas si te ha gustado! :D&quot;,&quot;legend&quot;:&quot;0\\\/5 - (0 vote)&quot;,&quot;size&quot;:&quot;24&quot;,&quot;title&quot;:&quot;L\\u0026#039;environnement&quot;,&quot;width&quot;:&quot;0&quot;,&quot;_legend&quot;:&quot;{score}\\\/{best} - ({count} {votes})&quot;,&quot;font_factor&quot;:&quot;1.25&quot;}'>\n            \n<div class=\"kksr-stars\">\n    \n<div class=\"kksr-stars-inactive\">\n            <div class=\"kksr-star\" data-star=\"1\" style=\"padding-right: 5px\">\n            \n\n<div class=\"kksr-icon\" style=\"width: 24px; height: 24px;\"><\/div>\n        <\/div>\n            <div class=\"kksr-star\" data-star=\"2\" style=\"padding-right: 5px\">\n            \n\n<div class=\"kksr-icon\" style=\"width: 24px; height: 24px;\"><\/div>\n        <\/div>\n            <div class=\"kksr-star\" data-star=\"3\" style=\"padding-right: 5px\">\n            \n\n<div class=\"kksr-icon\" style=\"width: 24px; height: 24px;\"><\/div>\n        <\/div>\n            <div class=\"kksr-star\" data-star=\"4\" style=\"padding-right: 5px\">\n            \n\n<div class=\"kksr-icon\" style=\"width: 24px; height: 24px;\"><\/div>\n        <\/div>\n            <div class=\"kksr-star\" data-star=\"5\" style=\"padding-right: 5px\">\n            \n\n<div class=\"kksr-icon\" style=\"width: 24px; height: 24px;\"><\/div>\n        <\/div>\n    <\/div>\n    \n<div class=\"kksr-stars-active\" style=\"width: 0px;\">\n            <div class=\"kksr-star\" style=\"padding-right: 5px\">\n            \n\n<div class=\"kksr-icon\" style=\"width: 24px; height: 24px;\"><\/div>\n        <\/div>\n            <div class=\"kksr-star\" style=\"padding-right: 5px\">\n            \n\n<div class=\"kksr-icon\" style=\"width: 24px; height: 24px;\"><\/div>\n        <\/div>\n            <div class=\"kksr-star\" style=\"padding-right: 5px\">\n            \n\n<div class=\"kksr-icon\" style=\"width: 24px; height: 24px;\"><\/div>\n        <\/div>\n            <div class=\"kksr-star\" style=\"padding-right: 5px\">\n            \n\n<div class=\"kksr-icon\" style=\"width: 24px; height: 24px;\"><\/div>\n        <\/div>\n            <div class=\"kksr-star\" style=\"padding-right: 5px\">\n            \n\n<div class=\"kksr-icon\" style=\"width: 24px; height: 24px;\"><\/div>\n        <\/div>\n    <\/div>\n<\/div>\n                \n\n<div class=\"kksr-legend\" style=\"font-size: 19.2px;\">\n            <span class=\"kksr-muted\">\u00a1D\u00e9janos 5 estrellas si te ha gustado! \ud83d\ude00<\/span>\n    <\/div>\n    <\/div>","protected":false},"excerpt":{"rendered":"<p>Nous prot\u00e9geons l&#8217;environnement. Nous sommes tous conscients de l&#8217;importance de prendre des mesures individuelles au quotidien pour contribuer \u00e0 la protection de notre environnement. La r\u00e9duction de la consommation de carburant, d&#8217;\u00e9lectricit\u00e9, d&#8217;eau et de papier est essentielle pour garantir que notre plan\u00e8te continue d&#8217;\u00eatre un endroit merveilleux o\u00f9 vivre \u00e0 l&#8217;avenir. Chez ERIZO, nous [&hellip;]<\/p>\n","protected":false},"author":6,"featured_media":0,"parent":0,"menu_order":0,"comment_status":"closed","ping_status":"closed","template":"","meta":{"_eb_attr":"","footnotes":""},"yoast_head":"<!-- This site is optimized with the Yoast SEO plugin v24.4 - https:\/\/yoast.com\/wordpress\/plugins\/seo\/ -->\n<title>L&#039;environnement | Academia de Idiomas Erizo<\/title>\n<meta name=\"description\" content=\"En ERIZO con nuestros cursos de idiomas online contribuimos a mejorar el medio ambiente de nuestro mundo. \u00a1Solicita informaci\u00f3n!\" \/>\n<meta name=\"robots\" content=\"index, follow, max-snippet:-1, max-image-preview:large, max-video-preview:-1\" \/>\n<link rel=\"canonical\" href=\"https:\/\/academiadeidiomaserizo.com\/fr\/medio-ambiente\/\" \/>\n<meta property=\"og:locale\" content=\"fr_FR\" \/>\n<meta property=\"og:type\" content=\"article\" \/>\n<meta property=\"og:title\" content=\"L&#039;environnement | Academia de Idiomas Erizo\" \/>\n<meta property=\"og:description\" content=\"En ERIZO con nuestros cursos de idiomas online contribuimos a mejorar el medio ambiente de nuestro mundo. \u00a1Solicita informaci\u00f3n!\" \/>\n<meta property=\"og:url\" content=\"https:\/\/academiadeidiomaserizo.com\/fr\/medio-ambiente\/\" \/>\n<meta property=\"og:site_name\" content=\"Academia de Idiomas Erizo\" \/>\n<meta property=\"article:modified_time\" content=\"2024-07-02T11:58:00+00:00\" \/>\n<meta property=\"og:image\" content=\"https:\/\/escuelademusicaerizo.com\/wp-content\/uploads\/2021\/01\/logo-erizo-escuela.png\" \/>\n<meta name=\"twitter:card\" content=\"summary_large_image\" \/>\n<!-- \/ Yoast SEO plugin. -->","yoast_head_json":{"title":"L'environnement | Academia de Idiomas Erizo","description":"En ERIZO con nuestros cursos de idiomas online contribuimos a mejorar el medio ambiente de nuestro mundo. \u00a1Solicita informaci\u00f3n!","robots":{"index":"index","follow":"follow","max-snippet":"max-snippet:-1","max-image-preview":"max-image-preview:large","max-video-preview":"max-video-preview:-1"},"canonical":"https:\/\/academiadeidiomaserizo.com\/fr\/medio-ambiente\/","og_locale":"fr_FR","og_type":"article","og_title":"L'environnement | Academia de Idiomas Erizo","og_description":"En ERIZO con nuestros cursos de idiomas online contribuimos a mejorar el medio ambiente de nuestro mundo. \u00a1Solicita informaci\u00f3n!","og_url":"https:\/\/academiadeidiomaserizo.com\/fr\/medio-ambiente\/","og_site_name":"Academia de Idiomas Erizo","article_modified_time":"2024-07-02T11:58:00+00:00","og_image":[{"url":"https:\/\/escuelademusicaerizo.com\/wp-content\/uploads\/2021\/01\/logo-erizo-escuela.png","type":"","width":"","height":""}],"twitter_card":"summary_large_image","schema":{"@context":"https:\/\/schema.org","@graph":[{"@type":"WebPage","@id":"https:\/\/academiadeidiomaserizo.com\/fr\/medio-ambiente\/","url":"https:\/\/academiadeidiomaserizo.com\/fr\/medio-ambiente\/","name":"L'environnement | Academia de Idiomas Erizo","isPartOf":{"@id":"https:\/\/academiadeidiomaserizo.com\/fr\/#website"},"primaryImageOfPage":{"@id":"https:\/\/academiadeidiomaserizo.com\/fr\/medio-ambiente\/#primaryimage"},"image":{"@id":"https:\/\/academiadeidiomaserizo.com\/fr\/medio-ambiente\/#primaryimage"},"thumbnailUrl":"https:\/\/escuelademusicaerizo.com\/wp-content\/uploads\/2021\/01\/logo-erizo-escuela.png","datePublished":"2023-12-04T10:39:04+00:00","dateModified":"2024-07-02T11:58:00+00:00","description":"En ERIZO con nuestros cursos de idiomas online contribuimos a mejorar el medio ambiente de nuestro mundo. \u00a1Solicita informaci\u00f3n!","breadcrumb":{"@id":"https:\/\/academiadeidiomaserizo.com\/fr\/medio-ambiente\/#breadcrumb"},"inLanguage":"fr-FR","potentialAction":[{"@type":"ReadAction","target":["https:\/\/academiadeidiomaserizo.com\/fr\/medio-ambiente\/"]}]},{"@type":"ImageObject","inLanguage":"fr-FR","@id":"https:\/\/academiadeidiomaserizo.com\/fr\/medio-ambiente\/#primaryimage","url":"https:\/\/escuelademusicaerizo.com\/wp-content\/uploads\/2021\/01\/logo-erizo-escuela.png","contentUrl":"https:\/\/escuelademusicaerizo.com\/wp-content\/uploads\/2021\/01\/logo-erizo-escuela.png"},{"@type":"BreadcrumbList","@id":"https:\/\/academiadeidiomaserizo.com\/fr\/medio-ambiente\/#breadcrumb","itemListElement":[{"@type":"ListItem","position":1,"name":"Portada","item":"https:\/\/academiadeidiomaserizo.com\/fr\/"},{"@type":"ListItem","position":2,"name":"L&#8217;environnement"}]},{"@type":"WebSite","@id":"https:\/\/academiadeidiomaserizo.com\/fr\/#website","url":"https:\/\/academiadeidiomaserizo.com\/fr\/","name":"Academia de Idiomas Erizo","description":"","potentialAction":[{"@type":"SearchAction","target":{"@type":"EntryPoint","urlTemplate":"https:\/\/academiadeidiomaserizo.com\/fr\/?s={search_term_string}"},"query-input":{"@type":"PropertyValueSpecification","valueRequired":true,"valueName":"search_term_string"}}],"inLanguage":"fr-FR"}]}},"_links":{"self":[{"href":"https:\/\/academiadeidiomaserizo.com\/fr\/wp-json\/wp\/v2\/pages\/4383"}],"collection":[{"href":"https:\/\/academiadeidiomaserizo.com\/fr\/wp-json\/wp\/v2\/pages"}],"about":[{"href":"https:\/\/academiadeidiomaserizo.com\/fr\/wp-json\/wp\/v2\/types\/page"}],"author":[{"embeddable":true,"href":"https:\/\/academiadeidiomaserizo.com\/fr\/wp-json\/wp\/v2\/users\/6"}],"replies":[{"embeddable":true,"href":"https:\/\/academiadeidiomaserizo.com\/fr\/wp-json\/wp\/v2\/comments?post=4383"}],"version-history":[{"count":10,"href":"https:\/\/academiadeidiomaserizo.com\/fr\/wp-json\/wp\/v2\/pages\/4383\/revisions"}],"predecessor-version":[{"id":5721,"href":"https:\/\/academiadeidiomaserizo.com\/fr\/wp-json\/wp\/v2\/pages\/4383\/revisions\/5721"}],"wp:attachment":[{"href":"https:\/\/academiadeidiomaserizo.com\/fr\/wp-json\/wp\/v2\/media?parent=4383"}],"curies":[{"name":"wp","href":"https:\/\/api.w.org\/{rel}","templated":true}]}}