{"id":4442,"date":"2023-11-24T14:10:07","date_gmt":"2023-11-24T13:10:07","guid":{"rendered":"https:\/\/academiadeidiomaserizo.com\/comunidad-whatsapp\/"},"modified":"2024-04-25T11:30:19","modified_gmt":"2024-04-25T09:30:19","slug":"communaute-whatsapp","status":"publish","type":"page","link":"https:\/\/academiadeidiomaserizo.com\/fr\/communaute-whatsapp\/","title":{"rendered":"<strong>Communaut\u00e9 WhatsApp<\/strong>"},"content":{"rendered":"\n\n<div class=\"kk-star-ratings kksr-auto kksr-align-center kksr-valign-bottom\"\n    data-payload='{&quot;align&quot;:&quot;center&quot;,&quot;id&quot;:&quot;4442&quot;,&quot;slug&quot;:&quot;default&quot;,&quot;valign&quot;:&quot;bottom&quot;,&quot;ignore&quot;:&quot;&quot;,&quot;reference&quot;:&quot;auto&quot;,&quot;class&quot;:&quot;&quot;,&quot;count&quot;:&quot;0&quot;,&quot;legendonly&quot;:&quot;&quot;,&quot;readonly&quot;:&quot;&quot;,&quot;score&quot;:&quot;0&quot;,&quot;starsonly&quot;:&quot;&quot;,&quot;best&quot;:&quot;5&quot;,&quot;gap&quot;:&quot;5&quot;,&quot;greet&quot;:&quot;\u00a1D\u00e9janos 5 estrellas si te ha gustado! :D&quot;,&quot;legend&quot;:&quot;0\\\/5 - (0 vote)&quot;,&quot;size&quot;:&quot;24&quot;,&quot;title&quot;:&quot;\\u0026lt;strong\\u0026gt;Communaut\u00e9 WhatsApp\\u0026lt;\\\/strong\\u0026gt;&quot;,&quot;width&quot;:&quot;0&quot;,&quot;_legend&quot;:&quot;{score}\\\/{best} - ({count} {votes})&quot;,&quot;font_factor&quot;:&quot;1.25&quot;}'>\n            \n<div class=\"kksr-stars\">\n    \n<div class=\"kksr-stars-inactive\">\n            <div class=\"kksr-star\" data-star=\"1\" style=\"padding-right: 5px\">\n            \n\n<div class=\"kksr-icon\" style=\"width: 24px; height: 24px;\"><\/div>\n        <\/div>\n            <div class=\"kksr-star\" data-star=\"2\" style=\"padding-right: 5px\">\n            \n\n<div class=\"kksr-icon\" style=\"width: 24px; height: 24px;\"><\/div>\n        <\/div>\n            <div class=\"kksr-star\" data-star=\"3\" style=\"padding-right: 5px\">\n            \n\n<div class=\"kksr-icon\" style=\"width: 24px; height: 24px;\"><\/div>\n        <\/div>\n            <div class=\"kksr-star\" data-star=\"4\" style=\"padding-right: 5px\">\n            \n\n<div class=\"kksr-icon\" style=\"width: 24px; height: 24px;\"><\/div>\n        <\/div>\n            <div class=\"kksr-star\" data-star=\"5\" style=\"padding-right: 5px\">\n            \n\n<div class=\"kksr-icon\" style=\"width: 24px; height: 24px;\"><\/div>\n        <\/div>\n    <\/div>\n    \n<div class=\"kksr-stars-active\" style=\"width: 0px;\">\n            <div class=\"kksr-star\" style=\"padding-right: 5px\">\n            \n\n<div class=\"kksr-icon\" style=\"width: 24px; height: 24px;\"><\/div>\n        <\/div>\n            <div class=\"kksr-star\" style=\"padding-right: 5px\">\n            \n\n<div class=\"kksr-icon\" style=\"width: 24px; height: 24px;\"><\/div>\n        <\/div>\n            <div class=\"kksr-star\" style=\"padding-right: 5px\">\n            \n\n<div class=\"kksr-icon\" style=\"width: 24px; height: 24px;\"><\/div>\n        <\/div>\n            <div class=\"kksr-star\" style=\"padding-right: 5px\">\n            \n\n<div class=\"kksr-icon\" style=\"width: 24px; height: 24px;\"><\/div>\n        <\/div>\n            <div class=\"kksr-star\" style=\"padding-right: 5px\">\n            \n\n<div class=\"kksr-icon\" style=\"width: 24px; height: 24px;\"><\/div>\n        <\/div>\n    <\/div>\n<\/div>\n                \n\n<div class=\"kksr-legend\" style=\"font-size: 19.2px;\">\n            <span class=\"kksr-muted\">\u00a1D\u00e9janos 5 estrellas si te ha gustado! \ud83d\ude00<\/span>\n    <\/div>\n    <\/div>\n<!--themify_builder_content-->\n<div id=\"themify_builder_content-4442\" data-postid=\"4442\" class=\"themify_builder_content themify_builder_content-4442 themify_builder tf_clear\">\n                    <div  data-css_id=\"m02q572\" data-lazy=\"1\" class=\"module_row themify_builder_row fullwidth tb_m02q572 tb_first tf_w\">\n            <span class=\"builder_row_cover tf_abs\"><\/span>            <div class=\"row_inner col_align_top tb_col_count_1 tf_box tf_rel\">\n                        <div  data-lazy=\"1\" class=\"module_column tb-column col-full tb_fw9c572 first\">\n                    <!-- module fancy heading -->\n<div  class=\"module module-fancy-heading tb_k1jr572 \" data-lazy=\"1\">\n        <h1 class=\"fancy-heading tf_textc\">\n    <span class=\"main-head tf_block\">\n                    Communaut\u00e9 WhatsApp            <\/span>\n\n    \n    <span class=\"sub-head tf_block tf_rel\">\n                    Nous vous attendons !            <\/span>\n    <\/h1>\n<\/div>\n<!-- \/module fancy heading -->\n<!-- module buttons -->\n<div  class=\"module module-buttons tb_o7rr572 buttons-horizontal solid  hide-tablet hide-mobile large circle\" data-lazy=\"1\">\n        <div class=\"module-buttons-item tf_in_flx\">\n                        <a href=\"\" class=\"ui builder_button tf_in_flx gray\" >\n                                                Acc\u00e8s gratuit                                        <\/a>\n                <\/div>\n            <\/div>\n<!-- \/module buttons -->\n        <\/div>\n                        <\/div>\n        <\/div>\n                        <div  data-css_id=\"nto0989\" data-lazy=\"1\" class=\"module_row themify_builder_row fullwidth tb_nto0989 tf_w\">\n                        <div class=\"row_inner col_align_top tb_col_count_1 tf_box tf_rel\">\n                        <div  data-lazy=\"1\" class=\"module_column tb-column col-full tb_gm00989 first\">\n                    <!-- module text -->\n<div  class=\"module module-text tb_kd85989   \" data-lazy=\"1\">\n        <div  class=\"tb_text_wrap\">\n        <h3 style=\"text-align: center;\">Qu\u2019est-ce que notre communaut\u00e9 Erizo ?<\/h3>\n<p style=\"text-align: center;\">C\u2019est une fa\u00e7on diff\u00e9rente de rencontrer notre \u00e9quipe, d\u2019autres \u00e9l\u00e8ves de l\u2019\u00e9cole, ainsi que de r\u00e9soudre des questions, de se renseigner, et de rester inform\u00e9 des nouveaut\u00e9s de l\u2019\u00e9cole&#8230;<\/p>    <\/div>\n<\/div>\n<!-- \/module text --><!-- module buttons -->\n<div  class=\"module module-buttons tb_o30w990 buttons-horizontal solid  large circle\" data-lazy=\"1\">\n        <div class=\"module-buttons-item tf_in_flx\">\n                        <a href=\"\" class=\"ui builder_button tf_in_flx tb_default_color\" >\n                                                Communaut\u00e9 WhatsApp                                        <\/a>\n                <\/div>\n            <\/div>\n<!-- \/module buttons -->\n        <\/div>\n                        <\/div>\n        <\/div>\n                        <div  data-zoom-bg=\"desktop\" data-anchor=\"contacto\" data-css_id=\"kdr5656\" data-lazy=\"1\" class=\"module_row themify_builder_row fullwidth tb_has_section tb_section-contacto tb_kdr5656 tf_w\">\n                        <div class=\"row_inner col_align_top tb_col_count_1 tf_box tf_rel\">\n                        <div  data-lazy=\"1\" class=\"module_column tb-column col-full tb_i3sa656 first\">\n                    <!-- module plain text -->\n<div  class=\"module module-plain-text tb_vu8p656 \" data-lazy=\"1\">\n        <div class=\"tb_text_wrap\">\n    <div class=\"tb_layout_part_wrap tf_w\">\n<!--themify_builder_content-->\n    <div  class=\"themify_builder_content themify_builder_content-4352 themify_builder not_editable_builder in_the_loop\" data-postid=\"4352\">\n                        <div  data-parallax-bg=\"desktop\" data-anchor=\"contactar\" data-lazy=\"1\" class=\"module_row themify_builder_row fullheight tb_has_section tb_section-contactar tb_gstv250 tf_w\">\n            <span class=\"builder_row_cover tf_abs\"><\/span>            <div class=\"row_inner col_align_middle tb_col_count_2 tf_box tf_rel\">\n                        <div  data-lazy=\"1\" class=\"module_column tb-column col4-2 tb_9ufw502 contenedor_centrado first\">\n                    <!-- module text -->\n<div  class=\"module module-text tb_ccgc056   \" data-lazy=\"1\">\n        <div  class=\"tb_text_wrap\">\n        <h2>Renseignez-vous tout de suite !<\/h2><h3>Contactez directement notre coordinateur<\/h3><p>N\u2019h\u00e9sitez pas \u00e0 nous demander des informations concernant les prix, les horaires, les professeurs, etc.<\/p>    <\/div>\n<\/div>\n<!-- \/module text -->        <div  data-lazy=\"1\" class=\"module_subrow themify_builder_sub_row tf_w col_align_middle tb_col_count_2 tb_xls8900\">\n                <div  data-lazy=\"1\" class=\"module_column sub_column col4-2 tb_ci51110 first\">\n                    <!-- module plain text -->\n<div  class=\"module module-plain-text tb_90ia099 \" data-lazy=\"1\">\n        <div class=\"tb_text_wrap\">\n    <a class=\"ctelefono boton desktop\" href=\"\/telefono\">\n    <button class=\"ctelefono\">Appelez-nous<\/button>\n<\/a>\n<a class=\"ctelefono boton movil\" href=\"tel:+34640717145\">\n    <button class=\"ctelefono\">Appelez-nous<\/button>\n<\/a>\n        <\/div>\n<\/div>\n<!-- \/module plain text -->        <\/div>\n                    <div  data-lazy=\"1\" class=\"module_column sub_column col4-2 tb_9nsj921 last\">\n                    <!-- module plain text -->\n<div  class=\"module module-plain-text tb_e8jx001 \" data-lazy=\"1\">\n        <div class=\"tb_text_wrap\">\n    <style>\n.btn-whatsapp {\n  background-color: #25D366; \/* verde oficial WhatsApp *\/\n  color: #ffffff !important;\n  padding: 12px 24px;\n  border-radius: 50px; \/* forma redondeada tipo p\u00edldora *\/\n  text-decoration: none;\n  font-weight: 600;\n  font-size: 16px;\n  display: inline-flex;\n  align-items: center;\n  gap: 10px; \/* separaci\u00f3n entre icono y texto *\/\n  transition: 0.2s ease;\n}\n\n.btn-whatsapp:hover {\n  background-color: #1ebe5c; \/* verde ligeramente m\u00e1s oscuro *\/\n}\n\n.btn-whatsapp img {\n  width: 22px;\n  height: 22px;\n}\n<\/style>\n\n<p style=\"text-align: center; margin-bottom: 0;\">\n  <a href=\"https:\/\/wa.me\/34660121972?text=%C2%A1Hola!%20Busco%20informaci%C3%B3n%20sobre%20las%20clases%20de%20m%C3%BAsica\"\n     class=\"btn-whatsapp\"\n     target=\"_blank\"\n     rel=\"noopener\">\n    <img decoding=\"async\" data-src=\"https:\/\/upload.wikimedia.org\/wikipedia\/commons\/6\/6b\/WhatsApp.svg\" alt=\"WhatsApp\" src=\"data:image\/gif;base64,R0lGODlhAQABAAAAACH5BAEKAAEALAAAAAABAAEAAAICTAEAOw==\" class=\"lazyload\">\n    Pide info por WhatsApp\n  <\/a>\n<\/p>\n    <\/div>\n<\/div>\n<!-- \/module plain text -->        <\/div>\n                    <\/div>\n                <div  data-lazy=\"1\" class=\"module_subrow themify_builder_sub_row tf_w col_align_top tb_col_count_1 tb_bshf194 hide-tablet hide-mobile\">\n                <div  data-lazy=\"1\" class=\"module_column sub_column col-full tb_zx9p991 first\">\n                    <!-- module text -->\n<div  class=\"module module-text tb_an12912   \" data-lazy=\"1\">\n        <div  class=\"tb_text_wrap\">\n        <h2 style=\"line-height: 1.4em;\">\u00bfVoulez-vous travailler chez Erizo ?<\/h2><h3 style=\"line-height: 1.5em; letter-spacing: normal;\">Remplissez ce formulaire :<\/h3>    <\/div>\n<\/div>\n<!-- \/module text --><!-- module plain text -->\n<div  class=\"module module-plain-text tb_l72n900 \" data-lazy=\"1\">\n        <div class=\"tb_text_wrap\">\n    <button>\n<a href=\"\/trabaja-con-nosotros\/\">Travaillez avec nous<\/a><\/button>\n        <\/div>\n<\/div>\n<!-- \/module plain text -->        <\/div>\n                    <\/div>\n                <\/div>\n                    <div  data-lazy=\"1\" class=\"module_column tb-column col4-2 tb_my0r883 last\">\n                    <!-- module text -->\n<div  class=\"module module-text tb_4e3e310   \" data-lazy=\"1\">\n    <h3 class=\"module-title\">Je veux me renseigner:<\/h3>    <div  class=\"tb_text_wrap\">\n        \n<div class=\"wpcf7 no-js\" id=\"wpcf7-f4362-o1\" lang=\"fr-FR\" dir=\"ltr\">\n<div class=\"screen-reader-response\"><p role=\"status\" aria-live=\"polite\" aria-atomic=\"true\"><\/p> <ul><\/ul><\/div>\n<form action=\"\/fr\/wp-json\/wp\/v2\/pages\/4442#wpcf7-f4362-o1\" method=\"post\" class=\"wpcf7-form init\" aria-label=\"Formulaire de contact\" novalidate=\"novalidate\" data-status=\"init\">\n<div style=\"display: none;\">\n<input type=\"hidden\" name=\"_wpcf7\" value=\"4362\" \/>\n<input type=\"hidden\" name=\"_wpcf7_version\" value=\"5.7.3\" \/>\n<input type=\"hidden\" name=\"_wpcf7_locale\" value=\"fr_FR\" \/>\n<input type=\"hidden\" name=\"_wpcf7_unit_tag\" value=\"wpcf7-f4362-o1\" \/>\n<input type=\"hidden\" name=\"_wpcf7_container_post\" value=\"0\" \/>\n<input type=\"hidden\" name=\"_wpcf7_posted_data_hash\" value=\"\" \/>\n<input type=\"hidden\" name=\"_wpcf7cf_hidden_group_fields\" value=\"[]\" \/>\n<input type=\"hidden\" name=\"_wpcf7cf_hidden_groups\" value=\"[]\" \/>\n<input type=\"hidden\" name=\"_wpcf7cf_visible_groups\" value=\"[]\" \/>\n<input type=\"hidden\" name=\"_wpcf7cf_repeaters\" value=\"[]\" \/>\n<input type=\"hidden\" name=\"_wpcf7cf_steps\" value=\"{}\" \/>\n<input type=\"hidden\" name=\"_wpcf7cf_options\" value=\"{&quot;form_id&quot;:4362,&quot;conditions&quot;:[{&quot;then_field&quot;:&quot;-1&quot;,&quot;and_rules&quot;:[{&quot;if_field&quot;:&quot;-1&quot;,&quot;operator&quot;:&quot;equals&quot;,&quot;if_value&quot;:&quot;1&quot;}]}],&quot;settings&quot;:{&quot;animation&quot;:&quot;yes&quot;,&quot;animation_intime&quot;:200,&quot;animation_outtime&quot;:200,&quot;conditions_ui&quot;:&quot;normal&quot;,&quot;notice_dismissed&quot;:false,&quot;notice_dismissed_update-cf7-6.0.3&quot;:true}}\" \/>\n<input type=\"hidden\" name=\"_wpcf7_recaptcha_response\" value=\"\" \/>\n<\/div>\n<p><label> Nom et Pr\u00e9nom<br \/>\n<span class=\"wpcf7-form-control-wrap\" data-name=\"your-name\"><input size=\"40\" class=\"wpcf7-form-control wpcf7-text wpcf7-validates-as-required\" aria-required=\"true\" aria-invalid=\"false\" value=\"\" type=\"text\" name=\"your-name\" \/><\/span> <\/label>\n<\/p>\n<p><label> Courrier \u00e9lectronique<br \/>\n<span class=\"wpcf7-form-control-wrap\" data-name=\"your-email\"><input size=\"40\" class=\"wpcf7-form-control wpcf7-text wpcf7-email wpcf7-validates-as-required wpcf7-validates-as-email\" aria-required=\"true\" aria-invalid=\"false\" value=\"\" type=\"email\" name=\"your-email\" \/><\/span> <\/label>\n<\/p>\n<p><label> T\u00e9l\u00e9phone<br \/>\n<span class=\"wpcf7-form-control-wrap\" data-name=\"telefon\"><input size=\"40\" class=\"wpcf7-form-control wpcf7-text wpcf7-tel wpcf7-validates-as-tel\" aria-invalid=\"false\" value=\"\" type=\"tel\" name=\"telefon\" \/><\/span> <\/label>\n<\/p>\n<p><label> Message<br \/>\n<span class=\"wpcf7-form-control-wrap\" data-name=\"mensaje\"><textarea cols=\"40\" rows=\"10\" class=\"wpcf7-form-control wpcf7-textarea\" aria-invalid=\"false\" name=\"mensaje\"><\/textarea><\/span> <\/label>\n<\/p>\n<p><input class=\"wpcf7-form-control has-spinner wpcf7-submit\" type=\"submit\" value=\"Envoyer\" \/>\n<\/p><div class=\"wpcf7-response-output\" aria-hidden=\"true\"><\/div>\n<\/form>\n<\/div>\n    <\/div>\n<\/div>\n<!-- \/module text -->        <div  data-lazy=\"1\" class=\"module_subrow themify_builder_sub_row tf_w col_align_top tb_col_count_1 tb_lvfi933\">\n                <div  data-lazy=\"1\" class=\"module_column sub_column col-full tb_ln65090 first\">\n                            <\/div>\n                    <\/div>\n                <div  data-lazy=\"1\" class=\"module_subrow themify_builder_sub_row tf_w col_align_top tb_col_count_1 tb_2cjb421 hide-desktop hide-tablet_landscape\">\n                <div  data-lazy=\"1\" class=\"module_column sub_column col-full tb_an2b000 first\">\n                    <!-- module text -->\n<div  class=\"module module-text tb_u42o901    hide-desktop hide-tablet_landscape\" data-lazy=\"1\">\n        <div  class=\"tb_text_wrap\">\n        <h2 style=\"line-height: 1.4em;\">\u00bfVoulez-vous travailler chez Erizo ?<\/h2><h3 style=\"line-height: 1.5em; letter-spacing: normal;\">Remplissez ce formulaire :<\/h3>    <\/div>\n<\/div>\n<!-- \/module text --><!-- module plain text -->\n<div  class=\"module module-plain-text tb_m5z6505 \" data-lazy=\"1\">\n        <div class=\"tb_text_wrap\">\n    <button>\n<a href=\"\/trabaja-con-nosotros\/\">Travaillez avec nous<\/a><\/button>\n        <\/div>\n<\/div>\n<!-- \/module plain text -->        <\/div>\n                    <\/div>\n                <\/div>\n                        <\/div>\n        <\/div>\n            <\/div>\n<!--\/themify_builder_content-->\n<\/div>\n    <\/div>\n<\/div>\n<!-- \/module plain text -->        <\/div>\n                        <\/div>\n        <\/div>\n        <\/div>\n<!--\/themify_builder_content-->\n","protected":false},"excerpt":{"rendered":"<p>Qu\u2019est-ce que notre communaut\u00e9 Erizo ? C\u2019est une fa\u00e7on diff\u00e9rente de rencontrer notre \u00e9quipe, d\u2019autres \u00e9l\u00e8ves de l\u2019\u00e9cole, ainsi que de r\u00e9soudre des questions, de se renseigner, et de rester inform\u00e9 des nouveaut\u00e9s de l\u2019\u00e9cole&#8230;<\/p>\n","protected":false},"author":6,"featured_media":0,"parent":0,"menu_order":0,"comment_status":"closed","ping_status":"closed","template":"","meta":{"_eb_attr":"","footnotes":""},"yoast_head":"<!-- This site is optimized with the Yoast SEO plugin v24.4 - https:\/\/yoast.com\/wordpress\/plugins\/seo\/ -->\n<title>Communaut\u00e9 WhatsApp | Academia de Idiomas Erizo<\/title>\n<meta name=\"description\" content=\"Forma parte de nuestra Comunidad WhatsApp. Accede y empieza a trabajar con nuestra Comunidad Erizo. \u00a1Te esperamos!\" \/>\n<meta name=\"robots\" content=\"index, follow, max-snippet:-1, max-image-preview:large, max-video-preview:-1\" \/>\n<link rel=\"canonical\" href=\"https:\/\/academiadeidiomaserizo.com\/fr\/communaute-whatsapp\/\" \/>\n<meta property=\"og:locale\" content=\"fr_FR\" \/>\n<meta property=\"og:type\" content=\"article\" \/>\n<meta property=\"og:title\" content=\"Communaut\u00e9 WhatsApp | Academia de Idiomas Erizo\" \/>\n<meta property=\"og:description\" content=\"Forma parte de nuestra Comunidad WhatsApp. Accede y empieza a trabajar con nuestra Comunidad Erizo. \u00a1Te esperamos!\" \/>\n<meta property=\"og:url\" content=\"https:\/\/academiadeidiomaserizo.com\/fr\/communaute-whatsapp\/\" \/>\n<meta property=\"og:site_name\" content=\"Academia de Idiomas Erizo\" \/>\n<meta property=\"article:modified_time\" content=\"2024-04-25T09:30:19+00:00\" \/>\n<meta name=\"twitter:card\" content=\"summary_large_image\" \/>\n<!-- \/ Yoast SEO plugin. -->","yoast_head_json":{"title":"Communaut\u00e9 WhatsApp | Academia de Idiomas Erizo","description":"Forma parte de nuestra Comunidad WhatsApp. Accede y empieza a trabajar con nuestra Comunidad Erizo. \u00a1Te esperamos!","robots":{"index":"index","follow":"follow","max-snippet":"max-snippet:-1","max-image-preview":"max-image-preview:large","max-video-preview":"max-video-preview:-1"},"canonical":"https:\/\/academiadeidiomaserizo.com\/fr\/communaute-whatsapp\/","og_locale":"fr_FR","og_type":"article","og_title":"Communaut\u00e9 WhatsApp | Academia de Idiomas Erizo","og_description":"Forma parte de nuestra Comunidad WhatsApp. Accede y empieza a trabajar con nuestra Comunidad Erizo. \u00a1Te esperamos!","og_url":"https:\/\/academiadeidiomaserizo.com\/fr\/communaute-whatsapp\/","og_site_name":"Academia de Idiomas Erizo","article_modified_time":"2024-04-25T09:30:19+00:00","twitter_card":"summary_large_image","schema":{"@context":"https:\/\/schema.org","@graph":[{"@type":"WebPage","@id":"https:\/\/academiadeidiomaserizo.com\/fr\/communaute-whatsapp\/","url":"https:\/\/academiadeidiomaserizo.com\/fr\/communaute-whatsapp\/","name":"Communaut\u00e9 WhatsApp | Academia de Idiomas Erizo","isPartOf":{"@id":"https:\/\/academiadeidiomaserizo.com\/fr\/#website"},"datePublished":"2023-11-24T13:10:07+00:00","dateModified":"2024-04-25T09:30:19+00:00","description":"Forma parte de nuestra Comunidad WhatsApp. Accede y empieza a trabajar con nuestra Comunidad Erizo. \u00a1Te esperamos!","breadcrumb":{"@id":"https:\/\/academiadeidiomaserizo.com\/fr\/communaute-whatsapp\/#breadcrumb"},"inLanguage":"fr-FR","potentialAction":[{"@type":"ReadAction","target":["https:\/\/academiadeidiomaserizo.com\/fr\/communaute-whatsapp\/"]}]},{"@type":"BreadcrumbList","@id":"https:\/\/academiadeidiomaserizo.com\/fr\/communaute-whatsapp\/#breadcrumb","itemListElement":[{"@type":"ListItem","position":1,"name":"Portada","item":"https:\/\/academiadeidiomaserizo.com\/fr\/"},{"@type":"ListItem","position":2,"name":"Communaut\u00e9 WhatsApp"}]},{"@type":"WebSite","@id":"https:\/\/academiadeidiomaserizo.com\/fr\/#website","url":"https:\/\/academiadeidiomaserizo.com\/fr\/","name":"Academia de Idiomas Erizo","description":"","potentialAction":[{"@type":"SearchAction","target":{"@type":"EntryPoint","urlTemplate":"https:\/\/academiadeidiomaserizo.com\/fr\/?s={search_term_string}"},"query-input":{"@type":"PropertyValueSpecification","valueRequired":true,"valueName":"search_term_string"}}],"inLanguage":"fr-FR"}]}},"_links":{"self":[{"href":"https:\/\/academiadeidiomaserizo.com\/fr\/wp-json\/wp\/v2\/pages\/4442"}],"collection":[{"href":"https:\/\/academiadeidiomaserizo.com\/fr\/wp-json\/wp\/v2\/pages"}],"about":[{"href":"https:\/\/academiadeidiomaserizo.com\/fr\/wp-json\/wp\/v2\/types\/page"}],"author":[{"embeddable":true,"href":"https:\/\/academiadeidiomaserizo.com\/fr\/wp-json\/wp\/v2\/users\/6"}],"replies":[{"embeddable":true,"href":"https:\/\/academiadeidiomaserizo.com\/fr\/wp-json\/wp\/v2\/comments?post=4442"}],"version-history":[{"count":3,"href":"https:\/\/academiadeidiomaserizo.com\/fr\/wp-json\/wp\/v2\/pages\/4442\/revisions"}],"predecessor-version":[{"id":5132,"href":"https:\/\/academiadeidiomaserizo.com\/fr\/wp-json\/wp\/v2\/pages\/4442\/revisions\/5132"}],"wp:attachment":[{"href":"https:\/\/academiadeidiomaserizo.com\/fr\/wp-json\/wp\/v2\/media?parent=4442"}],"curies":[{"name":"wp","href":"https:\/\/api.w.org\/{rel}","templated":true}]}}