{"id":4486,"date":"2019-11-27T15:25:23","date_gmt":"2019-11-27T14:25:23","guid":{"rendered":"https:\/\/academiadeidiomaserizo.com\/politica-de-cookies\/"},"modified":"2024-03-13T12:20:20","modified_gmt":"2024-03-13T11:20:20","slug":"politica-de-cookies","status":"publish","type":"page","link":"https:\/\/academiadeidiomaserizo.com\/fr\/politica-de-cookies\/","title":{"rendered":"Param\u00e8tres de cookies"},"content":{"rendered":"<!--themify_builder_content-->\n<div id=\"themify_builder_content-4486\" data-postid=\"4486\" class=\"themify_builder_content themify_builder_content-4486 themify_builder tf_clear\">\n                    <div  data-lazy=\"1\" class=\"module_row themify_builder_row tb_v0po617 tb_first tf_w\">\n                        <div class=\"row_inner col_align_top tb_col_count_1 tf_box tf_rel\">\n                        <div  data-lazy=\"1\" class=\"module_column tb-column col-full tb_9b79617 first\">\n                    <!-- module fancy heading -->\n<div  class=\"module module-fancy-heading tb_3ylj973  tb_hide_divider\" data-lazy=\"1\">\n        <h1 class=\"fancy-heading\">\n    <span class=\"main-head tf_block\">\n                    Param\u00e8tres de cookies            <\/span>\n\n    \n    <span class=\"sub-head tf_block tf_rel\">\n                                <\/span>\n    <\/h1>\n<\/div>\n<!-- \/module fancy heading -->\n        <\/div>\n                        <\/div>\n        <\/div>\n                        <div  data-lazy=\"1\" class=\"module_row themify_builder_row tb_ug64902 tf_w\">\n                        <div class=\"row_inner col_align_top tb_col_count_1 tf_box tf_rel\">\n                        <div  data-lazy=\"1\" class=\"module_column tb-column col-full tb_h6yg902 first\">\n                    <!-- module text -->\n<div  class=\"module module-text tb_hvts902   \" data-lazy=\"1\">\n        <div  class=\"tb_text_wrap\">\n        <p>Notre site web <a href=\"#\"><span style=\"display: initial;\">https:\/\/academiadeidiomaserizo.com<\/span><\/a> (le &#8220;Site Web&#8221;) utilise une technologie appel\u00e9e &#8220;cookies&#8221; dans le but de collecter des informations sur l&#8217;utilisation du Site Web.<\/p>\n<p><span style=\"background-color: initial; font-size: 1em;\">Nous vous informons que nous pouvons utiliser des cookies dans le but de faciliter votre navigation sur le Site Web, de vous distinguer des autres utilisateurs, de vous fournir une meilleure exp\u00e9rience d&#8217;utilisation, et d&#8217;identifier les probl\u00e8mes pour am\u00e9liorer notre Site Web. De plus, si vous donnez votre consentement, nous utiliserons des cookies nous permettant d&#8217;obtenir plus d&#8217;informations sur vos pr\u00e9f\u00e9rences et de personnaliser notre Site Web selon vos int\u00e9r\u00eats individuels.<\/span><\/p>\n<p><span style=\"background-color: initial; font-size: 1em;\">La pr\u00e9sente politique en mati\u00e8re de cookies vise \u00e0 vous informer de mani\u00e8re claire et pr\u00e9cise sur les cookies utilis\u00e9s sur notre Site Web (la &#8220;Politique de Cookies&#8221;). Si vous souhaitez obtenir plus d&#8217;informations sur les cookies que nous utilisons sur le Site Web, vous pouvez envoyer un e-mail \u00e0 l&#8217;adresse suivante <\/span><a style=\"background-color: initial; font-size: 1em;\" href=\"\/politica-de-cookies\/#contacto\">dans la section correspondante.<\/a><\/p>\n<h3>COOKIES<\/h3>\n<p>Un cookie est un fichier t\u00e9l\u00e9charg\u00e9 sur votre ordinateur ou appareil mobile dans le but de stocker des donn\u00e9es qui peuvent \u00eatre mises \u00e0 jour et r\u00e9cup\u00e9r\u00e9es par l&#8217;entit\u00e9 responsable de son installation.<\/p>\n<p><span style=\"background-color: initial; font-size: 1em;\">Les informations collect\u00e9es via les cookies peuvent inclure la date et l&#8217;heure des visites sur le Site Web, les pages consult\u00e9es, le temps pass\u00e9 sur notre Site Web et les sites visit\u00e9s juste avant et apr\u00e8s celui-ci.<\/span><\/p>\n<h3>TYPE DE COOKIES UTILIS\u00c9ES SUR LE SITE WEB<\/h3>\n<p>Notre Site Web utilise les cookies d\u00e9crits ci-dessous:<\/p>\n<p><strong>Cookies propres<\/strong><\/p>\n<p>Ce sont des cookies envoy\u00e9s \u00e0 votre ordinateur et g\u00e9r\u00e9s exclusivement par nous pour le bon fonctionnement du Site Web. Les informations que nous recueillons sont utilis\u00e9es pour am\u00e9liorer la qualit\u00e9 de notre service et votre exp\u00e9rience en tant qu&#8217;utilisateur. Ces cookies restent dans votre navigateur plus longtemps, nous permettant de vous reconna\u00eetre comme un visiteur r\u00e9current du Site Web et d&#8217;adapter le contenu pour vous offrir des contenus correspondant \u00e0 vos pr\u00e9f\u00e9rences.<\/p>\n<p><strong>Cookies analytiques tiers<\/strong><\/p>\n<p>Sur notre Site Web, nous utilisons \u00e9galement le syst\u00e8me de mesure d&#8217;audience Google Analytics, un outil d&#8217;analyse Web de Google qui nous permet de conna\u00eetre l&#8217;interaction des utilisateurs avec notre Site Web. Il active \u00e9galement des cookies sur le domaine du site o\u00f9 se trouve l&#8217;utilisateur et utilise un ensemble de cookies appel\u00e9s &#8220;__utma&#8221; et &#8220;__utmz&#8221; pour collecter des informations de mani\u00e8re anonyme et g\u00e9n\u00e9rer des rapports sur les tendances du Site Web sans identifier les utilisateurs individuels.<\/p>\n<p>En combinaison avec nos fichiers journaux de serveur, ils nous permettent de conna\u00eetre le nombre total d&#8217;utilisateurs visitant notre Site Web et les parties les plus populaires. Ils nous fournissent des informations qui peuvent nous aider \u00e0 am\u00e9liorer la navigation et \u00e0 fournir un meilleur service aux utilisateurs et clients.<\/p>\n<p>Si vous interagissez avec le contenu de notre Site Web, des cookies tiers peuvent \u00e9galement \u00eatre d\u00e9finis (par exemple, en cliquant sur des boutons de r\u00e9seaux sociaux ou en visionnant des vid\u00e9os h\u00e9berg\u00e9es sur un autre site Web). Les cookies tiers sont ceux d\u00e9finis par un domaine diff\u00e9rent de notre Site Web. Nous ne pouvons pas acc\u00e9der aux donn\u00e9es stock\u00e9es dans les cookies d&#8217;autres sites Web lorsque vous naviguez sur ces sites.<\/p>\n<p>Ci-dessous, nous incluons le lien vers le site Web de Google o\u00f9 vous pouvez consulter la description des types de cookies utilis\u00e9s par Google Analytics et leur dur\u00e9e de validit\u00e9 : <a title=\"Ouvre une nouvelle fen\u00eatre\" href=\"https:\/\/developers.google.com\/analytics\/devguides\/collection\/analyticsjs\/cookie-usage?hl=fr\" target=\"_blank\" rel=\"noopener\">https:\/\/developers.google.com\/analytics\/devguides\/collection\/analyticsjs\/cookie-usage?hl=fr<\/a><\/p>\n<h3>CONSENTEMENT<\/h3>\n<p>En naviguant et en continuant sur notre Site Web, vous consentez \u00e0 l&#8217;utilisation des cookies mentionn\u00e9s pr\u00e9c\u00e9demment, pour les p\u00e9riodes indiqu\u00e9es et dans les conditions contenues dans la pr\u00e9sente Politique de Cookies.<\/p>\n<h3>D\u00c9SACTIVATION ET BLOCAGE DES COOKIES<\/h3>\n<p>En tout \u00e9tat de cause, nous vous informons que comme les cookies ne sont pas n\u00e9cessaires \u00e0 l&#8217;utilisation de notre Site Web, vous pouvez les bloquer ou les d\u00e9sactiver en activant les param\u00e8tres de votre navigateur qui vous permettent de refuser l&#8217;installation de tous les cookies ou de certains d&#8217;entre eux. La plupart des navigateurs permettent de signaler la pr\u00e9sence de cookies ou de les rejeter automatiquement. Si vous les rejetez, vous pourrez continuer \u00e0 utiliser notre Site Web, mais l&#8217;utilisation de certains de ses services peut \u00eatre limit\u00e9e et donc votre exp\u00e9rience sur notre Site Web moins satisfaisante.<\/p>\n<h3>R\u00c9VOQUER MON CONSENTEMENT<\/h3>\n<p>Si vous souhaitez retirer votre consentement \u00e0 tout moment concernant la pr\u00e9sente Politique de Cookies, vous devez supprimer les cookies stock\u00e9s sur votre ordinateur ou appareil mobile via les param\u00e8tres de votre navigateur Internet.<\/p>\n<p>Pour plus d&#8217;informations sur la suppression, la d\u00e9sactivation ou le blocage des cookies, veuillez visiter : <a href=\"http:\/\/www.allaboutcookies.org\/fr\/administrar-las-cookies\/\">http:\/\/www.allaboutcookies.org\/fr\/administrar-las-cookies\/<\/a><\/p>\n<h3>MODIFICATION DES PARAM\u00c8TRES ET DES R\u00c9GLAGES DES COOKIES<\/h3>\n<p>Sauf si vous avez ajust\u00e9 les param\u00e8tres de votre navigateur, notre syst\u00e8me cr\u00e9era des cookies d\u00e8s que vous visiterez notre Site Web. Veuillez noter que tous les navigateurs Internet permettent de modifier ces param\u00e8tres. Pour plus d&#8217;informations sur la mani\u00e8re d&#8217;ajuster vos param\u00e8tres de cookies dans les navigateurs suivants, veuillez consulter le lien correspondant :<\/p>\n<p><strong>Internet Explorer :<\/strong><\/p>\n<ul>\n<li>5 (<a title=\"Ouvre une nouvelle fen\u00eatre\" href=\"http:\/\/support.microsoft.com\/kb\/196955\" target=\"_blank\" rel=\"noopener\">http:\/\/support.microsoft.com\/kb\/196955)<\/a><\/li>\n<li>7 (<a href=\"http:\/\/www.allaboutcookies.org\/es\/administrar-las-cookies\/internet-explorer7-plus.html\">http:\/\/www.allaboutcookies.org\/es\/administrar\n<p>-las-cookies\/internet-explorer7-plus.html<\/a>)<\/li>\n<li>8 (<a href=\"http:\/\/www.allaboutcookies.org\/es\/administrar-las-cookies\/internet-explorer8-plus.html\">http:\/\/www.allaboutcookies.org\/es\/administrar-las-cookies\/internet-explorer8-plus.html<\/a>)<\/li>\n<li>9 (<a href=\"http:\/\/www.allaboutcookies.org\/es\/administrar-las-cookies\/internet-explorer9-plus.html\">http:\/\/www.allaboutcookies.org\/es\/administrar-las-cookies\/internet-explorer9-plus.html<\/a>)<\/li>\n<li>11 (<a title=\"Ouvre une nouvelle fen\u00eatre\" href=\"https:\/\/support.microsoft.com\/es-es\/help\/17442\/windows-internet-explorer-delete-manage-cookies\" target=\"_blank\" rel=\"noopener\">https:\/\/support.microsoft.com\/es-es\/help\/17442\/windows-internet-explorer-delete-manage-cookies<\/a>)<\/li>\n<\/ul>\n<p><strong>Firefox<\/strong><\/p>\n<ul>\n<li><a title=\"Ouvre une nouvelle fen\u00eatre\" href=\"https:\/\/support.mozilla.org\/es\/kb\/habilitar-y-deshabilitar-cookies-sitios-web-rastrear-preferencias\" target=\"_blank\" rel=\"noopener\">https:\/\/support.mozilla.org\/es\/kb\/habilitar-y-deshabilitar-cookies-sitios-web-rastrear-preferencias<\/a><\/li>\n<\/ul>\n<p><strong>Chrome<\/strong><\/p>\n<ul>\n<li><a title=\"Ouvre une nouvelle fen\u00eatre\" href=\"https:\/\/support.google.com\/chrome\/answer\/95647?co=GENIE.Platform%3DDesktop&amp;hl=es\" target=\"_blank\" rel=\"noopener\">https:\/\/support.google.com\/chrome\/answer\/95647?co=GENIE.Platform%3DDesktop&amp;hl=es<\/a><\/li>\n<\/ul>\n<p><strong>Safari<\/strong><\/p>\n<ul>\n<li><a title=\"Ouvre une nouvelle fen\u00eatre\" href=\"https:\/\/support.apple.com\/kb\/ph21411?locale=es_ES\" target=\"_blank\" rel=\"noopener\">https:\/\/support.apple.com\/kb\/ph21411?locale=es_ES<\/a> (et pour iOS &#8211; <a title=\"Ouvre une nouvelle fen\u00eatre\" href=\"https:\/\/support.apple.com\/es-es\/HT201265\" target=\"_blank\" rel=\"noopener\">https:\/\/support.apple.com\/es-es\/HT201265<\/a>)<\/li>\n<\/ul>\n<h3>MODIFICATIONS DE LA POLITIQUE DE COOKIES<\/h3>\n<p>Il est possible que nous mettions \u00e0 jour la Politique de Cookies de notre Site Web, c&#8217;est pourquoi nous vous recommandons de consulter cette politique chaque fois que vous acc\u00e9dez \u00e0 notre Site Web afin d&#8217;\u00eatre correctement inform\u00e9 sur l&#8217;utilisation et la finalit\u00e9 des cookies.<\/p>\n<div id=\"contacto\">\n<h3>CONTACT<\/h3>\n<p>Si vous avez des questions, des commentaires ou des suggestions concernant la Politique de Cookies, veuillez nous \u00e9crire dans le formulaire suivant<\/p>\n<span style=\"display: initial;\">info@academiadeidiomaserizo.com<\/span>\n<\/div>\n    <\/div>\n<\/div>\n<!-- \/module text -->        <\/div>\n                        <\/div>\n        <\/div>\n        <\/div>\n<!--\/themify_builder_content-->\n\n<div class=\"kk-star-ratings kksr-auto kksr-align-center kksr-valign-bottom\"\n    data-payload='{&quot;align&quot;:&quot;center&quot;,&quot;id&quot;:&quot;4486&quot;,&quot;slug&quot;:&quot;default&quot;,&quot;valign&quot;:&quot;bottom&quot;,&quot;ignore&quot;:&quot;&quot;,&quot;reference&quot;:&quot;auto&quot;,&quot;class&quot;:&quot;&quot;,&quot;count&quot;:&quot;0&quot;,&quot;legendonly&quot;:&quot;&quot;,&quot;readonly&quot;:&quot;&quot;,&quot;score&quot;:&quot;0&quot;,&quot;starsonly&quot;:&quot;&quot;,&quot;best&quot;:&quot;5&quot;,&quot;gap&quot;:&quot;5&quot;,&quot;greet&quot;:&quot;\u00a1D\u00e9janos 5 estrellas si te ha gustado! :D&quot;,&quot;legend&quot;:&quot;0\\\/5 - (0 vote)&quot;,&quot;size&quot;:&quot;24&quot;,&quot;title&quot;:&quot;Param\u00e8tres de cookies&quot;,&quot;width&quot;:&quot;0&quot;,&quot;_legend&quot;:&quot;{score}\\\/{best} - ({count} {votes})&quot;,&quot;font_factor&quot;:&quot;1.25&quot;}'>\n            \n<div class=\"kksr-stars\">\n    \n<div class=\"kksr-stars-inactive\">\n            <div class=\"kksr-star\" data-star=\"1\" style=\"padding-right: 5px\">\n            \n\n<div class=\"kksr-icon\" style=\"width: 24px; height: 24px;\"><\/div>\n        <\/div>\n            <div class=\"kksr-star\" data-star=\"2\" style=\"padding-right: 5px\">\n            \n\n<div class=\"kksr-icon\" style=\"width: 24px; height: 24px;\"><\/div>\n        <\/div>\n            <div class=\"kksr-star\" data-star=\"3\" style=\"padding-right: 5px\">\n            \n\n<div class=\"kksr-icon\" style=\"width: 24px; height: 24px;\"><\/div>\n        <\/div>\n            <div class=\"kksr-star\" data-star=\"4\" style=\"padding-right: 5px\">\n            \n\n<div class=\"kksr-icon\" style=\"width: 24px; height: 24px;\"><\/div>\n        <\/div>\n            <div class=\"kksr-star\" data-star=\"5\" style=\"padding-right: 5px\">\n            \n\n<div class=\"kksr-icon\" style=\"width: 24px; height: 24px;\"><\/div>\n        <\/div>\n    <\/div>\n    \n<div class=\"kksr-stars-active\" style=\"width: 0px;\">\n            <div class=\"kksr-star\" style=\"padding-right: 5px\">\n            \n\n<div class=\"kksr-icon\" style=\"width: 24px; height: 24px;\"><\/div>\n        <\/div>\n            <div class=\"kksr-star\" style=\"padding-right: 5px\">\n            \n\n<div class=\"kksr-icon\" style=\"width: 24px; height: 24px;\"><\/div>\n        <\/div>\n            <div class=\"kksr-star\" style=\"padding-right: 5px\">\n            \n\n<div class=\"kksr-icon\" style=\"width: 24px; height: 24px;\"><\/div>\n        <\/div>\n            <div class=\"kksr-star\" style=\"padding-right: 5px\">\n            \n\n<div class=\"kksr-icon\" style=\"width: 24px; height: 24px;\"><\/div>\n        <\/div>\n            <div class=\"kksr-star\" style=\"padding-right: 5px\">\n            \n\n<div class=\"kksr-icon\" style=\"width: 24px; height: 24px;\"><\/div>\n        <\/div>\n    <\/div>\n<\/div>\n                \n\n<div class=\"kksr-legend\" style=\"font-size: 19.2px;\">\n            <span class=\"kksr-muted\">\u00a1D\u00e9janos 5 estrellas si te ha gustado! \ud83d\ude00<\/span>\n    <\/div>\n    <\/div>","protected":false},"excerpt":{"rendered":"<p>Param\u00e8tres de cookies Notre site web (le &#8220;Site Web&#8221;) utilise une technologie appel\u00e9e &#8220;cookies&#8221; dans le but de collecter des informations sur l&#8217;utilisation du Site Web. Nous vous informons que nous pouvons utiliser des cookies dans le but de faciliter votre navigation sur le Site Web, de vous distinguer des autres utilisateurs, de vous fournir [&hellip;]<\/p>\n","protected":false},"author":3,"featured_media":0,"parent":0,"menu_order":0,"comment_status":"closed","ping_status":"closed","template":"","meta":{"_eb_attr":"","footnotes":""},"yoast_head":"<!-- This site is optimized with the Yoast SEO plugin v24.4 - https:\/\/yoast.com\/wordpress\/plugins\/seo\/ -->\n<title>Param\u00e8tres de cookies | Academia de Idiomas Erizo<\/title>\n<meta name=\"robots\" content=\"index, follow, max-snippet:-1, max-image-preview:large, max-video-preview:-1\" \/>\n<link rel=\"canonical\" href=\"https:\/\/academiadeidiomaserizo.com\/fr\/politica-de-cookies\/\" \/>\n<meta property=\"og:locale\" content=\"fr_FR\" \/>\n<meta property=\"og:type\" content=\"article\" \/>\n<meta property=\"og:title\" content=\"Param\u00e8tres de cookies | Academia de Idiomas Erizo\" \/>\n<meta property=\"og:description\" content=\"Param\u00e8tres de cookies Notre site web (le &#8220;Site Web&#8221;) utilise une technologie appel\u00e9e &#8220;cookies&#8221; dans le but de collecter des informations sur l&#8217;utilisation du Site Web. Nous vous informons que nous pouvons utiliser des cookies dans le but de faciliter votre navigation sur le Site Web, de vous distinguer des autres utilisateurs, de vous fournir [&hellip;]\" \/>\n<meta property=\"og:url\" content=\"https:\/\/academiadeidiomaserizo.com\/fr\/politica-de-cookies\/\" \/>\n<meta property=\"og:site_name\" content=\"Academia de Idiomas Erizo\" \/>\n<meta property=\"article:modified_time\" content=\"2024-03-13T11:20:20+00:00\" \/>\n<meta name=\"twitter:card\" content=\"summary_large_image\" \/>\n<!-- \/ Yoast SEO plugin. -->","yoast_head_json":{"title":"Param\u00e8tres de cookies | Academia de Idiomas Erizo","robots":{"index":"index","follow":"follow","max-snippet":"max-snippet:-1","max-image-preview":"max-image-preview:large","max-video-preview":"max-video-preview:-1"},"canonical":"https:\/\/academiadeidiomaserizo.com\/fr\/politica-de-cookies\/","og_locale":"fr_FR","og_type":"article","og_title":"Param\u00e8tres de cookies | Academia de Idiomas Erizo","og_description":"Param\u00e8tres de cookies Notre site web (le &#8220;Site Web&#8221;) utilise une technologie appel\u00e9e &#8220;cookies&#8221; dans le but de collecter des informations sur l&#8217;utilisation du Site Web. Nous vous informons que nous pouvons utiliser des cookies dans le but de faciliter votre navigation sur le Site Web, de vous distinguer des autres utilisateurs, de vous fournir [&hellip;]","og_url":"https:\/\/academiadeidiomaserizo.com\/fr\/politica-de-cookies\/","og_site_name":"Academia de Idiomas Erizo","article_modified_time":"2024-03-13T11:20:20+00:00","twitter_card":"summary_large_image","schema":{"@context":"https:\/\/schema.org","@graph":[{"@type":"WebPage","@id":"https:\/\/academiadeidiomaserizo.com\/fr\/politica-de-cookies\/","url":"https:\/\/academiadeidiomaserizo.com\/fr\/politica-de-cookies\/","name":"Param\u00e8tres de cookies | Academia de Idiomas Erizo","isPartOf":{"@id":"https:\/\/academiadeidiomaserizo.com\/fr\/#website"},"datePublished":"2019-11-27T14:25:23+00:00","dateModified":"2024-03-13T11:20:20+00:00","breadcrumb":{"@id":"https:\/\/academiadeidiomaserizo.com\/fr\/politica-de-cookies\/#breadcrumb"},"inLanguage":"fr-FR","potentialAction":[{"@type":"ReadAction","target":["https:\/\/academiadeidiomaserizo.com\/fr\/politica-de-cookies\/"]}]},{"@type":"BreadcrumbList","@id":"https:\/\/academiadeidiomaserizo.com\/fr\/politica-de-cookies\/#breadcrumb","itemListElement":[{"@type":"ListItem","position":1,"name":"Portada","item":"https:\/\/academiadeidiomaserizo.com\/fr\/"},{"@type":"ListItem","position":2,"name":"Param\u00e8tres de cookies"}]},{"@type":"WebSite","@id":"https:\/\/academiadeidiomaserizo.com\/fr\/#website","url":"https:\/\/academiadeidiomaserizo.com\/fr\/","name":"Academia de Idiomas Erizo","description":"","potentialAction":[{"@type":"SearchAction","target":{"@type":"EntryPoint","urlTemplate":"https:\/\/academiadeidiomaserizo.com\/fr\/?s={search_term_string}"},"query-input":{"@type":"PropertyValueSpecification","valueRequired":true,"valueName":"search_term_string"}}],"inLanguage":"fr-FR"}]}},"_links":{"self":[{"href":"https:\/\/academiadeidiomaserizo.com\/fr\/wp-json\/wp\/v2\/pages\/4486"}],"collection":[{"href":"https:\/\/academiadeidiomaserizo.com\/fr\/wp-json\/wp\/v2\/pages"}],"about":[{"href":"https:\/\/academiadeidiomaserizo.com\/fr\/wp-json\/wp\/v2\/types\/page"}],"author":[{"embeddable":true,"href":"https:\/\/academiadeidiomaserizo.com\/fr\/wp-json\/wp\/v2\/users\/3"}],"replies":[{"embeddable":true,"href":"https:\/\/academiadeidiomaserizo.com\/fr\/wp-json\/wp\/v2\/comments?post=4486"}],"version-history":[{"count":6,"href":"https:\/\/academiadeidiomaserizo.com\/fr\/wp-json\/wp\/v2\/pages\/4486\/revisions"}],"predecessor-version":[{"id":4716,"href":"https:\/\/academiadeidiomaserizo.com\/fr\/wp-json\/wp\/v2\/pages\/4486\/revisions\/4716"}],"wp:attachment":[{"href":"https:\/\/academiadeidiomaserizo.com\/fr\/wp-json\/wp\/v2\/media?parent=4486"}],"curies":[{"name":"wp","href":"https:\/\/api.w.org\/{rel}","templated":true}]}}