{"id":4530,"date":"2019-11-27T15:19:44","date_gmt":"2019-11-27T15:19:44","guid":{"rendered":"https:\/\/academiadeidiomaserizo.com\/aviso-legal\/"},"modified":"2024-03-13T12:17:39","modified_gmt":"2024-03-13T11:17:39","slug":"aviso-legal","status":"publish","type":"page","link":"https:\/\/academiadeidiomaserizo.com\/fr\/aviso-legal\/","title":{"rendered":"Mentions l\u00e9gales"},"content":{"rendered":"<!--themify_builder_content-->\n<div id=\"themify_builder_content-4530\" data-postid=\"4530\" class=\"themify_builder_content themify_builder_content-4530 themify_builder tf_clear\">\n                    <div  data-lazy=\"1\" class=\"module_row themify_builder_row tb_cdxc98 tb_first tf_w\">\n                        <div class=\"row_inner col_align_top tb_col_count_1 tf_box tf_rel\">\n                        <div  data-lazy=\"1\" class=\"module_column tb-column col-full tb_2dke98 first\">\n                    <!-- module fancy heading -->\n<div  class=\"module module-fancy-heading tb_676y33  tb_hide_divider\" data-lazy=\"1\">\n        <h1 class=\"fancy-heading tf_textl\">\n    <span class=\"main-head tf_block\">\n                    Mentions l\u00e9gales            <\/span>\n\n    \n    <span class=\"sub-head tf_block tf_rel\">\n                                <\/span>\n    <\/h1>\n<\/div>\n<!-- \/module fancy heading -->\n<!-- module text -->\n<div  class=\"module module-text tb_ug9v995   \" data-lazy=\"1\">\n        <div  class=\"tb_text_wrap\">\n        <h3>INFORMATIONS G\u00c9N\u00c9RALES<\/h3>\n<p>Conform\u00e9ment \u00e0 l&#8217;obligation d&#8217;information pr\u00e9vue par la Loi 34\/2002 sur les services de la soci\u00e9t\u00e9 de l&#8217;information et du commerce \u00e9lectronique (LSSI-CE) du 11 juillet, les donn\u00e9es g\u00e9n\u00e9rales suivantes concernant ce site Web sont fournies :<\/p>\n<p>Le propri\u00e9taire de ce site Web, <span style=\"display: initial;\">https:\/\/academiadeidiomaserizo.com<\/span> (ci-apr\u00e8s le Site Web), est : <span style=\"display: initial;\">Grupo ERIZO SL<\/span>, avec NIF : <!-- Shortcode [dninegocio] does not exist -->, dont les coordonn\u00e9es sont les suivantes :<\/p>\n<p><span style=\"display: initial;\">C\/ San L\u00e1zaro 15, 1A Aranda de Duero 09400 Castilla y Le\u00f3n<\/span>,<br \/>\n+34 <span>616 807 803<\/span><\/p>\n<h3>TERMES ET CONDITIONS G\u00c9N\u00c9RALES D&#8217;UTILISATION<br \/>\nOBJECTIF DES CONDITIONS : LE SITE WEB<\/h3>\n<p>L&#8217;objet des pr\u00e9sentes Conditions G\u00e9n\u00e9rales d&#8217;Utilisation (ci-apr\u00e8s les Conditions) est de r\u00e9gir l&#8217;acc\u00e8s et l&#8217;utilisation du Site Web. Aux fins des pr\u00e9sentes Conditions, le Site Web sera entendu comme :<\/p>\n<p>L&#8217;apparence externe des interfaces d&#8217;\u00e9cran, aussi bien de mani\u00e8re statique que dynamique, c&#8217;est-\u00e0-dire l&#8217;arborescence de navigation ; et tous les \u00e9l\u00e9ments int\u00e9gr\u00e9s tant dans les interfaces d&#8217;\u00e9cran que dans l&#8217;arborescence de navigation (ci-apr\u00e8s les Contenus) et tous les services ou ressources en ligne pouvant \u00eatre offerts aux Utilisateurs (ci-apr\u00e8s les Services).<\/p>\n<p><span style=\"display: initial;\">https:\/\/academiadeidiomaserizo.com<\/span> se r\u00e9serve le droit de modifier, \u00e0 tout moment et sans pr\u00e9avis, la pr\u00e9sentation et la configuration du Site Web ainsi que des Contenus et Services qui pourraient y \u00eatre incorpor\u00e9s. L&#8217;Utilisateur reconna\u00eet et accepte que <span style=\"display: initial;\">https:\/\/academiadeidiomaserizo.com<\/span> puisse interrompre, d\u00e9sactiver et\/ou annuler \u00e0 tout moment l&#8217;un quelconque de ces \u00e9l\u00e9ments int\u00e9gr\u00e9s au Site Web ou l&#8217;acc\u00e8s \u00e0 ceux-ci.<\/p>\n<p>L&#8217;acc\u00e8s au Site Web par l&#8217;Utilisateur est libre et, en r\u00e8gle g\u00e9n\u00e9rale, gratuit sans que l&#8217;Utilisateur ait \u00e0 fournir une contrepartie pour en profiter, sauf en ce qui concerne le co\u00fbt de la connexion via le r\u00e9seau de t\u00e9l\u00e9communications fourni par le fournisseur d&#8217;acc\u00e8s que l&#8217;Utilisateur aurait contract\u00e9.<\/p>\n<p>L&#8217;utilisation de certains Contenus ou Services du Site Web peut se faire par le biais de l&#8217;inscription ou de l&#8217;enregistrement pr\u00e9alable de l&#8217;Utilisateur.<\/p>\n<h3>L&#8217;UTILISATEUR<\/h3>\n<p>L&#8217;acc\u00e8s, la navigation et l&#8217;utilisation du Site Web, ainsi que des espaces pr\u00e9vus pour interagir entre les Utilisateurs, et l&#8217;Utilisateur et <span style=\"display: initial;\">https:\/\/academiadeidiomaserizo.com<\/span>, tels que les commentaires et\/ou les espaces de blogging, conf\u00e8rent \u00e0 l&#8217;Utilisateur la qualit\u00e9 d&#8217;Utilisateur, de sorte que toutes les Conditions \u00e9tablies ici, ainsi que leurs modifications ult\u00e9rieures, sont accept\u00e9es d\u00e8s le d\u00e9but de la navigation sur le Site Web, sans pr\u00e9judice de l&#8217;application de la r\u00e9glementation l\u00e9gale correspondante qui s&#8217;applique selon le cas. Compte tenu de l&#8217;importance de ce qui pr\u00e9c\u00e8de, il est recommand\u00e9 \u00e0 l&#8217;Utilisateur de les lire \u00e0 chaque visite du Site Web.<\/p>\n<p>Le Site Web de <span style=\"display: initial;\">https:\/\/academiadeidiomaserizo.com<\/span> fournit une grande diversit\u00e9 d&#8217;informations, de services et de donn\u00e9es. L&#8217;Utilisateur assume sa responsabilit\u00e9 pour une utilisation correcte du Site Web. Cette responsabilit\u00e9 s&#8217;\u00e9tendra \u00e0 :<\/p>\n<p>Une utilisation des informations, Contenus et\/ou Services et donn\u00e9es offerts par <span style=\"display: initial;\">https:\/\/academiadeidiomaserizo.com<\/span> qui ne contrevient pas aux pr\u00e9sentes Conditions, \u00e0 la Loi, \u00e0 la morale ou \u00e0 l&#8217;ordre public, ou qui pourrait d&#8217;une autre mani\u00e8re porter atteinte aux droits de tiers ou au bon fonctionnement du Site Web.<\/p>\n<p>La v\u00e9racit\u00e9 et la l\u00e9galit\u00e9 des informations fournies par l&#8217;Utilisateur dans les formulaires \u00e9tendus par <span style=\"display: initial;\">https:\/\/academiadeidiomaserizo.com<\/span> pour l&#8217;acc\u00e8s \u00e0 certains Contenus ou Services offerts par le Site Web. En tout \u00e9tat de cause, l&#8217;Utilisateur informera imm\u00e9diatement <span style=\"display: initial;\">https:\/\/academiadeidiomaserizo.com<\/span> de tout \u00e9v\u00e9nement permettant l&#8217;utilisation abusive des informations enregistr\u00e9es dans ces formulaires, telles que, mais pas seulement, le vol, la perte ou l&#8217;acc\u00e8s non autoris\u00e9 \u00e0 des identifiants et\/ou mots de passe, afin de proc\u00e9der \u00e0 leur annulation imm\u00e9diate.<\/p>\n<p><span style=\"display: initial;\">https:\/\/academiadeidiomaserizo.com<\/span> se r\u00e9serve le droit de supprimer tous les commentaires et contributions qui enfreignent la loi, le respect de la dignit\u00e9 des personnes, qui sont discriminatoires, x\u00e9nophobes, racistes, pornographiques, spamming, qui portent atteinte \u00e0 la jeunesse ou \u00e0 l&#8217;enfance, \u00e0 l&#8217;ordre public ou \u00e0 la s\u00e9curit\u00e9 publique ou qui, \u00e0 son avis, ne seraient pas adapt\u00e9s \u00e0 leur publication.<\/p>\n<p>En tout \u00e9tat de cause, <span style=\"display: initial;\">https:\/\/academiadeidiomaserizo.com<\/span> ne sera pas responsable des opinions exprim\u00e9es par les Utilisateurs via des commentaires ou d&#8217;autres outils de blogging ou de participation qui pourraient exister.<\/p>\n<p>Le simple acc\u00e8s \u00e0 ce Site Web ne suppose pas l&#8217;\u00e9tablissement d&#8217;une relation commerciale entre <span style=\"display: initial;\">https:\/\/academiadeidiomaserizo.com<\/span> et l&#8217;Utilisateur.<\/p>\n<p>L&#8217;Utilisateur d\u00e9clare \u00eatre majeur et disposer de la capacit\u00e9 juridique suffisante pour se lier par les pr\u00e9sentes Conditions. Par cons\u00e9quent, ce Site Web de <span style=\"display: initial;\">https:\/\/academiadeidiomaserizo.com<\/span> ne s&#8217;adresse pas aux mineurs. <span style=\"display: initial;\">https:\/\/academiadeidiomaserizo.com<\/span> d\u00e9cline toute responsabilit\u00e9 en cas de non-respect de cette exigence.<\/p>\n<p>Le Site Web est principalement destin\u00e9 aux Utilisateurs r\u00e9sidant en Espagne. <span style=\"display: initial;\">https:\/\/academiadeidiomaserizo.com<\/span> ne garantit pas que le Site Web soit conforme \u00e0 la l\u00e9gislation d&#8217;autres pays, que ce soit totalement ou partiellement. Si l&#8217;Utilisateur r\u00e9side ou est domicili\u00e9 ailleurs et d\u00e9cide d&#8217;acc\u00e9der et\/ou de naviguer sur le Site Web, il le fera \u00e0 ses propres risques, et il devra veiller \u00e0 ce que cet acc\u00e8s et cette navigation soient conformes \u00e0 la l\u00e9gislation locale applicable, <span style=\"display: initial;\">https:\/\/academiadeidiomaserizo.com<\/span> n&#8217;assumant aucune responsabilit\u00e9 d\u00e9coulant de cet acc\u00e8s.<\/p>\n<h3>ACC\u00c8S ET NAVIGATION SUR LE SITE WEB : EXCLUSION DE GARANTIES ET RESPONSABILIT\u00c9<\/h3>\n<p><span style=\"display: initial;\">https:\/\/academiadeidiomaserizo.com<\/span> ne garantit pas la continuit\u00e9, la disponibilit\u00e9 et l&#8217;utilit\u00e9 du Site Web, ni des Contenus ou Services<\/p>\n<p>. <span style=\"display: initial;\">https:\/\/academiadeidiomaserizo.com<\/span> fera tout son possible pour assurer le bon fonctionnement du Site Web, cependant, elle n&#8217;est pas responsable et ne garantit pas que l&#8217;acc\u00e8s \u00e0 ce Site Web sera ininterrompu ou exempt d&#8217;erreurs.<\/p>\n<p>Elle n&#8217;est pas non plus responsable ni ne garantit que le contenu ou le logiciel auquel on peut acc\u00e9der via ce Site Web soit exempt d&#8217;erreurs ou qu&#8217;il endommage le syst\u00e8me informatique (logiciel et mat\u00e9riel) de l&#8217;Utilisateur. En aucun cas, <span style=\"display: initial;\">https:\/\/academiadeidiomaserizo.com<\/span> ne sera responsable des pertes, dommages ou pr\u00e9judices de quelque nature que ce soit r\u00e9sultant de l&#8217;acc\u00e8s, de la navigation et de l&#8217;utilisation du Site Web, y compris, mais sans s&#8217;y limiter, ceux caus\u00e9s aux syst\u00e8mes informatiques ou ceux provoqu\u00e9s par l&#8217;introduction de virus.<\/p>\n<p><span style=\"display: initial;\">https:\/\/academiadeidiomaserizo.com<\/span> n&#8217;est pas non plus responsable des dommages pouvant \u00eatre caus\u00e9s aux utilisateurs en raison d&#8217;une utilisation inappropri\u00e9e de ce Site Web. En particulier, elle n&#8217;est en aucun cas responsable des pannes, interruptions, absence ou d\u00e9faut de t\u00e9l\u00e9communications qui pourraient survenir.<\/p>\n<h3>POLITIQUE DE LIENS<\/h3>\n<p>Il est pr\u00e9cis\u00e9 que le Site Web de <span style=\"display: initial;\">https:\/\/academiadeidiomaserizo.com<\/span> met \u00e0 disposition des Utilisateurs des moyens de lien (comme, entre autres, des liens, des banni\u00e8res, des boutons), des r\u00e9pertoires et des moteurs de recherche permettant aux Utilisateurs d&#8217;acc\u00e9der \u00e0 des sites Web appartenant et\/ou g\u00e9r\u00e9s par des tiers.<\/p>\n<p>L&#8217;installation de ces liens, r\u00e9pertoires et moteurs de recherche sur le Site Web vise \u00e0 faciliter aux Utilisateurs la recherche et l&#8217;acc\u00e8s aux informations disponibles sur Internet, sans que cela puisse \u00eatre consid\u00e9r\u00e9 comme une suggestion, une recommandation ou une invitation \u00e0 visiter ces sites.<\/p>\n<p><span style=\"display: initial;\">https:\/\/academiadeidiomaserizo.com<\/span> n&#8217;offre ni ne commercialise elle-m\u00eame ni par l&#8217;interm\u00e9diaire de tiers les produits et\/ou services disponibles sur ces sites li\u00e9s.<\/p>\n<p>De m\u00eame, elle ne garantira pas la disponibilit\u00e9 technique, l&#8217;exactitude, la v\u00e9racit\u00e9, la validit\u00e9 ou la l\u00e9galit\u00e9 des sites n&#8217;appartenant pas \u00e0 sa propri\u00e9t\u00e9 auxquels il est possible d&#8217;acc\u00e9der via les liens.<\/p>\n<p><span style=\"display: initial;\">https:\/\/academiadeidiomaserizo.com<\/span> ne v\u00e9rifiera ni ne contr\u00f4lera en aucun cas le contenu des autres sites Web, ni n&#8217;approuvera, n&#8217;examinera ni ne rendra ses propres les produits et services, contenus, fichiers et tout autre mat\u00e9riel existant sur les sites li\u00e9s susmentionn\u00e9s.<\/p>\n<p><span style=\"display: initial;\">https:\/\/academiadeidiomaserizo.com<\/span> n&#8217;assume aucune responsabilit\u00e9 pour les dommages et pr\u00e9judices pouvant survenir en raison de l&#8217;acc\u00e8s, de l&#8217;utilisation, de la qualit\u00e9 ou de la l\u00e9galit\u00e9 du contenu, des communications, des opinions, des produits et services des sites Web non g\u00e9r\u00e9s par <span style=\"display: initial;\">https:\/\/academiadeidiomaserizo.com<\/span> et li\u00e9s \u00e0 ce Site Web.<\/p>\n<p>L&#8217;Utilisateur ou un tiers qui \u00e9tablira un hyperlien \u00e0 partir d&#8217;une page Web d&#8217;un autre site Web distinct du Site Web de <span style=\"display: initial;\">https:\/\/academiadeidiomaserizo.com<\/span> doit savoir que :<\/p>\n<p>Il n&#8217;est pas permis de reproduire \u2014 totalement ou partiellement \u2014 aucun Contenu et\/ou Service du Site Web sans l&#8217;autorisation expresse de <span style=\"display: initial;\">https:\/\/academiadeidiomaserizo.com<\/span>.<\/p>\n<p>Il n&#8217;est pas non plus permis de faire de d\u00e9clarations fausses, inexactes ou incorrectes sur le Site Web de <span style=\"display: initial;\">https:\/\/academiadeidiomaserizo.com<\/span>, ni sur ses Contenus et\/ou Services.<\/p>\n<p>\u00c0 l&#8217;exception de l&#8217;hyperlien, le site Web sur lequel ce lien hypertexte est \u00e9tabli ne contiendra aucun \u00e9l\u00e9ment de ce Site Web prot\u00e9g\u00e9 par la propri\u00e9t\u00e9 intellectuelle selon la l\u00e9gislation espagnole, sauf autorisation expresse de <span style=\"display: initial;\">https:\/\/academiadeidiomaserizo.com<\/span>.<\/p>\n<p>L&#8217;\u00e9tablissement de l&#8217;hyperlien n&#8217;impliquera pas l&#8217;existence de relations entre <span style=\"display: initial;\">https:\/\/academiadeidiomaserizo.com<\/span> et le propri\u00e9taire du site Web \u00e0 partir duquel il est \u00e9tabli, ni la connaissance et l&#8217;acceptation par <span style=\"display: initial;\">https:\/\/academiadeidiomaserizo.com<\/span> des contenus, services et\/ou activit\u00e9s offerts sur ce site Web, et vice versa.<\/p>\n<h3>PROPRI\u00c9T\u00c9 INTELLECTUELLE ET INDUSTRIELLE<\/h3>\n<p><span style=\"display: initial;\">https:\/\/academiadeidiomaserizo.com<\/span> en tant que cessionnaire ou titulaire, d\u00e9tient tous les droits de propri\u00e9t\u00e9 intellectuelle et industrielle du Site Web, ainsi que des \u00e9l\u00e9ments qui y sont contenus (\u00e0 titre indicatif et non exhaustif, images, son, audio, vid\u00e9o, logiciels ou textes, marques ou logos, combinaisons de couleurs, structure et conception, choix des mat\u00e9riaux utilis\u00e9s, programmes informatiques n\u00e9cessaires \u00e0 son fonctionnement, acc\u00e8s et utilisation, etc.). Ils seront donc des \u0153uvres prot\u00e9g\u00e9es par la propri\u00e9t\u00e9 intellectuelle selon la l\u00e9gislation espagnole, la l\u00e9gislation communautaire dans ce domaine et les trait\u00e9s internationaux relatifs \u00e0 la mati\u00e8re et sign\u00e9s par l&#8217;Espagne leur seront applicables.<\/p>\n<p>Tous droits r\u00e9serv\u00e9s. Conform\u00e9ment \u00e0 la loi sur la propri\u00e9t\u00e9 intellectuelle, la reproduction, la distribution et la communication publique, y compris la mise \u00e0 disposition, de la totalit\u00e9 ou d&#8217;une partie du contenu de ce site Web \u00e0 des fins commerciales, sur tout support et par tout moyen technique, sont express\u00e9ment interdites sans l&#8217;autorisation de <span style=\"display: initial;\">https:\/\/academiadeidiomaserizo.com<\/span>.<\/p>\n<p>L&#8217;Utilisateur s&#8217;engage \u00e0 respecter les droits de propri\u00e9t\u00e9 intellectuelle et industrielle de <span style=\"display: initial;\">https:\/\/academiadeidiomaserizo.com<\/span>. Il pourra visualiser les \u00e9l\u00e9ments du Site Web ou m\u00eame les imprimer, les copier et les stocker sur le disque dur de son ordinateur ou sur tout autre support physique, \u00e0 condition que ce soit exclusivement pour son usage personnel. Toutefois, l&#8217;Utilisateur ne pourra supprimer, alt\u00e9rer ou manipuler aucun dispositif de protection ou syst\u00e8me de s\u00e9curit\u00e9 install\u00e9 sur le Site Web.<\/p>\n<p>Si l&#8217;Utilisateur ou un tiers estime qu&#8217;un quelconque Contenu du Site Web constitue une violation des droits de protection de la propri\u00e9t\u00e9 intellectuelle, il doit en informer imm\u00e9diatement <span style=\"display: initial;\">https:\/\/academiadeidiomaserizo.com<\/span> par le biais des coordonn\u00e9es fournies dans la section INFORMATIONS G\u00c9N\u00c9RALES de cet Avis Juridique et Conditions G\u00e9n\u00e9rales d&#8217;Utilisation.<\/p>\n<h3>ACTIONS JUDICIAIRES, L\u00c9GISLATION APPLICABLE ET JURIDICTION<\/h3>\n<p><span style=\"display: initial;\">https:\/\/academiadeidiomaserizo.com<\/span> se r\u00e9serve le droit d&#8217;engager des actions civ<\/p>\n<p>iles ou p\u00e9nales qu&#8217;elle estime n\u00e9cessaires en cas d&#8217;utilisation abusive du Site Web et des Contenus, ou de non-respect des pr\u00e9sentes Conditions.<\/p>\n<p>La relation entre l&#8217;Utilisateur et <span style=\"display: initial;\">https:\/\/academiadeidiomaserizo.com<\/span> sera r\u00e9gie par la l\u00e9gislation en vigueur et applicable sur le territoire espagnol. En cas de litige concernant l&#8217;interpr\u00e9tation et\/ou l&#8217;application de ces Conditions, les parties soumettront leurs conflits \u00e0 la juridiction ordinaire en se soumettant aux juges et tribunaux comp\u00e9tents conform\u00e9ment \u00e0 la loi.<\/p>\n<h3>PROTECTION DES DONN\u00c9ES PERSONNELLES<\/h3>\n<p>Pour plus d&#8217;informations sur le traitement de vos donn\u00e9es personnelles sur le Portail, veuillez consulter la <a href=\"\/politica-de-privacidad\">Politique de confidentialit\u00e9<\/a>.<\/p>\n    <\/div>\n<\/div>\n<!-- \/module text -->        <\/div>\n                        <\/div>\n        <\/div>\n        <\/div>\n<!--\/themify_builder_content-->\n\n<div class=\"kk-star-ratings kksr-auto kksr-align-center kksr-valign-bottom\"\n    data-payload='{&quot;align&quot;:&quot;center&quot;,&quot;id&quot;:&quot;4530&quot;,&quot;slug&quot;:&quot;default&quot;,&quot;valign&quot;:&quot;bottom&quot;,&quot;ignore&quot;:&quot;&quot;,&quot;reference&quot;:&quot;auto&quot;,&quot;class&quot;:&quot;&quot;,&quot;count&quot;:&quot;0&quot;,&quot;legendonly&quot;:&quot;&quot;,&quot;readonly&quot;:&quot;&quot;,&quot;score&quot;:&quot;0&quot;,&quot;starsonly&quot;:&quot;&quot;,&quot;best&quot;:&quot;5&quot;,&quot;gap&quot;:&quot;5&quot;,&quot;greet&quot;:&quot;\u00a1D\u00e9janos 5 estrellas si te ha gustado! :D&quot;,&quot;legend&quot;:&quot;0\\\/5 - (0 vote)&quot;,&quot;size&quot;:&quot;24&quot;,&quot;title&quot;:&quot;Mentions l\u00e9gales&quot;,&quot;width&quot;:&quot;0&quot;,&quot;_legend&quot;:&quot;{score}\\\/{best} - ({count} {votes})&quot;,&quot;font_factor&quot;:&quot;1.25&quot;}'>\n            \n<div class=\"kksr-stars\">\n    \n<div class=\"kksr-stars-inactive\">\n            <div class=\"kksr-star\" data-star=\"1\" style=\"padding-right: 5px\">\n            \n\n<div class=\"kksr-icon\" style=\"width: 24px; height: 24px;\"><\/div>\n        <\/div>\n            <div class=\"kksr-star\" data-star=\"2\" style=\"padding-right: 5px\">\n            \n\n<div class=\"kksr-icon\" style=\"width: 24px; height: 24px;\"><\/div>\n        <\/div>\n            <div class=\"kksr-star\" data-star=\"3\" style=\"padding-right: 5px\">\n            \n\n<div class=\"kksr-icon\" style=\"width: 24px; height: 24px;\"><\/div>\n        <\/div>\n            <div class=\"kksr-star\" data-star=\"4\" style=\"padding-right: 5px\">\n            \n\n<div class=\"kksr-icon\" style=\"width: 24px; height: 24px;\"><\/div>\n        <\/div>\n            <div class=\"kksr-star\" data-star=\"5\" style=\"padding-right: 5px\">\n            \n\n<div class=\"kksr-icon\" style=\"width: 24px; height: 24px;\"><\/div>\n        <\/div>\n    <\/div>\n    \n<div class=\"kksr-stars-active\" style=\"width: 0px;\">\n            <div class=\"kksr-star\" style=\"padding-right: 5px\">\n            \n\n<div class=\"kksr-icon\" style=\"width: 24px; height: 24px;\"><\/div>\n        <\/div>\n            <div class=\"kksr-star\" style=\"padding-right: 5px\">\n            \n\n<div class=\"kksr-icon\" style=\"width: 24px; height: 24px;\"><\/div>\n        <\/div>\n            <div class=\"kksr-star\" style=\"padding-right: 5px\">\n            \n\n<div class=\"kksr-icon\" style=\"width: 24px; height: 24px;\"><\/div>\n        <\/div>\n            <div class=\"kksr-star\" style=\"padding-right: 5px\">\n            \n\n<div class=\"kksr-icon\" style=\"width: 24px; height: 24px;\"><\/div>\n        <\/div>\n            <div class=\"kksr-star\" style=\"padding-right: 5px\">\n            \n\n<div class=\"kksr-icon\" style=\"width: 24px; height: 24px;\"><\/div>\n        <\/div>\n    <\/div>\n<\/div>\n                \n\n<div class=\"kksr-legend\" style=\"font-size: 19.2px;\">\n            <span class=\"kksr-muted\">\u00a1D\u00e9janos 5 estrellas si te ha gustado! \ud83d\ude00<\/span>\n    <\/div>\n    <\/div>","protected":false},"excerpt":{"rendered":"<p>Mentions l\u00e9gales INFORMATIONS G\u00c9N\u00c9RALES Conform\u00e9ment \u00e0 l&#8217;obligation d&#8217;information pr\u00e9vue par la Loi 34\/2002 sur les services de la soci\u00e9t\u00e9 de l&#8217;information et du commerce \u00e9lectronique (LSSI-CE) du 11 juillet, les donn\u00e9es g\u00e9n\u00e9rales suivantes concernant ce site Web sont fournies : Le propri\u00e9taire de ce site Web, (ci-apr\u00e8s le Site Web), est : , avec NIF [&hellip;]<\/p>\n","protected":false},"author":3,"featured_media":0,"parent":0,"menu_order":0,"comment_status":"closed","ping_status":"closed","template":"","meta":{"_eb_attr":"","footnotes":""},"yoast_head":"<!-- This site is optimized with the Yoast SEO plugin v24.4 - https:\/\/yoast.com\/wordpress\/plugins\/seo\/ -->\n<title>Mentions l\u00e9gales | Academia de Idiomas Erizo<\/title>\n<meta name=\"robots\" content=\"index, follow, max-snippet:-1, max-image-preview:large, max-video-preview:-1\" \/>\n<link rel=\"canonical\" href=\"https:\/\/academiadeidiomaserizo.com\/fr\/aviso-legal\/\" \/>\n<meta property=\"og:locale\" content=\"fr_FR\" \/>\n<meta property=\"og:type\" content=\"article\" \/>\n<meta property=\"og:title\" content=\"Mentions l\u00e9gales | Academia de Idiomas Erizo\" \/>\n<meta property=\"og:description\" content=\"Mentions l\u00e9gales INFORMATIONS G\u00c9N\u00c9RALES Conform\u00e9ment \u00e0 l&#8217;obligation d&#8217;information pr\u00e9vue par la Loi 34\/2002 sur les services de la soci\u00e9t\u00e9 de l&#8217;information et du commerce \u00e9lectronique (LSSI-CE) du 11 juillet, les donn\u00e9es g\u00e9n\u00e9rales suivantes concernant ce site Web sont fournies : Le propri\u00e9taire de ce site Web, (ci-apr\u00e8s le Site Web), est : , avec NIF [&hellip;]\" \/>\n<meta property=\"og:url\" content=\"https:\/\/academiadeidiomaserizo.com\/fr\/aviso-legal\/\" \/>\n<meta property=\"og:site_name\" content=\"Academia de Idiomas Erizo\" \/>\n<meta property=\"article:modified_time\" content=\"2024-03-13T11:17:39+00:00\" \/>\n<meta name=\"twitter:card\" content=\"summary_large_image\" \/>\n<!-- \/ Yoast SEO plugin. -->","yoast_head_json":{"title":"Mentions l\u00e9gales | Academia de Idiomas Erizo","robots":{"index":"index","follow":"follow","max-snippet":"max-snippet:-1","max-image-preview":"max-image-preview:large","max-video-preview":"max-video-preview:-1"},"canonical":"https:\/\/academiadeidiomaserizo.com\/fr\/aviso-legal\/","og_locale":"fr_FR","og_type":"article","og_title":"Mentions l\u00e9gales | Academia de Idiomas Erizo","og_description":"Mentions l\u00e9gales INFORMATIONS G\u00c9N\u00c9RALES Conform\u00e9ment \u00e0 l&#8217;obligation d&#8217;information pr\u00e9vue par la Loi 34\/2002 sur les services de la soci\u00e9t\u00e9 de l&#8217;information et du commerce \u00e9lectronique (LSSI-CE) du 11 juillet, les donn\u00e9es g\u00e9n\u00e9rales suivantes concernant ce site Web sont fournies : Le propri\u00e9taire de ce site Web, (ci-apr\u00e8s le Site Web), est : , avec NIF [&hellip;]","og_url":"https:\/\/academiadeidiomaserizo.com\/fr\/aviso-legal\/","og_site_name":"Academia de Idiomas Erizo","article_modified_time":"2024-03-13T11:17:39+00:00","twitter_card":"summary_large_image","schema":{"@context":"https:\/\/schema.org","@graph":[{"@type":"WebPage","@id":"https:\/\/academiadeidiomaserizo.com\/fr\/aviso-legal\/","url":"https:\/\/academiadeidiomaserizo.com\/fr\/aviso-legal\/","name":"Mentions l\u00e9gales | Academia de Idiomas Erizo","isPartOf":{"@id":"https:\/\/academiadeidiomaserizo.com\/fr\/#website"},"datePublished":"2019-11-27T15:19:44+00:00","dateModified":"2024-03-13T11:17:39+00:00","breadcrumb":{"@id":"https:\/\/academiadeidiomaserizo.com\/fr\/aviso-legal\/#breadcrumb"},"inLanguage":"fr-FR","potentialAction":[{"@type":"ReadAction","target":["https:\/\/academiadeidiomaserizo.com\/fr\/aviso-legal\/"]}]},{"@type":"BreadcrumbList","@id":"https:\/\/academiadeidiomaserizo.com\/fr\/aviso-legal\/#breadcrumb","itemListElement":[{"@type":"ListItem","position":1,"name":"Portada","item":"https:\/\/academiadeidiomaserizo.com\/fr\/"},{"@type":"ListItem","position":2,"name":"Mentions l\u00e9gales"}]},{"@type":"WebSite","@id":"https:\/\/academiadeidiomaserizo.com\/fr\/#website","url":"https:\/\/academiadeidiomaserizo.com\/fr\/","name":"Academia de Idiomas Erizo","description":"","potentialAction":[{"@type":"SearchAction","target":{"@type":"EntryPoint","urlTemplate":"https:\/\/academiadeidiomaserizo.com\/fr\/?s={search_term_string}"},"query-input":{"@type":"PropertyValueSpecification","valueRequired":true,"valueName":"search_term_string"}}],"inLanguage":"fr-FR"}]}},"_links":{"self":[{"href":"https:\/\/academiadeidiomaserizo.com\/fr\/wp-json\/wp\/v2\/pages\/4530"}],"collection":[{"href":"https:\/\/academiadeidiomaserizo.com\/fr\/wp-json\/wp\/v2\/pages"}],"about":[{"href":"https:\/\/academiadeidiomaserizo.com\/fr\/wp-json\/wp\/v2\/types\/page"}],"author":[{"embeddable":true,"href":"https:\/\/academiadeidiomaserizo.com\/fr\/wp-json\/wp\/v2\/users\/3"}],"replies":[{"embeddable":true,"href":"https:\/\/academiadeidiomaserizo.com\/fr\/wp-json\/wp\/v2\/comments?post=4530"}],"version-history":[{"count":6,"href":"https:\/\/academiadeidiomaserizo.com\/fr\/wp-json\/wp\/v2\/pages\/4530\/revisions"}],"predecessor-version":[{"id":4715,"href":"https:\/\/academiadeidiomaserizo.com\/fr\/wp-json\/wp\/v2\/pages\/4530\/revisions\/4715"}],"wp:attachment":[{"href":"https:\/\/academiadeidiomaserizo.com\/fr\/wp-json\/wp\/v2\/media?parent=4530"}],"curies":[{"name":"wp","href":"https:\/\/api.w.org\/{rel}","templated":true}]}}