{"id":4781,"date":"2019-11-28T09:16:05","date_gmt":"2019-11-28T08:16:05","guid":{"rendered":"https:\/\/academiadeidiomaserizo.com\/telefono\/"},"modified":"2026-02-02T15:45:41","modified_gmt":"2026-02-02T14:45:41","slug":"telefono","status":"publish","type":"page","link":"https:\/\/academiadeidiomaserizo.com\/fr\/telefono\/","title":{"rendered":"Tel\u00e9fono"},"content":{"rendered":"<!--themify_builder_content-->\n<div id=\"themify_builder_content-4781\" data-postid=\"4781\" class=\"themify_builder_content themify_builder_content-4781 themify_builder tf_clear\">\n                    <div  data-lazy=\"1\" class=\"module_row themify_builder_row tb_v6ct131 tb_first tf_w\">\n                        <div class=\"row_inner col_align_top tb_col_count_1 tf_box tf_rel\">\n                        <div  data-lazy=\"1\" class=\"module_column tb-column col-full tb_6e29135 first\">\n                    <!-- module fancy heading -->\n<div  class=\"module module-fancy-heading tb_3in069  tb_hide_divider\" data-lazy=\"1\">\n        <h1 class=\"fancy-heading tf_textc\">\n    <span class=\"main-head tf_block\">\n                    Tel\u00e9fono            <\/span>\n\n    \n    <span class=\"sub-head tf_block tf_rel\">\n                                <\/span>\n    <\/h1>\n<\/div>\n<!-- \/module fancy heading -->\n<!-- module plain text -->\n<div  class=\"module module-plain-text tb_4t87114 \" data-lazy=\"1\">\n        <div class=\"tb_text_wrap\">\n    660 12 19 72    <\/div>\n<\/div>\n<!-- \/module plain text --><!-- module text -->\n<div  class=\"module module-text tb_574d10   \" data-lazy=\"1\">\n        <div  class=\"tb_text_wrap\">\n        <h4 style=\"text-align: center;\">Horario:<\/h4>\n<p style=\"text-align: center;\">Lunes-Domingo: de 8:00 a 21:00H<\/p>\n    <\/div>\n<\/div>\n<!-- \/module text -->        <\/div>\n                        <\/div>\n        <\/div>\n                        <div  data-lazy=\"1\" class=\"module_row themify_builder_row tb_yz74852 tf_w\">\n                        <div class=\"row_inner col_align_top tb_col_count_1 tf_box tf_rel\">\n                        <div  data-lazy=\"1\" class=\"module_column tb-column col-full tb_uvcv855 first\">\n                    <!-- module plain text -->\n<div  class=\"module module-plain-text tb_fjuu310 \" data-lazy=\"1\">\n        <div class=\"tb_text_wrap\">\n    <h2>\u00bfPrefieres que te llamemos nosotros?<\/h2>\n\n<div class=\"wpcf7 no-js\" id=\"wpcf7-f4779-o1\" lang=\"fr-FR\" dir=\"ltr\">\n<div class=\"screen-reader-response\"><p role=\"status\" aria-live=\"polite\" aria-atomic=\"true\"><\/p> <ul><\/ul><\/div>\n<form action=\"\/fr\/wp-json\/wp\/v2\/pages\/4781#wpcf7-f4779-o1\" method=\"post\" class=\"wpcf7-form init\" aria-label=\"Formulaire de contact\" novalidate=\"novalidate\" data-status=\"init\">\n<div style=\"display: none;\">\n<input type=\"hidden\" name=\"_wpcf7\" value=\"4779\" \/>\n<input type=\"hidden\" name=\"_wpcf7_version\" value=\"5.7.3\" \/>\n<input type=\"hidden\" name=\"_wpcf7_locale\" value=\"fr_FR\" \/>\n<input type=\"hidden\" name=\"_wpcf7_unit_tag\" value=\"wpcf7-f4779-o1\" \/>\n<input type=\"hidden\" name=\"_wpcf7_container_post\" value=\"0\" \/>\n<input type=\"hidden\" name=\"_wpcf7_posted_data_hash\" value=\"\" \/>\n<input type=\"hidden\" name=\"_wpcf7cf_hidden_group_fields\" value=\"[]\" \/>\n<input type=\"hidden\" name=\"_wpcf7cf_hidden_groups\" value=\"[]\" \/>\n<input type=\"hidden\" name=\"_wpcf7cf_visible_groups\" value=\"[]\" \/>\n<input type=\"hidden\" name=\"_wpcf7cf_repeaters\" value=\"[]\" \/>\n<input type=\"hidden\" name=\"_wpcf7cf_steps\" value=\"{}\" \/>\n<input type=\"hidden\" name=\"_wpcf7cf_options\" value=\"{&quot;form_id&quot;:4779,&quot;conditions&quot;:[{&quot;then_field&quot;:&quot;-1&quot;,&quot;and_rules&quot;:[{&quot;if_field&quot;:&quot;cond&quot;,&quot;operator&quot;:&quot;equals&quot;,&quot;if_value&quot;:&quot;1&quot;}]}],&quot;settings&quot;:{&quot;animation&quot;:&quot;yes&quot;,&quot;animation_intime&quot;:200,&quot;animation_outtime&quot;:200,&quot;conditions_ui&quot;:&quot;normal&quot;,&quot;notice_dismissed&quot;:false,&quot;notice_dismissed_update-cf7-6.0.3&quot;:true}}\" \/>\n<input type=\"hidden\" name=\"_wpcf7_recaptcha_response\" value=\"\" \/>\n<\/div>\n<p><label> Nom et Pr\u00e9nom<br \/>\n<span class=\"wpcf7-form-control-wrap\" data-name=\"your-name\"><input size=\"40\" class=\"wpcf7-form-control wpcf7-text wpcf7-validates-as-required\" aria-required=\"true\" aria-invalid=\"false\" value=\"\" type=\"text\" name=\"your-name\" \/><\/span> <\/label>\n<\/p>\n<p><label> T\u00e9l\u00e9phone (Requis)<br \/>\n<span class=\"wpcf7-form-control-wrap\" data-name=\"tel-467\"><input size=\"40\" class=\"wpcf7-form-control wpcf7-text wpcf7-tel wpcf7-validates-as-tel\" aria-invalid=\"false\" value=\"\" type=\"tel\" name=\"tel-467\" \/><\/span> <\/label>\n<\/p>\n<p><label> \u00c0 quelle heure pouvons-nous vous appeler ?<br \/>\n<span class=\"wpcf7-form-control-wrap\" data-name=\"menu-669\"><select class=\"wpcf7-form-control wpcf7-select\" aria-invalid=\"false\" name=\"menu-669\"><option value=\"Matin\">Matin<\/option><option value=\"Apr\u00e8s-midi\">Apr\u00e8s-midi<\/option><\/select><\/span> <\/label>\n<\/p>\n<div style=\"font-size: 0.8em;\"\n<span class=\"wpcf7-form-control-wrap\" data-name=\"datos\"><span class=\"wpcf7-form-control wpcf7-checkbox\"><span class=\"wpcf7-list-item first last\"><input type=\"checkbox\" name=\"datos[]\" value=\"Je souhaite recevoir des communications \u00e9lectroniques informatives relatives aux activit\u00e9s, produits ou services par e-mail, courrier postal ou fax.\" tabindex=\"\" \/><span class=\"wpcf7-list-item-label\">Je souhaite recevoir des communications \u00e9lectroniques informatives relatives aux activit\u00e9s, produits ou services par e-mail, courrier postal ou fax.<\/span><\/span><\/span><\/span>\n\t<p><span class=\"wpcf7-form-control-wrap\" data-name=\"cond\"><span class=\"wpcf7-form-control wpcf7-acceptance\"><span class=\"wpcf7-list-item\"><input type=\"checkbox\" name=\"cond\" value=\"1\" aria-invalid=\"false\" \/><\/span><\/span><\/span> J'ai lu et j'accepte les <a href=\"\/fr\/aviso-legal\" target=\"_blank\">mentions l\u00e9gales<\/a> et la <a href=\"\/fr\/politica-de-privacidad\" target=\"_blank\">politique de confidentialit\u00e9<\/a>.\n\t<\/p>\n<\/div>\n<p><input class=\"wpcf7-form-control has-spinner wpcf7-submit\" type=\"submit\" value=\"Envoyer\" \/>\n<\/p><div class=\"wpcf7-response-output\" aria-hidden=\"true\"><\/div>\n<\/form>\n<\/div>\n    <\/div>\n<\/div>\n<!-- \/module plain text -->        <\/div>\n                        <\/div>\n        <\/div>\n                        <div  data-lazy=\"1\" class=\"module_row themify_builder_row tb_esur86 tf_w\">\n                        <div class=\"row_inner col_align_top tb_col_count_1 tf_box tf_rel\">\n                        <div  data-lazy=\"1\" class=\"module_column tb-column col-full tb_do4q86 first\">\n                    <!-- module plain text -->\n<div  class=\"module module-plain-text tb_w37x86 \" data-lazy=\"1\">\n        <div class=\"tb_text_wrap\">\n    <h2>\u00bfPrefieres que te llamemos nosotros?<\/h2>\n\n<div class=\"wpcf7 no-js\" id=\"wpcf7-f256-o1\" lang=\"es-ES\" dir=\"ltr\">\n<div class=\"screen-reader-response\"><p role=\"status\" aria-live=\"polite\" aria-atomic=\"true\"><\/p> <ul><\/ul><\/div>\n<form action=\"\/wp-admin\/admin-ajax.php#wpcf7-f256-o1\" method=\"post\" class=\"wpcf7-form init\" aria-label=\"Formulario de contacto\" novalidate=\"novalidate\" data-status=\"init\">\n<div style=\"display: none;\">\n<input type=\"hidden\" name=\"_wpcf7\" value=\"256\">\n<input type=\"hidden\" name=\"_wpcf7_version\" value=\"5.7.3\">\n<input type=\"hidden\" name=\"_wpcf7_locale\" value=\"es_ES\">\n<input type=\"hidden\" name=\"_wpcf7_unit_tag\" value=\"wpcf7-f256-o1\">\n<input type=\"hidden\" name=\"_wpcf7_container_post\" value=\"0\">\n<input type=\"hidden\" name=\"_wpcf7_posted_data_hash\" value=\"\">\n<input type=\"hidden\" name=\"_wpcf7cf_hidden_group_fields\" value=\"[]\">\n<input type=\"hidden\" name=\"_wpcf7cf_hidden_groups\" value=\"[]\">\n<input type=\"hidden\" name=\"_wpcf7cf_visible_groups\" value=\"[]\">\n<input type=\"hidden\" name=\"_wpcf7cf_repeaters\" value=\"[]\">\n<input type=\"hidden\" name=\"_wpcf7cf_steps\" value=\"{}\">\n<input type=\"hidden\" name=\"_wpcf7cf_options\" value=\"{&quot;form_id&quot;:256,&quot;conditions&quot;:[{&quot;then_field&quot;:&quot;-1&quot;,&quot;and_rules&quot;:[{&quot;if_field&quot;:&quot;cond&quot;,&quot;operator&quot;:&quot;equals&quot;,&quot;if_value&quot;:&quot;1&quot;}]}],&quot;settings&quot;:{&quot;animation&quot;:&quot;yes&quot;,&quot;animation_intime&quot;:200,&quot;animation_outtime&quot;:200,&quot;conditions_ui&quot;:&quot;normal&quot;,&quot;notice_dismissed&quot;:false}}\">\n<input type=\"hidden\" name=\"_wpcf7_recaptcha_response\" value=\"\">\n<\/div>\n<p><label> Nombre<br>\n<span class=\"wpcf7-form-control-wrap\" data-name=\"your-name\"><input size=\"40\" class=\"wpcf7-form-control wpcf7-text wpcf7-validates-as-required\" aria-required=\"true\" aria-invalid=\"false\" value=\"\" type=\"text\" name=\"your-name\"><\/span> <\/label>\n<\/p>\n<p><label> Tel\u00e9fono (requerido)<br>\n<span class=\"wpcf7-form-control-wrap\" data-name=\"tel-467\"><input size=\"40\" class=\"wpcf7-form-control wpcf7-text wpcf7-tel wpcf7-validates-as-tel\" aria-invalid=\"false\" value=\"\" type=\"tel\" name=\"tel-467\"><\/span> <\/label>\n<\/p>\n<p><label> \u00bfA qu\u00e9 hora podemos llamarte?<br>\n<span class=\"wpcf7-form-control-wrap\" data-name=\"menu-669\"><select class=\"wpcf7-form-control wpcf7-select\" aria-invalid=\"false\" name=\"menu-669\"><option value=\"Ma\u00f1ana\">Ma\u00f1ana<\/option><option value=\"Tarde\">Tarde<\/option><\/select><\/span> <\/label>\n<\/p>\n<p><input class=\"wpcf7-form-control has-spinner wpcf7-submit\" type=\"submit\" value=\"Enviar\">\n<\/p>\n<div style=\"font-size: 0.8em;\" <span=\"\" class=\"wpcf7-form-control-wrap\" data-name=\"datos\"><span class=\"wpcf7-form-control wpcf7-checkbox\"><span class=\"wpcf7-list-item first last\"><input type=\"checkbox\" name=\"datos[]\" value=\"Deseo recibir env\u00edo de comunicaciones electr\u00f3nicas informativas relativas a las actividades, productos o servicios por correo electr\u00f3nico, postal o fax.\" tabindex=\"\"><span class=\"wpcf7-list-item-label\">Deseo recibir env\u00edo de comunicaciones electr\u00f3nicas informativas relativas a las actividades, productos o servicios por correo electr\u00f3nico, postal o fax.<\/span><\/span><\/span>\n\t<p><span class=\"wpcf7-form-control-wrap\" data-name=\"cond\"><span class=\"wpcf7-form-control wpcf7-acceptance\"><span class=\"wpcf7-list-item\"><input type=\"checkbox\" name=\"cond\" value=\"1\" aria-invalid=\"false\"><\/span><\/span><\/span> He le\u00eddo y acepto el <a href=\"\/aviso-legal\" target=\"_blank\">Aviso Legal<\/a> y la <a href=\"\/politica-de-privacidad\" target=\"_blank\">Pol\u00edtica de Privacidad<\/a>\n\t<\/p>\n<\/div><div class=\"wpcf7-response-output\" aria-hidden=\"true\"><\/div>\n<\/form>\n<\/div>\n    <\/div>\n<\/div>\n<!-- \/module plain text -->        <\/div>\n                        <\/div>\n        <\/div>\n        <\/div>\n<!--\/themify_builder_content-->\n\n<div class=\"kk-star-ratings kksr-auto kksr-align-center kksr-valign-bottom\"\n    data-payload='{&quot;align&quot;:&quot;center&quot;,&quot;id&quot;:&quot;4781&quot;,&quot;slug&quot;:&quot;default&quot;,&quot;valign&quot;:&quot;bottom&quot;,&quot;ignore&quot;:&quot;&quot;,&quot;reference&quot;:&quot;auto&quot;,&quot;class&quot;:&quot;&quot;,&quot;count&quot;:&quot;1&quot;,&quot;legendonly&quot;:&quot;&quot;,&quot;readonly&quot;:&quot;&quot;,&quot;score&quot;:&quot;5&quot;,&quot;starsonly&quot;:&quot;&quot;,&quot;best&quot;:&quot;5&quot;,&quot;gap&quot;:&quot;5&quot;,&quot;greet&quot;:&quot;\u00a1D\u00e9janos 5 estrellas si te ha gustado! :D&quot;,&quot;legend&quot;:&quot;5\\\/5 - (1 vote)&quot;,&quot;size&quot;:&quot;24&quot;,&quot;title&quot;:&quot;Tel\u00e9fono&quot;,&quot;width&quot;:&quot;142.5&quot;,&quot;_legend&quot;:&quot;{score}\\\/{best} - ({count} {votes})&quot;,&quot;font_factor&quot;:&quot;1.25&quot;}'>\n            \n<div class=\"kksr-stars\">\n    \n<div class=\"kksr-stars-inactive\">\n            <div class=\"kksr-star\" data-star=\"1\" style=\"padding-right: 5px\">\n            \n\n<div class=\"kksr-icon\" style=\"width: 24px; height: 24px;\"><\/div>\n        <\/div>\n            <div class=\"kksr-star\" data-star=\"2\" style=\"padding-right: 5px\">\n            \n\n<div class=\"kksr-icon\" style=\"width: 24px; height: 24px;\"><\/div>\n        <\/div>\n            <div class=\"kksr-star\" data-star=\"3\" style=\"padding-right: 5px\">\n            \n\n<div class=\"kksr-icon\" style=\"width: 24px; height: 24px;\"><\/div>\n        <\/div>\n            <div class=\"kksr-star\" data-star=\"4\" style=\"padding-right: 5px\">\n            \n\n<div class=\"kksr-icon\" style=\"width: 24px; height: 24px;\"><\/div>\n        <\/div>\n            <div class=\"kksr-star\" data-star=\"5\" style=\"padding-right: 5px\">\n            \n\n<div class=\"kksr-icon\" style=\"width: 24px; height: 24px;\"><\/div>\n        <\/div>\n    <\/div>\n    \n<div class=\"kksr-stars-active\" style=\"width: 142.5px;\">\n            <div class=\"kksr-star\" style=\"padding-right: 5px\">\n            \n\n<div class=\"kksr-icon\" style=\"width: 24px; height: 24px;\"><\/div>\n        <\/div>\n            <div class=\"kksr-star\" style=\"padding-right: 5px\">\n            \n\n<div class=\"kksr-icon\" style=\"width: 24px; height: 24px;\"><\/div>\n        <\/div>\n            <div class=\"kksr-star\" style=\"padding-right: 5px\">\n            \n\n<div class=\"kksr-icon\" style=\"width: 24px; height: 24px;\"><\/div>\n        <\/div>\n            <div class=\"kksr-star\" style=\"padding-right: 5px\">\n            \n\n<div class=\"kksr-icon\" style=\"width: 24px; height: 24px;\"><\/div>\n        <\/div>\n            <div class=\"kksr-star\" style=\"padding-right: 5px\">\n            \n\n<div class=\"kksr-icon\" style=\"width: 24px; height: 24px;\"><\/div>\n        <\/div>\n    <\/div>\n<\/div>\n                \n\n<div class=\"kksr-legend\" style=\"font-size: 19.2px;\">\n            5\/5 - (1 vote)    <\/div>\n    <\/div>","protected":false},"excerpt":{"rendered":"<p>Horario: Lunes-Domingo: de 8:00 a 21:00H<\/p>\n","protected":false},"author":3,"featured_media":0,"parent":0,"menu_order":0,"comment_status":"closed","ping_status":"closed","template":"","meta":{"_eb_attr":"","footnotes":""},"yoast_head":"<!-- This site is optimized with the Yoast SEO plugin v24.4 - https:\/\/yoast.com\/wordpress\/plugins\/seo\/ -->\n<title>Tel\u00e9fono | Academia de Idiomas Erizo<\/title>\n<meta name=\"robots\" content=\"index, follow, max-snippet:-1, max-image-preview:large, max-video-preview:-1\" \/>\n<link rel=\"canonical\" href=\"https:\/\/academiadeidiomaserizo.com\/fr\/telefono\/\" \/>\n<meta property=\"og:locale\" content=\"fr_FR\" \/>\n<meta property=\"og:type\" content=\"article\" \/>\n<meta property=\"og:title\" content=\"Tel\u00e9fono | Academia de Idiomas Erizo\" \/>\n<meta property=\"og:description\" content=\"Horario: Lunes-Domingo: de 8:00 a 21:00H\" \/>\n<meta property=\"og:url\" content=\"https:\/\/academiadeidiomaserizo.com\/fr\/telefono\/\" \/>\n<meta property=\"og:site_name\" content=\"Academia de Idiomas Erizo\" \/>\n<meta property=\"article:modified_time\" content=\"2026-02-02T14:45:41+00:00\" \/>\n<meta name=\"twitter:card\" content=\"summary_large_image\" \/>\n<!-- \/ Yoast SEO plugin. -->","yoast_head_json":{"title":"Tel\u00e9fono | Academia de Idiomas Erizo","robots":{"index":"index","follow":"follow","max-snippet":"max-snippet:-1","max-image-preview":"max-image-preview:large","max-video-preview":"max-video-preview:-1"},"canonical":"https:\/\/academiadeidiomaserizo.com\/fr\/telefono\/","og_locale":"fr_FR","og_type":"article","og_title":"Tel\u00e9fono | Academia de Idiomas Erizo","og_description":"Horario: Lunes-Domingo: de 8:00 a 21:00H","og_url":"https:\/\/academiadeidiomaserizo.com\/fr\/telefono\/","og_site_name":"Academia de Idiomas Erizo","article_modified_time":"2026-02-02T14:45:41+00:00","twitter_card":"summary_large_image","schema":{"@context":"https:\/\/schema.org","@graph":[{"@type":"WebPage","@id":"https:\/\/academiadeidiomaserizo.com\/fr\/telefono\/","url":"https:\/\/academiadeidiomaserizo.com\/fr\/telefono\/","name":"Tel\u00e9fono | Academia de Idiomas Erizo","isPartOf":{"@id":"https:\/\/academiadeidiomaserizo.com\/fr\/#website"},"datePublished":"2019-11-28T08:16:05+00:00","dateModified":"2026-02-02T14:45:41+00:00","breadcrumb":{"@id":"https:\/\/academiadeidiomaserizo.com\/fr\/telefono\/#breadcrumb"},"inLanguage":"fr-FR","potentialAction":[{"@type":"ReadAction","target":["https:\/\/academiadeidiomaserizo.com\/fr\/telefono\/"]}]},{"@type":"BreadcrumbList","@id":"https:\/\/academiadeidiomaserizo.com\/fr\/telefono\/#breadcrumb","itemListElement":[{"@type":"ListItem","position":1,"name":"Portada","item":"https:\/\/academiadeidiomaserizo.com\/fr\/"},{"@type":"ListItem","position":2,"name":"Tel\u00e9fono"}]},{"@type":"WebSite","@id":"https:\/\/academiadeidiomaserizo.com\/fr\/#website","url":"https:\/\/academiadeidiomaserizo.com\/fr\/","name":"Academia de Idiomas Erizo","description":"","potentialAction":[{"@type":"SearchAction","target":{"@type":"EntryPoint","urlTemplate":"https:\/\/academiadeidiomaserizo.com\/fr\/?s={search_term_string}"},"query-input":{"@type":"PropertyValueSpecification","valueRequired":true,"valueName":"search_term_string"}}],"inLanguage":"fr-FR"}]}},"_links":{"self":[{"href":"https:\/\/academiadeidiomaserizo.com\/fr\/wp-json\/wp\/v2\/pages\/4781"}],"collection":[{"href":"https:\/\/academiadeidiomaserizo.com\/fr\/wp-json\/wp\/v2\/pages"}],"about":[{"href":"https:\/\/academiadeidiomaserizo.com\/fr\/wp-json\/wp\/v2\/types\/page"}],"author":[{"embeddable":true,"href":"https:\/\/academiadeidiomaserizo.com\/fr\/wp-json\/wp\/v2\/users\/3"}],"replies":[{"embeddable":true,"href":"https:\/\/academiadeidiomaserizo.com\/fr\/wp-json\/wp\/v2\/comments?post=4781"}],"version-history":[{"count":9,"href":"https:\/\/academiadeidiomaserizo.com\/fr\/wp-json\/wp\/v2\/pages\/4781\/revisions"}],"predecessor-version":[{"id":17096,"href":"https:\/\/academiadeidiomaserizo.com\/fr\/wp-json\/wp\/v2\/pages\/4781\/revisions\/17096"}],"wp:attachment":[{"href":"https:\/\/academiadeidiomaserizo.com\/fr\/wp-json\/wp\/v2\/media?parent=4781"}],"curies":[{"name":"wp","href":"https:\/\/api.w.org\/{rel}","templated":true}]}}